{"id":799,"date":"2017-10-04T23:49:32","date_gmt":"2017-10-04T21:49:32","guid":{"rendered":"http:\/\/www.efk.at\/?page_id=799"},"modified":"2025-08-05T11:38:28","modified_gmt":"2025-08-05T09:38:28","slug":"literatur-alleinerziehende","status":"publish","type":"page","link":"https:\/\/www.efk.at\/en\/literatur-alleinerziehende\/","title":{"rendered":"Literatur: Alleinerziehende"},"content":{"rendered":"<p><\/p>\n<h1>Alleinerziehende<\/h1>\n<table class=\"literatur-tabel\">\n<tbody>\n<tr>\n<td>\n<h3>Das gr\u00fcne K\u00fccken<\/h3>\n<p>von Adele Sansone und Anke Faust<\/p>\n<p>Der G\u00e4nserich hat einen Herzenswunsch: Er m\u00f6chte so gerne sein eigenes K\u00fcken gro\u00dfziehen. Eines Tages findet er ein seltsames Ei und beginnt sofort, es auszubr\u00fcten. Aus dem Ei schl\u00fcpft ein gr\u00fcnes K\u00fcken, das dem G\u00e4nserich so ganz und gar nicht \u00e4hnlich sieht &#8211; doch damit f\u00e4ngt die Geschichte erst an&#8230;<\/td>\n<td class=\"table-second\"><img loading=\"lazy\" decoding=\"async\" class=\"alignnone size-full wp-image-679\" src=\"http:\/\/www.efk.at\/wp-content\/uploads\/2017\/10\/Das-gr\u00fcne-K\u00fccken.jpg\" alt=\"\" width=\"323\" height=\"420\" \/><\/td>\n<\/tr>\n<tr>\n<td>\n<h3>Gackitas Ei<\/h3>\n<p>von Antonella Bollinger-Savelli und Elisabeth Stiemert<\/p>\n<p>Es war einmal ein Huhn&#8230;das konnte kein einziges Ei legen. Doch diese Schande will Huhn Gackita nicht auf sich sitzen lassen. Kurzerhand br\u00fctet sie ein Ei aus, das sie am Flussufer gefunden hat. Was da nun ausschl\u00fcpft, stellt den ganzen H\u00fchnerhof auf den Kopf und das Schicksal nimmt seinen Lauf\u2026<\/td>\n<td class=\"table-second\"><img decoding=\"async\" src=\"\/images\/411oBzETHKL.jpg\" alt=\"\" \/><img loading=\"lazy\" decoding=\"async\" class=\"alignnone size-full wp-image-616\" src=\"http:\/\/www.efk.at\/wp-content\/uploads\/2017\/10\/Gackitas-Ei.jpg\" alt=\"\" width=\"340\" height=\"311\" srcset=\"https:\/\/www.efk.at\/wp-content\/uploads\/2017\/10\/Gackitas-Ei.jpg 340w, https:\/\/www.efk.at\/wp-content\/uploads\/2017\/10\/Gackitas-Ei-300x274.jpg 300w, https:\/\/www.efk.at\/wp-content\/uploads\/2017\/10\/Gackitas-Ei-210x192.jpg 210w\" sizes=\"auto, (max-width: 340px) 100vw, 340px\" \/><\/td>\n<\/tr>\n<tr>\n<td>\n<h3>All Bears Need Love<\/h3>\n<p>von Tanya Valentine<\/p>\n<p>When Baby Brown Bear arrives at City Zoo, all alone and very frightened, Mama Polar Bear scoops him into her arms and promises to be his mother. Despite the grumblings and protests of the other animals, Baby Brown Bear learns family is family, no matter the differences, and all bears need love.<\/td>\n<td class=\"table-second\"><img loading=\"lazy\" decoding=\"async\" class=\"alignnone size-full wp-image-604\" src=\"http:\/\/www.efk.at\/wp-content\/uploads\/2017\/10\/All-Bears-Need-Love.jpg\" alt=\"\" width=\"768\" height=\"1024\" srcset=\"https:\/\/www.efk.at\/wp-content\/uploads\/2017\/10\/All-Bears-Need-Love.jpg 768w, https:\/\/www.efk.at\/wp-content\/uploads\/2017\/10\/All-Bears-Need-Love-225x300.jpg 225w, https:\/\/www.efk.at\/wp-content\/uploads\/2017\/10\/All-Bears-Need-Love-648x864.jpg 648w, https:\/\/www.efk.at\/wp-content\/uploads\/2017\/10\/All-Bears-Need-Love-144x192.jpg 144w\" sizes=\"auto, (max-width: 768px) 100vw, 768px\" \/><\/td>\n<\/tr>\n<tr>\n<td>\n<h3>Herr Seepferdchen<\/h3>\n<p>von Eric Carle<\/p>\n<p>Das Familienleben der Seepferdchen ist ungew\u00f6hnlich. Die Seepferdchen-Mutter legt ihre Eier in eine Tasche am Bauch des Vaters. Der Vater befruchtet die Eier und gibt auf sie acht, w\u00e4hrend sie in seiner Tasche heranwachsen &#8211; wie eine schwangere Mutter. Die Seepferdchen-Mutter kommt jeden Tag vorbei, aber sie muss sich nicht um den Nachwuchs k\u00fcmmern. Wenig sp\u00e4ter kommen die Seepferdchen-Babys zur Welt, n\u00e4mlich wenn sie gro\u00df genug sind, um alleine zurechtzukommen.<\/td>\n<td class=\"table-second\"><img loading=\"lazy\" decoding=\"async\" class=\"alignnone size-full wp-image-755\" src=\"http:\/\/www.efk.at\/wp-content\/uploads\/2017\/10\/Herr-Seepferdchen.jpg\" alt=\"\" width=\"316\" height=\"420\" srcset=\"https:\/\/www.efk.at\/wp-content\/uploads\/2017\/10\/Herr-Seepferdchen.jpg 316w, https:\/\/www.efk.at\/wp-content\/uploads\/2017\/10\/Herr-Seepferdchen-226x300.jpg 226w, https:\/\/www.efk.at\/wp-content\/uploads\/2017\/10\/Herr-Seepferdchen-144x192.jpg 144w\" sizes=\"auto, (max-width: 316px) 100vw, 316px\" \/><\/td>\n<\/tr>\n<\/tbody>\n<\/table>\n<h3><a href=\"http:\/\/www.efk.at\/literaturempfehlungen\/\">&lt; Zur\u00fcck<\/a><\/h3>\n<h1>Alleinerziehende<\/h1>\n<table class=\"literatur-tabel\">\n<tbody>\n<tr>\n<td>\n<h3>Das gr\u00fcne K\u00fccken<\/h3>\n<p>von Adele Sansone und Anke Faust<\/p>\n<p>Der G\u00e4nserich hat einen Herzenswunsch: Er m\u00f6chte so gerne sein eigenes K\u00fcken gro\u00dfziehen. Eines Tages findet er ein seltsames Ei und beginnt sofort, es auszubr\u00fcten. Aus dem Ei schl\u00fcpft ein gr\u00fcnes K\u00fcken, das dem G\u00e4nserich so ganz und gar nicht \u00e4hnlich sieht &#8211; doch damit f\u00e4ngt die Geschichte erst an&#8230;<\/td>\n<td class=\"table-second\"><img loading=\"lazy\" decoding=\"async\" class=\"alignnone size-full wp-image-679\" src=\"http:\/\/www.efk.at\/wp-content\/uploads\/2017\/10\/Das-gr\u00fcne-K\u00fccken.jpg\" alt=\"\" width=\"323\" height=\"420\" \/><\/td>\n<\/tr>\n<tr>\n<td>\n<h3>Gackitas Ei<\/h3>\n<p>von Antonella Bollinger-Savelli und Elisabeth Stiemert<\/p>\n<p>Es war einmal ein Huhn&#8230;das konnte kein einziges Ei legen. Doch diese Schande will Huhn Gackita nicht auf sich sitzen lassen. Kurzerhand br\u00fctet sie ein Ei aus, das sie am Flussufer gefunden hat. Was da nun ausschl\u00fcpft, stellt den ganzen H\u00fchnerhof auf den Kopf und das Schicksal nimmt seinen Lauf\u2026<\/td>\n<td class=\"table-second\"><img decoding=\"async\" src=\"\/images\/411oBzETHKL.jpg\" alt=\"\" \/><img loading=\"lazy\" decoding=\"async\" class=\"alignnone size-full wp-image-616\" src=\"http:\/\/www.efk.at\/wp-content\/uploads\/2017\/10\/Gackitas-Ei.jpg\" alt=\"\" width=\"340\" height=\"311\" srcset=\"https:\/\/www.efk.at\/wp-content\/uploads\/2017\/10\/Gackitas-Ei.jpg 340w, https:\/\/www.efk.at\/wp-content\/uploads\/2017\/10\/Gackitas-Ei-300x274.jpg 300w, https:\/\/www.efk.at\/wp-content\/uploads\/2017\/10\/Gackitas-Ei-210x192.jpg 210w\" sizes=\"auto, (max-width: 340px) 100vw, 340px\" \/><\/td>\n<\/tr>\n<tr>\n<td>\n<h3>All Bears Need Love<\/h3>\n<p>von Tanya Valentine<\/p>\n<p>When Baby Brown Bear arrives at City Zoo, all alone and very frightened, Mama Polar Bear scoops him into her arms and promises to be his mother. Despite the grumblings and protests of the other animals, Baby Brown Bear learns family is family, no matter the differences, and all bears need love.<\/td>\n<td class=\"table-second\"><img loading=\"lazy\" decoding=\"async\" class=\"alignnone size-full wp-image-604\" src=\"http:\/\/www.efk.at\/wp-content\/uploads\/2017\/10\/All-Bears-Need-Love.jpg\" alt=\"\" width=\"768\" height=\"1024\" srcset=\"https:\/\/www.efk.at\/wp-content\/uploads\/2017\/10\/All-Bears-Need-Love.jpg 768w, https:\/\/www.efk.at\/wp-content\/uploads\/2017\/10\/All-Bears-Need-Love-225x300.jpg 225w, https:\/\/www.efk.at\/wp-content\/uploads\/2017\/10\/All-Bears-Need-Love-648x864.jpg 648w, https:\/\/www.efk.at\/wp-content\/uploads\/2017\/10\/All-Bears-Need-Love-144x192.jpg 144w\" sizes=\"auto, (max-width: 768px) 100vw, 768px\" \/><\/td>\n<\/tr>\n<tr>\n<td>\n<h3>Herr Seepferdchen<\/h3>\n<p>von Eric Carle<\/p>\n<p>Das Familienleben der Seepferdchen ist ungew\u00f6hnlich. Die Seepferdchen-Mutter legt ihre Eier in eine Tasche am Bauch des Vaters. Der Vater befruchtet die Eier und gibt auf sie acht, w\u00e4hrend sie in seiner Tasche heranwachsen &#8211; wie eine schwangere Mutter. Die Seepferdchen-Mutter kommt jeden Tag vorbei, aber sie muss sich nicht um den Nachwuchs k\u00fcmmern. Wenig sp\u00e4ter kommen die Seepferdchen-Babys zur Welt, n\u00e4mlich wenn sie gro\u00df genug sind, um alleine zurechtzukommen.<\/td>\n<td class=\"table-second\"><img loading=\"lazy\" decoding=\"async\" class=\"alignnone size-full wp-image-755\" src=\"http:\/\/www.efk.at\/wp-content\/uploads\/2017\/10\/Herr-Seepferdchen.jpg\" alt=\"\" width=\"316\" height=\"420\" srcset=\"https:\/\/www.efk.at\/wp-content\/uploads\/2017\/10\/Herr-Seepferdchen.jpg 316w, https:\/\/www.efk.at\/wp-content\/uploads\/2017\/10\/Herr-Seepferdchen-226x300.jpg 226w, https:\/\/www.efk.at\/wp-content\/uploads\/2017\/10\/Herr-Seepferdchen-144x192.jpg 144w\" sizes=\"auto, (max-width: 316px) 100vw, 316px\" \/><\/td>\n<\/tr>\n<\/tbody>\n<\/table>\n<h3><a href=\"http:\/\/www.efk.at\/literaturempfehlungen\/\">&lt; Zur\u00fcck<\/a><\/h3>\n<p><\/p>","protected":false},"excerpt":{"rendered":"<p>Alleinerziehende Das gr\u00fcne K\u00fccken von Adele Sansone und Anke Faust Der G\u00e4nserich hat einen Herzenswunsch: Er m\u00f6chte so gerne sein eigenes K\u00fcken gro\u00dfziehen. Eines Tages findet er ein seltsames Ei und beginnt sofort, es auszubr\u00fcten. Aus dem Ei schl\u00fcpft ein gr\u00fcnes K\u00fcken, das dem G\u00e4nserich so ganz und gar nicht \u00e4hnlich sieht &#8211; doch damit &hellip; <a href=\"https:\/\/www.efk.at\/en\/literatur-alleinerziehende\/\" class=\"more-link\">Continue reading <span class=\"screen-reader-text\">Literatur: Alleinerziehende<\/span><\/a><\/p>\n","protected":false},"author":1,"featured_media":0,"parent":0,"menu_order":0,"comment_status":"closed","ping_status":"closed","template":"","meta":{"xn-wppe-expiration":[],"xn-wppe-expiration-action":[],"xn-wppe-expiration-prefix":[],"footnotes":""},"class_list":["post-799","page","type-page","status-publish","hentry"],"yoast_head":"<!-- This site is optimized with the Yoast SEO plugin v26.1.1 - https:\/\/yoast.com\/wordpress\/plugins\/seo\/ -->\n<title>Literatur: Alleinerziehende - efk<\/title>\n<meta name=\"robots\" content=\"index, follow, max-snippet:-1, max-image-preview:large, max-video-preview:-1\" \/>\n<link rel=\"canonical\" href=\"https:\/\/www.efk.at\/literatur-alleinerziehende\/\" \/>\n<meta property=\"og:locale\" content=\"en_US\" \/>\n<meta property=\"og:type\" content=\"article\" \/>\n<meta property=\"og:title\" content=\"Literatur: Alleinerziehende - efk\" \/>\n<meta property=\"og:description\" content=\"Alleinerziehende Das gr\u00fcne K\u00fccken von Adele Sansone und Anke Faust Der G\u00e4nserich hat einen Herzenswunsch: Er m\u00f6chte so gerne sein eigenes K\u00fcken gro\u00dfziehen. Eines Tages findet er ein seltsames Ei und beginnt sofort, es auszubr\u00fcten. Aus dem Ei schl\u00fcpft ein gr\u00fcnes K\u00fcken, das dem G\u00e4nserich so ganz und gar nicht \u00e4hnlich sieht &#8211; doch damit &hellip; Continue reading Literatur: Alleinerziehende\" \/>\n<meta property=\"og:url\" content=\"https:\/\/www.efk.at\/literatur-alleinerziehende\/\" \/>\n<meta property=\"og:site_name\" content=\"efk\" \/>\n<meta property=\"article:modified_time\" content=\"2025-08-05T09:38:28+00:00\" \/>\n<meta property=\"og:image\" content=\"https:\/\/www.efk.at\/wp-content\/uploads\/2025\/08\/Unbenannt.jpg\" \/>\n\t<meta property=\"og:image:width\" content=\"194\" \/>\n\t<meta property=\"og:image:height\" content=\"259\" \/>\n\t<meta property=\"og:image:type\" content=\"image\/jpeg\" \/>\n<meta name=\"twitter:card\" content=\"summary_large_image\" \/>\n<meta name=\"twitter:label1\" content=\"Est. reading time\" \/>\n\t<meta name=\"twitter:data1\" content=\"3 minutes\" \/>\n<script type=\"application\/ld+json\" class=\"yoast-schema-graph\">{\"@context\":\"https:\/\/schema.org\",\"@graph\":[{\"@type\":\"WebPage\",\"@id\":\"https:\/\/www.efk.at\/literatur-alleinerziehende\/\",\"url\":\"https:\/\/www.efk.at\/literatur-alleinerziehende\/\",\"name\":\"Literatur: Alleinerziehende - efk\",\"isPartOf\":{\"@id\":\"https:\/\/www.efk.at\/de\/#website\"},\"primaryImageOfPage\":{\"@id\":\"https:\/\/www.efk.at\/literatur-alleinerziehende\/#primaryimage\"},\"image\":{\"@id\":\"https:\/\/www.efk.at\/literatur-alleinerziehende\/#primaryimage\"},\"thumbnailUrl\":\"https:\/\/www.efk.at\/wp-content\/uploads\/2025\/08\/Unbenannt.jpg\",\"datePublished\":\"2017-10-04T21:49:32+00:00\",\"dateModified\":\"2025-08-05T09:38:28+00:00\",\"breadcrumb\":{\"@id\":\"https:\/\/www.efk.at\/literatur-alleinerziehende\/#breadcrumb\"},\"inLanguage\":\"en-US\",\"potentialAction\":[{\"@type\":\"ReadAction\",\"target\":[\"https:\/\/www.efk.at\/literatur-alleinerziehende\/\"]}]},{\"@type\":\"ImageObject\",\"inLanguage\":\"en-US\",\"@id\":\"https:\/\/www.efk.at\/literatur-alleinerziehende\/#primaryimage\",\"url\":\"https:\/\/www.efk.at\/wp-content\/uploads\/2025\/08\/Unbenannt.jpg\",\"contentUrl\":\"https:\/\/www.efk.at\/wp-content\/uploads\/2025\/08\/Unbenannt.jpg\"},{\"@type\":\"BreadcrumbList\",\"@id\":\"https:\/\/www.efk.at\/literatur-alleinerziehende\/#breadcrumb\",\"itemListElement\":[{\"@type\":\"ListItem\",\"position\":1,\"name\":\"Startseite\",\"item\":\"https:\/\/www.efk.at\/de\/\"},{\"@type\":\"ListItem\",\"position\":2,\"name\":\"Literatur: Alleinerziehende\"}]},{\"@type\":\"WebSite\",\"@id\":\"https:\/\/www.efk.at\/de\/#website\",\"url\":\"https:\/\/www.efk.at\/de\/\",\"name\":\"efk\",\"description\":\"Eltern f\u00fcr Kinder \u00d6sterreich\",\"potentialAction\":[{\"@type\":\"SearchAction\",\"target\":{\"@type\":\"EntryPoint\",\"urlTemplate\":\"https:\/\/www.efk.at\/de\/?s={search_term_string}\"},\"query-input\":{\"@type\":\"PropertyValueSpecification\",\"valueRequired\":true,\"valueName\":\"search_term_string\"}}],\"inLanguage\":\"en-US\"}]}<\/script>\n<!-- \/ Yoast SEO plugin. -->","yoast_head_json":{"title":"Literatur: Alleinerziehende - efk","robots":{"index":"index","follow":"follow","max-snippet":"max-snippet:-1","max-image-preview":"max-image-preview:large","max-video-preview":"max-video-preview:-1"},"canonical":"https:\/\/www.efk.at\/literatur-alleinerziehende\/","og_locale":"en_US","og_type":"article","og_title":"Literatur: Alleinerziehende - efk","og_description":"Alleinerziehende Das gr\u00fcne K\u00fccken von Adele Sansone und Anke Faust Der G\u00e4nserich hat einen Herzenswunsch: Er m\u00f6chte so gerne sein eigenes K\u00fcken gro\u00dfziehen. Eines Tages findet er ein seltsames Ei und beginnt sofort, es auszubr\u00fcten. Aus dem Ei schl\u00fcpft ein gr\u00fcnes K\u00fcken, das dem G\u00e4nserich so ganz und gar nicht \u00e4hnlich sieht &#8211; doch damit &hellip; Continue reading Literatur: Alleinerziehende","og_url":"https:\/\/www.efk.at\/literatur-alleinerziehende\/","og_site_name":"efk","article_modified_time":"2025-08-05T09:38:28+00:00","og_image":[{"width":194,"height":259,"url":"https:\/\/www.efk.at\/wp-content\/uploads\/2025\/08\/Unbenannt.jpg","type":"image\/jpeg"}],"twitter_card":"summary_large_image","twitter_misc":{"Est. reading time":"3 minutes"},"schema":{"@context":"https:\/\/schema.org","@graph":[{"@type":"WebPage","@id":"https:\/\/www.efk.at\/literatur-alleinerziehende\/","url":"https:\/\/www.efk.at\/literatur-alleinerziehende\/","name":"Literatur: Alleinerziehende - efk","isPartOf":{"@id":"https:\/\/www.efk.at\/de\/#website"},"primaryImageOfPage":{"@id":"https:\/\/www.efk.at\/literatur-alleinerziehende\/#primaryimage"},"image":{"@id":"https:\/\/www.efk.at\/literatur-alleinerziehende\/#primaryimage"},"thumbnailUrl":"https:\/\/www.efk.at\/wp-content\/uploads\/2025\/08\/Unbenannt.jpg","datePublished":"2017-10-04T21:49:32+00:00","dateModified":"2025-08-05T09:38:28+00:00","breadcrumb":{"@id":"https:\/\/www.efk.at\/literatur-alleinerziehende\/#breadcrumb"},"inLanguage":"en-US","potentialAction":[{"@type":"ReadAction","target":["https:\/\/www.efk.at\/literatur-alleinerziehende\/"]}]},{"@type":"ImageObject","inLanguage":"en-US","@id":"https:\/\/www.efk.at\/literatur-alleinerziehende\/#primaryimage","url":"https:\/\/www.efk.at\/wp-content\/uploads\/2025\/08\/Unbenannt.jpg","contentUrl":"https:\/\/www.efk.at\/wp-content\/uploads\/2025\/08\/Unbenannt.jpg"},{"@type":"BreadcrumbList","@id":"https:\/\/www.efk.at\/literatur-alleinerziehende\/#breadcrumb","itemListElement":[{"@type":"ListItem","position":1,"name":"Startseite","item":"https:\/\/www.efk.at\/de\/"},{"@type":"ListItem","position":2,"name":"Literatur: Alleinerziehende"}]},{"@type":"WebSite","@id":"https:\/\/www.efk.at\/de\/#website","url":"https:\/\/www.efk.at\/de\/","name":"efk","description":"Eltern f\u00fcr Kinder \u00d6sterreich","potentialAction":[{"@type":"SearchAction","target":{"@type":"EntryPoint","urlTemplate":"https:\/\/www.efk.at\/de\/?s={search_term_string}"},"query-input":{"@type":"PropertyValueSpecification","valueRequired":true,"valueName":"search_term_string"}}],"inLanguage":"en-US"}]}},"_links":{"self":[{"href":"https:\/\/www.efk.at\/en\/wp-json\/wp\/v2\/pages\/799","targetHints":{"allow":["GET"]}}],"collection":[{"href":"https:\/\/www.efk.at\/en\/wp-json\/wp\/v2\/pages"}],"about":[{"href":"https:\/\/www.efk.at\/en\/wp-json\/wp\/v2\/types\/page"}],"author":[{"embeddable":true,"href":"https:\/\/www.efk.at\/en\/wp-json\/wp\/v2\/users\/1"}],"replies":[{"embeddable":true,"href":"https:\/\/www.efk.at\/en\/wp-json\/wp\/v2\/comments?post=799"}],"version-history":[{"count":7,"href":"https:\/\/www.efk.at\/en\/wp-json\/wp\/v2\/pages\/799\/revisions"}],"predecessor-version":[{"id":5879,"href":"https:\/\/www.efk.at\/en\/wp-json\/wp\/v2\/pages\/799\/revisions\/5879"}],"wp:attachment":[{"href":"https:\/\/www.efk.at\/en\/wp-json\/wp\/v2\/media?parent=799"}],"curies":[{"name":"wp","href":"https:\/\/api.w.org\/{rel}","templated":true}]}}