{"id":785,"date":"2017-10-04T23:32:54","date_gmt":"2017-10-04T21:32:54","guid":{"rendered":"http:\/\/www.efk.at\/?page_id=785"},"modified":"2021-08-10T13:14:08","modified_gmt":"2021-08-10T11:14:08","slug":"literatur-biografische-erzaehlungen","status":"publish","type":"page","link":"https:\/\/www.efk.at\/en\/literatur-biografische-erzaehlungen\/","title":{"rendered":"Literatur: Biografische Erz\u00e4hlungen"},"content":{"rendered":"<p><\/p>\n<h1>Biografische Erz\u00e4hlungen<\/h1>\n<table class=\"literatur-tabel\">\n<tbody>\n<tr>\n<td>\n<h3>Das Gesicht im Spiegel<\/h3>\n<p>von Renate Welsh<\/p>\n<p>Laura geht es eigentlich richtig gut. Sie und ihr Bruder Boris f\u00fchren mit ihren Eltern ein ganz normales Familienleben. Dass sie beide adoptiert sind, ist nun wirklich nichts Besonderes, das wei\u00df Laura schon lange. Trotzdem ist in letzter Zeit irgendetwas anders. Der Gedanke an ihre leibliche Mutter, von der sie nur den Namen kennt, l\u00e4sst sie nicht los. Weshalb hat diese Ursula Riedm\u00fcller sie damals weggegeben? Wom\u00f6glich laufen sie sich eines Tages \u00fcber den Weg ohne es zu ahnen! Laura nimmt allen Mut zusammen und schreibt ihr einen Brief.<\/td>\n<td class=\"table-second\"><img loading=\"lazy\" decoding=\"async\" class=\"alignnone size-full wp-image-791\" src=\"http:\/\/www.efk.at\/wp-content\/uploads\/2017\/10\/Das-Gesicht-im-Spiegel.jpg\" alt=\"\" width=\"190\" height=\"298\" srcset=\"https:\/\/www.efk.at\/wp-content\/uploads\/2017\/10\/Das-Gesicht-im-Spiegel.jpg 190w, https:\/\/www.efk.at\/wp-content\/uploads\/2017\/10\/Das-Gesicht-im-Spiegel-122x192.jpg 122w\" sizes=\"auto, (max-width: 190px) 100vw, 190px\" \/><\/td>\n<\/tr>\n<tr>\n<td>\n<h3>MAMA und PAPA sind meine richtigen Eltern<\/h3>\n<h4>Pflege- und Adoptivkinder erz\u00e4hlen ihre Geschichte<\/h4>\n<p>von Charly Kowalczyk<\/p>\n<p>&#8220;Ich hab keinen Traum. Ich hab einen gro\u00dfen Wunsch. Ich w\u00fcnsche mir immer, dass ich ganz viele W\u00fcnsche freihabe. Ich w\u00fcnsche mir, dass ich meine richtige Familie kennen lerne. Dass ich ber\u00fchmt werde. Und ich m\u00f6chte gerne Schriftstellerin werden. Und dass ich einen Hund kriege oder ein Pferd, ein Tier jedenfalls. Ich w\u00fcnsche mir, dass ich ganz viel Geld habe. Eben Kindheitstr\u00e4ume.&#8221;<\/td>\n<td class=\"table-second\"><img loading=\"lazy\" decoding=\"async\" class=\"alignnone size-full wp-image-790\" src=\"http:\/\/www.efk.at\/wp-content\/uploads\/2017\/10\/MAMA-und-PAPA-sind-meine-richtigen-Eltern.jpg\" alt=\"\" width=\"348\" height=\"499\" srcset=\"https:\/\/www.efk.at\/wp-content\/uploads\/2017\/10\/MAMA-und-PAPA-sind-meine-richtigen-Eltern.jpg 348w, https:\/\/www.efk.at\/wp-content\/uploads\/2017\/10\/MAMA-und-PAPA-sind-meine-richtigen-Eltern-209x300.jpg 209w, https:\/\/www.efk.at\/wp-content\/uploads\/2017\/10\/MAMA-und-PAPA-sind-meine-richtigen-Eltern-134x192.jpg 134w\" sizes=\"auto, (max-width: 348px) 100vw, 348px\" \/><\/td>\n<\/tr>\n<tr>\n<td>\n<h3>Wenn ich auch nicht besser bin, bin ich doch anders<\/h3>\n<h4>Autoren erz\u00e4hlen von ihrer Pflege und Adoption<\/h4>\n<p>von Vera Kissel und Charly Kowalczyk (Hrsg.)<\/p>\n<p>Die meisten Autoren haben nur ein Thema, das sie in immer neuen Varianten und Variationen bearbeiten, sie schreiben das eine Buch immer neu, n\u00e4mlich die Geschichte ihres Lebens. [&#8230;] Mein Thema ist &#8211; im weitesten Sinn &#8211; die besch\u00e4digte Kindheit, ist letztlich die Verwunderung dar\u00fcber, dass das Leben, der Wille zu leben zum Gl\u00fcck meist st\u00e4rker ist als alles, was Menschen sich gegenseitig antun. Mich interessiert die Frage, wie Identit\u00e4t unter widrigen Bedingungen entstehen und wachsen kann. Das ist vielleicht eine einseitige Sicht der Welt, aber eine andere steht mir nicht zur Verf\u00fcgung. Auch wenn ich es mir anders gew\u00fcnscht h\u00e4tte.<\/td>\n<td class=\"table-second\"><img loading=\"lazy\" decoding=\"async\" class=\"alignnone size-full wp-image-789\" src=\"http:\/\/www.efk.at\/wp-content\/uploads\/2017\/10\/Wenn-ich-auch-nicht-besser-bin-bin-ich-doch-anders.jpg\" alt=\"\" width=\"292\" height=\"420\" srcset=\"https:\/\/www.efk.at\/wp-content\/uploads\/2017\/10\/Wenn-ich-auch-nicht-besser-bin-bin-ich-doch-anders.jpg 292w, https:\/\/www.efk.at\/wp-content\/uploads\/2017\/10\/Wenn-ich-auch-nicht-besser-bin-bin-ich-doch-anders-209x300.jpg 209w, https:\/\/www.efk.at\/wp-content\/uploads\/2017\/10\/Wenn-ich-auch-nicht-besser-bin-bin-ich-doch-anders-133x192.jpg 133w\" sizes=\"auto, (max-width: 292px) 100vw, 292px\" \/><\/td>\n<\/tr>\n<tr>\n<td>\n<h3>Eine verh\u00e4ngnisvolle Suche<\/h3>\n<h4>Eine Adoptierte auf der Suche nach ihren Wurzeln<\/h4>\n<p>von An Juli<\/p>\n<p>Wie geht ein Mensch durchs Leben, der sp\u00fcrt, dass er eine Geschichte hat, die ihm unbekannt ist? Dass es Wurzeln gibt, die ihm genommen worden sind? Dass es ein Vorher gab, das im Nachher keine Rolle spielen soll? Er sucht so lange, bis er alle Puzzlest\u00fccke zusammen hat! An Juli w\u00e4chst als Einzelkind in einer Adoptivfamilie auf. Als sie im fr\u00fchen Kindesalter von ihrer Adoption erf\u00e4hrt, beginnt sie sich zum Leidwesen ihrer Adoptiveltern intensiv mit ihren Wurzeln auseinander zu setzen.<\/td>\n<td class=\"table-second\"><img loading=\"lazy\" decoding=\"async\" class=\"alignnone size-full wp-image-788\" src=\"http:\/\/www.efk.at\/wp-content\/uploads\/2017\/10\/Eine-verh\u00e4ngnisvolle-Suche.jpeg\" alt=\"\" width=\"180\" height=\"265\" \/><\/td>\n<\/tr>\n<tr>\n<td>\n<h3>Nuckeldecke<\/h3>\n<h4>Die Geschichte einer Adoption<\/h4>\n<p>von Rainer Wrage<\/p>\n<p>Adoption! Zauberwort unserer modernen Zeit, welches oft tiefe Sehnsucht nach einer Familie weckt, wenn der Wunsch nach eigenen Kindern versagt bleibt. Doch was bedeutet eine Adoption aus Sicht des Kindes?<\/p>\n<p>Kaum jemand stellt in der \u00f6ffentlichen Diskussion diese entscheidende Frage. Der Autor f\u00fchrt den Leser auf einf\u00fchlsame Weise durch dessen Kindheit, durch Jugend und Beruf. Er l\u00e4sst uns teilhaben an seinen Gef\u00fchlen und Empfindungen, die zuweilen voller Widerspr\u00fcche sind und oft \u00fcberhaupt nicht zu den \u00e4u\u00dferen Lebensumst\u00e4nden passen wollen. Denn das f\u00fcr ihn verborgene Geheimnis \u00fcberlagert dunkel sein Leben, unerkl\u00e4rliche Ereignisse webenverh\u00e4ngnisvolle F\u00e4den in sein Schicksal.<\/p>\n<p>Erst als erwachsener Mann offenbart sich ihm durch einen Zufall seine ganz pers\u00f6nliche Lebensgeschichte. Eine spannende Reise nimmt ihren Lauf.<\/td>\n<td class=\"table-second\"><img loading=\"lazy\" decoding=\"async\" class=\"alignnone size-full wp-image-787\" src=\"http:\/\/www.efk.at\/wp-content\/uploads\/2017\/10\/Nuckeldecke.jpg\" alt=\"\" width=\"311\" height=\"499\" srcset=\"https:\/\/www.efk.at\/wp-content\/uploads\/2017\/10\/Nuckeldecke.jpg 311w, https:\/\/www.efk.at\/wp-content\/uploads\/2017\/10\/Nuckeldecke-187x300.jpg 187w, https:\/\/www.efk.at\/wp-content\/uploads\/2017\/10\/Nuckeldecke-120x192.jpg 120w\" sizes=\"auto, (max-width: 311px) 100vw, 311px\" \/><\/td>\n<\/tr>\n<tr>\n<td>\n<h3>Muttergeh\u00e4use<\/h3>\n<h4>Eine Adoptivmutter erz\u00e4hlt<\/h4>\n<p>von Gertraud Klemm<\/p>\n<p>&#8220;Mein Embryio wird in Papier gepackt, Schicht um Schicht. Formulare sind sein Uterus, ein kaltes Knistern sein Nest. Schranken begrenzen meine Mutterschaft, Bewilligungen, Befunde, Gutachten.&#8221;<\/p>\n<p>Ein k\u00e4mpferischer Roman, ein Pl\u00e4doyer f\u00fcr ein Leben abseits der Norm.<\/td>\n<td class=\"table-second\"><img loading=\"lazy\" decoding=\"async\" class=\"alignnone size-full wp-image-786\" src=\"http:\/\/www.efk.at\/wp-content\/uploads\/2017\/10\/Muttergeh\u00e4use.jpg\" alt=\"\" width=\"300\" height=\"499\" \/><\/td>\n<\/tr>\n<\/tbody>\n<\/table>\n<h3><a href=\"http:\/\/www.efk.at\/literaturempfehlungen\/\">&lt; Zur\u00fcck<\/a><\/h3>\n<p><\/p>","protected":false},"excerpt":{"rendered":"<p>Biografische Erz\u00e4hlungen Das Gesicht im Spiegel von Renate Welsh Laura geht es eigentlich richtig gut. Sie und ihr Bruder Boris f\u00fchren mit ihren Eltern ein ganz normales Familienleben. Dass sie beide adoptiert sind, ist nun wirklich nichts Besonderes, das wei\u00df Laura schon lange. Trotzdem ist in letzter Zeit irgendetwas anders. Der Gedanke an ihre leibliche &hellip; <a href=\"https:\/\/www.efk.at\/en\/literatur-biografische-erzaehlungen\/\" class=\"more-link\">Continue reading <span class=\"screen-reader-text\">Literatur: Biografische Erz\u00e4hlungen<\/span><\/a><\/p>\n","protected":false},"author":1,"featured_media":0,"parent":0,"menu_order":0,"comment_status":"closed","ping_status":"closed","template":"","meta":{"xn-wppe-expiration":[],"xn-wppe-expiration-action":[],"xn-wppe-expiration-prefix":[],"footnotes":""},"class_list":["post-785","page","type-page","status-publish","hentry"],"yoast_head":"<!-- This site is optimized with the Yoast SEO plugin v26.1.1 - https:\/\/yoast.com\/wordpress\/plugins\/seo\/ -->\n<title>Literatur: Biografische Erz\u00e4hlungen - efk<\/title>\n<meta name=\"robots\" content=\"index, follow, max-snippet:-1, max-image-preview:large, max-video-preview:-1\" \/>\n<link rel=\"canonical\" href=\"https:\/\/www.efk.at\/de\/literatur-biografische-erzaehlungen\/\" \/>\n<meta property=\"og:locale\" content=\"en_US\" \/>\n<meta property=\"og:type\" content=\"article\" \/>\n<meta property=\"og:title\" content=\"Literatur: Biografische Erz\u00e4hlungen - efk\" \/>\n<meta property=\"og:description\" content=\"Biografische Erz\u00e4hlungen Das Gesicht im Spiegel von Renate Welsh Laura geht es eigentlich richtig gut. Sie und ihr Bruder Boris f\u00fchren mit ihren Eltern ein ganz normales Familienleben. Dass sie beide adoptiert sind, ist nun wirklich nichts Besonderes, das wei\u00df Laura schon lange. Trotzdem ist in letzter Zeit irgendetwas anders. Der Gedanke an ihre leibliche &hellip; Continue reading Literatur: Biografische Erz\u00e4hlungen\" \/>\n<meta property=\"og:url\" content=\"https:\/\/www.efk.at\/de\/literatur-biografische-erzaehlungen\/\" \/>\n<meta property=\"og:site_name\" content=\"efk\" \/>\n<meta property=\"article:modified_time\" content=\"2021-08-10T11:14:08+00:00\" \/>\n<meta property=\"og:image\" content=\"http:\/\/www.efk.at\/wp-content\/uploads\/2017\/10\/Das-Gesicht-im-Spiegel.jpg\" \/>\n<meta name=\"twitter:card\" content=\"summary_large_image\" \/>\n<meta name=\"twitter:label1\" content=\"Est. reading time\" \/>\n\t<meta name=\"twitter:data1\" content=\"9 minutes\" \/>\n<script type=\"application\/ld+json\" class=\"yoast-schema-graph\">{\"@context\":\"https:\/\/schema.org\",\"@graph\":[{\"@type\":\"WebPage\",\"@id\":\"https:\/\/www.efk.at\/de\/literatur-biografische-erzaehlungen\/\",\"url\":\"https:\/\/www.efk.at\/de\/literatur-biografische-erzaehlungen\/\",\"name\":\"Literatur: Biografische Erz\u00e4hlungen - efk\",\"isPartOf\":{\"@id\":\"https:\/\/www.efk.at\/de\/#website\"},\"primaryImageOfPage\":{\"@id\":\"https:\/\/www.efk.at\/de\/literatur-biografische-erzaehlungen\/#primaryimage\"},\"image\":{\"@id\":\"https:\/\/www.efk.at\/de\/literatur-biografische-erzaehlungen\/#primaryimage\"},\"thumbnailUrl\":\"http:\/\/www.efk.at\/wp-content\/uploads\/2017\/10\/Das-Gesicht-im-Spiegel.jpg\",\"datePublished\":\"2017-10-04T21:32:54+00:00\",\"dateModified\":\"2021-08-10T11:14:08+00:00\",\"breadcrumb\":{\"@id\":\"https:\/\/www.efk.at\/de\/literatur-biografische-erzaehlungen\/#breadcrumb\"},\"inLanguage\":\"en-US\",\"potentialAction\":[{\"@type\":\"ReadAction\",\"target\":[\"https:\/\/www.efk.at\/de\/literatur-biografische-erzaehlungen\/\"]}]},{\"@type\":\"ImageObject\",\"inLanguage\":\"en-US\",\"@id\":\"https:\/\/www.efk.at\/de\/literatur-biografische-erzaehlungen\/#primaryimage\",\"url\":\"http:\/\/www.efk.at\/wp-content\/uploads\/2017\/10\/Das-Gesicht-im-Spiegel.jpg\",\"contentUrl\":\"http:\/\/www.efk.at\/wp-content\/uploads\/2017\/10\/Das-Gesicht-im-Spiegel.jpg\"},{\"@type\":\"BreadcrumbList\",\"@id\":\"https:\/\/www.efk.at\/de\/literatur-biografische-erzaehlungen\/#breadcrumb\",\"itemListElement\":[{\"@type\":\"ListItem\",\"position\":1,\"name\":\"Startseite\",\"item\":\"https:\/\/www.efk.at\/de\/\"},{\"@type\":\"ListItem\",\"position\":2,\"name\":\"Literatur: Biografische Erz\u00e4hlungen\"}]},{\"@type\":\"WebSite\",\"@id\":\"https:\/\/www.efk.at\/de\/#website\",\"url\":\"https:\/\/www.efk.at\/de\/\",\"name\":\"efk\",\"description\":\"Eltern f\u00fcr Kinder \u00d6sterreich\",\"potentialAction\":[{\"@type\":\"SearchAction\",\"target\":{\"@type\":\"EntryPoint\",\"urlTemplate\":\"https:\/\/www.efk.at\/de\/?s={search_term_string}\"},\"query-input\":{\"@type\":\"PropertyValueSpecification\",\"valueRequired\":true,\"valueName\":\"search_term_string\"}}],\"inLanguage\":\"en-US\"}]}<\/script>\n<!-- \/ Yoast SEO plugin. -->","yoast_head_json":{"title":"Literatur: Biografische Erz\u00e4hlungen - efk","robots":{"index":"index","follow":"follow","max-snippet":"max-snippet:-1","max-image-preview":"max-image-preview:large","max-video-preview":"max-video-preview:-1"},"canonical":"https:\/\/www.efk.at\/de\/literatur-biografische-erzaehlungen\/","og_locale":"en_US","og_type":"article","og_title":"Literatur: Biografische Erz\u00e4hlungen - efk","og_description":"Biografische Erz\u00e4hlungen Das Gesicht im Spiegel von Renate Welsh Laura geht es eigentlich richtig gut. Sie und ihr Bruder Boris f\u00fchren mit ihren Eltern ein ganz normales Familienleben. Dass sie beide adoptiert sind, ist nun wirklich nichts Besonderes, das wei\u00df Laura schon lange. Trotzdem ist in letzter Zeit irgendetwas anders. Der Gedanke an ihre leibliche &hellip; Continue reading Literatur: Biografische Erz\u00e4hlungen","og_url":"https:\/\/www.efk.at\/de\/literatur-biografische-erzaehlungen\/","og_site_name":"efk","article_modified_time":"2021-08-10T11:14:08+00:00","og_image":[{"url":"http:\/\/www.efk.at\/wp-content\/uploads\/2017\/10\/Das-Gesicht-im-Spiegel.jpg","type":"","width":"","height":""}],"twitter_card":"summary_large_image","twitter_misc":{"Est. reading time":"9 minutes"},"schema":{"@context":"https:\/\/schema.org","@graph":[{"@type":"WebPage","@id":"https:\/\/www.efk.at\/de\/literatur-biografische-erzaehlungen\/","url":"https:\/\/www.efk.at\/de\/literatur-biografische-erzaehlungen\/","name":"Literatur: Biografische Erz\u00e4hlungen - efk","isPartOf":{"@id":"https:\/\/www.efk.at\/de\/#website"},"primaryImageOfPage":{"@id":"https:\/\/www.efk.at\/de\/literatur-biografische-erzaehlungen\/#primaryimage"},"image":{"@id":"https:\/\/www.efk.at\/de\/literatur-biografische-erzaehlungen\/#primaryimage"},"thumbnailUrl":"http:\/\/www.efk.at\/wp-content\/uploads\/2017\/10\/Das-Gesicht-im-Spiegel.jpg","datePublished":"2017-10-04T21:32:54+00:00","dateModified":"2021-08-10T11:14:08+00:00","breadcrumb":{"@id":"https:\/\/www.efk.at\/de\/literatur-biografische-erzaehlungen\/#breadcrumb"},"inLanguage":"en-US","potentialAction":[{"@type":"ReadAction","target":["https:\/\/www.efk.at\/de\/literatur-biografische-erzaehlungen\/"]}]},{"@type":"ImageObject","inLanguage":"en-US","@id":"https:\/\/www.efk.at\/de\/literatur-biografische-erzaehlungen\/#primaryimage","url":"http:\/\/www.efk.at\/wp-content\/uploads\/2017\/10\/Das-Gesicht-im-Spiegel.jpg","contentUrl":"http:\/\/www.efk.at\/wp-content\/uploads\/2017\/10\/Das-Gesicht-im-Spiegel.jpg"},{"@type":"BreadcrumbList","@id":"https:\/\/www.efk.at\/de\/literatur-biografische-erzaehlungen\/#breadcrumb","itemListElement":[{"@type":"ListItem","position":1,"name":"Startseite","item":"https:\/\/www.efk.at\/de\/"},{"@type":"ListItem","position":2,"name":"Literatur: Biografische Erz\u00e4hlungen"}]},{"@type":"WebSite","@id":"https:\/\/www.efk.at\/de\/#website","url":"https:\/\/www.efk.at\/de\/","name":"efk","description":"Eltern f\u00fcr Kinder \u00d6sterreich","potentialAction":[{"@type":"SearchAction","target":{"@type":"EntryPoint","urlTemplate":"https:\/\/www.efk.at\/de\/?s={search_term_string}"},"query-input":{"@type":"PropertyValueSpecification","valueRequired":true,"valueName":"search_term_string"}}],"inLanguage":"en-US"}]}},"_links":{"self":[{"href":"https:\/\/www.efk.at\/en\/wp-json\/wp\/v2\/pages\/785","targetHints":{"allow":["GET"]}}],"collection":[{"href":"https:\/\/www.efk.at\/en\/wp-json\/wp\/v2\/pages"}],"about":[{"href":"https:\/\/www.efk.at\/en\/wp-json\/wp\/v2\/types\/page"}],"author":[{"embeddable":true,"href":"https:\/\/www.efk.at\/en\/wp-json\/wp\/v2\/users\/1"}],"replies":[{"embeddable":true,"href":"https:\/\/www.efk.at\/en\/wp-json\/wp\/v2\/comments?post=785"}],"version-history":[{"count":12,"href":"https:\/\/www.efk.at\/en\/wp-json\/wp\/v2\/pages\/785\/revisions"}],"predecessor-version":[{"id":4070,"href":"https:\/\/www.efk.at\/en\/wp-json\/wp\/v2\/pages\/785\/revisions\/4070"}],"wp:attachment":[{"href":"https:\/\/www.efk.at\/en\/wp-json\/wp\/v2\/media?parent=785"}],"curies":[{"name":"wp","href":"https:\/\/api.w.org\/{rel}","templated":true}]}}