{"id":762,"date":"2017-10-04T22:52:30","date_gmt":"2017-10-04T20:52:30","guid":{"rendered":"http:\/\/www.efk.at\/?page_id=762"},"modified":"2025-09-22T14:01:08","modified_gmt":"2025-09-22T12:01:08","slug":"literatur-regenbogenfamilien","status":"publish","type":"page","link":"https:\/\/www.efk.at\/en\/literatur-regenbogenfamilien\/","title":{"rendered":"Literatur: Regenbogenfamilien"},"content":{"rendered":"<p><\/p>\n<h1>Regenbogenfamilien<\/h1>\n<table class=\"literatur-tabel\">\n<tbody>\n<tr>\n<td>\n<h3>Katervaterhasensohn<\/h3>\n<p>von Jana Frey<\/p>\n<p>Was tut ein kleiner Hase, der im Wald verloren ist? Er sucht sich einen neuen Vater! Das ist jedoch gar nicht so einfach. Und was passiert, wenn man pl\u00f6tzlich zwei V\u00e4ter hat?<\/td>\n<td class=\"table-second\"><img loading=\"lazy\" decoding=\"async\" class=\"alignnone size-full wp-image-681\" src=\"http:\/\/www.efk.at\/wp-content\/uploads\/2017\/10\/Katervaterhasensohn.jpg\" alt=\"\" width=\"265\" height=\"371\" srcset=\"https:\/\/www.efk.at\/wp-content\/uploads\/2017\/10\/Katervaterhasensohn.jpg 265w, https:\/\/www.efk.at\/wp-content\/uploads\/2017\/10\/Katervaterhasensohn-214x300.jpg 214w, https:\/\/www.efk.at\/wp-content\/uploads\/2017\/10\/Katervaterhasensohn-137x192.jpg 137w\" sizes=\"auto, (max-width: 265px) 100vw, 265px\" \/><\/td>\n<\/tr>\n<tr>\n<td>\n<h3>Daddy, Papa, and Me<\/h3>\n<p>von Lesl\u00e9a Newman<\/td>\n<td class=\"table-second\"><img loading=\"lazy\" decoding=\"async\" class=\"alignnone size-full wp-image-760\" src=\"http:\/\/www.efk.at\/wp-content\/uploads\/2017\/10\/Daddy-Papa-and-Me.jpg\" alt=\"\" width=\"498\" height=\"500\" srcset=\"https:\/\/www.efk.at\/wp-content\/uploads\/2017\/10\/Daddy-Papa-and-Me.jpg 498w, https:\/\/www.efk.at\/wp-content\/uploads\/2017\/10\/Daddy-Papa-and-Me-150x150.jpg 150w, https:\/\/www.efk.at\/wp-content\/uploads\/2017\/10\/Daddy-Papa-and-Me-300x300.jpg 300w, https:\/\/www.efk.at\/wp-content\/uploads\/2017\/10\/Daddy-Papa-and-Me-330x330.jpg 330w, https:\/\/www.efk.at\/wp-content\/uploads\/2017\/10\/Daddy-Papa-and-Me-96x96.jpg 96w, https:\/\/www.efk.at\/wp-content\/uploads\/2017\/10\/Daddy-Papa-and-Me-191x192.jpg 191w\" sizes=\"auto, (max-width: 498px) 100vw, 498px\" \/><\/td>\n<\/tr>\n<tr>\n<td>\n<h3>Mommy, Mama, and Me<\/h3>\n<p>von Lesl\u00e9a Newman<\/td>\n<td class=\"table-second\"><img loading=\"lazy\" decoding=\"async\" class=\"alignnone size-full wp-image-759\" src=\"http:\/\/www.efk.at\/wp-content\/uploads\/2017\/10\/Mommy-Mama-and-Me.jpg\" alt=\"\" width=\"477\" height=\"480\" srcset=\"https:\/\/www.efk.at\/wp-content\/uploads\/2017\/10\/Mommy-Mama-and-Me.jpg 477w, https:\/\/www.efk.at\/wp-content\/uploads\/2017\/10\/Mommy-Mama-and-Me-150x150.jpg 150w, https:\/\/www.efk.at\/wp-content\/uploads\/2017\/10\/Mommy-Mama-and-Me-298x300.jpg 298w, https:\/\/www.efk.at\/wp-content\/uploads\/2017\/10\/Mommy-Mama-and-Me-96x96.jpg 96w, https:\/\/www.efk.at\/wp-content\/uploads\/2017\/10\/Mommy-Mama-and-Me-191x192.jpg 191w\" sizes=\"auto, (max-width: 477px) 100vw, 477px\" \/><\/td>\n<\/tr>\n<tr>\n<td>\n<h3>And tango makes three<\/h3>\n<p>von Justin Richardson und Peter Parnell<\/p>\n<p>Was tut ein kleiner Hase, der im Wald verloren ist? Er sucht sich einen neuen Vater! Das ist jedoch gar nicht so einfach. Und was passiert, wenn man pl\u00f6tzlich zwei V\u00e4ter hat?<\/td>\n<td class=\"table-second\"><img loading=\"lazy\" decoding=\"async\" class=\"alignnone size-full wp-image-758\" src=\"http:\/\/www.efk.at\/wp-content\/uploads\/2017\/10\/And-tango-makes-three.jpg\" alt=\"\" width=\"1878\" height=\"1400\" srcset=\"https:\/\/www.efk.at\/wp-content\/uploads\/2017\/10\/And-tango-makes-three.jpg 1878w, https:\/\/www.efk.at\/wp-content\/uploads\/2017\/10\/And-tango-makes-three-300x224.jpg 300w, https:\/\/www.efk.at\/wp-content\/uploads\/2017\/10\/And-tango-makes-three-768x573.jpg 768w, https:\/\/www.efk.at\/wp-content\/uploads\/2017\/10\/And-tango-makes-three-1024x763.jpg 1024w, https:\/\/www.efk.at\/wp-content\/uploads\/2017\/10\/And-tango-makes-three-648x483.jpg 648w, https:\/\/www.efk.at\/wp-content\/uploads\/2017\/10\/And-tango-makes-three-258x192.jpg 258w\" sizes=\"auto, (max-width: 1878px) 100vw, 1878px\" \/><\/td>\n<\/tr>\n<tr>\n<td>\n<h3>Komm, ich zeig dir meine Eltern<\/h3>\n<p>von Michael Link<\/p>\n<p>Eltern, Kind, zwei Omas und drei Hunde. Eine ganz normale Familie. Das Zimmer vom kleinen Daniel ist mit Kuscheltieren vollgestopft, er spielt gern im Sandkasten und geht freitags in den Musikkindergarten. Ein ganz normales Familienleben. Aber doch irgendwie anders&#8230;<\/p>\n<p>Daniels Eltern sind Papa und Micha. Und das sind Patrick Lindner und Michael Link. Das homosexuelle Paar hat den kleinen Daniel aus St. Petersburg adoptiert. Mit &#8220;Komm, ich zeig dir meine Eltern&#8221; schildern sie eindrucksvoll, dass ihre Liebe zu Daniel keine Frage von Blutsverwandtschaft ist &#8211; sondern eben ganz normal.<\/td>\n<td class=\"table-second\"><img decoding=\"async\" src=\"\/images\/51J34WY8DJL.jpg\" alt=\"\" \/><img loading=\"lazy\" decoding=\"async\" class=\"alignnone size-full wp-image-680\" src=\"http:\/\/www.efk.at\/wp-content\/uploads\/2017\/10\/Komm-ich-zeig-dir-meine-Eltern.jpg\" alt=\"\" width=\"475\" height=\"410\" srcset=\"https:\/\/www.efk.at\/wp-content\/uploads\/2017\/10\/Komm-ich-zeig-dir-meine-Eltern.jpg 475w, https:\/\/www.efk.at\/wp-content\/uploads\/2017\/10\/Komm-ich-zeig-dir-meine-Eltern-300x259.jpg 300w, https:\/\/www.efk.at\/wp-content\/uploads\/2017\/10\/Komm-ich-zeig-dir-meine-Eltern-222x192.jpg 222w\" sizes=\"auto, (max-width: 475px) 100vw, 475px\" \/><\/td>\n<\/tr>\n<tr>\n<td>\n<h3>A Tale of Two Mommies<\/h3>\n<p>von Vanita Oelschlager<\/p>\n<p>Two Mommies is a heartwarming book. It provides a platform for discussing a timely topic: the love and support all children want, and need, from their parents and peers.<\/td>\n<td class=\"table-second\"><img loading=\"lazy\" decoding=\"async\" class=\"alignnone size-full wp-image-757\" src=\"http:\/\/www.efk.at\/wp-content\/uploads\/2017\/10\/A-Tale-of-Two-Mommies.jpg\" alt=\"\" width=\"960\" height=\"1239\" srcset=\"https:\/\/www.efk.at\/wp-content\/uploads\/2017\/10\/A-Tale-of-Two-Mommies.jpg 960w, https:\/\/www.efk.at\/wp-content\/uploads\/2017\/10\/A-Tale-of-Two-Mommies-232x300.jpg 232w, https:\/\/www.efk.at\/wp-content\/uploads\/2017\/10\/A-Tale-of-Two-Mommies-768x991.jpg 768w, https:\/\/www.efk.at\/wp-content\/uploads\/2017\/10\/A-Tale-of-Two-Mommies-793x1024.jpg 793w, https:\/\/www.efk.at\/wp-content\/uploads\/2017\/10\/A-Tale-of-Two-Mommies-648x836.jpg 648w, https:\/\/www.efk.at\/wp-content\/uploads\/2017\/10\/A-Tale-of-Two-Mommies-149x192.jpg 149w\" sizes=\"auto, (max-width: 960px) 100vw, 960px\" \/><\/td>\n<\/tr>\n<tr>\n<td>\n<h3>Heather Has Two Mommies<\/h3>\n<p>von Lesl\u00e9a Newman<\/p>\n<p>Heather&#8217;s favourite number is two. She has two arms, two legs, two pets &#8211; and two mommies. On her first day at school, someone asks Heather about her daddy. Heather wonders, <em>Am I the only one here who doesn&#8217;t have a daddy?<\/em><\/p>\n<p>And guess what? It turns out that families come in lots of different shapes and sizes &#8211; and as Heather&#8217;s teacher tells her, &#8220;The most important thing about a family is that all the people in it love one another.&#8221;<\/td>\n<td class=\"table-second\"><img loading=\"lazy\" decoding=\"async\" class=\"alignnone size-full wp-image-756\" src=\"http:\/\/www.efk.at\/wp-content\/uploads\/2017\/10\/Heather-Has-Two-Mommies.jpg\" alt=\"\" width=\"260\" height=\"268\" srcset=\"https:\/\/www.efk.at\/wp-content\/uploads\/2017\/10\/Heather-Has-Two-Mommies.jpg 260w, https:\/\/www.efk.at\/wp-content\/uploads\/2017\/10\/Heather-Has-Two-Mommies-186x192.jpg 186w\" sizes=\"auto, (max-width: 260px) 100vw, 260px\" \/><\/td>\n<\/tr>\n<tr>\n<td>\n<h3>Herr Seepferdchen<\/h3>\n<p>von Eric Carle<\/p>\n<p>Das Familienleben der Seepferdchen ist ungew\u00f6hnlich. Die Seepferdchen-Mutter legt ihre Eier in eine Tasche am Bauch des Vaters. Der Vater befruchtet die Eier und gibt auf sie acht, w\u00e4hrend sie in seiner Tasche heranwachsen &#8211; wie eine schwangere Mutter. Die Seepferdchen-Mutter kommt jeden Tag vorbei, aber sie muss sich nicht um den Nachwuchs k\u00fcmmern. Wenig sp\u00e4ter kommen die Seepferdchen-Babys zur Welt, n\u00e4mlich wenn sie gro\u00df genug sind, um alleine zurechtzukommen.<\/td>\n<td class=\"table-second\"><img loading=\"lazy\" decoding=\"async\" class=\"alignnone size-full wp-image-755\" src=\"http:\/\/www.efk.at\/wp-content\/uploads\/2017\/10\/Herr-Seepferdchen.jpg\" alt=\"\" width=\"316\" height=\"420\" srcset=\"https:\/\/www.efk.at\/wp-content\/uploads\/2017\/10\/Herr-Seepferdchen.jpg 316w, https:\/\/www.efk.at\/wp-content\/uploads\/2017\/10\/Herr-Seepferdchen-226x300.jpg 226w, https:\/\/www.efk.at\/wp-content\/uploads\/2017\/10\/Herr-Seepferdchen-144x192.jpg 144w\" sizes=\"auto, (max-width: 316px) 100vw, 316px\" \/><\/td>\n<\/tr>\n<tr>\n<td>\n<h3>Die Geschichte unserer Familie<\/h3>\n<h4>Ein Buch f\u00fcr lesbische Familien mit Wunschkindern durch Samenspende<\/h4>\n<p>von Petra Thorn und Lisa Herrmann-Green<\/p>\n<p>&#8220;Das sind Mama und Mami, als sie noch kein Kind hatten. Sie liebten sich und waren sehr gl\u00fccklich. Und weil sie sich so sehr liebten, w\u00fcnschten sie sich ein Baby&#8230;&#8221;<\/td>\n<td class=\"table-second\"><img loading=\"lazy\" decoding=\"async\" class=\"alignnone size-full wp-image-754\" src=\"http:\/\/www.efk.at\/wp-content\/uploads\/2017\/10\/Die-Geschichte-unserer-Familie.jpg\" alt=\"\" width=\"770\" height=\"770\" srcset=\"https:\/\/www.efk.at\/wp-content\/uploads\/2017\/10\/Die-Geschichte-unserer-Familie.jpg 770w, https:\/\/www.efk.at\/wp-content\/uploads\/2017\/10\/Die-Geschichte-unserer-Familie-150x150.jpg 150w, https:\/\/www.efk.at\/wp-content\/uploads\/2017\/10\/Die-Geschichte-unserer-Familie-300x300.jpg 300w, https:\/\/www.efk.at\/wp-content\/uploads\/2017\/10\/Die-Geschichte-unserer-Familie-768x768.jpg 768w, https:\/\/www.efk.at\/wp-content\/uploads\/2017\/10\/Die-Geschichte-unserer-Familie-330x330.jpg 330w, https:\/\/www.efk.at\/wp-content\/uploads\/2017\/10\/Die-Geschichte-unserer-Familie-96x96.jpg 96w, https:\/\/www.efk.at\/wp-content\/uploads\/2017\/10\/Die-Geschichte-unserer-Familie-648x648.jpg 648w, https:\/\/www.efk.at\/wp-content\/uploads\/2017\/10\/Die-Geschichte-unserer-Familie-192x192.jpg 192w\" sizes=\"auto, (max-width: 770px) 100vw, 770px\" \/><\/td>\n<\/tr>\n<\/tbody>\n<\/table>\n<p><\/p>","protected":false},"excerpt":{"rendered":"<p>Regenbogenfamilien Katervaterhasensohn von Jana Frey Was tut ein kleiner Hase, der im Wald verloren ist? Er sucht sich einen neuen Vater! Das ist jedoch gar nicht so einfach. Und was passiert, wenn man pl\u00f6tzlich zwei V\u00e4ter hat? Daddy, Papa, and Me von Lesl\u00e9a Newman Mommy, Mama, and Me von Lesl\u00e9a Newman And tango makes three &hellip; <a href=\"https:\/\/www.efk.at\/en\/literatur-regenbogenfamilien\/\" class=\"more-link\">Continue reading <span class=\"screen-reader-text\">Literatur: Regenbogenfamilien<\/span><\/a><\/p>\n","protected":false},"author":1,"featured_media":0,"parent":0,"menu_order":0,"comment_status":"closed","ping_status":"closed","template":"","meta":{"xn-wppe-expiration":[],"xn-wppe-expiration-action":[],"xn-wppe-expiration-prefix":[],"footnotes":""},"class_list":["post-762","page","type-page","status-publish","hentry"],"yoast_head":"<!-- This site is optimized with the Yoast SEO plugin v26.1.1 - https:\/\/yoast.com\/wordpress\/plugins\/seo\/ -->\n<title>Literatur: Regenbogenfamilien - efk<\/title>\n<meta name=\"robots\" content=\"index, follow, max-snippet:-1, max-image-preview:large, max-video-preview:-1\" \/>\n<link rel=\"canonical\" href=\"https:\/\/www.efk.at\/literatur-regenbogenfamilien\/\" \/>\n<meta property=\"og:locale\" content=\"en_US\" \/>\n<meta property=\"og:type\" content=\"article\" \/>\n<meta property=\"og:title\" content=\"Literatur: Regenbogenfamilien - efk\" \/>\n<meta property=\"og:description\" content=\"Regenbogenfamilien Katervaterhasensohn von Jana Frey Was tut ein kleiner Hase, der im Wald verloren ist? Er sucht sich einen neuen Vater! Das ist jedoch gar nicht so einfach. Und was passiert, wenn man pl\u00f6tzlich zwei V\u00e4ter hat? Daddy, Papa, and Me von Lesl\u00e9a Newman Mommy, Mama, and Me von Lesl\u00e9a Newman And tango makes three &hellip; Continue reading Literatur: Regenbogenfamilien\" \/>\n<meta property=\"og:url\" content=\"https:\/\/www.efk.at\/literatur-regenbogenfamilien\/\" \/>\n<meta property=\"og:site_name\" content=\"efk\" \/>\n<meta property=\"article:modified_time\" content=\"2025-09-22T12:01:08+00:00\" \/>\n<meta property=\"og:image\" content=\"http:\/\/www.efk.at\/wp-content\/uploads\/2017\/10\/Daddy-Papa-and-Me.jpg\" \/>\n<meta name=\"twitter:card\" content=\"summary_large_image\" \/>\n<meta name=\"twitter:label1\" content=\"Est. reading time\" \/>\n\t<meta name=\"twitter:data1\" content=\"14 minutes\" \/>\n<script type=\"application\/ld+json\" class=\"yoast-schema-graph\">{\"@context\":\"https:\/\/schema.org\",\"@graph\":[{\"@type\":\"WebPage\",\"@id\":\"https:\/\/www.efk.at\/literatur-regenbogenfamilien\/\",\"url\":\"https:\/\/www.efk.at\/literatur-regenbogenfamilien\/\",\"name\":\"Literatur: Regenbogenfamilien - efk\",\"isPartOf\":{\"@id\":\"https:\/\/www.efk.at\/de\/#website\"},\"primaryImageOfPage\":{\"@id\":\"https:\/\/www.efk.at\/literatur-regenbogenfamilien\/#primaryimage\"},\"image\":{\"@id\":\"https:\/\/www.efk.at\/literatur-regenbogenfamilien\/#primaryimage\"},\"thumbnailUrl\":\"http:\/\/www.efk.at\/wp-content\/uploads\/2017\/10\/Daddy-Papa-and-Me.jpg\",\"datePublished\":\"2017-10-04T20:52:30+00:00\",\"dateModified\":\"2025-09-22T12:01:08+00:00\",\"breadcrumb\":{\"@id\":\"https:\/\/www.efk.at\/literatur-regenbogenfamilien\/#breadcrumb\"},\"inLanguage\":\"en-US\",\"potentialAction\":[{\"@type\":\"ReadAction\",\"target\":[\"https:\/\/www.efk.at\/literatur-regenbogenfamilien\/\"]}]},{\"@type\":\"ImageObject\",\"inLanguage\":\"en-US\",\"@id\":\"https:\/\/www.efk.at\/literatur-regenbogenfamilien\/#primaryimage\",\"url\":\"http:\/\/www.efk.at\/wp-content\/uploads\/2017\/10\/Daddy-Papa-and-Me.jpg\",\"contentUrl\":\"http:\/\/www.efk.at\/wp-content\/uploads\/2017\/10\/Daddy-Papa-and-Me.jpg\"},{\"@type\":\"BreadcrumbList\",\"@id\":\"https:\/\/www.efk.at\/literatur-regenbogenfamilien\/#breadcrumb\",\"itemListElement\":[{\"@type\":\"ListItem\",\"position\":1,\"name\":\"Startseite\",\"item\":\"https:\/\/www.efk.at\/de\/\"},{\"@type\":\"ListItem\",\"position\":2,\"name\":\"Literatur: Regenbogenfamilien\"}]},{\"@type\":\"WebSite\",\"@id\":\"https:\/\/www.efk.at\/de\/#website\",\"url\":\"https:\/\/www.efk.at\/de\/\",\"name\":\"efk\",\"description\":\"Eltern f\u00fcr Kinder \u00d6sterreich\",\"potentialAction\":[{\"@type\":\"SearchAction\",\"target\":{\"@type\":\"EntryPoint\",\"urlTemplate\":\"https:\/\/www.efk.at\/de\/?s={search_term_string}\"},\"query-input\":{\"@type\":\"PropertyValueSpecification\",\"valueRequired\":true,\"valueName\":\"search_term_string\"}}],\"inLanguage\":\"en-US\"}]}<\/script>\n<!-- \/ Yoast SEO plugin. -->","yoast_head_json":{"title":"Literatur: Regenbogenfamilien - efk","robots":{"index":"index","follow":"follow","max-snippet":"max-snippet:-1","max-image-preview":"max-image-preview:large","max-video-preview":"max-video-preview:-1"},"canonical":"https:\/\/www.efk.at\/literatur-regenbogenfamilien\/","og_locale":"en_US","og_type":"article","og_title":"Literatur: Regenbogenfamilien - efk","og_description":"Regenbogenfamilien Katervaterhasensohn von Jana Frey Was tut ein kleiner Hase, der im Wald verloren ist? Er sucht sich einen neuen Vater! Das ist jedoch gar nicht so einfach. Und was passiert, wenn man pl\u00f6tzlich zwei V\u00e4ter hat? Daddy, Papa, and Me von Lesl\u00e9a Newman Mommy, Mama, and Me von Lesl\u00e9a Newman And tango makes three &hellip; Continue reading Literatur: Regenbogenfamilien","og_url":"https:\/\/www.efk.at\/literatur-regenbogenfamilien\/","og_site_name":"efk","article_modified_time":"2025-09-22T12:01:08+00:00","og_image":[{"url":"http:\/\/www.efk.at\/wp-content\/uploads\/2017\/10\/Daddy-Papa-and-Me.jpg","type":"","width":"","height":""}],"twitter_card":"summary_large_image","twitter_misc":{"Est. reading time":"14 minutes"},"schema":{"@context":"https:\/\/schema.org","@graph":[{"@type":"WebPage","@id":"https:\/\/www.efk.at\/literatur-regenbogenfamilien\/","url":"https:\/\/www.efk.at\/literatur-regenbogenfamilien\/","name":"Literatur: Regenbogenfamilien - efk","isPartOf":{"@id":"https:\/\/www.efk.at\/de\/#website"},"primaryImageOfPage":{"@id":"https:\/\/www.efk.at\/literatur-regenbogenfamilien\/#primaryimage"},"image":{"@id":"https:\/\/www.efk.at\/literatur-regenbogenfamilien\/#primaryimage"},"thumbnailUrl":"http:\/\/www.efk.at\/wp-content\/uploads\/2017\/10\/Daddy-Papa-and-Me.jpg","datePublished":"2017-10-04T20:52:30+00:00","dateModified":"2025-09-22T12:01:08+00:00","breadcrumb":{"@id":"https:\/\/www.efk.at\/literatur-regenbogenfamilien\/#breadcrumb"},"inLanguage":"en-US","potentialAction":[{"@type":"ReadAction","target":["https:\/\/www.efk.at\/literatur-regenbogenfamilien\/"]}]},{"@type":"ImageObject","inLanguage":"en-US","@id":"https:\/\/www.efk.at\/literatur-regenbogenfamilien\/#primaryimage","url":"http:\/\/www.efk.at\/wp-content\/uploads\/2017\/10\/Daddy-Papa-and-Me.jpg","contentUrl":"http:\/\/www.efk.at\/wp-content\/uploads\/2017\/10\/Daddy-Papa-and-Me.jpg"},{"@type":"BreadcrumbList","@id":"https:\/\/www.efk.at\/literatur-regenbogenfamilien\/#breadcrumb","itemListElement":[{"@type":"ListItem","position":1,"name":"Startseite","item":"https:\/\/www.efk.at\/de\/"},{"@type":"ListItem","position":2,"name":"Literatur: Regenbogenfamilien"}]},{"@type":"WebSite","@id":"https:\/\/www.efk.at\/de\/#website","url":"https:\/\/www.efk.at\/de\/","name":"efk","description":"Eltern f\u00fcr Kinder \u00d6sterreich","potentialAction":[{"@type":"SearchAction","target":{"@type":"EntryPoint","urlTemplate":"https:\/\/www.efk.at\/de\/?s={search_term_string}"},"query-input":{"@type":"PropertyValueSpecification","valueRequired":true,"valueName":"search_term_string"}}],"inLanguage":"en-US"}]}},"_links":{"self":[{"href":"https:\/\/www.efk.at\/en\/wp-json\/wp\/v2\/pages\/762","targetHints":{"allow":["GET"]}}],"collection":[{"href":"https:\/\/www.efk.at\/en\/wp-json\/wp\/v2\/pages"}],"about":[{"href":"https:\/\/www.efk.at\/en\/wp-json\/wp\/v2\/types\/page"}],"author":[{"embeddable":true,"href":"https:\/\/www.efk.at\/en\/wp-json\/wp\/v2\/users\/1"}],"replies":[{"embeddable":true,"href":"https:\/\/www.efk.at\/en\/wp-json\/wp\/v2\/comments?post=762"}],"version-history":[{"count":12,"href":"https:\/\/www.efk.at\/en\/wp-json\/wp\/v2\/pages\/762\/revisions"}],"predecessor-version":[{"id":5937,"href":"https:\/\/www.efk.at\/en\/wp-json\/wp\/v2\/pages\/762\/revisions\/5937"}],"wp:attachment":[{"href":"https:\/\/www.efk.at\/en\/wp-json\/wp\/v2\/media?parent=762"}],"curies":[{"name":"wp","href":"https:\/\/api.w.org\/{rel}","templated":true}]}}