{"id":76,"date":"2017-07-25T16:32:27","date_gmt":"2017-07-25T14:32:27","guid":{"rendered":"http:\/\/www.efk.at\/?page_id=76"},"modified":"2019-03-09T16:15:44","modified_gmt":"2019-03-09T15:15:44","slug":"adoption-allgemein","status":"publish","type":"page","link":"https:\/\/www.efk.at\/en\/adoption-allgemein\/","title":{"rendered":"Adoption General information"},"content":{"rendered":"<p><\/p>\n<h1>Adoption<\/h1>\n<blockquote>\n<div class=\"subtitle\" align=\"center\"><em>Eltern f\u00fcr Kinder \u00d6sterreich<\/em><\/div>\n<p align=\"center\"><em>Ottakringer Stra\u00dfe 217-221\/2\/R2, 1160 Wien<\/em><br \/>\n<em>Tel.: 01\/368 71 91<\/em><br \/>\n<em>Fax: \u00a001\/368 71 91 &#8211; 15<\/em><br \/>\n<em>e-mail:\u00a0<span id=\"cloak63725\"><a href=\"mailto:office@efk.at\">office@efk.at<\/a><\/span><\/em><br \/>\n<em><a href=\"http:\/\/www.efk.at\/\">http:\/\/www.efk.at<\/a><\/em><\/p>\n<\/blockquote>\n<p align=\"center\"><em>Eltern f\u00fcr Kinder \u00d6sterreich is founding member of<br \/>\n<\/em><img loading=\"lazy\" decoding=\"async\" class=\"alignnone size-full wp-image-518\" src=\"http:\/\/www.efk.at\/wp-content\/uploads\/2017\/09\/iana.gif\" alt=\"\" width=\"140\" height=\"57\" \/><\/p>\n<p><\/p>","protected":false},"excerpt":{"rendered":"<p>Adoption Eltern f\u00fcr Kinder \u00d6sterreich Ottakringer Stra\u00dfe 217-221\/2\/R2, 1160 Wien Tel.: 01\/368 71 91 Fax: \u00a001\/368 71 91 &#8211; 15 e-mail:\u00a0office@efk.at http:\/\/www.efk.at Eltern f\u00fcr Kinder \u00d6sterreich is founding member of<\/p>\n","protected":false},"author":1,"featured_media":0,"parent":0,"menu_order":0,"comment_status":"closed","ping_status":"closed","template":"","meta":{"xn-wppe-expiration":[],"xn-wppe-expiration-action":[],"xn-wppe-expiration-prefix":[],"footnotes":""},"class_list":["post-76","page","type-page","status-publish","hentry"],"yoast_head":"<!-- This site is optimized with the Yoast SEO plugin v26.1.1 - https:\/\/yoast.com\/wordpress\/plugins\/seo\/ -->\n<title>Adoption General information - efk<\/title>\n<meta name=\"robots\" content=\"index, follow, max-snippet:-1, max-image-preview:large, max-video-preview:-1\" \/>\n<link rel=\"canonical\" href=\"https:\/\/www.efk.at\/de\/adoption-allgemein\/\" \/>\n<meta property=\"og:locale\" content=\"en_US\" \/>\n<meta property=\"og:type\" content=\"article\" \/>\n<meta property=\"og:title\" content=\"[:de]Adoption Allgemein[:en]Adoption General information[:] - efk\" \/>\n<meta property=\"og:description\" content=\"Adoption Eltern f\u00fcr Kinder \u00d6sterreich Ottakringer Stra\u00dfe 217-221\/2\/R2, 1160 Wien Tel.: 01\/368 71 91 Fax: \u00a001\/368 71 91 &#8211; 15 e-mail:\u00a0office@efk.at http:\/\/www.efk.at Eltern f\u00fcr Kinder \u00d6sterreich is founding member of\" \/>\n<meta property=\"og:url\" content=\"https:\/\/www.efk.at\/de\/adoption-allgemein\/\" \/>\n<meta property=\"og:site_name\" content=\"efk\" \/>\n<meta property=\"article:modified_time\" content=\"2019-03-09T15:15:44+00:00\" \/>\n<meta property=\"og:image\" content=\"http:\/\/www.efk.at\/wp-content\/uploads\/2017\/09\/iana.gif\" \/>\n<meta name=\"twitter:card\" content=\"summary_large_image\" \/>\n<meta name=\"twitter:label1\" content=\"Est. reading time\" \/>\n\t<meta name=\"twitter:data1\" content=\"1 minute\" \/>\n<script type=\"application\/ld+json\" class=\"yoast-schema-graph\">{\"@context\":\"https:\/\/schema.org\",\"@graph\":[{\"@type\":\"WebPage\",\"@id\":\"https:\/\/www.efk.at\/de\/adoption-allgemein\/\",\"url\":\"https:\/\/www.efk.at\/de\/adoption-allgemein\/\",\"name\":\"[:de]Adoption Allgemein[:en]Adoption General information[:] - efk\",\"isPartOf\":{\"@id\":\"https:\/\/www.efk.at\/de\/#website\"},\"primaryImageOfPage\":{\"@id\":\"https:\/\/www.efk.at\/de\/adoption-allgemein\/#primaryimage\"},\"image\":{\"@id\":\"https:\/\/www.efk.at\/de\/adoption-allgemein\/#primaryimage\"},\"thumbnailUrl\":\"http:\/\/www.efk.at\/wp-content\/uploads\/2017\/09\/iana.gif\",\"datePublished\":\"2017-07-25T14:32:27+00:00\",\"dateModified\":\"2019-03-09T15:15:44+00:00\",\"breadcrumb\":{\"@id\":\"https:\/\/www.efk.at\/de\/adoption-allgemein\/#breadcrumb\"},\"inLanguage\":\"en-US\",\"potentialAction\":[{\"@type\":\"ReadAction\",\"target\":[\"https:\/\/www.efk.at\/de\/adoption-allgemein\/\"]}]},{\"@type\":\"ImageObject\",\"inLanguage\":\"en-US\",\"@id\":\"https:\/\/www.efk.at\/de\/adoption-allgemein\/#primaryimage\",\"url\":\"http:\/\/www.efk.at\/wp-content\/uploads\/2017\/09\/iana.gif\",\"contentUrl\":\"http:\/\/www.efk.at\/wp-content\/uploads\/2017\/09\/iana.gif\"},{\"@type\":\"BreadcrumbList\",\"@id\":\"https:\/\/www.efk.at\/de\/adoption-allgemein\/#breadcrumb\",\"itemListElement\":[{\"@type\":\"ListItem\",\"position\":1,\"name\":\"Startseite\",\"item\":\"https:\/\/www.efk.at\/de\/\"},{\"@type\":\"ListItem\",\"position\":2,\"name\":\"Adoption Allgemein\"}]},{\"@type\":\"WebSite\",\"@id\":\"https:\/\/www.efk.at\/de\/#website\",\"url\":\"https:\/\/www.efk.at\/de\/\",\"name\":\"efk\",\"description\":\"Eltern f\u00fcr Kinder \u00d6sterreich\",\"potentialAction\":[{\"@type\":\"SearchAction\",\"target\":{\"@type\":\"EntryPoint\",\"urlTemplate\":\"https:\/\/www.efk.at\/de\/?s={search_term_string}\"},\"query-input\":{\"@type\":\"PropertyValueSpecification\",\"valueRequired\":true,\"valueName\":\"search_term_string\"}}],\"inLanguage\":\"en-US\"}]}<\/script>\n<!-- \/ Yoast SEO plugin. -->","yoast_head_json":{"title":"[:de]Adoption Allgemein[:en]Adoption General information[:] - efk","robots":{"index":"index","follow":"follow","max-snippet":"max-snippet:-1","max-image-preview":"max-image-preview:large","max-video-preview":"max-video-preview:-1"},"canonical":"https:\/\/www.efk.at\/de\/adoption-allgemein\/","og_locale":"en_US","og_type":"article","og_title":"[:de]Adoption Allgemein[:en]Adoption General information[:] - efk","og_description":"Adoption Eltern f\u00fcr Kinder \u00d6sterreich Ottakringer Stra\u00dfe 217-221\/2\/R2, 1160 Wien Tel.: 01\/368 71 91 Fax: \u00a001\/368 71 91 &#8211; 15 e-mail:\u00a0office@efk.at http:\/\/www.efk.at Eltern f\u00fcr Kinder \u00d6sterreich is founding member of","og_url":"https:\/\/www.efk.at\/de\/adoption-allgemein\/","og_site_name":"efk","article_modified_time":"2019-03-09T15:15:44+00:00","og_image":[{"url":"http:\/\/www.efk.at\/wp-content\/uploads\/2017\/09\/iana.gif","type":"","width":"","height":""}],"twitter_card":"summary_large_image","twitter_misc":{"Est. reading time":"1 minute"},"schema":{"@context":"https:\/\/schema.org","@graph":[{"@type":"WebPage","@id":"https:\/\/www.efk.at\/de\/adoption-allgemein\/","url":"https:\/\/www.efk.at\/de\/adoption-allgemein\/","name":"[:de]Adoption Allgemein[:en]Adoption General information[:] - efk","isPartOf":{"@id":"https:\/\/www.efk.at\/de\/#website"},"primaryImageOfPage":{"@id":"https:\/\/www.efk.at\/de\/adoption-allgemein\/#primaryimage"},"image":{"@id":"https:\/\/www.efk.at\/de\/adoption-allgemein\/#primaryimage"},"thumbnailUrl":"http:\/\/www.efk.at\/wp-content\/uploads\/2017\/09\/iana.gif","datePublished":"2017-07-25T14:32:27+00:00","dateModified":"2019-03-09T15:15:44+00:00","breadcrumb":{"@id":"https:\/\/www.efk.at\/de\/adoption-allgemein\/#breadcrumb"},"inLanguage":"en-US","potentialAction":[{"@type":"ReadAction","target":["https:\/\/www.efk.at\/de\/adoption-allgemein\/"]}]},{"@type":"ImageObject","inLanguage":"en-US","@id":"https:\/\/www.efk.at\/de\/adoption-allgemein\/#primaryimage","url":"http:\/\/www.efk.at\/wp-content\/uploads\/2017\/09\/iana.gif","contentUrl":"http:\/\/www.efk.at\/wp-content\/uploads\/2017\/09\/iana.gif"},{"@type":"BreadcrumbList","@id":"https:\/\/www.efk.at\/de\/adoption-allgemein\/#breadcrumb","itemListElement":[{"@type":"ListItem","position":1,"name":"Startseite","item":"https:\/\/www.efk.at\/de\/"},{"@type":"ListItem","position":2,"name":"Adoption Allgemein"}]},{"@type":"WebSite","@id":"https:\/\/www.efk.at\/de\/#website","url":"https:\/\/www.efk.at\/de\/","name":"efk","description":"Eltern f\u00fcr Kinder \u00d6sterreich","potentialAction":[{"@type":"SearchAction","target":{"@type":"EntryPoint","urlTemplate":"https:\/\/www.efk.at\/de\/?s={search_term_string}"},"query-input":{"@type":"PropertyValueSpecification","valueRequired":true,"valueName":"search_term_string"}}],"inLanguage":"en-US"}]}},"_links":{"self":[{"href":"https:\/\/www.efk.at\/en\/wp-json\/wp\/v2\/pages\/76","targetHints":{"allow":["GET"]}}],"collection":[{"href":"https:\/\/www.efk.at\/en\/wp-json\/wp\/v2\/pages"}],"about":[{"href":"https:\/\/www.efk.at\/en\/wp-json\/wp\/v2\/types\/page"}],"author":[{"embeddable":true,"href":"https:\/\/www.efk.at\/en\/wp-json\/wp\/v2\/users\/1"}],"replies":[{"embeddable":true,"href":"https:\/\/www.efk.at\/en\/wp-json\/wp\/v2\/comments?post=76"}],"version-history":[{"count":15,"href":"https:\/\/www.efk.at\/en\/wp-json\/wp\/v2\/pages\/76\/revisions"}],"predecessor-version":[{"id":2775,"href":"https:\/\/www.efk.at\/en\/wp-json\/wp\/v2\/pages\/76\/revisions\/2775"}],"wp:attachment":[{"href":"https:\/\/www.efk.at\/en\/wp-json\/wp\/v2\/media?parent=76"}],"curies":[{"name":"wp","href":"https:\/\/api.w.org\/{rel}","templated":true}]}}