{"id":716,"date":"2017-10-04T22:35:36","date_gmt":"2017-10-04T20:35:36","guid":{"rendered":"http:\/\/www.efk.at\/?page_id=716"},"modified":"2025-09-22T13:51:51","modified_gmt":"2025-09-22T11:51:51","slug":"literatur-pflegekind","status":"publish","type":"page","link":"https:\/\/www.efk.at\/en\/literatur-pflegekind\/","title":{"rendered":"Literatur: Pflegekind"},"content":{"rendered":"<p><\/p>\n<h1>Pflegekind &#8211; Leben mit zwei Familien<\/h1>\n<table class=\"literatur-tabel\">\n<tbody>\n<tr>\n<td>\n<h3>Von Mimi zu Mama und wieder zur\u00fcck<\/h3>\n<p>von Viola Rohner und Paula Gerritsen<\/p>\n<p>Jan hat Geburtstag. Und weil er eine Mutter und eine Pflegemutter hat, feiert er zwei Mal; zuerst bei Mimi, dann bei Mama. Bei Mama kann er endlich wieder mit Hund Bruno herumtollen. Am liebsten h\u00e4tte Jan ihn st\u00e4ndig bei sich&#8230;<\/td>\n<td class=\"table-second\"><img loading=\"lazy\" decoding=\"async\" class=\"alignnone size-full wp-image-723\" src=\"http:\/\/www.efk.at\/wp-content\/uploads\/2017\/10\/Von-Mimi-zu-Mama-und-wieder-zur\u00fcck.jpg\" alt=\"\" width=\"375\" height=\"500\" \/><\/td>\n<\/tr>\n<tr>\n<td>\n<h3>Jakob und das Rote Buch<\/h3>\n<p>von Franz-Joseph Huainigg und Verena Hochleitner<\/p>\n<p>Jakob wohnt bei seinen Pflegeeltern Anna und Bernd. Einmal im Monat trifft er seinen Sozialarbeiter Robin. Robin ist es auch, der Jakob ermuntert, sich auf die Suche nach seiner Herkunft zu machen &#8211; mit einem roten Buch, in dem er Erinnerungen und Fotos sammelt. Seite f\u00fcr Seite gewinnt Jakob seine Identit\u00e4t&#8230;<\/td>\n<td class=\"table-second\"><img loading=\"lazy\" decoding=\"async\" class=\"alignnone size-full wp-image-722\" src=\"http:\/\/www.efk.at\/wp-content\/uploads\/2017\/10\/Jakob-und-das-Rote-Buch.jpg\" alt=\"\" width=\"475\" height=\"333\" srcset=\"https:\/\/www.efk.at\/wp-content\/uploads\/2017\/10\/Jakob-und-das-Rote-Buch.jpg 475w, https:\/\/www.efk.at\/wp-content\/uploads\/2017\/10\/Jakob-und-das-Rote-Buch-300x210.jpg 300w, https:\/\/www.efk.at\/wp-content\/uploads\/2017\/10\/Jakob-und-das-Rote-Buch-274x192.jpg 274w\" sizes=\"auto, (max-width: 475px) 100vw, 475px\" \/><\/td>\n<\/tr>\n<tr>\n<td>\n<h3>Die unglaubliche Geschichte der Tracy Baker<\/h3>\n<p>von Jacqueline Wilson<\/p>\n<p>Das Leben kann hart sein, findet Tracy Baker, besonders wenn man im Kinderheim wohnt, die beste Freunin einen im Stich l\u00e4sst und man Geburtstagstorten teilen muss. Aber mit all dem wird Tracy fertig! Sie will das Beste aus ihrem Leben machen! Au\u00dferdem ist sie sich sicher, dass eines Tages eine wundersch\u00f6ne Mama vor der T\u00fcr stehen und sie abholen wird&#8230;<\/td>\n<td class=\"table-second\"><img loading=\"lazy\" decoding=\"async\" class=\"alignnone size-full wp-image-721\" src=\"http:\/\/www.efk.at\/wp-content\/uploads\/2017\/10\/Die-unglaubliche-Geschichte-der-Tracy-Baker.jpg\" alt=\"\" width=\"341\" height=\"500\" srcset=\"https:\/\/www.efk.at\/wp-content\/uploads\/2017\/10\/Die-unglaubliche-Geschichte-der-Tracy-Baker.jpg 341w, https:\/\/www.efk.at\/wp-content\/uploads\/2017\/10\/Die-unglaubliche-Geschichte-der-Tracy-Baker-205x300.jpg 205w, https:\/\/www.efk.at\/wp-content\/uploads\/2017\/10\/Die-unglaubliche-Geschichte-der-Tracy-Baker-131x192.jpg 131w\" sizes=\"auto, (max-width: 341px) 100vw, 341px\" \/><\/td>\n<\/tr>\n<tr>\n<td>\n<h3>B\u00fchne frei f\u00fcr Tracy Baker<\/h3>\n<p>von Jacqueline Wilson<\/p>\n<p>Tracy kann ihr Gl\u00fcck kaum fassen: Ihre Mutter hat angek\u00fcndigt, sie \u00fcber die Weihnachtsfeiertage im Heim zu besuchen! Und dann bekommt sie auch noch eine Rolle im Weihnachtsm\u00e4rchen, das an der Schule aufgef\u00fchrt wird. Nun hei\u00dft es flei\u00dfig \u00fcben. Doch nach einem Streit mit ihrer Erzfeindin Christine darf Tracy nicht mehr mitspielen! Nat\u00fcrlich ist sie am Boden zerst\u00f6rt, aber zum Gl\u00fcck hat sie in Peter einen wirklich guten Freund. Und der setzt alle Heben in Bewegung, um Tracy zu helfen.<\/td>\n<td class=\"table-second\"><img loading=\"lazy\" decoding=\"async\" class=\"alignnone size-full wp-image-720\" src=\"http:\/\/www.efk.at\/wp-content\/uploads\/2017\/10\/B\u00fchne-frei-f\u00fcr-Tracy-Baker.jpg\" alt=\"\" width=\"348\" height=\"500\" \/><\/td>\n<\/tr>\n<tr>\n<td>\n<h3>Tracy Baker ist unschlagbar<\/h3>\n<p>von Jacqueline Wilson<\/p>\n<p>Tracys sehnlichster Wunsch hat sich erf\u00fcllt: Endlich lebt sie bei Traum-Pflegemutter Cam. Eigentlich k\u00f6nnte sie jetzt so richtig gl\u00fccklich sein. Doch das ist gar nicht so einfach, besonders wenn die Lehrerin eine alte Schreckschraube ist, die Mitsch\u00fcler sich \u00fcber einen lustig machen und Tracy Cam nichts von alldem erz\u00e4hlen kann. Aber Tracy w\u00e4re nicht Tracy, wenn sie nicht 1000 galaktisch gute Pl\u00e4ne h\u00e4tte, um dem Gl\u00fcck ein wenig nachzuhelfen&#8230;<\/td>\n<td class=\"table-second\"><img loading=\"lazy\" decoding=\"async\" class=\"alignnone size-full wp-image-719\" src=\"http:\/\/www.efk.at\/wp-content\/uploads\/2017\/10\/Tracy-Baker-ist-unschlagbar.jpg\" alt=\"\" width=\"122\" height=\"180\" \/><\/td>\n<\/tr>\n<tr>\n<td>\n<h3>Sag Leen zu mir<\/h3>\n<p>von Koos Meinderts<\/p>\n<p>Nett sind sie wirklich, Wim, Karin und ihr Sohn Roel. Aber als Leen zu ihnen kommt, will er zuerst nicht mal seinen Koffer auspacken. Das lohnt sich einfach nicht, findet er. Bestimmt wird seine Mutter bald gesund und dann wohnt er wieder bei ihr und geht in seine alte Schule. Eine Pflegefamilie braucht er doch \u00fcberhaupt nicht&#8230;<\/td>\n<td class=\"table-second\"><img loading=\"lazy\" decoding=\"async\" class=\"alignnone size-full wp-image-718\" src=\"http:\/\/www.efk.at\/wp-content\/uploads\/2017\/10\/Sag-Leen-zu-mir.jpg\" alt=\"\" width=\"365\" height=\"475\" srcset=\"https:\/\/www.efk.at\/wp-content\/uploads\/2017\/10\/Sag-Leen-zu-mir.jpg 365w, https:\/\/www.efk.at\/wp-content\/uploads\/2017\/10\/Sag-Leen-zu-mir-231x300.jpg 231w, https:\/\/www.efk.at\/wp-content\/uploads\/2017\/10\/Sag-Leen-zu-mir-148x192.jpg 148w\" sizes=\"auto, (max-width: 365px) 100vw, 365px\" \/><\/td>\n<\/tr>\n<tr>\n<td>\n<h3>So ist das, wenn man sich liebhat<\/h3>\n<p>von Gunn Bohmann<\/p>\n<p>&#8220;Das wollen wir doch mal sehen&#8221;, hat Mama gesagt, als der erste Brief vom Amt kam, in dem stand, dass Fia zu Pflegeeltern soll. Aber als der dritte Brief kommt, sagt Mama nichts mehr. Sie l\u00e4sst es geschehen, dass Fia jetzt bei Johan und Vesla wohnen muss. Johan hat eine Schaukel in den Baum geh\u00e4ngt, mit der kann Fia bis in den Himmel fliegen, und Vesla schenkt ihr sogar einen Hund. Eigentlich sind die beiden sehr nett, und Fia m\u00fcsste sie richtig gern haben. Aber was soll dann aus Mama werden? Und darf man das \u00fcberhaupt &#8211; mehrere Menschen gleichzeitig liebhaben?<\/td>\n<td class=\"table-second\"><img loading=\"lazy\" decoding=\"async\" class=\"alignnone size-full wp-image-717\" src=\"http:\/\/www.efk.at\/wp-content\/uploads\/2017\/10\/So-ist-das-wenn-man-sich-liebhat.jpg\" alt=\"\" width=\"323\" height=\"474\" srcset=\"https:\/\/www.efk.at\/wp-content\/uploads\/2017\/10\/So-ist-das-wenn-man-sich-liebhat.jpg 323w, https:\/\/www.efk.at\/wp-content\/uploads\/2017\/10\/So-ist-das-wenn-man-sich-liebhat-204x300.jpg 204w, https:\/\/www.efk.at\/wp-content\/uploads\/2017\/10\/So-ist-das-wenn-man-sich-liebhat-131x192.jpg 131w\" sizes=\"auto, (max-width: 323px) 100vw, 323px\" \/><\/td>\n<\/tr>\n<\/tbody>\n<\/table>\n<h3><a href=\"http:\/\/www.efk.at\/literaturempfehlungen\/\">&lt; Zur\u00fcck<\/a><\/h3>\n<p><\/p>","protected":false},"excerpt":{"rendered":"<p>Pflegekind &#8211; Leben mit zwei Familien Von Mimi zu Mama und wieder zur\u00fcck von Viola Rohner und Paula Gerritsen Jan hat Geburtstag. Und weil er eine Mutter und eine Pflegemutter hat, feiert er zwei Mal; zuerst bei Mimi, dann bei Mama. Bei Mama kann er endlich wieder mit Hund Bruno herumtollen. Am liebsten h\u00e4tte Jan &hellip; <a href=\"https:\/\/www.efk.at\/en\/literatur-pflegekind\/\" class=\"more-link\">Continue reading <span class=\"screen-reader-text\">Literatur: Pflegekind<\/span><\/a><\/p>\n","protected":false},"author":1,"featured_media":0,"parent":0,"menu_order":0,"comment_status":"closed","ping_status":"closed","template":"","meta":{"xn-wppe-expiration":[],"xn-wppe-expiration-action":[],"xn-wppe-expiration-prefix":[],"footnotes":""},"class_list":["post-716","page","type-page","status-publish","hentry"],"yoast_head":"<!-- This site is optimized with the Yoast SEO plugin v26.1.1 - https:\/\/yoast.com\/wordpress\/plugins\/seo\/ -->\n<title>Literatur: Pflegekind - efk<\/title>\n<meta name=\"robots\" content=\"index, follow, max-snippet:-1, max-image-preview:large, max-video-preview:-1\" \/>\n<link rel=\"canonical\" href=\"https:\/\/www.efk.at\/literatur-pflegekind\/\" \/>\n<meta property=\"og:locale\" content=\"en_US\" \/>\n<meta property=\"og:type\" content=\"article\" \/>\n<meta property=\"og:title\" content=\"[:de]Literatur: Pflegekind - Leben mit zwei Familien[:en]Literatur: Pflegekind[:] - efk\" \/>\n<meta property=\"og:description\" content=\"Pflegekind &#8211; Leben mit zwei Familien Von Mimi zu Mama und wieder zur\u00fcck von Viola Rohner und Paula Gerritsen Jan hat Geburtstag. Und weil er eine Mutter und eine Pflegemutter hat, feiert er zwei Mal; zuerst bei Mimi, dann bei Mama. Bei Mama kann er endlich wieder mit Hund Bruno herumtollen. Am liebsten h\u00e4tte Jan &hellip; Continue reading Literatur: Pflegekind\" \/>\n<meta property=\"og:url\" content=\"https:\/\/www.efk.at\/literatur-pflegekind\/\" \/>\n<meta property=\"og:site_name\" content=\"efk\" \/>\n<meta property=\"article:modified_time\" content=\"2025-09-22T11:51:51+00:00\" \/>\n<meta property=\"og:image\" content=\"https:\/\/faltercdn.s3.eu-central-1.amazonaws.com\/img\/978375\/195\/9783751952422_L.jpg\" \/>\n<meta name=\"twitter:card\" content=\"summary_large_image\" \/>\n<meta name=\"twitter:label1\" content=\"Est. reading time\" \/>\n\t<meta name=\"twitter:data1\" content=\"21 minutes\" \/>\n<script type=\"application\/ld+json\" class=\"yoast-schema-graph\">{\"@context\":\"https:\/\/schema.org\",\"@graph\":[{\"@type\":\"WebPage\",\"@id\":\"https:\/\/www.efk.at\/literatur-pflegekind\/\",\"url\":\"https:\/\/www.efk.at\/literatur-pflegekind\/\",\"name\":\"[:de]Literatur: Pflegekind - Leben mit zwei Familien[:en]Literatur: Pflegekind[:] - efk\",\"isPartOf\":{\"@id\":\"https:\/\/www.efk.at\/de\/#website\"},\"primaryImageOfPage\":{\"@id\":\"https:\/\/www.efk.at\/literatur-pflegekind\/#primaryimage\"},\"image\":{\"@id\":\"https:\/\/www.efk.at\/literatur-pflegekind\/#primaryimage\"},\"thumbnailUrl\":\"https:\/\/faltercdn.s3.eu-central-1.amazonaws.com\/img\/978375\/195\/9783751952422_L.jpg\",\"datePublished\":\"2017-10-04T20:35:36+00:00\",\"dateModified\":\"2025-09-22T11:51:51+00:00\",\"breadcrumb\":{\"@id\":\"https:\/\/www.efk.at\/literatur-pflegekind\/#breadcrumb\"},\"inLanguage\":\"en-US\",\"potentialAction\":[{\"@type\":\"ReadAction\",\"target\":[\"https:\/\/www.efk.at\/literatur-pflegekind\/\"]}]},{\"@type\":\"ImageObject\",\"inLanguage\":\"en-US\",\"@id\":\"https:\/\/www.efk.at\/literatur-pflegekind\/#primaryimage\",\"url\":\"https:\/\/faltercdn.s3.eu-central-1.amazonaws.com\/img\/978375\/195\/9783751952422_L.jpg\",\"contentUrl\":\"https:\/\/faltercdn.s3.eu-central-1.amazonaws.com\/img\/978375\/195\/9783751952422_L.jpg\"},{\"@type\":\"BreadcrumbList\",\"@id\":\"https:\/\/www.efk.at\/literatur-pflegekind\/#breadcrumb\",\"itemListElement\":[{\"@type\":\"ListItem\",\"position\":1,\"name\":\"Startseite\",\"item\":\"https:\/\/www.efk.at\/de\/\"},{\"@type\":\"ListItem\",\"position\":2,\"name\":\"Literatur: Pflegekind &#8211; Leben mit zwei Familien\"}]},{\"@type\":\"WebSite\",\"@id\":\"https:\/\/www.efk.at\/de\/#website\",\"url\":\"https:\/\/www.efk.at\/de\/\",\"name\":\"efk\",\"description\":\"Eltern f\u00fcr Kinder \u00d6sterreich\",\"potentialAction\":[{\"@type\":\"SearchAction\",\"target\":{\"@type\":\"EntryPoint\",\"urlTemplate\":\"https:\/\/www.efk.at\/de\/?s={search_term_string}\"},\"query-input\":{\"@type\":\"PropertyValueSpecification\",\"valueRequired\":true,\"valueName\":\"search_term_string\"}}],\"inLanguage\":\"en-US\"}]}<\/script>\n<!-- \/ Yoast SEO plugin. -->","yoast_head_json":{"title":"[:de]Literatur: Pflegekind - Leben mit zwei Familien[:en]Literatur: Pflegekind[:] - efk","robots":{"index":"index","follow":"follow","max-snippet":"max-snippet:-1","max-image-preview":"max-image-preview:large","max-video-preview":"max-video-preview:-1"},"canonical":"https:\/\/www.efk.at\/literatur-pflegekind\/","og_locale":"en_US","og_type":"article","og_title":"[:de]Literatur: Pflegekind - Leben mit zwei Familien[:en]Literatur: Pflegekind[:] - efk","og_description":"Pflegekind &#8211; Leben mit zwei Familien Von Mimi zu Mama und wieder zur\u00fcck von Viola Rohner und Paula Gerritsen Jan hat Geburtstag. Und weil er eine Mutter und eine Pflegemutter hat, feiert er zwei Mal; zuerst bei Mimi, dann bei Mama. Bei Mama kann er endlich wieder mit Hund Bruno herumtollen. Am liebsten h\u00e4tte Jan &hellip; Continue reading Literatur: Pflegekind","og_url":"https:\/\/www.efk.at\/literatur-pflegekind\/","og_site_name":"efk","article_modified_time":"2025-09-22T11:51:51+00:00","og_image":[{"url":"https:\/\/faltercdn.s3.eu-central-1.amazonaws.com\/img\/978375\/195\/9783751952422_L.jpg","type":"","width":"","height":""}],"twitter_card":"summary_large_image","twitter_misc":{"Est. reading time":"21 minutes"},"schema":{"@context":"https:\/\/schema.org","@graph":[{"@type":"WebPage","@id":"https:\/\/www.efk.at\/literatur-pflegekind\/","url":"https:\/\/www.efk.at\/literatur-pflegekind\/","name":"[:de]Literatur: Pflegekind - Leben mit zwei Familien[:en]Literatur: Pflegekind[:] - efk","isPartOf":{"@id":"https:\/\/www.efk.at\/de\/#website"},"primaryImageOfPage":{"@id":"https:\/\/www.efk.at\/literatur-pflegekind\/#primaryimage"},"image":{"@id":"https:\/\/www.efk.at\/literatur-pflegekind\/#primaryimage"},"thumbnailUrl":"https:\/\/faltercdn.s3.eu-central-1.amazonaws.com\/img\/978375\/195\/9783751952422_L.jpg","datePublished":"2017-10-04T20:35:36+00:00","dateModified":"2025-09-22T11:51:51+00:00","breadcrumb":{"@id":"https:\/\/www.efk.at\/literatur-pflegekind\/#breadcrumb"},"inLanguage":"en-US","potentialAction":[{"@type":"ReadAction","target":["https:\/\/www.efk.at\/literatur-pflegekind\/"]}]},{"@type":"ImageObject","inLanguage":"en-US","@id":"https:\/\/www.efk.at\/literatur-pflegekind\/#primaryimage","url":"https:\/\/faltercdn.s3.eu-central-1.amazonaws.com\/img\/978375\/195\/9783751952422_L.jpg","contentUrl":"https:\/\/faltercdn.s3.eu-central-1.amazonaws.com\/img\/978375\/195\/9783751952422_L.jpg"},{"@type":"BreadcrumbList","@id":"https:\/\/www.efk.at\/literatur-pflegekind\/#breadcrumb","itemListElement":[{"@type":"ListItem","position":1,"name":"Startseite","item":"https:\/\/www.efk.at\/de\/"},{"@type":"ListItem","position":2,"name":"Literatur: Pflegekind &#8211; Leben mit zwei Familien"}]},{"@type":"WebSite","@id":"https:\/\/www.efk.at\/de\/#website","url":"https:\/\/www.efk.at\/de\/","name":"efk","description":"Eltern f\u00fcr Kinder \u00d6sterreich","potentialAction":[{"@type":"SearchAction","target":{"@type":"EntryPoint","urlTemplate":"https:\/\/www.efk.at\/de\/?s={search_term_string}"},"query-input":{"@type":"PropertyValueSpecification","valueRequired":true,"valueName":"search_term_string"}}],"inLanguage":"en-US"}]}},"_links":{"self":[{"href":"https:\/\/www.efk.at\/en\/wp-json\/wp\/v2\/pages\/716","targetHints":{"allow":["GET"]}}],"collection":[{"href":"https:\/\/www.efk.at\/en\/wp-json\/wp\/v2\/pages"}],"about":[{"href":"https:\/\/www.efk.at\/en\/wp-json\/wp\/v2\/types\/page"}],"author":[{"embeddable":true,"href":"https:\/\/www.efk.at\/en\/wp-json\/wp\/v2\/users\/1"}],"replies":[{"embeddable":true,"href":"https:\/\/www.efk.at\/en\/wp-json\/wp\/v2\/comments?post=716"}],"version-history":[{"count":28,"href":"https:\/\/www.efk.at\/en\/wp-json\/wp\/v2\/pages\/716\/revisions"}],"predecessor-version":[{"id":5934,"href":"https:\/\/www.efk.at\/en\/wp-json\/wp\/v2\/pages\/716\/revisions\/5934"}],"wp:attachment":[{"href":"https:\/\/www.efk.at\/en\/wp-json\/wp\/v2\/media?parent=716"}],"curies":[{"name":"wp","href":"https:\/\/api.w.org\/{rel}","templated":true}]}}