{"id":197,"date":"2017-08-04T11:57:03","date_gmt":"2017-08-04T09:57:03","guid":{"rendered":"http:\/\/www.efk.at\/?page_id=197"},"modified":"2018-03-10T23:47:11","modified_gmt":"2018-03-10T22:47:11","slug":"rumaenien","status":"publish","type":"page","link":"https:\/\/www.efk.at\/en\/rumaenien\/","title":{"rendered":"Rum\u00e4nien"},"content":{"rendered":"<p><\/p>\n<h1>Sozialprojekte &#8211; Rum\u00e4nien<\/h1>\n<p>Seit der politischen Wende 1990 haben mit Unterst\u00fctzung von\u00a0&#8220;Eltern\u00a0f\u00fcr\u00a0Kinder \u00d6sterreich&#8221;\u00a0ca. 160 Kleinkinder bei \u00f6sterreichischen Familien durch eine Adoption ein Zuhause und eine gesicherte Zukunft bekommen.<br \/>\nEs konnte aber nicht unser Ziel sein, einigen wenigen Kindern zu helfen; als wir die unvorstellbare Notlage vor Ort kennengelernt haben war uns wichtiger, dass den vielen elternlosen Kindern in den Heimen geholfen wird.<\/p>\n<p><strong>Unser Verein stellt seine Infrastruktur, sein Know-How und seine personellen Ressourcen<\/strong>\u00a0(Angestellte und Vorstandsmitglieder) unentgeltlich zur Verf\u00fcgung, ebenso wie unsere vielen ehrenamtlichen MitarbeiterInnen.<\/p>\n<ul>\n<li>Unterst\u00fctzung der Kinderheime in Slobozia durch Hilfstransporte, Renovierung und Ausstattung der R\u00e4ume<\/li>\n<li>Medizinische Versorgung<\/li>\n<li>Schulung der Kinderbetreuerinnen durch Seminare vor Ort<\/li>\n<li>Betreutes Wohnen f\u00fcr jugendliche Heimabg\u00e4nger, die akut von Obdachlosigkeit bedroht sind<\/li>\n<li>Unterst\u00fctzung f\u00fcr das sozialp\u00e4dagogische Farmprojekt Agro-Net, das eine Ausbildung f\u00fcr jugendliche Heimabg\u00e4nger im Bereich Landwirtschaft bietet<\/li>\n<li>Familienunterst\u00fctzung &#8211; f\u00fcr besonders arme Familien der Heimkinder<\/li>\n<li>Qualifizierungskurse f\u00fcr die Heimkinder (Fahrschule, Computerlehrg\u00e4nge)<\/li>\n<li>Weiterbildungsm\u00f6glichkeiten f\u00fcr besonders begabte Kinder<\/li>\n<\/ul>\n<p><\/p>","protected":false},"excerpt":{"rendered":"<p>Sozialprojekte &#8211; Rum\u00e4nien Seit der politischen Wende 1990 haben mit Unterst\u00fctzung von\u00a0&#8220;Eltern\u00a0f\u00fcr\u00a0Kinder \u00d6sterreich&#8221;\u00a0ca. 160 Kleinkinder bei \u00f6sterreichischen Familien durch eine Adoption ein Zuhause und eine gesicherte Zukunft bekommen. Es konnte aber nicht unser Ziel sein, einigen wenigen Kindern zu helfen; als wir die unvorstellbare Notlage vor Ort kennengelernt haben war uns wichtiger, dass den vielen &hellip; <a href=\"https:\/\/www.efk.at\/en\/rumaenien\/\" class=\"more-link\">Continue reading <span class=\"screen-reader-text\">Rum\u00e4nien<\/span><\/a><\/p>\n","protected":false},"author":1,"featured_media":0,"parent":0,"menu_order":0,"comment_status":"closed","ping_status":"closed","template":"","meta":{"xn-wppe-expiration":[],"xn-wppe-expiration-action":[],"xn-wppe-expiration-prefix":[],"footnotes":""},"class_list":["post-197","page","type-page","status-publish","hentry"],"yoast_head":"<!-- This site is optimized with the Yoast SEO plugin v26.1.1 - https:\/\/yoast.com\/wordpress\/plugins\/seo\/ -->\n<title>Rum\u00e4nien - efk<\/title>\n<meta name=\"robots\" content=\"index, follow, max-snippet:-1, max-image-preview:large, max-video-preview:-1\" \/>\n<link rel=\"canonical\" href=\"https:\/\/www.efk.at\/de\/rumaenien\/\" \/>\n<meta property=\"og:locale\" content=\"en_US\" \/>\n<meta property=\"og:type\" content=\"article\" \/>\n<meta property=\"og:title\" content=\"Rum\u00e4nien - efk\" \/>\n<meta property=\"og:description\" content=\"Sozialprojekte &#8211; Rum\u00e4nien Seit der politischen Wende 1990 haben mit Unterst\u00fctzung von\u00a0&#8220;Eltern\u00a0f\u00fcr\u00a0Kinder \u00d6sterreich&#8221;\u00a0ca. 160 Kleinkinder bei \u00f6sterreichischen Familien durch eine Adoption ein Zuhause und eine gesicherte Zukunft bekommen. Es konnte aber nicht unser Ziel sein, einigen wenigen Kindern zu helfen; als wir die unvorstellbare Notlage vor Ort kennengelernt haben war uns wichtiger, dass den vielen &hellip; Continue reading Rum\u00e4nien\" \/>\n<meta property=\"og:url\" content=\"https:\/\/www.efk.at\/de\/rumaenien\/\" \/>\n<meta property=\"og:site_name\" content=\"efk\" \/>\n<meta property=\"article:modified_time\" content=\"2018-03-10T22:47:11+00:00\" \/>\n<meta name=\"twitter:card\" content=\"summary_large_image\" \/>\n<meta name=\"twitter:label1\" content=\"Est. reading time\" \/>\n\t<meta name=\"twitter:data1\" content=\"2 minutes\" \/>\n<script type=\"application\/ld+json\" class=\"yoast-schema-graph\">{\"@context\":\"https:\/\/schema.org\",\"@graph\":[{\"@type\":\"WebPage\",\"@id\":\"https:\/\/www.efk.at\/de\/rumaenien\/\",\"url\":\"https:\/\/www.efk.at\/de\/rumaenien\/\",\"name\":\"Rum\u00e4nien - efk\",\"isPartOf\":{\"@id\":\"https:\/\/www.efk.at\/de\/#website\"},\"datePublished\":\"2017-08-04T09:57:03+00:00\",\"dateModified\":\"2018-03-10T22:47:11+00:00\",\"breadcrumb\":{\"@id\":\"https:\/\/www.efk.at\/de\/rumaenien\/#breadcrumb\"},\"inLanguage\":\"en-US\",\"potentialAction\":[{\"@type\":\"ReadAction\",\"target\":[\"https:\/\/www.efk.at\/de\/rumaenien\/\"]}]},{\"@type\":\"BreadcrumbList\",\"@id\":\"https:\/\/www.efk.at\/de\/rumaenien\/#breadcrumb\",\"itemListElement\":[{\"@type\":\"ListItem\",\"position\":1,\"name\":\"Startseite\",\"item\":\"https:\/\/www.efk.at\/de\/\"},{\"@type\":\"ListItem\",\"position\":2,\"name\":\"Rum\u00e4nien\"}]},{\"@type\":\"WebSite\",\"@id\":\"https:\/\/www.efk.at\/de\/#website\",\"url\":\"https:\/\/www.efk.at\/de\/\",\"name\":\"efk\",\"description\":\"Eltern f\u00fcr Kinder \u00d6sterreich\",\"potentialAction\":[{\"@type\":\"SearchAction\",\"target\":{\"@type\":\"EntryPoint\",\"urlTemplate\":\"https:\/\/www.efk.at\/de\/?s={search_term_string}\"},\"query-input\":{\"@type\":\"PropertyValueSpecification\",\"valueRequired\":true,\"valueName\":\"search_term_string\"}}],\"inLanguage\":\"en-US\"}]}<\/script>\n<!-- \/ Yoast SEO plugin. -->","yoast_head_json":{"title":"Rum\u00e4nien - efk","robots":{"index":"index","follow":"follow","max-snippet":"max-snippet:-1","max-image-preview":"max-image-preview:large","max-video-preview":"max-video-preview:-1"},"canonical":"https:\/\/www.efk.at\/de\/rumaenien\/","og_locale":"en_US","og_type":"article","og_title":"Rum\u00e4nien - efk","og_description":"Sozialprojekte &#8211; Rum\u00e4nien Seit der politischen Wende 1990 haben mit Unterst\u00fctzung von\u00a0&#8220;Eltern\u00a0f\u00fcr\u00a0Kinder \u00d6sterreich&#8221;\u00a0ca. 160 Kleinkinder bei \u00f6sterreichischen Familien durch eine Adoption ein Zuhause und eine gesicherte Zukunft bekommen. Es konnte aber nicht unser Ziel sein, einigen wenigen Kindern zu helfen; als wir die unvorstellbare Notlage vor Ort kennengelernt haben war uns wichtiger, dass den vielen &hellip; Continue reading Rum\u00e4nien","og_url":"https:\/\/www.efk.at\/de\/rumaenien\/","og_site_name":"efk","article_modified_time":"2018-03-10T22:47:11+00:00","twitter_card":"summary_large_image","twitter_misc":{"Est. reading time":"2 minutes"},"schema":{"@context":"https:\/\/schema.org","@graph":[{"@type":"WebPage","@id":"https:\/\/www.efk.at\/de\/rumaenien\/","url":"https:\/\/www.efk.at\/de\/rumaenien\/","name":"Rum\u00e4nien - efk","isPartOf":{"@id":"https:\/\/www.efk.at\/de\/#website"},"datePublished":"2017-08-04T09:57:03+00:00","dateModified":"2018-03-10T22:47:11+00:00","breadcrumb":{"@id":"https:\/\/www.efk.at\/de\/rumaenien\/#breadcrumb"},"inLanguage":"en-US","potentialAction":[{"@type":"ReadAction","target":["https:\/\/www.efk.at\/de\/rumaenien\/"]}]},{"@type":"BreadcrumbList","@id":"https:\/\/www.efk.at\/de\/rumaenien\/#breadcrumb","itemListElement":[{"@type":"ListItem","position":1,"name":"Startseite","item":"https:\/\/www.efk.at\/de\/"},{"@type":"ListItem","position":2,"name":"Rum\u00e4nien"}]},{"@type":"WebSite","@id":"https:\/\/www.efk.at\/de\/#website","url":"https:\/\/www.efk.at\/de\/","name":"efk","description":"Eltern f\u00fcr Kinder \u00d6sterreich","potentialAction":[{"@type":"SearchAction","target":{"@type":"EntryPoint","urlTemplate":"https:\/\/www.efk.at\/de\/?s={search_term_string}"},"query-input":{"@type":"PropertyValueSpecification","valueRequired":true,"valueName":"search_term_string"}}],"inLanguage":"en-US"}]}},"_links":{"self":[{"href":"https:\/\/www.efk.at\/en\/wp-json\/wp\/v2\/pages\/197","targetHints":{"allow":["GET"]}}],"collection":[{"href":"https:\/\/www.efk.at\/en\/wp-json\/wp\/v2\/pages"}],"about":[{"href":"https:\/\/www.efk.at\/en\/wp-json\/wp\/v2\/types\/page"}],"author":[{"embeddable":true,"href":"https:\/\/www.efk.at\/en\/wp-json\/wp\/v2\/users\/1"}],"replies":[{"embeddable":true,"href":"https:\/\/www.efk.at\/en\/wp-json\/wp\/v2\/comments?post=197"}],"version-history":[{"count":13,"href":"https:\/\/www.efk.at\/en\/wp-json\/wp\/v2\/pages\/197\/revisions"}],"predecessor-version":[{"id":1683,"href":"https:\/\/www.efk.at\/en\/wp-json\/wp\/v2\/pages\/197\/revisions\/1683"}],"wp:attachment":[{"href":"https:\/\/www.efk.at\/en\/wp-json\/wp\/v2\/media?parent=197"}],"curies":[{"name":"wp","href":"https:\/\/api.w.org\/{rel}","templated":true}]}}