{"id":194,"date":"2017-08-04T11:57:03","date_gmt":"2017-08-04T09:57:03","guid":{"rendered":"http:\/\/www.efk.at\/?page_id=194"},"modified":"2021-04-08T13:34:54","modified_gmt":"2021-04-08T11:34:54","slug":"reittherapie-fuer-pflegekinder","status":"publish","type":"page","link":"https:\/\/www.efk.at\/en\/reittherapie-fuer-pflegekinder\/","title":{"rendered":"Reittherapie f\u00fcr Pflegekinder"},"content":{"rendered":"<p><\/p>\n<h1 class=\"p1\"><span class=\"s1\">Reittherapie f\u00fcr Pflegekinder<\/span><\/h1>\n<p class=\"p2\"><span class=\"s1\">Mit der Aktion\u00a0<b>&#8220;Reittherapie f\u00fcr Pflegekinder&#8221;\u00a0<\/b>m\u00f6chten wir M\u00e4dchen und Buben, die in Pflegefamilien aufwachsen, eine wirksame Therapieform anbieten.<\/span><\/p>\n<p class=\"p2\"><span class=\"s1\">Mit einem speziell ausgebildeten Pferd und einer erfahrenen Therapeutin bearbeiten Pflegekinder ihre schwierige Vergangenheit, gewinnen wieder Vertrauen und Selbstbewusstsein.<\/span><\/p>\n<h3 class=\"p2\"><span class=\"s1\"><strong>Warum ist Reittherapie f\u00fcr Pflegekinder so wichtig?<\/strong><\/span><\/h3>\n<p>Eine konstant wachsende Eltern-Kind-Beziehung ist gerade f\u00fcr jene Kinder wichtig, die &#8211; aus unterschiedlichsten Gr\u00fcnden &#8211; nicht bei ihren biologischen Eltern aufwachsen k\u00f6nnen und von Pflegeeltern betreut werden.<\/p>\n<p>Denn f\u00fcr diese Kinder ist es ein massiver Bruch und ein traumatisches Erlebnis, von ihrer Ursprungsfamilie weggehen zu m\u00fcssen. Diese Kinder sprechen auf Reittherapie sehr gut an und sie hilft ihnen bei der Bew\u00e4ltigung ihrer meist traurigen Vergangenheit.<\/p>\n<p>Beim<b>\u00a0therapeutischen Reiten<\/b>\u00a0er\u00f6ffnet sich ein Zusammenspiel von Kommunikation und Bewegung zwischen dem Pferd und dem Kind. Das Pferd hilft Kindern bei den unterschiedlichsten Problemen, diese durch emotionale Kontaktaufnahme und gezielte \u00dcbungen positiv zu beeinflussen.<\/p>\n<p>Diese Interaktion wirkt hoch motivierend und Pflegekinder arbeiten gemeinsam mit Therapeuten ihre schwierige Vergangenheit auf und gewinnen wieder Vertrauen zu ihrem Umfeld. Denn ein Therapiepferd akzeptiert jeden so, wie er ist, egal welche Probleme oder Beeintr\u00e4chtigungen er hat.<br \/>\n<b><br \/>\n<a href=\"http:\/\/www.efk.at\/wp-content\/uploads\/2017\/09\/charity_2008.pdf\">Den Folder\u00a0zum download als pdf<\/a><br \/>\n<\/b><\/p>\n<p class=\"p4\" style=\"text-align: center;\"><span class=\"s1\">Bitte helfen Sie mit Ihrer Spende!<\/span><\/p>\n<blockquote>\n<p class=\"p4\" style=\"text-align: center;\"><span class=\"s1\"><b>&#8220;Eltern f\u00fcr Kinder \u00d6sterreich&#8221;<br \/>\nIBAN: AT88 4300 0401 7788 9900<br \/>\nVolksbank Wien-Baden AG , BIC\u00a0:\u00a0VBOEATWW<br \/>\nKennwort: Reittherapie<\/b><\/span><span class=\"s1\">\u00a0<\/span><\/p>\n<\/blockquote>\n<p class=\"p2\"><span class=\"s1\">Die Volksbank Wien AG unterst\u00fctzt die Aktion &#8220;Reittherapie f\u00fcr Pflegekinder&#8221;<\/span><\/p>\n<p class=\"p2\"><span class=\"s1\">Die\u00a0<b>Volksbank Wien<\/b>\u00a0stellt in Kooperation mit dem\u00a0<b>Verein &#8220;Eltern f\u00fcr Kinder&#8221;<\/b>\u00a0ein Jahr lang 20 Kindern, die bei Pflegeeltern aufwachsen, Reittherapiestunden mit dem\u00a0<b><i>Shetlandpony Alaska<\/i><\/b>\u00a0zur Verf\u00fcgung. Alaska ist am Reiterhof im Gel\u00e4nde des Otto-Wagner-Spitals eingestellt und den Sommer verbringt sie am Steinbachhof in Nieder\u00f6sterreich.<\/span><\/p>\n<p><b>Weitere Informationen :<\/b><\/p>\n<p class=\"p5\"><span class=\"s2\"><a href=\"http:\/\/www.pferd-emotion.at\/\">zur \u00a0Equotherapie<\/a><\/span><\/p>\n<p class=\"p5\"><span class=\"s2\"><a href=\"http:\/\/www.volksbankwien.at\/\">zur Volksbank Wien AG<\/a><\/span><\/p>\n<p><\/p>","protected":false},"excerpt":{"rendered":"<p>Reittherapie f\u00fcr Pflegekinder Mit der Aktion\u00a0&#8220;Reittherapie f\u00fcr Pflegekinder&#8221;\u00a0m\u00f6chten wir M\u00e4dchen und Buben, die in Pflegefamilien aufwachsen, eine wirksame Therapieform anbieten. Mit einem speziell ausgebildeten Pferd und einer erfahrenen Therapeutin bearbeiten Pflegekinder ihre schwierige Vergangenheit, gewinnen wieder Vertrauen und Selbstbewusstsein. Warum ist Reittherapie f\u00fcr Pflegekinder so wichtig? Eine konstant wachsende Eltern-Kind-Beziehung ist gerade f\u00fcr jene Kinder &hellip; <a href=\"https:\/\/www.efk.at\/en\/reittherapie-fuer-pflegekinder\/\" class=\"more-link\">Continue reading <span class=\"screen-reader-text\">Reittherapie f\u00fcr Pflegekinder<\/span><\/a><\/p>\n","protected":false},"author":1,"featured_media":0,"parent":0,"menu_order":0,"comment_status":"closed","ping_status":"closed","template":"","meta":{"xn-wppe-expiration":[],"xn-wppe-expiration-action":[],"xn-wppe-expiration-prefix":[],"footnotes":""},"class_list":["post-194","page","type-page","status-publish","hentry"],"yoast_head":"<!-- This site is optimized with the Yoast SEO plugin v26.1.1 - https:\/\/yoast.com\/wordpress\/plugins\/seo\/ -->\n<title>Reittherapie f\u00fcr Pflegekinder - efk<\/title>\n<meta name=\"robots\" content=\"index, follow, max-snippet:-1, max-image-preview:large, max-video-preview:-1\" \/>\n<link rel=\"canonical\" href=\"https:\/\/www.efk.at\/de\/reittherapie-fuer-pflegekinder\/\" \/>\n<meta property=\"og:locale\" content=\"en_US\" \/>\n<meta property=\"og:type\" content=\"article\" \/>\n<meta property=\"og:title\" content=\"Reittherapie f\u00fcr Pflegekinder - efk\" \/>\n<meta property=\"og:description\" content=\"Reittherapie f\u00fcr Pflegekinder Mit der Aktion\u00a0&#8220;Reittherapie f\u00fcr Pflegekinder&#8221;\u00a0m\u00f6chten wir M\u00e4dchen und Buben, die in Pflegefamilien aufwachsen, eine wirksame Therapieform anbieten. Mit einem speziell ausgebildeten Pferd und einer erfahrenen Therapeutin bearbeiten Pflegekinder ihre schwierige Vergangenheit, gewinnen wieder Vertrauen und Selbstbewusstsein. Warum ist Reittherapie f\u00fcr Pflegekinder so wichtig? Eine konstant wachsende Eltern-Kind-Beziehung ist gerade f\u00fcr jene Kinder &hellip; Continue reading Reittherapie f\u00fcr Pflegekinder\" \/>\n<meta property=\"og:url\" content=\"https:\/\/www.efk.at\/de\/reittherapie-fuer-pflegekinder\/\" \/>\n<meta property=\"og:site_name\" content=\"efk\" \/>\n<meta property=\"article:modified_time\" content=\"2021-04-08T11:34:54+00:00\" \/>\n<meta property=\"og:image\" content=\"http:\/\/www.efk.at\/wp-content\/uploads\/2018\/02\/Reittherapie-300x198.png\" \/>\n<meta name=\"twitter:card\" content=\"summary_large_image\" \/>\n<meta name=\"twitter:label1\" content=\"Est. reading time\" \/>\n\t<meta name=\"twitter:data1\" content=\"2 minutes\" \/>\n<script type=\"application\/ld+json\" class=\"yoast-schema-graph\">{\"@context\":\"https:\/\/schema.org\",\"@graph\":[{\"@type\":\"WebPage\",\"@id\":\"https:\/\/www.efk.at\/de\/reittherapie-fuer-pflegekinder\/\",\"url\":\"https:\/\/www.efk.at\/de\/reittherapie-fuer-pflegekinder\/\",\"name\":\"Reittherapie f\u00fcr Pflegekinder - efk\",\"isPartOf\":{\"@id\":\"https:\/\/www.efk.at\/de\/#website\"},\"primaryImageOfPage\":{\"@id\":\"https:\/\/www.efk.at\/de\/reittherapie-fuer-pflegekinder\/#primaryimage\"},\"image\":{\"@id\":\"https:\/\/www.efk.at\/de\/reittherapie-fuer-pflegekinder\/#primaryimage\"},\"thumbnailUrl\":\"http:\/\/www.efk.at\/wp-content\/uploads\/2018\/02\/Reittherapie-300x198.png\",\"datePublished\":\"2017-08-04T09:57:03+00:00\",\"dateModified\":\"2021-04-08T11:34:54+00:00\",\"breadcrumb\":{\"@id\":\"https:\/\/www.efk.at\/de\/reittherapie-fuer-pflegekinder\/#breadcrumb\"},\"inLanguage\":\"en-US\",\"potentialAction\":[{\"@type\":\"ReadAction\",\"target\":[\"https:\/\/www.efk.at\/de\/reittherapie-fuer-pflegekinder\/\"]}]},{\"@type\":\"ImageObject\",\"inLanguage\":\"en-US\",\"@id\":\"https:\/\/www.efk.at\/de\/reittherapie-fuer-pflegekinder\/#primaryimage\",\"url\":\"http:\/\/www.efk.at\/wp-content\/uploads\/2018\/02\/Reittherapie-300x198.png\",\"contentUrl\":\"http:\/\/www.efk.at\/wp-content\/uploads\/2018\/02\/Reittherapie-300x198.png\"},{\"@type\":\"BreadcrumbList\",\"@id\":\"https:\/\/www.efk.at\/de\/reittherapie-fuer-pflegekinder\/#breadcrumb\",\"itemListElement\":[{\"@type\":\"ListItem\",\"position\":1,\"name\":\"Startseite\",\"item\":\"https:\/\/www.efk.at\/de\/\"},{\"@type\":\"ListItem\",\"position\":2,\"name\":\"Reittherapie f\u00fcr Pflegekinder\"}]},{\"@type\":\"WebSite\",\"@id\":\"https:\/\/www.efk.at\/de\/#website\",\"url\":\"https:\/\/www.efk.at\/de\/\",\"name\":\"efk\",\"description\":\"Eltern f\u00fcr Kinder \u00d6sterreich\",\"potentialAction\":[{\"@type\":\"SearchAction\",\"target\":{\"@type\":\"EntryPoint\",\"urlTemplate\":\"https:\/\/www.efk.at\/de\/?s={search_term_string}\"},\"query-input\":{\"@type\":\"PropertyValueSpecification\",\"valueRequired\":true,\"valueName\":\"search_term_string\"}}],\"inLanguage\":\"en-US\"}]}<\/script>\n<!-- \/ Yoast SEO plugin. -->","yoast_head_json":{"title":"Reittherapie f\u00fcr Pflegekinder - efk","robots":{"index":"index","follow":"follow","max-snippet":"max-snippet:-1","max-image-preview":"max-image-preview:large","max-video-preview":"max-video-preview:-1"},"canonical":"https:\/\/www.efk.at\/de\/reittherapie-fuer-pflegekinder\/","og_locale":"en_US","og_type":"article","og_title":"Reittherapie f\u00fcr Pflegekinder - efk","og_description":"Reittherapie f\u00fcr Pflegekinder Mit der Aktion\u00a0&#8220;Reittherapie f\u00fcr Pflegekinder&#8221;\u00a0m\u00f6chten wir M\u00e4dchen und Buben, die in Pflegefamilien aufwachsen, eine wirksame Therapieform anbieten. Mit einem speziell ausgebildeten Pferd und einer erfahrenen Therapeutin bearbeiten Pflegekinder ihre schwierige Vergangenheit, gewinnen wieder Vertrauen und Selbstbewusstsein. Warum ist Reittherapie f\u00fcr Pflegekinder so wichtig? Eine konstant wachsende Eltern-Kind-Beziehung ist gerade f\u00fcr jene Kinder &hellip; Continue reading Reittherapie f\u00fcr Pflegekinder","og_url":"https:\/\/www.efk.at\/de\/reittherapie-fuer-pflegekinder\/","og_site_name":"efk","article_modified_time":"2021-04-08T11:34:54+00:00","og_image":[{"url":"http:\/\/www.efk.at\/wp-content\/uploads\/2018\/02\/Reittherapie-300x198.png","type":"","width":"","height":""}],"twitter_card":"summary_large_image","twitter_misc":{"Est. reading time":"2 minutes"},"schema":{"@context":"https:\/\/schema.org","@graph":[{"@type":"WebPage","@id":"https:\/\/www.efk.at\/de\/reittherapie-fuer-pflegekinder\/","url":"https:\/\/www.efk.at\/de\/reittherapie-fuer-pflegekinder\/","name":"Reittherapie f\u00fcr Pflegekinder - efk","isPartOf":{"@id":"https:\/\/www.efk.at\/de\/#website"},"primaryImageOfPage":{"@id":"https:\/\/www.efk.at\/de\/reittherapie-fuer-pflegekinder\/#primaryimage"},"image":{"@id":"https:\/\/www.efk.at\/de\/reittherapie-fuer-pflegekinder\/#primaryimage"},"thumbnailUrl":"http:\/\/www.efk.at\/wp-content\/uploads\/2018\/02\/Reittherapie-300x198.png","datePublished":"2017-08-04T09:57:03+00:00","dateModified":"2021-04-08T11:34:54+00:00","breadcrumb":{"@id":"https:\/\/www.efk.at\/de\/reittherapie-fuer-pflegekinder\/#breadcrumb"},"inLanguage":"en-US","potentialAction":[{"@type":"ReadAction","target":["https:\/\/www.efk.at\/de\/reittherapie-fuer-pflegekinder\/"]}]},{"@type":"ImageObject","inLanguage":"en-US","@id":"https:\/\/www.efk.at\/de\/reittherapie-fuer-pflegekinder\/#primaryimage","url":"http:\/\/www.efk.at\/wp-content\/uploads\/2018\/02\/Reittherapie-300x198.png","contentUrl":"http:\/\/www.efk.at\/wp-content\/uploads\/2018\/02\/Reittherapie-300x198.png"},{"@type":"BreadcrumbList","@id":"https:\/\/www.efk.at\/de\/reittherapie-fuer-pflegekinder\/#breadcrumb","itemListElement":[{"@type":"ListItem","position":1,"name":"Startseite","item":"https:\/\/www.efk.at\/de\/"},{"@type":"ListItem","position":2,"name":"Reittherapie f\u00fcr Pflegekinder"}]},{"@type":"WebSite","@id":"https:\/\/www.efk.at\/de\/#website","url":"https:\/\/www.efk.at\/de\/","name":"efk","description":"Eltern f\u00fcr Kinder \u00d6sterreich","potentialAction":[{"@type":"SearchAction","target":{"@type":"EntryPoint","urlTemplate":"https:\/\/www.efk.at\/de\/?s={search_term_string}"},"query-input":{"@type":"PropertyValueSpecification","valueRequired":true,"valueName":"search_term_string"}}],"inLanguage":"en-US"}]}},"_links":{"self":[{"href":"https:\/\/www.efk.at\/en\/wp-json\/wp\/v2\/pages\/194","targetHints":{"allow":["GET"]}}],"collection":[{"href":"https:\/\/www.efk.at\/en\/wp-json\/wp\/v2\/pages"}],"about":[{"href":"https:\/\/www.efk.at\/en\/wp-json\/wp\/v2\/types\/page"}],"author":[{"embeddable":true,"href":"https:\/\/www.efk.at\/en\/wp-json\/wp\/v2\/users\/1"}],"replies":[{"embeddable":true,"href":"https:\/\/www.efk.at\/en\/wp-json\/wp\/v2\/comments?post=194"}],"version-history":[{"count":14,"href":"https:\/\/www.efk.at\/en\/wp-json\/wp\/v2\/pages\/194\/revisions"}],"predecessor-version":[{"id":3805,"href":"https:\/\/www.efk.at\/en\/wp-json\/wp\/v2\/pages\/194\/revisions\/3805"}],"wp:attachment":[{"href":"https:\/\/www.efk.at\/en\/wp-json\/wp\/v2\/media?parent=194"}],"curies":[{"name":"wp","href":"https:\/\/api.w.org\/{rel}","templated":true}]}}