{"id":151,"date":"2017-08-04T11:48:36","date_gmt":"2017-08-04T09:48:36","guid":{"rendered":"http:\/\/www.efk.at\/?page_id=151"},"modified":"2017-09-26T18:05:32","modified_gmt":"2017-09-26T16:05:32","slug":"aktivitaeten","status":"publish","type":"page","link":"https:\/\/www.efk.at\/en\/aktivitaeten\/","title":{"rendered":"Aktivit\u00e4ten"},"content":{"rendered":"<h1>Aktivit\u00e4ten<\/h1>\n<h3>Ado-Baby-Treff &#8211; f\u00fcr Kinder von 0 &#8211; 1 Jahren<\/h3>\n<p>&nbsp;<\/p>\n<h3>Ado-Mini-Treff &#8211; f\u00fcr Kinder von 1 &#8211; 3 Jahren<\/h3>\n<p>&nbsp;<\/p>\n<h3>Ado-Midi-Treff &#8211; f\u00fcr Kinder von 3 &#8211; 6 Jahren<\/h3>\n<p>&nbsp;<\/p>\n","protected":false},"excerpt":{"rendered":"<p>Aktivit\u00e4ten Ado-Baby-Treff &#8211; f\u00fcr Kinder von 0 &#8211; 1 Jahren &nbsp; Ado-Mini-Treff &#8211; f\u00fcr Kinder von 1 &#8211; 3 Jahren &nbsp; Ado-Midi-Treff &#8211; f\u00fcr Kinder von 3 &#8211; 6 Jahren &nbsp;<\/p>\n","protected":false},"author":1,"featured_media":0,"parent":0,"menu_order":0,"comment_status":"closed","ping_status":"closed","template":"","meta":{"xn-wppe-expiration":[],"xn-wppe-expiration-action":[],"xn-wppe-expiration-prefix":[],"footnotes":""},"class_list":["post-151","page","type-page","status-publish","hentry"],"yoast_head":"<!-- This site is optimized with the Yoast SEO plugin v26.1.1 - https:\/\/yoast.com\/wordpress\/plugins\/seo\/ -->\n<title>Aktivit\u00e4ten - efk<\/title>\n<meta name=\"robots\" content=\"index, follow, max-snippet:-1, max-image-preview:large, max-video-preview:-1\" \/>\n<link rel=\"canonical\" href=\"https:\/\/www.efk.at\/de\/aktivitaeten\/\" \/>\n<meta property=\"og:locale\" content=\"en_US\" \/>\n<meta property=\"og:type\" content=\"article\" \/>\n<meta property=\"og:title\" content=\"Aktivit\u00e4ten - efk\" \/>\n<meta property=\"og:description\" content=\"Aktivit\u00e4ten Ado-Baby-Treff &#8211; f\u00fcr Kinder von 0 &#8211; 1 Jahren &nbsp; Ado-Mini-Treff &#8211; f\u00fcr Kinder von 1 &#8211; 3 Jahren &nbsp; Ado-Midi-Treff &#8211; f\u00fcr Kinder von 3 &#8211; 6 Jahren &nbsp;\" \/>\n<meta property=\"og:url\" content=\"https:\/\/www.efk.at\/de\/aktivitaeten\/\" \/>\n<meta property=\"og:site_name\" content=\"efk\" \/>\n<meta property=\"article:modified_time\" content=\"2017-09-26T16:05:32+00:00\" \/>\n<meta name=\"twitter:card\" content=\"summary_large_image\" \/>\n<script type=\"application\/ld+json\" class=\"yoast-schema-graph\">{\"@context\":\"https:\/\/schema.org\",\"@graph\":[{\"@type\":\"WebPage\",\"@id\":\"https:\/\/www.efk.at\/de\/aktivitaeten\/\",\"url\":\"https:\/\/www.efk.at\/de\/aktivitaeten\/\",\"name\":\"Aktivit\u00e4ten - efk\",\"isPartOf\":{\"@id\":\"https:\/\/www.efk.at\/de\/#website\"},\"datePublished\":\"2017-08-04T09:48:36+00:00\",\"dateModified\":\"2017-09-26T16:05:32+00:00\",\"breadcrumb\":{\"@id\":\"https:\/\/www.efk.at\/de\/aktivitaeten\/#breadcrumb\"},\"inLanguage\":\"en-US\",\"potentialAction\":[{\"@type\":\"ReadAction\",\"target\":[\"https:\/\/www.efk.at\/de\/aktivitaeten\/\"]}]},{\"@type\":\"BreadcrumbList\",\"@id\":\"https:\/\/www.efk.at\/de\/aktivitaeten\/#breadcrumb\",\"itemListElement\":[{\"@type\":\"ListItem\",\"position\":1,\"name\":\"Startseite\",\"item\":\"https:\/\/www.efk.at\/de\/\"},{\"@type\":\"ListItem\",\"position\":2,\"name\":\"Aktivit\u00e4ten\"}]},{\"@type\":\"WebSite\",\"@id\":\"https:\/\/www.efk.at\/de\/#website\",\"url\":\"https:\/\/www.efk.at\/de\/\",\"name\":\"efk\",\"description\":\"Eltern f\u00fcr Kinder \u00d6sterreich\",\"potentialAction\":[{\"@type\":\"SearchAction\",\"target\":{\"@type\":\"EntryPoint\",\"urlTemplate\":\"https:\/\/www.efk.at\/de\/?s={search_term_string}\"},\"query-input\":{\"@type\":\"PropertyValueSpecification\",\"valueRequired\":true,\"valueName\":\"search_term_string\"}}],\"inLanguage\":\"en-US\"}]}<\/script>\n<!-- \/ Yoast SEO plugin. -->","yoast_head_json":{"title":"Aktivit\u00e4ten - efk","robots":{"index":"index","follow":"follow","max-snippet":"max-snippet:-1","max-image-preview":"max-image-preview:large","max-video-preview":"max-video-preview:-1"},"canonical":"https:\/\/www.efk.at\/de\/aktivitaeten\/","og_locale":"en_US","og_type":"article","og_title":"Aktivit\u00e4ten - efk","og_description":"Aktivit\u00e4ten Ado-Baby-Treff &#8211; f\u00fcr Kinder von 0 &#8211; 1 Jahren &nbsp; Ado-Mini-Treff &#8211; f\u00fcr Kinder von 1 &#8211; 3 Jahren &nbsp; Ado-Midi-Treff &#8211; f\u00fcr Kinder von 3 &#8211; 6 Jahren &nbsp;","og_url":"https:\/\/www.efk.at\/de\/aktivitaeten\/","og_site_name":"efk","article_modified_time":"2017-09-26T16:05:32+00:00","twitter_card":"summary_large_image","schema":{"@context":"https:\/\/schema.org","@graph":[{"@type":"WebPage","@id":"https:\/\/www.efk.at\/de\/aktivitaeten\/","url":"https:\/\/www.efk.at\/de\/aktivitaeten\/","name":"Aktivit\u00e4ten - efk","isPartOf":{"@id":"https:\/\/www.efk.at\/de\/#website"},"datePublished":"2017-08-04T09:48:36+00:00","dateModified":"2017-09-26T16:05:32+00:00","breadcrumb":{"@id":"https:\/\/www.efk.at\/de\/aktivitaeten\/#breadcrumb"},"inLanguage":"en-US","potentialAction":[{"@type":"ReadAction","target":["https:\/\/www.efk.at\/de\/aktivitaeten\/"]}]},{"@type":"BreadcrumbList","@id":"https:\/\/www.efk.at\/de\/aktivitaeten\/#breadcrumb","itemListElement":[{"@type":"ListItem","position":1,"name":"Startseite","item":"https:\/\/www.efk.at\/de\/"},{"@type":"ListItem","position":2,"name":"Aktivit\u00e4ten"}]},{"@type":"WebSite","@id":"https:\/\/www.efk.at\/de\/#website","url":"https:\/\/www.efk.at\/de\/","name":"efk","description":"Eltern f\u00fcr Kinder \u00d6sterreich","potentialAction":[{"@type":"SearchAction","target":{"@type":"EntryPoint","urlTemplate":"https:\/\/www.efk.at\/de\/?s={search_term_string}"},"query-input":{"@type":"PropertyValueSpecification","valueRequired":true,"valueName":"search_term_string"}}],"inLanguage":"en-US"}]}},"_links":{"self":[{"href":"https:\/\/www.efk.at\/en\/wp-json\/wp\/v2\/pages\/151","targetHints":{"allow":["GET"]}}],"collection":[{"href":"https:\/\/www.efk.at\/en\/wp-json\/wp\/v2\/pages"}],"about":[{"href":"https:\/\/www.efk.at\/en\/wp-json\/wp\/v2\/types\/page"}],"author":[{"embeddable":true,"href":"https:\/\/www.efk.at\/en\/wp-json\/wp\/v2\/users\/1"}],"replies":[{"embeddable":true,"href":"https:\/\/www.efk.at\/en\/wp-json\/wp\/v2\/comments?post=151"}],"version-history":[{"count":3,"href":"https:\/\/www.efk.at\/en\/wp-json\/wp\/v2\/pages\/151\/revisions"}],"predecessor-version":[{"id":529,"href":"https:\/\/www.efk.at\/en\/wp-json\/wp\/v2\/pages\/151\/revisions\/529"}],"wp:attachment":[{"href":"https:\/\/www.efk.at\/en\/wp-json\/wp\/v2\/media?parent=151"}],"curies":[{"name":"wp","href":"https:\/\/api.w.org\/{rel}","templated":true}]}}