{"id":87,"date":"2017-07-25T16:33:57","date_gmt":"2017-07-25T14:33:57","guid":{"rendered":"http:\/\/www.efk.at\/?page_id=87"},"modified":"2019-03-29T13:06:42","modified_gmt":"2019-03-29T12:06:42","slug":"leben-als-adoptivfamilie","status":"publish","type":"page","link":"https:\/\/www.efk.at\/de\/leben-als-adoptivfamilie\/","title":{"rendered":"Leben als Adoptivfamilie"},"content":{"rendered":"<p><\/p>\n<h2>Nachbetreuung<\/h2>\n<p>In der Vorbereitungszeit auf ein Adoptivkind besch\u00e4ftigen sich die Adoptivwerber*innen eingehend mit den f\u00fcr eine Adoption wichtigen Themen. Doch viele Fragen ergeben sich dann erst im Zusammenleben mit dem Adoptivkind.<\/p>\n<p>Das Team des Vereins &#8222;Eltern\u00a0f\u00fcr\u00a0Kinder \u00d6sterreich&#8220; steht Ihnen auch nach abgeschlossener Adoption zur Verf\u00fcgung. Wir beraten Sie gerne bei Fragen, die sich im Zusammenleben als Familie ergeben, und k\u00f6nnen Ihnen unser Fachwissen speziell in der Beratung von Familien mit angenommenen Kindern anbieten.<\/p>\n<p>siehe <a href=\"http:\/\/www.efk.at\/familienberatung\/\">Familienberatungsstelle<\/a><\/p>\n<h2>Biografiearbeit<\/h2>\n<p><img loading=\"lazy\" decoding=\"async\" src=\"http:\/\/www.efk.at\/wp-content\/uploads\/2018\/07\/MA\u0308DCHEN_liegt-liest.jpg\" alt=\"\" class=\"alignleft size-full wp-image-2451\" width=\"354\" height=\"236\" srcset=\"https:\/\/www.efk.at\/wp-content\/uploads\/2018\/07\/MA\u0308DCHEN_liegt-liest.jpg 354w, https:\/\/www.efk.at\/wp-content\/uploads\/2018\/07\/MA\u0308DCHEN_liegt-liest-300x200.jpg 300w, https:\/\/www.efk.at\/wp-content\/uploads\/2018\/07\/MA\u0308DCHEN_liegt-liest-288x192.jpg 288w\" sizes=\"auto, (max-width: 354px) 100vw, 354px\" \/> Adoptivkinder haben, obwohl sie noch sehr jung sind, einen sehr bewegten Lebenslauf. Kinder, die aus dem Ausland adoptiert werden, haben bereits mindestens zwei Beziehungsabbr\u00fcche und Ortswechsel (vielleicht sogar \u00fcber die Grenzen ihres Kontinentes hinweg) hinter sich. Sie m\u00fcssen sich an eine andere Kultur, neue Sprache und m\u00f6glicherweise ein anderes Klima und eine g\u00e4nzlich andere Ern\u00e4hrung gew\u00f6hnen.<br \/>\nAu\u00dferdem wirft das Leben von Adoptivkindern viele Fragen auf, z.B.: \u201eWarum haben mich meine leiblichen Eltern zur Adoption freigegeben?\u201c, \u201eHabe ich Geschwister?\u201c, \u201eWie sehen meine leiblichen Eltern aus?&#8220;, \u201eWie habe ich als Baby ausgesehen?&#8220;, uvm. Es gibt im Leben eines Adoptivkindes oft viele Fragen und meist zu wenige Antworten.\u00a0Daher ist es besonders wichtig, dem Adoptivkind zumindest alle m\u00f6glichen Antworten zu geben.<\/p>\n<p>Adoptiveltern sollten daher versuchen, so viel wie nur irgend m\u00f6glich \u00fcber ihr Kind und sein Leben herauszufinden. Die das Kind im Herkunftsland betreuenden Personen sollten genauso befragt werden wie alle involvierten Beh\u00f6rden.\u00a0Das Adoptivkind wird sp\u00e4ter sehr dankbar daf\u00fcr sein m\u00f6glichst viel \u00fcber sich selbst erfahren zu k\u00f6nnen.<\/p>\n<p>Vom ersten Tag des Zusammenlebens als Adoptivfamilie an sollten Ehrlichkeit und Offenheit dem Kind gegen\u00fcber selbstverst\u00e4ndlich sein und das Kind sollte sich \u00fcber seine Herkunft und sein Adoptiert-sein immer im Klaren sein.\u00a0Aufgabe der Adoptiveltern ist es, mit dem Kind altersgem\u00e4\u00df \u00fcber seine Herkunft zu sprechen und sie zu einem bereichernden und interessanten Teil des gemeinsamen Lebens zu machen.<\/p>\n<h2>Findelkinder und anonym geborene Kinder<\/h2>\n<p><img loading=\"lazy\" decoding=\"async\" src=\"http:\/\/www.efk.at\/wp-content\/uploads\/2018\/07\/Asiatisches-Kind-auf-Glettergeru\u0308st.jpg\" alt=\"\" class=\"size-full wp-image-2453 alignright\" width=\"354\" height=\"236\" srcset=\"https:\/\/www.efk.at\/wp-content\/uploads\/2018\/07\/Asiatisches-Kind-auf-Glettergeru\u0308st.jpg 354w, https:\/\/www.efk.at\/wp-content\/uploads\/2018\/07\/Asiatisches-Kind-auf-Glettergeru\u0308st-300x200.jpg 300w, https:\/\/www.efk.at\/wp-content\/uploads\/2018\/07\/Asiatisches-Kind-auf-Glettergeru\u0308st-288x192.jpg 288w\" sizes=\"auto, (max-width: 354px) 100vw, 354px\" \/>Findelkinder werden Kinder genannt, die von ihren leiblichen Eltern anonym an einem \u00f6ffentlichen Ort alleine zur\u00fcckgelassen werden. Diese Art der Adoptionsfreigabe kommt vor allem in den ganz armen L\u00e4ndern der Welt vor.<br \/>\nAnonym geborene Kinder sind Kinder, die von ihrer leiblichen Mutter zwar in einem Spital zur Welt gebracht und zur Adoption freigegeben werden, allerdings ohne Angabe der Daten der Eltern, also anonym.<br \/>\nBeide Arten der Adoptionsfreigabe sichern den Kindern zwar das \u00dcberleben, nehmen ihnen aber jegliche M\u00f6glichkeit, sp\u00e4ter etwas \u00fcber ihre Herkunft zu erfahren.\u00a0Aus den Berichten erwachsener Adoptierter ist bekannt, dass ein solches Unwissen und eine so gro\u00dfe Unsicherheit bez\u00fcglich der eigenen Wurzeln sehr belastend sein kann.<br \/>\nReisen in das Land der Herkunft, ein Besuch in dem Kinderheim oder Gespr\u00e4che mit anderen Betroffenen m\u00fcssen dann f\u00fcr die Wurzelsuche gen\u00fcgen.<\/p>\n<p>Zwar erscheint die Adoption eines Findelkindes oder anonym geborenen Kindes werdenden Adoptiveltern oft auf den ersten Blick einfacher, da sie den Eindruck haben, das Kind w\u00e4re g\u00e4nzlich ohne Eltern und das w\u00e4re f\u00fcr das Gelingen der Adoption besser. Oder Adoptiveltern denken, es w\u00e4re f\u00fcr sie selbst einfacher, nichts \u00fcber die ersten Eltern des Kindes zu wissen.<br \/>\nDoch nat\u00fcrlich haben diese Kinder genauso ein leibliches Elternpaar wie jeder andere Mensch auch und die Integration dieser Herkunftseltern in das Leben und die pers\u00f6nliche Entwicklung des Adoptivkindes (mit den Grenzen, die sich durch die Anonymit\u00e4t der Eltern ergeben) wird viel zum Erfolg der Adoption beitragen.<\/p>\n<h2>\u2028Was ist so besonders an Adoptivfamilien?<\/h2>\n<p><img loading=\"lazy\" decoding=\"async\" src=\"http:\/\/www.efk.at\/wp-content\/uploads\/2018\/07\/Vater_Kind_aufSchaukel.jpg\" alt=\"\" class=\"alignleft size-full wp-image-2454\" width=\"354\" height=\"261\" srcset=\"https:\/\/www.efk.at\/wp-content\/uploads\/2018\/07\/Vater_Kind_aufSchaukel.jpg 354w, https:\/\/www.efk.at\/wp-content\/uploads\/2018\/07\/Vater_Kind_aufSchaukel-300x221.jpg 300w, https:\/\/www.efk.at\/wp-content\/uploads\/2018\/07\/Vater_Kind_aufSchaukel-260x192.jpg 260w\" sizes=\"auto, (max-width: 354px) 100vw, 354px\" \/>Es ist noch gar nicht lange her, da bedeutete \u201eFamilie\u201c ein verheiratetes Elternpaar und ein oder mehrere leibliche Kinder. Inzwischen gibt es vielf\u00e4ltige Arten des Zusammenlebens, die sich auch im Sprachschatz niederschlagen: Stieffamilien, Patchworkfamilien, Familien mit alleinerziehendem Elternteil, Adoptivfamilien, verheiratete Eltern oder Eltern, die in Lebensgemeinschaft leben, Pflegefamilien, homosexuelle Paare mit Kindern, Regenbogenfamilien, Bonus-Eltern,&#8230;<\/p>\n<p>Die gesellschaftliche Anerkennung der verschiedensten Lebensformen hat es f\u00fcr Adoptivfamilien viel leichter gemacht, offen zu ihrer speziellen Form der Elternschaft zu stehen.<\/p>\n<p>Eine Adoptivfamilie unterscheidet sich von einer Familie mit leiblichen Kindern durch die vielen unbeantworteten Fragen zum Leben des Kindes vor seinem Leben in der Adoptivfamilie. Und sie unterscheidet sich durch die besondere Art, in der Adoptiveltern mit ihren Kindern \u00fcber ihre Herkunft und ihre Ankunft in der Adoptivfamilie sprechen.<br \/>\nAdoptivfamilien k\u00f6nnen aus dieser Besonderheit etwas besonders Sch\u00f6nes machen: Der Ankunftstag des Kindes in der Adoptivfamilie wird ein neuer Familien-Feiertag!<\/p>\n<h2>\u2028Aufkl\u00e4rung<\/h2>\n<p><img loading=\"lazy\" decoding=\"async\" class=\"wp-image-1399 alignright\" style=\"font-style: inherit;\" src=\"http:\/\/www.efk.at\/wp-content\/uploads\/2018\/02\/Bildschirmfoto-2018-02-20-um-18.00.07-e1519146182408-300x221.png\" alt=\"\" width=\"345\" height=\"254\" srcset=\"https:\/\/www.efk.at\/wp-content\/uploads\/2018\/02\/Bildschirmfoto-2018-02-20-um-18.00.07-e1519146182408-300x221.png 300w, https:\/\/www.efk.at\/wp-content\/uploads\/2018\/02\/Bildschirmfoto-2018-02-20-um-18.00.07-e1519146182408-261x192.png 261w, https:\/\/www.efk.at\/wp-content\/uploads\/2018\/02\/Bildschirmfoto-2018-02-20-um-18.00.07-e1519146182408.png 502w\" sizes=\"auto, (max-width: 345px) 100vw, 345px\" \/><\/p>\n<p>Die Aufkl\u00e4rung von Adoptivkindern \u00fcber ihr Adoptiertsein beginnt am Tag\u00a0<span style=\"font-size: 16px;\">ihrer Ankunft in der Familie. Adoptivkinder sollten von klein auf wissen,\u00a0<\/span>dass sie adoptiert sind, und immer die M\u00f6glichkeit haben, mit ihren Ado<span style=\"font-size: 16px;\">ptiveltern dar\u00fcber ins Gespr\u00e4ch zu kommen. Alle ihre Fragen sollten ehrlich und offen beantwortet werden und die Adoptiveltern sollten keine Scheu haben, dieses Thema zu ber\u00fchren. Dadurch wird die Besch\u00e4ftigung <\/span><span style=\"font-size: 16px;\">mit Herkunft und Adoption zu etwas Gemeinsamen und nicht zu etwas Trennendem, wie so oft bef\u00fcrchtet.<\/span><\/p>\n<p>Besonders wichtig f\u00fcr Adoptiveltern ist es, das Adoptivkind anzunehmen mit seiner Vergangenheit, mit seinen Herkunftseltern und mit den kulturellen Wurzeln, die im Land seiner Geburt liegen.<br \/>\nDas Adoptivkind soll sich als ganzer Mensch akzeptiert, geliebt und wertvoll f\u00fchlen. Daf\u00fcr ist es wichtig, dem Kind zu vermitteln, wie wertvoll das Leben ist, das seine Herkunftseltern ihm schenken konnten und wie sehr die Adoptiveltern ihr Adoptivkind lieben; nicht obwohl, sondern gerade weil es diese Herkunft hat und deswegen so ein besonderes, einmaliges und liebenswertes Kind geworden ist.<\/p>","protected":false},"excerpt":{"rendered":"<p>Nachbetreuung In der Vorbereitungszeit auf ein Adoptivkind besch\u00e4ftigen sich die Adoptivwerber*innen eingehend mit den f\u00fcr eine Adoption wichtigen Themen. Doch viele Fragen ergeben sich dann erst im Zusammenleben mit dem Adoptivkind. Das Team des Vereins &#8222;Eltern\u00a0f\u00fcr\u00a0Kinder \u00d6sterreich&#8220; steht Ihnen auch nach abgeschlossener Adoption zur Verf\u00fcgung. Wir beraten Sie gerne bei Fragen, die sich im Zusammenleben &hellip; <a href=\"https:\/\/www.efk.at\/de\/leben-als-adoptivfamilie\/\" class=\"more-link\"><span class=\"screen-reader-text\">Leben als Adoptivfamilie<\/span> weiterlesen<\/a><\/p>\n","protected":false},"author":1,"featured_media":0,"parent":0,"menu_order":0,"comment_status":"closed","ping_status":"closed","template":"","meta":{"xn-wppe-expiration":[],"xn-wppe-expiration-action":[],"xn-wppe-expiration-prefix":[],"footnotes":""},"class_list":["post-87","page","type-page","status-publish","hentry"],"yoast_head":"<!-- This site is optimized with the Yoast SEO plugin v26.1.1 - https:\/\/yoast.com\/wordpress\/plugins\/seo\/ -->\n<title>Leben als Adoptivfamilie - efk<\/title>\n<meta name=\"robots\" content=\"index, follow, max-snippet:-1, max-image-preview:large, max-video-preview:-1\" \/>\n<link rel=\"canonical\" href=\"https:\/\/www.efk.at\/de\/leben-als-adoptivfamilie\/\" \/>\n<meta property=\"og:locale\" content=\"de_DE\" \/>\n<meta property=\"og:type\" content=\"article\" \/>\n<meta property=\"og:title\" content=\"[:de]Leben als Adoptivfamilie[:en]Life in an adoptive family[:] - efk\" \/>\n<meta property=\"og:description\" content=\"Nachbetreuung In der Vorbereitungszeit auf ein Adoptivkind besch\u00e4ftigen sich die Adoptivwerber*innen eingehend mit den f\u00fcr eine Adoption wichtigen Themen. Doch viele Fragen ergeben sich dann erst im Zusammenleben mit dem Adoptivkind. Das Team des Vereins &#8222;Eltern\u00a0f\u00fcr\u00a0Kinder \u00d6sterreich&#8220; steht Ihnen auch nach abgeschlossener Adoption zur Verf\u00fcgung. Wir beraten Sie gerne bei Fragen, die sich im Zusammenleben &hellip; Leben als Adoptivfamilie weiterlesen\" \/>\n<meta property=\"og:url\" content=\"https:\/\/www.efk.at\/de\/leben-als-adoptivfamilie\/\" \/>\n<meta property=\"og:site_name\" content=\"efk\" \/>\n<meta property=\"article:modified_time\" content=\"2019-03-29T12:06:42+00:00\" \/>\n<meta property=\"og:image\" content=\"http:\/\/www.efk.at\/wp-content\/uploads\/2018\/07\/Vater_Kind_aufSchaukel.jpg\" \/>\n<meta name=\"twitter:card\" content=\"summary_large_image\" \/>\n<meta name=\"twitter:label1\" content=\"Gesch\u00e4tzte Lesezeit\" \/>\n\t<meta name=\"twitter:data1\" content=\"9\u00a0Minuten\" \/>\n<script type=\"application\/ld+json\" class=\"yoast-schema-graph\">{\"@context\":\"https:\/\/schema.org\",\"@graph\":[{\"@type\":\"WebPage\",\"@id\":\"https:\/\/www.efk.at\/de\/leben-als-adoptivfamilie\/\",\"url\":\"https:\/\/www.efk.at\/de\/leben-als-adoptivfamilie\/\",\"name\":\"[:de]Leben als Adoptivfamilie[:en]Life in an adoptive family[:] - efk\",\"isPartOf\":{\"@id\":\"https:\/\/www.efk.at\/de\/#website\"},\"primaryImageOfPage\":{\"@id\":\"https:\/\/www.efk.at\/de\/leben-als-adoptivfamilie\/#primaryimage\"},\"image\":{\"@id\":\"https:\/\/www.efk.at\/de\/leben-als-adoptivfamilie\/#primaryimage\"},\"thumbnailUrl\":\"http:\/\/www.efk.at\/wp-content\/uploads\/2018\/07\/Vater_Kind_aufSchaukel.jpg\",\"datePublished\":\"2017-07-25T14:33:57+00:00\",\"dateModified\":\"2019-03-29T12:06:42+00:00\",\"breadcrumb\":{\"@id\":\"https:\/\/www.efk.at\/de\/leben-als-adoptivfamilie\/#breadcrumb\"},\"inLanguage\":\"de\",\"potentialAction\":[{\"@type\":\"ReadAction\",\"target\":[\"https:\/\/www.efk.at\/de\/leben-als-adoptivfamilie\/\"]}]},{\"@type\":\"ImageObject\",\"inLanguage\":\"de\",\"@id\":\"https:\/\/www.efk.at\/de\/leben-als-adoptivfamilie\/#primaryimage\",\"url\":\"http:\/\/www.efk.at\/wp-content\/uploads\/2018\/07\/Vater_Kind_aufSchaukel.jpg\",\"contentUrl\":\"http:\/\/www.efk.at\/wp-content\/uploads\/2018\/07\/Vater_Kind_aufSchaukel.jpg\"},{\"@type\":\"BreadcrumbList\",\"@id\":\"https:\/\/www.efk.at\/de\/leben-als-adoptivfamilie\/#breadcrumb\",\"itemListElement\":[{\"@type\":\"ListItem\",\"position\":1,\"name\":\"Startseite\",\"item\":\"https:\/\/www.efk.at\/de\/\"},{\"@type\":\"ListItem\",\"position\":2,\"name\":\"Leben als Adoptivfamilie\"}]},{\"@type\":\"WebSite\",\"@id\":\"https:\/\/www.efk.at\/de\/#website\",\"url\":\"https:\/\/www.efk.at\/de\/\",\"name\":\"efk\",\"description\":\"Eltern f\u00fcr Kinder \u00d6sterreich\",\"potentialAction\":[{\"@type\":\"SearchAction\",\"target\":{\"@type\":\"EntryPoint\",\"urlTemplate\":\"https:\/\/www.efk.at\/de\/?s={search_term_string}\"},\"query-input\":{\"@type\":\"PropertyValueSpecification\",\"valueRequired\":true,\"valueName\":\"search_term_string\"}}],\"inLanguage\":\"de\"}]}<\/script>\n<!-- \/ Yoast SEO plugin. -->","yoast_head_json":{"title":"[:de]Leben als Adoptivfamilie[:en]Life in an adoptive family[:] - efk","robots":{"index":"index","follow":"follow","max-snippet":"max-snippet:-1","max-image-preview":"max-image-preview:large","max-video-preview":"max-video-preview:-1"},"canonical":"https:\/\/www.efk.at\/de\/leben-als-adoptivfamilie\/","og_locale":"de_DE","og_type":"article","og_title":"[:de]Leben als Adoptivfamilie[:en]Life in an adoptive family[:] - efk","og_description":"Nachbetreuung In der Vorbereitungszeit auf ein Adoptivkind besch\u00e4ftigen sich die Adoptivwerber*innen eingehend mit den f\u00fcr eine Adoption wichtigen Themen. Doch viele Fragen ergeben sich dann erst im Zusammenleben mit dem Adoptivkind. Das Team des Vereins &#8222;Eltern\u00a0f\u00fcr\u00a0Kinder \u00d6sterreich&#8220; steht Ihnen auch nach abgeschlossener Adoption zur Verf\u00fcgung. Wir beraten Sie gerne bei Fragen, die sich im Zusammenleben &hellip; Leben als Adoptivfamilie weiterlesen","og_url":"https:\/\/www.efk.at\/de\/leben-als-adoptivfamilie\/","og_site_name":"efk","article_modified_time":"2019-03-29T12:06:42+00:00","og_image":[{"url":"http:\/\/www.efk.at\/wp-content\/uploads\/2018\/07\/Vater_Kind_aufSchaukel.jpg","type":"","width":"","height":""}],"twitter_card":"summary_large_image","twitter_misc":{"Gesch\u00e4tzte Lesezeit":"9\u00a0Minuten"},"schema":{"@context":"https:\/\/schema.org","@graph":[{"@type":"WebPage","@id":"https:\/\/www.efk.at\/de\/leben-als-adoptivfamilie\/","url":"https:\/\/www.efk.at\/de\/leben-als-adoptivfamilie\/","name":"[:de]Leben als Adoptivfamilie[:en]Life in an adoptive family[:] - efk","isPartOf":{"@id":"https:\/\/www.efk.at\/de\/#website"},"primaryImageOfPage":{"@id":"https:\/\/www.efk.at\/de\/leben-als-adoptivfamilie\/#primaryimage"},"image":{"@id":"https:\/\/www.efk.at\/de\/leben-als-adoptivfamilie\/#primaryimage"},"thumbnailUrl":"http:\/\/www.efk.at\/wp-content\/uploads\/2018\/07\/Vater_Kind_aufSchaukel.jpg","datePublished":"2017-07-25T14:33:57+00:00","dateModified":"2019-03-29T12:06:42+00:00","breadcrumb":{"@id":"https:\/\/www.efk.at\/de\/leben-als-adoptivfamilie\/#breadcrumb"},"inLanguage":"de","potentialAction":[{"@type":"ReadAction","target":["https:\/\/www.efk.at\/de\/leben-als-adoptivfamilie\/"]}]},{"@type":"ImageObject","inLanguage":"de","@id":"https:\/\/www.efk.at\/de\/leben-als-adoptivfamilie\/#primaryimage","url":"http:\/\/www.efk.at\/wp-content\/uploads\/2018\/07\/Vater_Kind_aufSchaukel.jpg","contentUrl":"http:\/\/www.efk.at\/wp-content\/uploads\/2018\/07\/Vater_Kind_aufSchaukel.jpg"},{"@type":"BreadcrumbList","@id":"https:\/\/www.efk.at\/de\/leben-als-adoptivfamilie\/#breadcrumb","itemListElement":[{"@type":"ListItem","position":1,"name":"Startseite","item":"https:\/\/www.efk.at\/de\/"},{"@type":"ListItem","position":2,"name":"Leben als Adoptivfamilie"}]},{"@type":"WebSite","@id":"https:\/\/www.efk.at\/de\/#website","url":"https:\/\/www.efk.at\/de\/","name":"efk","description":"Eltern f\u00fcr Kinder \u00d6sterreich","potentialAction":[{"@type":"SearchAction","target":{"@type":"EntryPoint","urlTemplate":"https:\/\/www.efk.at\/de\/?s={search_term_string}"},"query-input":{"@type":"PropertyValueSpecification","valueRequired":true,"valueName":"search_term_string"}}],"inLanguage":"de"}]}},"_links":{"self":[{"href":"https:\/\/www.efk.at\/de\/wp-json\/wp\/v2\/pages\/87","targetHints":{"allow":["GET"]}}],"collection":[{"href":"https:\/\/www.efk.at\/de\/wp-json\/wp\/v2\/pages"}],"about":[{"href":"https:\/\/www.efk.at\/de\/wp-json\/wp\/v2\/types\/page"}],"author":[{"embeddable":true,"href":"https:\/\/www.efk.at\/de\/wp-json\/wp\/v2\/users\/1"}],"replies":[{"embeddable":true,"href":"https:\/\/www.efk.at\/de\/wp-json\/wp\/v2\/comments?post=87"}],"version-history":[{"count":20,"href":"https:\/\/www.efk.at\/de\/wp-json\/wp\/v2\/pages\/87\/revisions"}],"predecessor-version":[{"id":2787,"href":"https:\/\/www.efk.at\/de\/wp-json\/wp\/v2\/pages\/87\/revisions\/2787"}],"wp:attachment":[{"href":"https:\/\/www.efk.at\/de\/wp-json\/wp\/v2\/media?parent=87"}],"curies":[{"name":"wp","href":"https:\/\/api.w.org\/{rel}","templated":true}]}}