{"id":785,"date":"2017-10-04T23:32:54","date_gmt":"2017-10-04T21:32:54","guid":{"rendered":"http:\/\/www.efk.at\/?page_id=785"},"modified":"2021-08-10T13:14:08","modified_gmt":"2021-08-10T11:14:08","slug":"literatur-biografische-erzaehlungen","status":"publish","type":"page","link":"https:\/\/www.efk.at\/de\/literatur-biografische-erzaehlungen\/","title":{"rendered":"Literatur: Biografische Erz\u00e4hlungen"},"content":{"rendered":"<p><\/p>\n<table class=\"literatur-tabel\">\n<tbody>\n<tr>\n<td>\n<h3>Das Gesicht im Spiegel<\/h3>\n<p>von Renate Welsh<\/p>\n<p>Laura geht es eigentlich richtig gut. Sie und ihr Bruder Boris f\u00fchren mit ihren Eltern ein ganz normales Familienleben. Dass sie beide adoptiert sind, ist nun wirklich nichts Besonderes, das wei\u00df Laura schon lange. Trotzdem ist in letzter Zeit irgendetwas anders. Der Gedanke an ihre leibliche Mutter, von der sie nur den Namen kennt, l\u00e4sst sie nicht los. Weshalb hat diese Ursula Riedm\u00fcller sie damals weggegeben? Wom\u00f6glich laufen sie sich eines Tages \u00fcber den Weg ohne es zu ahnen! Laura nimmt allen Mut zusammen und schreibt ihr einen Brief.<\/td>\n<td class=\"table-second\"><img loading=\"lazy\" decoding=\"async\" class=\"alignnone size-full wp-image-791\" src=\"http:\/\/www.efk.at\/wp-content\/uploads\/2017\/10\/Das-Gesicht-im-Spiegel.jpg\" alt=\"\" width=\"190\" height=\"298\" srcset=\"https:\/\/www.efk.at\/wp-content\/uploads\/2017\/10\/Das-Gesicht-im-Spiegel.jpg 190w, https:\/\/www.efk.at\/wp-content\/uploads\/2017\/10\/Das-Gesicht-im-Spiegel-122x192.jpg 122w\" sizes=\"auto, (max-width: 190px) 100vw, 190px\" \/><\/td>\n<\/tr>\n<tr>\n<td>\n<h3>MAMA und PAPA sind meine richtigen Eltern<\/h3>\n<h4>Pflege- und Adoptivkinder erz\u00e4hlen ihre Geschichte<\/h4>\n<p>von Charly Kowalczyk<\/p>\n<p>&#8222;Ich hab keinen Traum. Ich hab einen gro\u00dfen Wunsch. Ich w\u00fcnsche mir immer, dass ich ganz viele W\u00fcnsche freihabe. Ich w\u00fcnsche mir, dass ich meine richtige Familie kennen lerne. Dass ich ber\u00fchmt werde. Und ich m\u00f6chte gerne Schriftstellerin werden. Und dass ich einen Hund kriege oder ein Pferd, ein Tier jedenfalls. Ich w\u00fcnsche mir, dass ich ganz viel Geld habe. Eben Kindheitstr\u00e4ume.&#8220;<\/td>\n<td class=\"table-second\"><img loading=\"lazy\" decoding=\"async\" class=\"alignnone size-full wp-image-790\" src=\"http:\/\/www.efk.at\/wp-content\/uploads\/2017\/10\/MAMA-und-PAPA-sind-meine-richtigen-Eltern.jpg\" alt=\"\" width=\"348\" height=\"499\" srcset=\"https:\/\/www.efk.at\/wp-content\/uploads\/2017\/10\/MAMA-und-PAPA-sind-meine-richtigen-Eltern.jpg 348w, https:\/\/www.efk.at\/wp-content\/uploads\/2017\/10\/MAMA-und-PAPA-sind-meine-richtigen-Eltern-209x300.jpg 209w, https:\/\/www.efk.at\/wp-content\/uploads\/2017\/10\/MAMA-und-PAPA-sind-meine-richtigen-Eltern-134x192.jpg 134w\" sizes=\"auto, (max-width: 348px) 100vw, 348px\" \/><\/td>\n<\/tr>\n<tr>\n<td>\n<div>\n<h3><b>Diese eine Blume, die uns verbindet<\/b><\/h3>\n<\/div>\n<div>\n<p>Von Karl Maria Laufen<\/p>\n<\/div>\n<div>\n<p><em>Altersempfehlung: ab 16<\/em><\/p>\n<\/div>\n<div>\n<p>Acht junge Menschen berichten ungeschminkt, ehrlich und aufrichtig aus ihrem Leben &#8211; davon, warum sie nicht in ihrer Familie gro\u00df wurden, von dem Zusammenleben in ihrer (Pflege-)Familie und ihrem Weg in die Selbst\u00e4ndigkeit.<br \/>\nEs sind bewegende R\u00fcckblicke auf ganz individuelle Lebensverl\u00e4ufe, deren Gemeinsamkeit ein schwieriger, fremdbestimmter Start ins Leben ist. Biografien, in denen die Normalit\u00e4t zu Beginn des Lebens auf den Kopf gestellt scheint.<br \/>\nPflegekinder haben in unserer Gesellschaft wenig Lobby. Dieses Buch ist ein kleiner Beitrag, f\u00fcr das Thema zu sensibilisieren.<\/p>\n<\/div>\n<div>\n<p>Dieses Buch entstand im Rahmen der Arbeit mit ehemaligen Pflegekindern von L\u00f6wenzahn Erziehungshilfe e.V. in Oberhausen und wird auch von Birgit Lattschar, selbst Autorin im Bereich Biografearbeit, w\u00e4rmstens empfohlen.<\/p>\n<\/div>\n<\/td>\n<td class=\"table-second\"><img loading=\"lazy\" decoding=\"async\" class=\"size-medium wp-image-4052 alignright\" src=\"http:\/\/www.efk.at\/wp-content\/uploads\/2021\/08\/buchcover_loewenzahn_diese_eine_blume_die_uns_verbindet_300x409-220x300.png\" alt=\"\" width=\"220\" height=\"300\" srcset=\"https:\/\/www.efk.at\/wp-content\/uploads\/2021\/08\/buchcover_loewenzahn_diese_eine_blume_die_uns_verbindet_300x409-220x300.png 220w, https:\/\/www.efk.at\/wp-content\/uploads\/2021\/08\/buchcover_loewenzahn_diese_eine_blume_die_uns_verbindet_300x409-141x192.png 141w, https:\/\/www.efk.at\/wp-content\/uploads\/2021\/08\/buchcover_loewenzahn_diese_eine_blume_die_uns_verbindet_300x409.png 300w\" sizes=\"auto, (max-width: 220px) 100vw, 220px\" \/><\/td>\n<\/tr>\n<tr>\n<td>\n<h3>Die Fische schlafen noch<\/h3>\n<h3>Wie ich meinen Papa an den Alkohol verlor und ihn auf der Stra\u00dfe wiederfand<\/h3>\n<p>von Norman Wolf<\/p>\n<p><em>Altersempfehlung: Jugendliche und Erwachsene<\/em><\/p>\n<p><em>&#8222;Ich bin nur ein Sohn, der seinen Vater gesucht hat. Und allein nicht stark genug daf\u00fcr war.&#8220;<\/em><\/p>\n<p>Als Kind unternimmt Norman mit seinem Vater Angelausfl\u00fcge, gemeinsam h\u00f6ren sie stundenlang alte Platten und verbringen sch\u00f6ne Nachmittage auf Volksfesten. Doch dann kommt der Einschnitt: Normans Vater verliert seine Arbeit. Zwar schreibt er Bewerbungen und versucht wieder Fu\u00df zu fassen, doch die Tage in der Dorfkneipe werden immer l\u00e4nger. Der Vater wird unberechenbarer und die Eltern streiten sich immer h\u00e4ufiger. Als Norman zw\u00f6lf Jahre alt ist, sieht er ihn zum letzten Mal. Erst weitere zw\u00f6lf Jahre sp\u00e4ter erh\u00e4lt er ein Lebenszeichen, das Normal komplett aus der Bahn wirft: Er muss feststellen, dass sein Vater sich f\u00fcr ein Leben auf der Stra\u00dfe entschieden hat. Normal beschlie\u00dft, seinen Vater \u00fcber Twitter zu suchen und l\u00f6st damit ein enormes Echo aus.<\/p>\n<p>In dieser aufw\u00fchlenden Geschichte \u00fcber die Suche nach dem verlorenen Vater stellt sich Norman seiner Vergangenheit und erz\u00e4hlt, wie das Familiengl\u00fcck langsam zerbrach. Und wie heilsam es ist, endlich \u00fcber diesen Verlust zu sprechen.<\/td>\n<td class=\"table-second\"><img loading=\"lazy\" decoding=\"async\" class=\"alignnone size-medium\" src=\"https:\/\/images-na.ssl-images-amazon.com\/images\/I\/4163zj-93kL._SX319_BO1,204,203,200_.jpg\" width=\"321\" height=\"499\" \/><\/td>\n<\/tr>\n<tr>\n<td>\n<h3>Wenn ich auch nicht besser bin, bin ich doch anders<\/h3>\n<h4>Autoren erz\u00e4hlen von ihrer Pflege und Adoption<\/h4>\n<p>von Vera Kissel und Charly Kowalczyk (Hrsg.)<\/p>\n<p>Die meisten Autoren haben nur ein Thema, das sie in immer neuen Varianten und Variationen bearbeiten, sie schreiben das eine Buch immer neu, n\u00e4mlich die Geschichte ihres Lebens. [&#8230;] Mein Thema ist &#8211; im weitesten Sinn &#8211; die besch\u00e4digte Kindheit, ist letztlich die Verwunderung dar\u00fcber, dass das Leben, der Wille zu leben zum Gl\u00fcck meist st\u00e4rker ist als alles, was Menschen sich gegenseitig antun. Mich interessiert die Frage, wie Identit\u00e4t unter widrigen Bedingungen entstehen und wachsen kann. Das ist vielleicht eine einseitige Sicht der Welt, aber eine andere steht mir nicht zur Verf\u00fcgung. Auch wenn ich es mir anders gew\u00fcnscht h\u00e4tte.<\/td>\n<td class=\"table-second\"><img loading=\"lazy\" decoding=\"async\" class=\"alignnone size-full wp-image-789\" src=\"http:\/\/www.efk.at\/wp-content\/uploads\/2017\/10\/Wenn-ich-auch-nicht-besser-bin-bin-ich-doch-anders.jpg\" alt=\"\" width=\"292\" height=\"420\" srcset=\"https:\/\/www.efk.at\/wp-content\/uploads\/2017\/10\/Wenn-ich-auch-nicht-besser-bin-bin-ich-doch-anders.jpg 292w, https:\/\/www.efk.at\/wp-content\/uploads\/2017\/10\/Wenn-ich-auch-nicht-besser-bin-bin-ich-doch-anders-209x300.jpg 209w, https:\/\/www.efk.at\/wp-content\/uploads\/2017\/10\/Wenn-ich-auch-nicht-besser-bin-bin-ich-doch-anders-133x192.jpg 133w\" sizes=\"auto, (max-width: 292px) 100vw, 292px\" \/><\/td>\n<\/tr>\n<tr>\n<td>\n<h3>Eine verh\u00e4ngnisvolle Suche<\/h3>\n<h4>Eine Adoptierte auf der Suche nach ihren Wurzeln<\/h4>\n<p>von An Juli<\/p>\n<p>Wie geht ein Mensch durchs Leben, der sp\u00fcrt, dass er eine Geschichte hat, die ihm unbekannt ist? Dass es Wurzeln gibt, die ihm genommen worden sind? Dass es ein Vorher gab, das im Nachher keine Rolle spielen soll? Er sucht so lange, bis er alle Puzzlest\u00fccke zusammen hat! An Juli w\u00e4chst als Einzelkind in einer Adoptivfamilie auf. Als sie im fr\u00fchen Kindesalter von ihrer Adoption erf\u00e4hrt, beginnt sie sich zum Leidwesen ihrer Adoptiveltern intensiv mit ihren Wurzeln auseinander zu setzen.<\/td>\n<td class=\"table-second\"><img loading=\"lazy\" decoding=\"async\" class=\"alignnone size-medium\" src=\"https:\/\/images-na.ssl-images-amazon.com\/images\/I\/41cop15qokL._SX339_BO1,204,203,200_.jpg\" width=\"341\" height=\"499\" \/><\/td>\n<\/tr>\n<tr>\n<td>\n<h3>Nuckeldecke<\/h3>\n<h4>Die Geschichte einer Adoption<\/h4>\n<p>von Rainer Wrage<\/p>\n<p>Adoption! Zauberwort unserer modernen Zeit, welches oft tiefe Sehnsucht nach einer Familie weckt, wenn der Wunsch nach eigenen Kindern versagt bleibt. Doch was bedeutet eine Adoption aus Sicht des Kindes?<\/p>\n<p>Kaum jemand stellt in der \u00f6ffentlichen Diskussion diese entscheidende Frage. Der Autor f\u00fchrt den Leser auf einf\u00fchlsame Weise durch dessen Kindheit, durch Jugend und Beruf. Er l\u00e4sst uns teilhaben an seinen Gef\u00fchlen und Empfindungen, die zuweilen voller Widerspr\u00fcche sind und oft \u00fcberhaupt nicht zu den \u00e4u\u00dferen Lebensumst\u00e4nden passen wollen. Denn das f\u00fcr ihn verborgene Geheimnis \u00fcberlagert dunkel sein Leben, unerkl\u00e4rliche Ereignisse webenverh\u00e4ngnisvolle F\u00e4den in sein Schicksal.<\/p>\n<p>Erst als erwachsener Mann offenbart sich ihm durch einen Zufall seine ganz pers\u00f6nliche Lebensgeschichte. Eine spannende Reise nimmt ihren Lauf.<\/td>\n<td class=\"table-second\"><img loading=\"lazy\" decoding=\"async\" class=\"alignnone size-full wp-image-787\" src=\"http:\/\/www.efk.at\/wp-content\/uploads\/2017\/10\/Nuckeldecke.jpg\" alt=\"\" width=\"311\" height=\"499\" srcset=\"https:\/\/www.efk.at\/wp-content\/uploads\/2017\/10\/Nuckeldecke.jpg 311w, https:\/\/www.efk.at\/wp-content\/uploads\/2017\/10\/Nuckeldecke-187x300.jpg 187w, https:\/\/www.efk.at\/wp-content\/uploads\/2017\/10\/Nuckeldecke-120x192.jpg 120w\" sizes=\"auto, (max-width: 311px) 100vw, 311px\" \/><\/td>\n<\/tr>\n<tr>\n<td>\n<h3>Und was sagen die Kinder dazu? 10 Jahre sp\u00e4ter!<\/h3>\n<h5>Neue Gespr\u00e4che mit T\u00f6chtern und S\u00f6hnen lesbischer, schwuler und trans* Eltern<\/h5>\n<p>(Fortsetzung von: Und was sagen die Kinder dazu? Gespr\u00e4che mit T\u00f6chtern und S\u00f6hnen lesbischer und schwuler Eltern)<\/p>\n<p>Von Ulis Treib-Brzoc und Stephanie Gerlach<\/p>\n<p><em>Altersempfehlung: Erwachsene<\/em><\/p>\n<p>Ein zweites Mal kommen T\u00f6chter und S\u00f6hne lesbischer M\u00fctter, schwuler V\u00e4ter und \u2013 neu \u2013 von Eltern, die sich als transgender identifizieren, zu Wort. Zehn Jahre nach den ersten Interviews wurden die 34 Kinder, Jugendlichen und Erwachsenen ein weiteres Mal zu ihrer Sicht auf ihre Familie befragt \u2013 Familien, die immer noch als \u201ebesonders\u201c oder auch \u201eerkl\u00e4rungsbed\u00fcrftig\u201c wahrgenommen werden.<br \/>\nWas finden die Kinder an ihrer Familie gro\u00dfartig? Was m\u00f6gen sie an ihren Eltern, was kritisieren sie? Welche W\u00fcnsche und Tr\u00e4ume haben sie f\u00fcr ihr Leben? Mit welchen Bef\u00fcrchtungen oder Reaktionen setzen sie sich auseinander? Was erleben sie als unterst\u00fctzend? All das vermitteln die Texte authentisch und anschaulich. Die Kinder erz\u00e4hlen ganz offen auch von Krisen und Trennungen und dar\u00fcber, wie ihre Eltern f\u00fcr sie da sind. Und sie geben uns einen Einblick in ihre Familien, die \u201eganz normal\u201c und manchmal so ganz anders sind.<br \/>\nIn dieser Jubil\u00e4umsausgabe werden jeweils die \u201ealten\u201c Textportr\u00e4ts von Teilnehmer_innen des ersten Bandes Und was sagen die Kinder dazu? ihren aktuellen Statements vor\u00adangestellt. Hinzu kommen Gespr\u00e4che mit T\u00f6chtern und S\u00f6hnen der neuen Regenbogenfamiliengeneration sowie ein Talk zwischen den T\u00f6chtern der Autorinnen<\/td>\n<td class=\"table-second\"><img loading=\"lazy\" decoding=\"async\" class=\"aligncenter size-full wp-image-4069\" src=\"http:\/\/www.efk.at\/wp-content\/uploads\/2021\/08\/cover_undwassagendiekinder.jpg\" alt=\"\" width=\"131\" height=\"215\" srcset=\"https:\/\/www.efk.at\/wp-content\/uploads\/2021\/08\/cover_undwassagendiekinder.jpg 131w, https:\/\/www.efk.at\/wp-content\/uploads\/2021\/08\/cover_undwassagendiekinder-117x192.jpg 117w\" sizes=\"auto, (max-width: 131px) 100vw, 131px\" \/><\/td>\n<\/tr>\n<tr>\n<td>\n<h3>Zwei Papas und ein Baby<\/h3>\n<h5>Unser Leben als (fast) ganz normale Familie<\/h5>\n<p>Von Tobias Rebisch<\/p>\n<p>Altersempfehlung: Erwachsene<\/p>\n<p>Nach ihrer Heirat beschlie\u00dfen Tobias Rebisch und sein Mann, ihr Gl\u00fcck perfekt zu machen: Sie wollen ein Kind adoptieren. Doch der Adoptionsprozess ist langwierig und nervenaufreibend, die B\u00fcrokratie und das lange Warten sind eine Belastungsprobe f\u00fcr die Beziehung. Als sie schon fast aufgeben wollen, geschieht das Wunder: Das Jugendamt meldet sich, schon am n\u00e4chsten Tag sind sie Eltern eines neugeborenen Jungen, der ihr Leben durcheinanderwirbelt. Tobias Rebisch beschreibt offen und ehrlich, wie es ist, von heute auf morgen Eltern zu sein, und berichtet vom Leben als schwules Paar mit Kind. Er erz\u00e4hlt von M\u00fcttern, die M\u00e4nnern grunds\u00e4tzlich die Eignung zur Kindererziehung absprechen, und davon, was ihm durch den Kopf geht, als sein Sohn eines Tages nach der Krippe verk\u00fcndet, er wolle seinen Kita-Freund Stefan heiraten . . .<\/td>\n<td class=\"table-second\"><img loading=\"lazy\" decoding=\"async\" class=\"aligncenter size-medium wp-image-4067\" src=\"http:\/\/www.efk.at\/wp-content\/uploads\/2021\/08\/BuchCover-Zwei-Papas-und-ein-Baby-von-Tobias-Rebisch-198x300.jpg\" alt=\"\" width=\"198\" height=\"300\" srcset=\"https:\/\/www.efk.at\/wp-content\/uploads\/2021\/08\/BuchCover-Zwei-Papas-und-ein-Baby-von-Tobias-Rebisch-198x300.jpg 198w, https:\/\/www.efk.at\/wp-content\/uploads\/2021\/08\/BuchCover-Zwei-Papas-und-ein-Baby-von-Tobias-Rebisch-127x192.jpg 127w, https:\/\/www.efk.at\/wp-content\/uploads\/2021\/08\/BuchCover-Zwei-Papas-und-ein-Baby-von-Tobias-Rebisch.jpg 277w\" sizes=\"auto, (max-width: 198px) 100vw, 198px\" \/><\/td>\n<\/tr>\n<tr>\n<td>\n<h3>Muttergeh\u00e4use<\/h3>\n<h4>Eine Adoptivmutter erz\u00e4hlt<\/h4>\n<p>von Gertraud Klemm<\/p>\n<p>&#8222;Mein Embryio wird in Papier gepackt, Schicht um Schicht. Formulare sind sein Uterus, ein kaltes Knistern sein Nest. Schranken begrenzen meine Mutterschaft, Bewilligungen, Befunde, Gutachten.&#8220;<\/p>\n<p>Ein k\u00e4mpferischer Roman, ein Pl\u00e4doyer f\u00fcr ein Leben abseits der Norm.<\/td>\n<td class=\"table-second\"><img loading=\"lazy\" decoding=\"async\" class=\"alignnone size-medium\" src=\"https:\/\/image.jimcdn.com\/app\/cms\/image\/transf\/none\/path\/sc160971909fa59a7\/image\/ia91d4af18ae4ad29\/version\/1475697399\/image.jpg\" width=\"323\" height=\"475\" \/><\/td>\n<\/tr>\n<tr>\n<td>\n<h3>The great homeland journey (nur in englischer Sprache)<\/h3>\n<h4><strong>von Mary Juusela aus Schweden<\/strong><\/h4>\n<p>Mary Juusela beschreibt in diesem Buch 5 Adoptivfamilien, die sich alle auf die Reise ins Geburtsland der Kinder begeben. Eine Familie adoptierte aus S\u00fcdafrika. Mary lebte teilweise wochenlang direkt bei den Familien und begleitete sie \u00fcber Jahre hinweg, um dieses Buch zu schreiben.<\/p>\n<p>Mary war im Oktober 2015 in Wien und hat ein Seminar gehalten: Sollten Sie nach dem Lesen mit Mary in Kontakt treten wollen, freut sie sich \u00fcber jede Nachricht, nat\u00fcrlich auch in Englisch, und beantwortet diese auch gerne! Ihr Email:<\/p>\n<p><a href=\"http:\/\/millerbooks.tictail.com\/product\/adoption-the-great-homeland-journey\">Hier<\/a> der Link zum Buch &#8211; als E-book erh\u00e4ltlich.<\/td>\n<td class=\"table-second\"><img loading=\"lazy\" decoding=\"async\" class=\"alignnone size-full wp-image-769\" src=\"http:\/\/www.efk.at\/wp-content\/uploads\/2017\/10\/The-Great-Homeland-Journey.jpg\" alt=\"\" width=\"1748\" height=\"2480\" srcset=\"https:\/\/www.efk.at\/wp-content\/uploads\/2017\/10\/The-Great-Homeland-Journey.jpg 1748w, https:\/\/www.efk.at\/wp-content\/uploads\/2017\/10\/The-Great-Homeland-Journey-211x300.jpg 211w, https:\/\/www.efk.at\/wp-content\/uploads\/2017\/10\/The-Great-Homeland-Journey-768x1090.jpg 768w, https:\/\/www.efk.at\/wp-content\/uploads\/2017\/10\/The-Great-Homeland-Journey-722x1024.jpg 722w, https:\/\/www.efk.at\/wp-content\/uploads\/2017\/10\/The-Great-Homeland-Journey-648x919.jpg 648w, https:\/\/www.efk.at\/wp-content\/uploads\/2017\/10\/The-Great-Homeland-Journey-135x192.jpg 135w\" sizes=\"auto, (max-width: 1748px) 100vw, 1748px\" \/><\/td>\n<\/tr>\n<\/tbody>\n<\/table>\n<h3><a href=\"http:\/\/www.efk.at\/literaturempfehlungen\/\">&lt; Zur\u00fcck<\/a><\/h3>\n<p><\/p>","protected":false},"excerpt":{"rendered":"<p>Das Gesicht im Spiegel von Renate Welsh Laura geht es eigentlich richtig gut. Sie und ihr Bruder Boris f\u00fchren mit ihren Eltern ein ganz normales Familienleben. Dass sie beide adoptiert sind, ist nun wirklich nichts Besonderes, das wei\u00df Laura schon lange. Trotzdem ist in letzter Zeit irgendetwas anders. Der Gedanke an ihre leibliche Mutter, von &hellip; <a href=\"https:\/\/www.efk.at\/de\/literatur-biografische-erzaehlungen\/\" class=\"more-link\"><span class=\"screen-reader-text\">Literatur: Biografische Erz\u00e4hlungen<\/span> weiterlesen<\/a><\/p>\n","protected":false},"author":1,"featured_media":0,"parent":0,"menu_order":0,"comment_status":"closed","ping_status":"closed","template":"","meta":{"xn-wppe-expiration":[],"xn-wppe-expiration-action":[],"xn-wppe-expiration-prefix":[],"footnotes":""},"class_list":["post-785","page","type-page","status-publish","hentry"],"yoast_head":"<!-- This site is optimized with the Yoast SEO plugin v26.1.1 - https:\/\/yoast.com\/wordpress\/plugins\/seo\/ -->\n<title>Literatur: Biografische Erz\u00e4hlungen - efk<\/title>\n<meta name=\"robots\" content=\"index, follow, max-snippet:-1, max-image-preview:large, max-video-preview:-1\" \/>\n<link rel=\"canonical\" href=\"https:\/\/www.efk.at\/de\/literatur-biografische-erzaehlungen\/\" \/>\n<meta property=\"og:locale\" content=\"de_DE\" \/>\n<meta property=\"og:type\" content=\"article\" \/>\n<meta property=\"og:title\" content=\"Literatur: Biografische Erz\u00e4hlungen - efk\" \/>\n<meta property=\"og:description\" content=\"Das Gesicht im Spiegel von Renate Welsh Laura geht es eigentlich richtig gut. Sie und ihr Bruder Boris f\u00fchren mit ihren Eltern ein ganz normales Familienleben. Dass sie beide adoptiert sind, ist nun wirklich nichts Besonderes, das wei\u00df Laura schon lange. Trotzdem ist in letzter Zeit irgendetwas anders. Der Gedanke an ihre leibliche Mutter, von &hellip; Literatur: Biografische Erz\u00e4hlungen weiterlesen\" \/>\n<meta property=\"og:url\" content=\"https:\/\/www.efk.at\/de\/literatur-biografische-erzaehlungen\/\" \/>\n<meta property=\"og:site_name\" content=\"efk\" \/>\n<meta property=\"article:modified_time\" content=\"2021-08-10T11:14:08+00:00\" \/>\n<meta property=\"og:image\" content=\"http:\/\/www.efk.at\/wp-content\/uploads\/2017\/10\/Das-Gesicht-im-Spiegel.jpg\" \/>\n<meta name=\"twitter:card\" content=\"summary_large_image\" \/>\n<meta name=\"twitter:label1\" content=\"Gesch\u00e4tzte Lesezeit\" \/>\n\t<meta name=\"twitter:data1\" content=\"9\u00a0Minuten\" \/>\n<script type=\"application\/ld+json\" class=\"yoast-schema-graph\">{\"@context\":\"https:\/\/schema.org\",\"@graph\":[{\"@type\":\"WebPage\",\"@id\":\"https:\/\/www.efk.at\/de\/literatur-biografische-erzaehlungen\/\",\"url\":\"https:\/\/www.efk.at\/de\/literatur-biografische-erzaehlungen\/\",\"name\":\"Literatur: Biografische Erz\u00e4hlungen - efk\",\"isPartOf\":{\"@id\":\"https:\/\/www.efk.at\/de\/#website\"},\"primaryImageOfPage\":{\"@id\":\"https:\/\/www.efk.at\/de\/literatur-biografische-erzaehlungen\/#primaryimage\"},\"image\":{\"@id\":\"https:\/\/www.efk.at\/de\/literatur-biografische-erzaehlungen\/#primaryimage\"},\"thumbnailUrl\":\"http:\/\/www.efk.at\/wp-content\/uploads\/2017\/10\/Das-Gesicht-im-Spiegel.jpg\",\"datePublished\":\"2017-10-04T21:32:54+00:00\",\"dateModified\":\"2021-08-10T11:14:08+00:00\",\"breadcrumb\":{\"@id\":\"https:\/\/www.efk.at\/de\/literatur-biografische-erzaehlungen\/#breadcrumb\"},\"inLanguage\":\"de\",\"potentialAction\":[{\"@type\":\"ReadAction\",\"target\":[\"https:\/\/www.efk.at\/de\/literatur-biografische-erzaehlungen\/\"]}]},{\"@type\":\"ImageObject\",\"inLanguage\":\"de\",\"@id\":\"https:\/\/www.efk.at\/de\/literatur-biografische-erzaehlungen\/#primaryimage\",\"url\":\"http:\/\/www.efk.at\/wp-content\/uploads\/2017\/10\/Das-Gesicht-im-Spiegel.jpg\",\"contentUrl\":\"http:\/\/www.efk.at\/wp-content\/uploads\/2017\/10\/Das-Gesicht-im-Spiegel.jpg\"},{\"@type\":\"BreadcrumbList\",\"@id\":\"https:\/\/www.efk.at\/de\/literatur-biografische-erzaehlungen\/#breadcrumb\",\"itemListElement\":[{\"@type\":\"ListItem\",\"position\":1,\"name\":\"Startseite\",\"item\":\"https:\/\/www.efk.at\/de\/\"},{\"@type\":\"ListItem\",\"position\":2,\"name\":\"Literatur: Biografische Erz\u00e4hlungen\"}]},{\"@type\":\"WebSite\",\"@id\":\"https:\/\/www.efk.at\/de\/#website\",\"url\":\"https:\/\/www.efk.at\/de\/\",\"name\":\"efk\",\"description\":\"Eltern f\u00fcr Kinder \u00d6sterreich\",\"potentialAction\":[{\"@type\":\"SearchAction\",\"target\":{\"@type\":\"EntryPoint\",\"urlTemplate\":\"https:\/\/www.efk.at\/de\/?s={search_term_string}\"},\"query-input\":{\"@type\":\"PropertyValueSpecification\",\"valueRequired\":true,\"valueName\":\"search_term_string\"}}],\"inLanguage\":\"de\"}]}<\/script>\n<!-- \/ Yoast SEO plugin. -->","yoast_head_json":{"title":"Literatur: Biografische Erz\u00e4hlungen - efk","robots":{"index":"index","follow":"follow","max-snippet":"max-snippet:-1","max-image-preview":"max-image-preview:large","max-video-preview":"max-video-preview:-1"},"canonical":"https:\/\/www.efk.at\/de\/literatur-biografische-erzaehlungen\/","og_locale":"de_DE","og_type":"article","og_title":"Literatur: Biografische Erz\u00e4hlungen - efk","og_description":"Das Gesicht im Spiegel von Renate Welsh Laura geht es eigentlich richtig gut. Sie und ihr Bruder Boris f\u00fchren mit ihren Eltern ein ganz normales Familienleben. Dass sie beide adoptiert sind, ist nun wirklich nichts Besonderes, das wei\u00df Laura schon lange. Trotzdem ist in letzter Zeit irgendetwas anders. Der Gedanke an ihre leibliche Mutter, von &hellip; Literatur: Biografische Erz\u00e4hlungen weiterlesen","og_url":"https:\/\/www.efk.at\/de\/literatur-biografische-erzaehlungen\/","og_site_name":"efk","article_modified_time":"2021-08-10T11:14:08+00:00","og_image":[{"url":"http:\/\/www.efk.at\/wp-content\/uploads\/2017\/10\/Das-Gesicht-im-Spiegel.jpg","type":"","width":"","height":""}],"twitter_card":"summary_large_image","twitter_misc":{"Gesch\u00e4tzte Lesezeit":"9\u00a0Minuten"},"schema":{"@context":"https:\/\/schema.org","@graph":[{"@type":"WebPage","@id":"https:\/\/www.efk.at\/de\/literatur-biografische-erzaehlungen\/","url":"https:\/\/www.efk.at\/de\/literatur-biografische-erzaehlungen\/","name":"Literatur: Biografische Erz\u00e4hlungen - efk","isPartOf":{"@id":"https:\/\/www.efk.at\/de\/#website"},"primaryImageOfPage":{"@id":"https:\/\/www.efk.at\/de\/literatur-biografische-erzaehlungen\/#primaryimage"},"image":{"@id":"https:\/\/www.efk.at\/de\/literatur-biografische-erzaehlungen\/#primaryimage"},"thumbnailUrl":"http:\/\/www.efk.at\/wp-content\/uploads\/2017\/10\/Das-Gesicht-im-Spiegel.jpg","datePublished":"2017-10-04T21:32:54+00:00","dateModified":"2021-08-10T11:14:08+00:00","breadcrumb":{"@id":"https:\/\/www.efk.at\/de\/literatur-biografische-erzaehlungen\/#breadcrumb"},"inLanguage":"de","potentialAction":[{"@type":"ReadAction","target":["https:\/\/www.efk.at\/de\/literatur-biografische-erzaehlungen\/"]}]},{"@type":"ImageObject","inLanguage":"de","@id":"https:\/\/www.efk.at\/de\/literatur-biografische-erzaehlungen\/#primaryimage","url":"http:\/\/www.efk.at\/wp-content\/uploads\/2017\/10\/Das-Gesicht-im-Spiegel.jpg","contentUrl":"http:\/\/www.efk.at\/wp-content\/uploads\/2017\/10\/Das-Gesicht-im-Spiegel.jpg"},{"@type":"BreadcrumbList","@id":"https:\/\/www.efk.at\/de\/literatur-biografische-erzaehlungen\/#breadcrumb","itemListElement":[{"@type":"ListItem","position":1,"name":"Startseite","item":"https:\/\/www.efk.at\/de\/"},{"@type":"ListItem","position":2,"name":"Literatur: Biografische Erz\u00e4hlungen"}]},{"@type":"WebSite","@id":"https:\/\/www.efk.at\/de\/#website","url":"https:\/\/www.efk.at\/de\/","name":"efk","description":"Eltern f\u00fcr Kinder \u00d6sterreich","potentialAction":[{"@type":"SearchAction","target":{"@type":"EntryPoint","urlTemplate":"https:\/\/www.efk.at\/de\/?s={search_term_string}"},"query-input":{"@type":"PropertyValueSpecification","valueRequired":true,"valueName":"search_term_string"}}],"inLanguage":"de"}]}},"_links":{"self":[{"href":"https:\/\/www.efk.at\/de\/wp-json\/wp\/v2\/pages\/785","targetHints":{"allow":["GET"]}}],"collection":[{"href":"https:\/\/www.efk.at\/de\/wp-json\/wp\/v2\/pages"}],"about":[{"href":"https:\/\/www.efk.at\/de\/wp-json\/wp\/v2\/types\/page"}],"author":[{"embeddable":true,"href":"https:\/\/www.efk.at\/de\/wp-json\/wp\/v2\/users\/1"}],"replies":[{"embeddable":true,"href":"https:\/\/www.efk.at\/de\/wp-json\/wp\/v2\/comments?post=785"}],"version-history":[{"count":12,"href":"https:\/\/www.efk.at\/de\/wp-json\/wp\/v2\/pages\/785\/revisions"}],"predecessor-version":[{"id":4070,"href":"https:\/\/www.efk.at\/de\/wp-json\/wp\/v2\/pages\/785\/revisions\/4070"}],"wp:attachment":[{"href":"https:\/\/www.efk.at\/de\/wp-json\/wp\/v2\/media?parent=785"}],"curies":[{"name":"wp","href":"https:\/\/api.w.org\/{rel}","templated":true}]}}