{"id":777,"date":"2017-10-04T23:25:21","date_gmt":"2017-10-04T21:25:21","guid":{"rendered":"http:\/\/www.efk.at\/?page_id=777"},"modified":"2025-09-22T13:46:51","modified_gmt":"2025-09-22T11:46:51","slug":"literatur-kinder-aus-dem-heim","status":"publish","type":"page","link":"https:\/\/www.efk.at\/de\/literatur-kinder-aus-dem-heim\/","title":{"rendered":"Literatur: Kinder aus dem Heim"},"content":{"rendered":"<p><\/p>\n<table class=\"literatur-tabel\">\n<tbody>\n<tr>\n<td>\n<h3>Sonntagskind<\/h3>\n<p>von Gudrun Mebs<\/p>\n<p>Sonntagskinder haben besonderes Gl\u00fcck, sagt man. Das kleine M\u00e4dchen h\u00e4lt sich daran fest. Sie ist an einem Sonntag geboren, sonst wei\u00df sie nichts \u00fcber ihre Herkunft. Gudrun Mebs l\u00e4sst ihr Sonntagskind selbst erz\u00e4hlen. Sie kennt sich erstaunlich gut im Innern eines solchen Kindes aus. Wegen des echten Tons dieser Ich-Erz\u00e4hlung gelingt es ihr, die Identifikation der Leser mit dem Buchkind zu bewirken.<\/td>\n<td class=\"table-second\"><img loading=\"lazy\" decoding=\"async\" class=\"alignnone size-full wp-image-779\" src=\"http:\/\/www.efk.at\/wp-content\/uploads\/2017\/10\/Sonntagskind.jpg\" alt=\"\" width=\"305\" height=\"475\" srcset=\"https:\/\/www.efk.at\/wp-content\/uploads\/2017\/10\/Sonntagskind.jpg 305w, https:\/\/www.efk.at\/wp-content\/uploads\/2017\/10\/Sonntagskind-193x300.jpg 193w, https:\/\/www.efk.at\/wp-content\/uploads\/2017\/10\/Sonntagskind-123x192.jpg 123w\" sizes=\"auto, (max-width: 305px) 100vw, 305px\" \/><\/td>\n<\/tr>\n<tr>\n<td>\n<h3>Nele kommt an<\/h3>\n<p>von Brigitta Heck<\/p>\n<p>Die kleine Nele lebt im Kinderheim &#8222;Villa Klatschmohn&#8220;. Da die Kinder dort aber nur bis zu ihrem sechsten Lebensjahr wohnen k\u00f6nnen, soll f\u00fcr jedes ein neuer Platz gefunden werden. Auch Nele soll ein neues Zuhause bekommen. Das Ehepaar Winter m\u00f6chte sie gerne kennenlernen und bei sich wohnen lassen. Doch Nele ist alles andere als begeistert. Was ist, wenn sie die neue Familie nicht mag?<\/td>\n<td class=\"table-second\"><img loading=\"lazy\" decoding=\"async\" class=\"alignnone size-full wp-image-778\" src=\"http:\/\/www.efk.at\/wp-content\/uploads\/2017\/10\/Nele-kommt-an.jpg\" alt=\"\" width=\"265\" height=\"375\" srcset=\"https:\/\/www.efk.at\/wp-content\/uploads\/2017\/10\/Nele-kommt-an.jpg 265w, https:\/\/www.efk.at\/wp-content\/uploads\/2017\/10\/Nele-kommt-an-212x300.jpg 212w, https:\/\/www.efk.at\/wp-content\/uploads\/2017\/10\/Nele-kommt-an-136x192.jpg 136w\" sizes=\"auto, (max-width: 265px) 100vw, 265px\" \/><\/td>\n<\/tr>\n<tr>\n<td>\n<h3>Die unglaubliche Geschichte der Tracy Baker<\/h3>\n<p>von Jacqueline Wilson<\/p>\n<p>Das Leben kann hart sein, findet Tracy Baker, besonders wenn man im Kinderheim wohnt, die beste Freunin einen im Stich l\u00e4sst und man Geburtstagstorten teilen muss. Aber mit all dem wird Tracy fertig! Sie will das Beste aus ihrem Leben machen! Au\u00dferdem ist sie sich sicher, dass eines Tages eine wundersch\u00f6ne Mama vor der T\u00fcr stehen und sie abholen wird&#8230;<\/td>\n<td class=\"table-second\"><img loading=\"lazy\" decoding=\"async\" class=\"alignnone size-full wp-image-721\" src=\"http:\/\/www.efk.at\/wp-content\/uploads\/2017\/10\/Die-unglaubliche-Geschichte-der-Tracy-Baker.jpg\" alt=\"\" width=\"341\" height=\"500\" srcset=\"https:\/\/www.efk.at\/wp-content\/uploads\/2017\/10\/Die-unglaubliche-Geschichte-der-Tracy-Baker.jpg 341w, https:\/\/www.efk.at\/wp-content\/uploads\/2017\/10\/Die-unglaubliche-Geschichte-der-Tracy-Baker-205x300.jpg 205w, https:\/\/www.efk.at\/wp-content\/uploads\/2017\/10\/Die-unglaubliche-Geschichte-der-Tracy-Baker-131x192.jpg 131w\" sizes=\"auto, (max-width: 341px) 100vw, 341px\" \/><\/td>\n<\/tr>\n<tr>\n<td>\n<h3>B\u00fchne frei f\u00fcr Tracy Baker<\/h3>\n<p>von Jacqueline Wilson<\/p>\n<p>Tracy kann ihr Gl\u00fcck kaum fassen: Ihre Mutter hat angek\u00fcndigt, sie \u00fcber die Weihnachtsfeiertage im Heim zu besuchen! Und dann bekommt sie auch noch eine Rolle im Weihnachtsm\u00e4rchen, das an der Schule aufgef\u00fchrt wird. Nun hei\u00dft es flei\u00dfig \u00fcben. Doch nach einem Streit mit ihrer Erzfeindin Christine darf Tracy nicht mehr mitspielen! Nat\u00fcrlich ist sie am Boden zerst\u00f6rt, aber zum Gl\u00fcck hat sie in Peter einen wirklich guten Freund. Und der setzt alle Heben in Bewegung, um Tracy zu helfen.<\/td>\n<td class=\"table-second\"><img loading=\"lazy\" decoding=\"async\" src=\"https:\/\/images-na.ssl-images-amazon.com\/images\/I\/51yotVPQ9bL._SX346_BO1,204,203,200_.jpg\" width=\"348\" height=\"499\" class=\"alignnone size-medium\" \/><\/td>\n<\/tr>\n<tr>\n<td>\n<h3>Tracy Baker ist unschlagbar<\/h3>\n<p>von Jacqueline Wilson<\/p>\n<p>Tracys sehnlichster Wunsch hat sich erf\u00fcllt: Endlich lebt sie bei Traum-Pflegemutter Cam. Eigentlich k\u00f6nnte sie jetzt so richtig gl\u00fccklich sein. Doch das ist gar nicht so einfach, besonders wenn die Lehrerin eine alte Schreckschraube ist, die Mitsch\u00fcler sich \u00fcber einen lustig machen und Tracy Cam nichts von alldem erz\u00e4hlen kann. Aber Tracy w\u00e4re nicht Tracy, wenn sie nicht 1000 galaktisch gute Pl\u00e4ne h\u00e4tte, um dem Gl\u00fcck ein wenig nachzuhelfen&#8230;<\/td>\n<td class=\"table-second\"><img loading=\"lazy\" decoding=\"async\" class=\"alignnone size-full wp-image-719\" src=\"http:\/\/www.efk.at\/wp-content\/uploads\/2017\/10\/Tracy-Baker-ist-unschlagbar.jpg\" alt=\"\" width=\"122\" height=\"180\" \/><\/td>\n<\/tr>\n<\/tbody>\n<\/table>\n<h3><a href=\"http:\/\/www.efk.at\/literaturempfehlungen\/\">&lt; Zur\u00fcck<\/a><\/h3>\n<p><\/p>","protected":false},"excerpt":{"rendered":"<p>Sonntagskind von Gudrun Mebs Sonntagskinder haben besonderes Gl\u00fcck, sagt man. Das kleine M\u00e4dchen h\u00e4lt sich daran fest. Sie ist an einem Sonntag geboren, sonst wei\u00df sie nichts \u00fcber ihre Herkunft. Gudrun Mebs l\u00e4sst ihr Sonntagskind selbst erz\u00e4hlen. Sie kennt sich erstaunlich gut im Innern eines solchen Kindes aus. Wegen des echten Tons dieser Ich-Erz\u00e4hlung gelingt &hellip; <a href=\"https:\/\/www.efk.at\/de\/literatur-kinder-aus-dem-heim\/\" class=\"more-link\"><span class=\"screen-reader-text\">Literatur: Kinder aus dem Heim<\/span> weiterlesen<\/a><\/p>\n","protected":false},"author":1,"featured_media":0,"parent":0,"menu_order":0,"comment_status":"closed","ping_status":"closed","template":"","meta":{"xn-wppe-expiration":[],"xn-wppe-expiration-action":[],"xn-wppe-expiration-prefix":[],"footnotes":""},"class_list":["post-777","page","type-page","status-publish","hentry"],"yoast_head":"<!-- This site is optimized with the Yoast SEO plugin v26.1.1 - https:\/\/yoast.com\/wordpress\/plugins\/seo\/ -->\n<title>Literatur: Kinder aus dem Heim - efk<\/title>\n<meta name=\"robots\" content=\"index, follow, max-snippet:-1, max-image-preview:large, max-video-preview:-1\" \/>\n<link rel=\"canonical\" href=\"https:\/\/www.efk.at\/literatur-kinder-aus-dem-heim\/\" \/>\n<meta property=\"og:locale\" content=\"de_DE\" \/>\n<meta property=\"og:type\" content=\"article\" \/>\n<meta property=\"og:title\" content=\"Literatur: Kinder aus dem Heim - efk\" \/>\n<meta property=\"og:description\" content=\"Sonntagskind von Gudrun Mebs Sonntagskinder haben besonderes Gl\u00fcck, sagt man. Das kleine M\u00e4dchen h\u00e4lt sich daran fest. Sie ist an einem Sonntag geboren, sonst wei\u00df sie nichts \u00fcber ihre Herkunft. Gudrun Mebs l\u00e4sst ihr Sonntagskind selbst erz\u00e4hlen. Sie kennt sich erstaunlich gut im Innern eines solchen Kindes aus. Wegen des echten Tons dieser Ich-Erz\u00e4hlung gelingt &hellip; Literatur: Kinder aus dem Heim weiterlesen\" \/>\n<meta property=\"og:url\" content=\"https:\/\/www.efk.at\/literatur-kinder-aus-dem-heim\/\" \/>\n<meta property=\"og:site_name\" content=\"efk\" \/>\n<meta property=\"article:modified_time\" content=\"2025-09-22T11:46:51+00:00\" \/>\n<meta property=\"og:image\" content=\"http:\/\/www.efk.at\/wp-content\/uploads\/2017\/10\/Sonntagskind.jpg\" \/>\n<meta name=\"twitter:card\" content=\"summary_large_image\" \/>\n<meta name=\"twitter:label1\" content=\"Gesch\u00e4tzte Lesezeit\" \/>\n\t<meta name=\"twitter:data1\" content=\"7\u00a0Minuten\" \/>\n<script type=\"application\/ld+json\" class=\"yoast-schema-graph\">{\"@context\":\"https:\/\/schema.org\",\"@graph\":[{\"@type\":\"WebPage\",\"@id\":\"https:\/\/www.efk.at\/literatur-kinder-aus-dem-heim\/\",\"url\":\"https:\/\/www.efk.at\/literatur-kinder-aus-dem-heim\/\",\"name\":\"Literatur: Kinder aus dem Heim - efk\",\"isPartOf\":{\"@id\":\"https:\/\/www.efk.at\/de\/#website\"},\"primaryImageOfPage\":{\"@id\":\"https:\/\/www.efk.at\/literatur-kinder-aus-dem-heim\/#primaryimage\"},\"image\":{\"@id\":\"https:\/\/www.efk.at\/literatur-kinder-aus-dem-heim\/#primaryimage\"},\"thumbnailUrl\":\"http:\/\/www.efk.at\/wp-content\/uploads\/2017\/10\/Sonntagskind.jpg\",\"datePublished\":\"2017-10-04T21:25:21+00:00\",\"dateModified\":\"2025-09-22T11:46:51+00:00\",\"breadcrumb\":{\"@id\":\"https:\/\/www.efk.at\/literatur-kinder-aus-dem-heim\/#breadcrumb\"},\"inLanguage\":\"de\",\"potentialAction\":[{\"@type\":\"ReadAction\",\"target\":[\"https:\/\/www.efk.at\/literatur-kinder-aus-dem-heim\/\"]}]},{\"@type\":\"ImageObject\",\"inLanguage\":\"de\",\"@id\":\"https:\/\/www.efk.at\/literatur-kinder-aus-dem-heim\/#primaryimage\",\"url\":\"http:\/\/www.efk.at\/wp-content\/uploads\/2017\/10\/Sonntagskind.jpg\",\"contentUrl\":\"http:\/\/www.efk.at\/wp-content\/uploads\/2017\/10\/Sonntagskind.jpg\"},{\"@type\":\"BreadcrumbList\",\"@id\":\"https:\/\/www.efk.at\/literatur-kinder-aus-dem-heim\/#breadcrumb\",\"itemListElement\":[{\"@type\":\"ListItem\",\"position\":1,\"name\":\"Startseite\",\"item\":\"https:\/\/www.efk.at\/de\/\"},{\"@type\":\"ListItem\",\"position\":2,\"name\":\"Literatur: Kinder aus dem Heim\"}]},{\"@type\":\"WebSite\",\"@id\":\"https:\/\/www.efk.at\/de\/#website\",\"url\":\"https:\/\/www.efk.at\/de\/\",\"name\":\"efk\",\"description\":\"Eltern f\u00fcr Kinder \u00d6sterreich\",\"potentialAction\":[{\"@type\":\"SearchAction\",\"target\":{\"@type\":\"EntryPoint\",\"urlTemplate\":\"https:\/\/www.efk.at\/de\/?s={search_term_string}\"},\"query-input\":{\"@type\":\"PropertyValueSpecification\",\"valueRequired\":true,\"valueName\":\"search_term_string\"}}],\"inLanguage\":\"de\"}]}<\/script>\n<!-- \/ Yoast SEO plugin. -->","yoast_head_json":{"title":"Literatur: Kinder aus dem Heim - efk","robots":{"index":"index","follow":"follow","max-snippet":"max-snippet:-1","max-image-preview":"max-image-preview:large","max-video-preview":"max-video-preview:-1"},"canonical":"https:\/\/www.efk.at\/literatur-kinder-aus-dem-heim\/","og_locale":"de_DE","og_type":"article","og_title":"Literatur: Kinder aus dem Heim - efk","og_description":"Sonntagskind von Gudrun Mebs Sonntagskinder haben besonderes Gl\u00fcck, sagt man. Das kleine M\u00e4dchen h\u00e4lt sich daran fest. Sie ist an einem Sonntag geboren, sonst wei\u00df sie nichts \u00fcber ihre Herkunft. Gudrun Mebs l\u00e4sst ihr Sonntagskind selbst erz\u00e4hlen. Sie kennt sich erstaunlich gut im Innern eines solchen Kindes aus. Wegen des echten Tons dieser Ich-Erz\u00e4hlung gelingt &hellip; Literatur: Kinder aus dem Heim weiterlesen","og_url":"https:\/\/www.efk.at\/literatur-kinder-aus-dem-heim\/","og_site_name":"efk","article_modified_time":"2025-09-22T11:46:51+00:00","og_image":[{"url":"http:\/\/www.efk.at\/wp-content\/uploads\/2017\/10\/Sonntagskind.jpg","type":"","width":"","height":""}],"twitter_card":"summary_large_image","twitter_misc":{"Gesch\u00e4tzte Lesezeit":"7\u00a0Minuten"},"schema":{"@context":"https:\/\/schema.org","@graph":[{"@type":"WebPage","@id":"https:\/\/www.efk.at\/literatur-kinder-aus-dem-heim\/","url":"https:\/\/www.efk.at\/literatur-kinder-aus-dem-heim\/","name":"Literatur: Kinder aus dem Heim - efk","isPartOf":{"@id":"https:\/\/www.efk.at\/de\/#website"},"primaryImageOfPage":{"@id":"https:\/\/www.efk.at\/literatur-kinder-aus-dem-heim\/#primaryimage"},"image":{"@id":"https:\/\/www.efk.at\/literatur-kinder-aus-dem-heim\/#primaryimage"},"thumbnailUrl":"http:\/\/www.efk.at\/wp-content\/uploads\/2017\/10\/Sonntagskind.jpg","datePublished":"2017-10-04T21:25:21+00:00","dateModified":"2025-09-22T11:46:51+00:00","breadcrumb":{"@id":"https:\/\/www.efk.at\/literatur-kinder-aus-dem-heim\/#breadcrumb"},"inLanguage":"de","potentialAction":[{"@type":"ReadAction","target":["https:\/\/www.efk.at\/literatur-kinder-aus-dem-heim\/"]}]},{"@type":"ImageObject","inLanguage":"de","@id":"https:\/\/www.efk.at\/literatur-kinder-aus-dem-heim\/#primaryimage","url":"http:\/\/www.efk.at\/wp-content\/uploads\/2017\/10\/Sonntagskind.jpg","contentUrl":"http:\/\/www.efk.at\/wp-content\/uploads\/2017\/10\/Sonntagskind.jpg"},{"@type":"BreadcrumbList","@id":"https:\/\/www.efk.at\/literatur-kinder-aus-dem-heim\/#breadcrumb","itemListElement":[{"@type":"ListItem","position":1,"name":"Startseite","item":"https:\/\/www.efk.at\/de\/"},{"@type":"ListItem","position":2,"name":"Literatur: Kinder aus dem Heim"}]},{"@type":"WebSite","@id":"https:\/\/www.efk.at\/de\/#website","url":"https:\/\/www.efk.at\/de\/","name":"efk","description":"Eltern f\u00fcr Kinder \u00d6sterreich","potentialAction":[{"@type":"SearchAction","target":{"@type":"EntryPoint","urlTemplate":"https:\/\/www.efk.at\/de\/?s={search_term_string}"},"query-input":{"@type":"PropertyValueSpecification","valueRequired":true,"valueName":"search_term_string"}}],"inLanguage":"de"}]}},"_links":{"self":[{"href":"https:\/\/www.efk.at\/de\/wp-json\/wp\/v2\/pages\/777","targetHints":{"allow":["GET"]}}],"collection":[{"href":"https:\/\/www.efk.at\/de\/wp-json\/wp\/v2\/pages"}],"about":[{"href":"https:\/\/www.efk.at\/de\/wp-json\/wp\/v2\/types\/page"}],"author":[{"embeddable":true,"href":"https:\/\/www.efk.at\/de\/wp-json\/wp\/v2\/users\/1"}],"replies":[{"embeddable":true,"href":"https:\/\/www.efk.at\/de\/wp-json\/wp\/v2\/comments?post=777"}],"version-history":[{"count":4,"href":"https:\/\/www.efk.at\/de\/wp-json\/wp\/v2\/pages\/777\/revisions"}],"predecessor-version":[{"id":5933,"href":"https:\/\/www.efk.at\/de\/wp-json\/wp\/v2\/pages\/777\/revisions\/5933"}],"wp:attachment":[{"href":"https:\/\/www.efk.at\/de\/wp-json\/wp\/v2\/media?parent=777"}],"curies":[{"name":"wp","href":"https:\/\/api.w.org\/{rel}","templated":true}]}}