{"id":762,"date":"2017-10-04T22:52:30","date_gmt":"2017-10-04T20:52:30","guid":{"rendered":"http:\/\/www.efk.at\/?page_id=762"},"modified":"2025-09-22T14:01:08","modified_gmt":"2025-09-22T12:01:08","slug":"literatur-regenbogenfamilien","status":"publish","type":"page","link":"https:\/\/www.efk.at\/de\/literatur-regenbogenfamilien\/","title":{"rendered":"Literatur: Regenbogenfamilien"},"content":{"rendered":"<p><\/p>\n<table class=\"literatur-tabel\">\n<tbody>\n<tr>\n<td>\n<h3>Daddy, Papa, and Me<\/h3>\n<p>von Lesl\u00e9a Newman<\/td>\n<td class=\"table-second\"><img loading=\"lazy\" decoding=\"async\" class=\"alignnone size-full wp-image-760\" src=\"http:\/\/www.efk.at\/wp-content\/uploads\/2017\/10\/Daddy-Papa-and-Me.jpg\" alt=\"\" width=\"498\" height=\"500\" srcset=\"https:\/\/www.efk.at\/wp-content\/uploads\/2017\/10\/Daddy-Papa-and-Me.jpg 498w, https:\/\/www.efk.at\/wp-content\/uploads\/2017\/10\/Daddy-Papa-and-Me-150x150.jpg 150w, https:\/\/www.efk.at\/wp-content\/uploads\/2017\/10\/Daddy-Papa-and-Me-300x300.jpg 300w, https:\/\/www.efk.at\/wp-content\/uploads\/2017\/10\/Daddy-Papa-and-Me-330x330.jpg 330w, https:\/\/www.efk.at\/wp-content\/uploads\/2017\/10\/Daddy-Papa-and-Me-96x96.jpg 96w, https:\/\/www.efk.at\/wp-content\/uploads\/2017\/10\/Daddy-Papa-and-Me-191x192.jpg 191w\" sizes=\"auto, (max-width: 498px) 100vw, 498px\" \/><\/td>\n<\/tr>\n<tr>\n<td>\n<h3>Mommy, Mama, and Me<\/h3>\n<p>von Lesl\u00e9a Newman<\/td>\n<td class=\"table-second\"><img loading=\"lazy\" decoding=\"async\" class=\"alignnone size-full wp-image-759\" src=\"http:\/\/www.efk.at\/wp-content\/uploads\/2017\/10\/Mommy-Mama-and-Me.jpg\" alt=\"\" width=\"477\" height=\"480\" srcset=\"https:\/\/www.efk.at\/wp-content\/uploads\/2017\/10\/Mommy-Mama-and-Me.jpg 477w, https:\/\/www.efk.at\/wp-content\/uploads\/2017\/10\/Mommy-Mama-and-Me-150x150.jpg 150w, https:\/\/www.efk.at\/wp-content\/uploads\/2017\/10\/Mommy-Mama-and-Me-298x300.jpg 298w, https:\/\/www.efk.at\/wp-content\/uploads\/2017\/10\/Mommy-Mama-and-Me-96x96.jpg 96w, https:\/\/www.efk.at\/wp-content\/uploads\/2017\/10\/Mommy-Mama-and-Me-191x192.jpg 191w\" sizes=\"auto, (max-width: 477px) 100vw, 477px\" \/><\/td>\n<\/tr>\n<tr>\n<td>\n<h3>Katervaterhasensohn<\/h3>\n<p>von Jana Frey<\/p>\n<p>Was tut ein kleiner Hase, der im Wald verloren ist? Er sucht sich einen neuen Vater! Das ist jedoch gar nicht so einfach. Und was passiert, wenn man pl\u00f6tzlich zwei V\u00e4ter hat?<\/td>\n<td class=\"table-second\"><img loading=\"lazy\" decoding=\"async\" class=\"alignnone size-full wp-image-681\" src=\"http:\/\/www.efk.at\/wp-content\/uploads\/2017\/10\/Katervaterhasensohn.jpg\" alt=\"\" width=\"265\" height=\"371\" srcset=\"https:\/\/www.efk.at\/wp-content\/uploads\/2017\/10\/Katervaterhasensohn.jpg 265w, https:\/\/www.efk.at\/wp-content\/uploads\/2017\/10\/Katervaterhasensohn-214x300.jpg 214w, https:\/\/www.efk.at\/wp-content\/uploads\/2017\/10\/Katervaterhasensohn-137x192.jpg 137w\" sizes=\"auto, (max-width: 265px) 100vw, 265px\" \/><\/td>\n<\/tr>\n<tr>\n<td>\n<h3>You are a wish<\/h3>\n<p>ab 2,5 Jahren<\/p>\n<p>Von einer Reise nach S\u00fcdafrika mitgenommen haben wir dieses Buch, das in englischen, einfachen Reimen von der Freude erz\u00e4hlt, die Adoptiveltern mit ihren Kindern haben!<\/p>\n<p>Mit bezaubernden Illustrationen, die viele verschiedene Varianten an Adoptivfamilien zeigen (Elternkonstellationen, Kinderzahl, Hautfarben) bringt das Buch eine wundersch\u00f6ne Vielfalt ein und betont durch seine Kernaussage<\/p>\n<p><em>Yes, we may look different, but we don\u2019t mind a bit<br \/>\n<\/em><em>like the pieces of a patchwork quilt we are a perfect fit.<\/em><\/p>\n<p>das Zusammengeh\u00f6rigkeitsgef\u00fchl, die Bindung sowie die Freude aneinander.<\/td>\n<td class=\"table-second\"><img loading=\"lazy\" decoding=\"async\" class=\"alignnone size-full wp-image-5880\" src=\"https:\/\/www.efk.at\/wp-content\/uploads\/2025\/08\/OIP-4.webp\" alt=\"\" width=\"203\" height=\"271\" srcset=\"https:\/\/www.efk.at\/wp-content\/uploads\/2025\/08\/OIP-4.webp 203w, https:\/\/www.efk.at\/wp-content\/uploads\/2025\/08\/OIP-4-144x192.webp 144w\" sizes=\"auto, (max-width: 203px) 100vw, 203px\" \/><\/td>\n<\/tr>\n<tr>\n<td>\n<h3>And tango makes three<\/h3>\n<p>von Justin Richardson und Peter Parnell<\/p>\n<p>Was tut ein kleiner Hase, der im Wald verloren ist? Er sucht sich einen neuen Vater! Das ist jedoch gar nicht so einfach. Und was passiert, wenn man pl\u00f6tzlich zwei V\u00e4ter hat?<\/td>\n<td class=\"table-second\"><img loading=\"lazy\" decoding=\"async\" class=\"alignnone size-full wp-image-758\" src=\"http:\/\/www.efk.at\/wp-content\/uploads\/2017\/10\/And-tango-makes-three.jpg\" alt=\"\" width=\"1878\" height=\"1400\" srcset=\"https:\/\/www.efk.at\/wp-content\/uploads\/2017\/10\/And-tango-makes-three.jpg 1878w, https:\/\/www.efk.at\/wp-content\/uploads\/2017\/10\/And-tango-makes-three-300x224.jpg 300w, https:\/\/www.efk.at\/wp-content\/uploads\/2017\/10\/And-tango-makes-three-768x573.jpg 768w, https:\/\/www.efk.at\/wp-content\/uploads\/2017\/10\/And-tango-makes-three-1024x763.jpg 1024w, https:\/\/www.efk.at\/wp-content\/uploads\/2017\/10\/And-tango-makes-three-648x483.jpg 648w, https:\/\/www.efk.at\/wp-content\/uploads\/2017\/10\/And-tango-makes-three-258x192.jpg 258w\" sizes=\"auto, (max-width: 1878px) 100vw, 1878px\" \/><\/td>\n<\/tr>\n<tr>\n<td>\n<h3>Komm, ich zeig dir meine Eltern<\/h3>\n<p>von Michael Link<\/p>\n<p>Eltern, Kind, zwei Omas und drei Hunde. Eine ganz normale Familie. Das Zimmer vom kleinen Daniel ist mit Kuscheltieren vollgestopft, er spielt gern im Sandkasten und geht freitags in den Musikkindergarten. Ein ganz normales Familienleben. Aber doch irgendwie anders&#8230;<\/p>\n<p>Daniels Eltern sind Papa und Micha. Und das sind Patrick Lindner und Michael Link. Das homosexuelle Paar hat den kleinen Daniel aus St. Petersburg adoptiert. Mit &#8222;Komm, ich zeig dir meine Eltern&#8220; schildern sie eindrucksvoll, dass ihre Liebe zu Daniel keine Frage von Blutsverwandtschaft ist &#8211; sondern eben ganz normal.<\/td>\n<td class=\"table-second\"><img loading=\"lazy\" decoding=\"async\" class=\"alignnone size-full wp-image-680\" src=\"http:\/\/www.efk.at\/wp-content\/uploads\/2017\/10\/Komm-ich-zeig-dir-meine-Eltern.jpg\" alt=\"\" width=\"475\" height=\"410\" srcset=\"https:\/\/www.efk.at\/wp-content\/uploads\/2017\/10\/Komm-ich-zeig-dir-meine-Eltern.jpg 475w, https:\/\/www.efk.at\/wp-content\/uploads\/2017\/10\/Komm-ich-zeig-dir-meine-Eltern-300x259.jpg 300w, https:\/\/www.efk.at\/wp-content\/uploads\/2017\/10\/Komm-ich-zeig-dir-meine-Eltern-222x192.jpg 222w\" sizes=\"auto, (max-width: 475px) 100vw, 475px\" \/><\/td>\n<\/tr>\n<tr>\n<td>\n<h3>A Tale of Two Mommies<\/h3>\n<p>von Vanita Oelschlager<\/p>\n<p>Two Mommies is a heartwarming book. It provides a platform for discussing a timely topic: the love and support all children want, and need, from their parents and peers.<\/td>\n<td class=\"table-second\"><img loading=\"lazy\" decoding=\"async\" class=\"alignnone size-full wp-image-757\" src=\"http:\/\/www.efk.at\/wp-content\/uploads\/2017\/10\/A-Tale-of-Two-Mommies.jpg\" alt=\"\" width=\"960\" height=\"1239\" srcset=\"https:\/\/www.efk.at\/wp-content\/uploads\/2017\/10\/A-Tale-of-Two-Mommies.jpg 960w, https:\/\/www.efk.at\/wp-content\/uploads\/2017\/10\/A-Tale-of-Two-Mommies-232x300.jpg 232w, https:\/\/www.efk.at\/wp-content\/uploads\/2017\/10\/A-Tale-of-Two-Mommies-768x991.jpg 768w, https:\/\/www.efk.at\/wp-content\/uploads\/2017\/10\/A-Tale-of-Two-Mommies-793x1024.jpg 793w, https:\/\/www.efk.at\/wp-content\/uploads\/2017\/10\/A-Tale-of-Two-Mommies-648x836.jpg 648w, https:\/\/www.efk.at\/wp-content\/uploads\/2017\/10\/A-Tale-of-Two-Mommies-149x192.jpg 149w\" sizes=\"auto, (max-width: 960px) 100vw, 960px\" \/><\/td>\n<\/tr>\n<tr>\n<td>\n<h3>Heather Has Two Mommies<\/h3>\n<p>von Lesl\u00e9a Newman<\/p>\n<p>Heather&#8217;s favourite number is two. She has two arms, two legs, two pets &#8211; and two mommies. On her first day at school, someone asks Heather about her daddy. Heather wonders, <em>Am I the only one here who doesn&#8217;t have a daddy?<\/em><\/p>\n<p>And guess what? It turns out that families come in lots of different shapes and sizes &#8211; and as Heather&#8217;s teacher tells her, &#8222;The most important thing about a family is that all the people in it love one another.&#8220;<\/td>\n<td class=\"table-second\"><img loading=\"lazy\" decoding=\"async\" class=\"alignnone size-full wp-image-756\" src=\"http:\/\/www.efk.at\/wp-content\/uploads\/2017\/10\/Heather-Has-Two-Mommies.jpg\" alt=\"\" width=\"260\" height=\"268\" srcset=\"https:\/\/www.efk.at\/wp-content\/uploads\/2017\/10\/Heather-Has-Two-Mommies.jpg 260w, https:\/\/www.efk.at\/wp-content\/uploads\/2017\/10\/Heather-Has-Two-Mommies-186x192.jpg 186w\" sizes=\"auto, (max-width: 260px) 100vw, 260px\" \/><\/td>\n<\/tr>\n<tr>\n<td>\n<h3>Das Alles ist Familie<\/h3>\n<p>von Michael Engler<br \/>\nab 4 Jahren<\/p>\n<p>When Baby Brown Bear arrives at City Zoo, all alone and very frightened, Mama Polar Bear scoops him into her arms and promises to be his mother. Despite the grumblings and protests of the other animals, Baby Brown Bear learns family is family, no matter the differences, and all bears need love.<\/td>\n<td class=\"table-second\"><img loading=\"lazy\" decoding=\"async\" class=\"alignnone size-full wp-image-5878\" src=\"https:\/\/www.efk.at\/wp-content\/uploads\/2025\/08\/OIP-3.webp\" alt=\"\" width=\"142\" height=\"180\" \/><\/td>\n<\/tr>\n<tr>\n<td>\n<h3>Herr Seepferdchen<\/h3>\n<p>von Eric Carle<\/p>\n<p>Das Familienleben der Seepferdchen ist ungew\u00f6hnlich. Die Seepferdchen-Mutter legt ihre Eier in eine Tasche am Bauch des Vaters. Der Vater befruchtet die Eier und gibt auf sie acht, w\u00e4hrend sie in seiner Tasche heranwachsen &#8211; wie eine schwangere Mutter. Die Seepferdchen-Mutter kommt jeden Tag vorbei, aber sie muss sich nicht um den Nachwuchs k\u00fcmmern. Wenig sp\u00e4ter kommen die Seepferdchen-Babys zur Welt, n\u00e4mlich wenn sie gro\u00df genug sind, um alleine zurechtzukommen.<\/td>\n<td class=\"table-second\"><img loading=\"lazy\" decoding=\"async\" class=\"alignnone size-full wp-image-755\" src=\"http:\/\/www.efk.at\/wp-content\/uploads\/2017\/10\/Herr-Seepferdchen.jpg\" alt=\"\" width=\"316\" height=\"420\" srcset=\"https:\/\/www.efk.at\/wp-content\/uploads\/2017\/10\/Herr-Seepferdchen.jpg 316w, https:\/\/www.efk.at\/wp-content\/uploads\/2017\/10\/Herr-Seepferdchen-226x300.jpg 226w, https:\/\/www.efk.at\/wp-content\/uploads\/2017\/10\/Herr-Seepferdchen-144x192.jpg 144w\" sizes=\"auto, (max-width: 316px) 100vw, 316px\" \/><\/td>\n<\/tr>\n<tr>\n<td>\n<h3>Zusammengeh\u00f6ren<\/h3>\n<p>von Sylvia Pah und Joke Schat<\/p>\n<p><em>Altersempfehlung: 4 bis 6 Jahre<\/em><\/p>\n<p>Das Buch erz\u00e4hlt von zwei Kindern, dem Streit und der Trennung der Eltern und dann der neuen Partnerin der Mutter\u2026 und wie sie als Familie zusammenwachsen.<\/p>\n<p>Sehr \u00fcbersichtlich &#8211; links der Text und rechts das Bild.<\/td>\n<td class=\"table-second\"><img loading=\"lazy\" decoding=\"async\" class=\"alignnone size-medium\" src=\"https:\/\/images-na.ssl-images-amazon.com\/images\/I\/51LdQWysafL._SX258_BO1,204,203,200_.jpg\" width=\"260\" height=\"271\" \/><\/td>\n<\/tr>\n<tr>\n<td>\n<h3>Mika, Ida und der Eselschreck<\/h3>\n<h4>Eine Geschichte \u00fcber eine Regenbogenfamilie<\/h4>\n<p>von Miriam Lindner und Heribert Schulmeyer<\/p>\n<p>Mika und Ida lernen sich auf dem M\u00f6llerhof zwischen Ponys, Eseln, K\u00fchen, Schweinen und H\u00fchnern kennen. Beide lieben ihre Ponys und lachen zhusammen \u00fcber die bockigen Esel. Ida findet es nur seltsam, dass Mika mit zwei Mamas zum Reiten kommt. Aber der gemeinsame Eselschreck verbindet und das elterliche Staunen \u00fcber ein bisschen Abenteuerstaub auch. Ida lernt: Die einen leben so, die anderen eben anders.<\/td>\n<td class=\"table-second\"><img loading=\"lazy\" decoding=\"async\" class=\"alignnone size-medium\" src=\"https:\/\/psychiatrie-verlag.de\/wp-content\/uploads\/2018\/10\/9783867391351.jpg\" width=\"983\" height=\"600\" \/><\/td>\n<\/tr>\n<tr>\n<td>\n<h3>Die Geschichte unserer Familie<\/h3>\n<h4>Ein Buch f\u00fcr lesbische Familien mit Wunschkindern durch Samenspende<\/h4>\n<p>von Petra Thorn und Lisa Herrmann-Green<\/p>\n<p>&#8222;Das sind Mama und Mami, als sie noch kein Kind hatten. Sie liebten sich und waren sehr gl\u00fccklich. Und weil sie sich so sehr liebten, w\u00fcnschten sie sich ein Baby&#8230;&#8220;<\/td>\n<td class=\"table-second\"><img loading=\"lazy\" decoding=\"async\" class=\"alignnone size-full wp-image-754\" src=\"http:\/\/www.efk.at\/wp-content\/uploads\/2017\/10\/Die-Geschichte-unserer-Familie.jpg\" alt=\"\" width=\"770\" height=\"770\" srcset=\"https:\/\/www.efk.at\/wp-content\/uploads\/2017\/10\/Die-Geschichte-unserer-Familie.jpg 770w, https:\/\/www.efk.at\/wp-content\/uploads\/2017\/10\/Die-Geschichte-unserer-Familie-150x150.jpg 150w, https:\/\/www.efk.at\/wp-content\/uploads\/2017\/10\/Die-Geschichte-unserer-Familie-300x300.jpg 300w, https:\/\/www.efk.at\/wp-content\/uploads\/2017\/10\/Die-Geschichte-unserer-Familie-768x768.jpg 768w, https:\/\/www.efk.at\/wp-content\/uploads\/2017\/10\/Die-Geschichte-unserer-Familie-330x330.jpg 330w, https:\/\/www.efk.at\/wp-content\/uploads\/2017\/10\/Die-Geschichte-unserer-Familie-96x96.jpg 96w, https:\/\/www.efk.at\/wp-content\/uploads\/2017\/10\/Die-Geschichte-unserer-Familie-648x648.jpg 648w, https:\/\/www.efk.at\/wp-content\/uploads\/2017\/10\/Die-Geschichte-unserer-Familie-192x192.jpg 192w\" sizes=\"auto, (max-width: 770px) 100vw, 770px\" \/><\/td>\n<\/tr>\n<tr>\n<td>\n<h3>Und was sagen die Kinder dazu? 10 Jahre sp\u00e4ter!<\/h3>\n<h5>Neue Gespr\u00e4che mit T\u00f6chtern und S\u00f6hnen lesbischer, schwuler und trans* Eltern<\/h5>\n<p>(Fortsetzung von: Und was sagen die Kinder dazu? Gespr\u00e4che mit T\u00f6chtern und S\u00f6hnen lesbischer und schwuler Eltern)<\/p>\n<p>Von Ulis Treib-Brzoc und Stephanie Gerlach<\/p>\n<p><em>Altersempfehlung: Erwachsene<\/em><\/p>\n<p>Ein zweites Mal kommen T\u00f6chter und S\u00f6hne lesbischer M\u00fctter, schwuler V\u00e4ter und \u2013 neu \u2013 von Eltern, die sich als transgender identifizieren, zu Wort. Zehn Jahre nach den ersten Interviews wurden die 34 Kinder, Jugendlichen und Erwachsenen ein weiteres Mal zu ihrer Sicht auf ihre Familie befragt \u2013 Familien, die immer noch als \u201ebesonders\u201c oder auch \u201eerkl\u00e4rungsbed\u00fcrftig\u201c wahrgenommen werden.<br \/>\nWas finden die Kinder an ihrer Familie gro\u00dfartig? Was m\u00f6gen sie an ihren Eltern, was kritisieren sie? Welche W\u00fcnsche und Tr\u00e4ume haben sie f\u00fcr ihr Leben? Mit welchen Bef\u00fcrchtungen oder Reaktionen setzen sie sich auseinander? Was erleben sie als unterst\u00fctzend? All das vermitteln die Texte authentisch und anschaulich. Die Kinder erz\u00e4hlen ganz offen auch von Krisen und Trennungen und dar\u00fcber, wie ihre Eltern f\u00fcr sie da sind. Und sie geben uns einen Einblick in ihre Familien, die \u201eganz normal\u201c und manchmal so ganz anders sind.<br \/>\nIn dieser Jubil\u00e4umsausgabe werden jeweils die \u201ealten\u201c Textportr\u00e4ts von Teilnehmer_innen des ersten Bandes Und was sagen die Kinder dazu? ihren aktuellen Statements vor\u00adangestellt. Hinzu kommen Gespr\u00e4che mit T\u00f6chtern und S\u00f6hnen der neuen Regenbogenfamiliengeneration sowie ein Talk zwischen den T\u00f6chtern der Autorinnen<\/td>\n<td class=\"table-second\"><img loading=\"lazy\" decoding=\"async\" class=\"aligncenter size-full wp-image-4069\" src=\"http:\/\/www.efk.at\/wp-content\/uploads\/2021\/08\/cover_undwassagendiekinder.jpg\" alt=\"\" width=\"131\" height=\"215\" srcset=\"https:\/\/www.efk.at\/wp-content\/uploads\/2021\/08\/cover_undwassagendiekinder.jpg 131w, https:\/\/www.efk.at\/wp-content\/uploads\/2021\/08\/cover_undwassagendiekinder-117x192.jpg 117w\" sizes=\"auto, (max-width: 131px) 100vw, 131px\" \/><\/td>\n<\/tr>\n<\/tbody>\n<\/table>\n<h3><a href=\"http:\/\/www.efk.at\/literaturempfehlungen\/\">&lt; Zur\u00fcck<\/a><\/h3>\n<p><\/p>","protected":false},"excerpt":{"rendered":"<p>Daddy, Papa, and Me von Lesl\u00e9a Newman Mommy, Mama, and Me von Lesl\u00e9a Newman Katervaterhasensohn von Jana Frey Was tut ein kleiner Hase, der im Wald verloren ist? Er sucht sich einen neuen Vater! Das ist jedoch gar nicht so einfach. Und was passiert, wenn man pl\u00f6tzlich zwei V\u00e4ter hat? You are a wish ab &hellip; <a href=\"https:\/\/www.efk.at\/de\/literatur-regenbogenfamilien\/\" class=\"more-link\"><span class=\"screen-reader-text\">Literatur: Regenbogenfamilien<\/span> weiterlesen<\/a><\/p>\n","protected":false},"author":1,"featured_media":0,"parent":0,"menu_order":0,"comment_status":"closed","ping_status":"closed","template":"","meta":{"xn-wppe-expiration":[],"xn-wppe-expiration-action":[],"xn-wppe-expiration-prefix":[],"footnotes":""},"class_list":["post-762","page","type-page","status-publish","hentry"],"yoast_head":"<!-- This site is optimized with the Yoast SEO plugin v26.1.1 - https:\/\/yoast.com\/wordpress\/plugins\/seo\/ -->\n<title>Literatur: Regenbogenfamilien - efk<\/title>\n<meta name=\"robots\" content=\"index, follow, max-snippet:-1, max-image-preview:large, max-video-preview:-1\" \/>\n<link rel=\"canonical\" href=\"https:\/\/www.efk.at\/literatur-regenbogenfamilien\/\" \/>\n<meta property=\"og:locale\" content=\"de_DE\" \/>\n<meta property=\"og:type\" content=\"article\" \/>\n<meta property=\"og:title\" content=\"Literatur: Regenbogenfamilien - efk\" \/>\n<meta property=\"og:description\" content=\"Daddy, Papa, and Me von Lesl\u00e9a Newman Mommy, Mama, and Me von Lesl\u00e9a Newman Katervaterhasensohn von Jana Frey Was tut ein kleiner Hase, der im Wald verloren ist? Er sucht sich einen neuen Vater! Das ist jedoch gar nicht so einfach. Und was passiert, wenn man pl\u00f6tzlich zwei V\u00e4ter hat? You are a wish ab &hellip; Literatur: Regenbogenfamilien weiterlesen\" \/>\n<meta property=\"og:url\" content=\"https:\/\/www.efk.at\/literatur-regenbogenfamilien\/\" \/>\n<meta property=\"og:site_name\" content=\"efk\" \/>\n<meta property=\"article:modified_time\" content=\"2025-09-22T12:01:08+00:00\" \/>\n<meta property=\"og:image\" content=\"http:\/\/www.efk.at\/wp-content\/uploads\/2017\/10\/Daddy-Papa-and-Me.jpg\" \/>\n<meta name=\"twitter:card\" content=\"summary_large_image\" \/>\n<meta name=\"twitter:label1\" content=\"Gesch\u00e4tzte Lesezeit\" \/>\n\t<meta name=\"twitter:data1\" content=\"14\u00a0Minuten\" \/>\n<script type=\"application\/ld+json\" class=\"yoast-schema-graph\">{\"@context\":\"https:\/\/schema.org\",\"@graph\":[{\"@type\":\"WebPage\",\"@id\":\"https:\/\/www.efk.at\/literatur-regenbogenfamilien\/\",\"url\":\"https:\/\/www.efk.at\/literatur-regenbogenfamilien\/\",\"name\":\"Literatur: Regenbogenfamilien - efk\",\"isPartOf\":{\"@id\":\"https:\/\/www.efk.at\/de\/#website\"},\"primaryImageOfPage\":{\"@id\":\"https:\/\/www.efk.at\/literatur-regenbogenfamilien\/#primaryimage\"},\"image\":{\"@id\":\"https:\/\/www.efk.at\/literatur-regenbogenfamilien\/#primaryimage\"},\"thumbnailUrl\":\"http:\/\/www.efk.at\/wp-content\/uploads\/2017\/10\/Daddy-Papa-and-Me.jpg\",\"datePublished\":\"2017-10-04T20:52:30+00:00\",\"dateModified\":\"2025-09-22T12:01:08+00:00\",\"breadcrumb\":{\"@id\":\"https:\/\/www.efk.at\/literatur-regenbogenfamilien\/#breadcrumb\"},\"inLanguage\":\"de\",\"potentialAction\":[{\"@type\":\"ReadAction\",\"target\":[\"https:\/\/www.efk.at\/literatur-regenbogenfamilien\/\"]}]},{\"@type\":\"ImageObject\",\"inLanguage\":\"de\",\"@id\":\"https:\/\/www.efk.at\/literatur-regenbogenfamilien\/#primaryimage\",\"url\":\"http:\/\/www.efk.at\/wp-content\/uploads\/2017\/10\/Daddy-Papa-and-Me.jpg\",\"contentUrl\":\"http:\/\/www.efk.at\/wp-content\/uploads\/2017\/10\/Daddy-Papa-and-Me.jpg\"},{\"@type\":\"BreadcrumbList\",\"@id\":\"https:\/\/www.efk.at\/literatur-regenbogenfamilien\/#breadcrumb\",\"itemListElement\":[{\"@type\":\"ListItem\",\"position\":1,\"name\":\"Startseite\",\"item\":\"https:\/\/www.efk.at\/de\/\"},{\"@type\":\"ListItem\",\"position\":2,\"name\":\"Literatur: Regenbogenfamilien\"}]},{\"@type\":\"WebSite\",\"@id\":\"https:\/\/www.efk.at\/de\/#website\",\"url\":\"https:\/\/www.efk.at\/de\/\",\"name\":\"efk\",\"description\":\"Eltern f\u00fcr Kinder \u00d6sterreich\",\"potentialAction\":[{\"@type\":\"SearchAction\",\"target\":{\"@type\":\"EntryPoint\",\"urlTemplate\":\"https:\/\/www.efk.at\/de\/?s={search_term_string}\"},\"query-input\":{\"@type\":\"PropertyValueSpecification\",\"valueRequired\":true,\"valueName\":\"search_term_string\"}}],\"inLanguage\":\"de\"}]}<\/script>\n<!-- \/ Yoast SEO plugin. -->","yoast_head_json":{"title":"Literatur: Regenbogenfamilien - efk","robots":{"index":"index","follow":"follow","max-snippet":"max-snippet:-1","max-image-preview":"max-image-preview:large","max-video-preview":"max-video-preview:-1"},"canonical":"https:\/\/www.efk.at\/literatur-regenbogenfamilien\/","og_locale":"de_DE","og_type":"article","og_title":"Literatur: Regenbogenfamilien - efk","og_description":"Daddy, Papa, and Me von Lesl\u00e9a Newman Mommy, Mama, and Me von Lesl\u00e9a Newman Katervaterhasensohn von Jana Frey Was tut ein kleiner Hase, der im Wald verloren ist? Er sucht sich einen neuen Vater! Das ist jedoch gar nicht so einfach. Und was passiert, wenn man pl\u00f6tzlich zwei V\u00e4ter hat? You are a wish ab &hellip; Literatur: Regenbogenfamilien weiterlesen","og_url":"https:\/\/www.efk.at\/literatur-regenbogenfamilien\/","og_site_name":"efk","article_modified_time":"2025-09-22T12:01:08+00:00","og_image":[{"url":"http:\/\/www.efk.at\/wp-content\/uploads\/2017\/10\/Daddy-Papa-and-Me.jpg","type":"","width":"","height":""}],"twitter_card":"summary_large_image","twitter_misc":{"Gesch\u00e4tzte Lesezeit":"14\u00a0Minuten"},"schema":{"@context":"https:\/\/schema.org","@graph":[{"@type":"WebPage","@id":"https:\/\/www.efk.at\/literatur-regenbogenfamilien\/","url":"https:\/\/www.efk.at\/literatur-regenbogenfamilien\/","name":"Literatur: Regenbogenfamilien - efk","isPartOf":{"@id":"https:\/\/www.efk.at\/de\/#website"},"primaryImageOfPage":{"@id":"https:\/\/www.efk.at\/literatur-regenbogenfamilien\/#primaryimage"},"image":{"@id":"https:\/\/www.efk.at\/literatur-regenbogenfamilien\/#primaryimage"},"thumbnailUrl":"http:\/\/www.efk.at\/wp-content\/uploads\/2017\/10\/Daddy-Papa-and-Me.jpg","datePublished":"2017-10-04T20:52:30+00:00","dateModified":"2025-09-22T12:01:08+00:00","breadcrumb":{"@id":"https:\/\/www.efk.at\/literatur-regenbogenfamilien\/#breadcrumb"},"inLanguage":"de","potentialAction":[{"@type":"ReadAction","target":["https:\/\/www.efk.at\/literatur-regenbogenfamilien\/"]}]},{"@type":"ImageObject","inLanguage":"de","@id":"https:\/\/www.efk.at\/literatur-regenbogenfamilien\/#primaryimage","url":"http:\/\/www.efk.at\/wp-content\/uploads\/2017\/10\/Daddy-Papa-and-Me.jpg","contentUrl":"http:\/\/www.efk.at\/wp-content\/uploads\/2017\/10\/Daddy-Papa-and-Me.jpg"},{"@type":"BreadcrumbList","@id":"https:\/\/www.efk.at\/literatur-regenbogenfamilien\/#breadcrumb","itemListElement":[{"@type":"ListItem","position":1,"name":"Startseite","item":"https:\/\/www.efk.at\/de\/"},{"@type":"ListItem","position":2,"name":"Literatur: Regenbogenfamilien"}]},{"@type":"WebSite","@id":"https:\/\/www.efk.at\/de\/#website","url":"https:\/\/www.efk.at\/de\/","name":"efk","description":"Eltern f\u00fcr Kinder \u00d6sterreich","potentialAction":[{"@type":"SearchAction","target":{"@type":"EntryPoint","urlTemplate":"https:\/\/www.efk.at\/de\/?s={search_term_string}"},"query-input":{"@type":"PropertyValueSpecification","valueRequired":true,"valueName":"search_term_string"}}],"inLanguage":"de"}]}},"_links":{"self":[{"href":"https:\/\/www.efk.at\/de\/wp-json\/wp\/v2\/pages\/762","targetHints":{"allow":["GET"]}}],"collection":[{"href":"https:\/\/www.efk.at\/de\/wp-json\/wp\/v2\/pages"}],"about":[{"href":"https:\/\/www.efk.at\/de\/wp-json\/wp\/v2\/types\/page"}],"author":[{"embeddable":true,"href":"https:\/\/www.efk.at\/de\/wp-json\/wp\/v2\/users\/1"}],"replies":[{"embeddable":true,"href":"https:\/\/www.efk.at\/de\/wp-json\/wp\/v2\/comments?post=762"}],"version-history":[{"count":12,"href":"https:\/\/www.efk.at\/de\/wp-json\/wp\/v2\/pages\/762\/revisions"}],"predecessor-version":[{"id":5937,"href":"https:\/\/www.efk.at\/de\/wp-json\/wp\/v2\/pages\/762\/revisions\/5937"}],"wp:attachment":[{"href":"https:\/\/www.efk.at\/de\/wp-json\/wp\/v2\/media?parent=762"}],"curies":[{"name":"wp","href":"https:\/\/api.w.org\/{rel}","templated":true}]}}