{"id":441,"date":"2017-09-25T17:43:13","date_gmt":"2017-09-25T15:43:13","guid":{"rendered":"http:\/\/www.efk.at\/?page_id=441"},"modified":"2025-06-08T15:14:04","modified_gmt":"2025-06-08T13:14:04","slug":"jahresberichte","status":"publish","type":"page","link":"https:\/\/www.efk.at\/de\/jahresberichte\/","title":{"rendered":"Jahresberichte"},"content":{"rendered":"<p><\/p>\n<p class=\"p2\"><span class=\"s1\">Den Jahresbericht des Vereins &#8222;Eltern f\u00fcr Kinder \u00d6sterreich&#8220; k\u00f6nnen Sie hier als pdf-Datei lesen.<br \/>\n<\/span><\/p>\n<ul>\n<li><a href=\"https:\/\/www.efk.at\/wp-content\/uploads\/2025\/06\/EfKOe_JB_2024_web.pdf\">Jahresbericht 2024<\/a><\/li>\n<li><a href=\"https:\/\/www.efk.at\/wp-content\/uploads\/2024\/06\/JB_23_incl_Lesezeichen.pdf\">Jahresbericht 2023<\/a><\/li>\n<li><a href=\"http:\/\/www.efk.at\/wp-content\/uploads\/2023\/05\/Website_EFK_JB_2022.pdf\">Jahresbericht 2022<\/a><\/li>\n<li><a href=\"http:\/\/www.efk.at\/wp-content\/uploads\/2022\/06\/EFK_JB_21.pdf\" target=\"_blank\" rel=\"noopener\">Jahresbericht 2021<\/a><\/li>\n<li><a href=\"http:\/\/www.efk.at\/wp-content\/uploads\/2021\/05\/Web_EFK_JB_20.pdf\">Jahresbericht 2020<\/a><\/li>\n<li><a href=\"http:\/\/www.efk.at\/wp-content\/uploads\/2020\/06\/EFK_JB_19_Download.pdf\">Jahresbericht 2019<\/a><\/li>\n<li><a href=\"http:\/\/www.efk.at\/wp-content\/uploads\/2019\/06\/EFK_JB_18_interaktiv.pdf\">Jahresbericht 2018<\/a><\/li>\n<li><a href=\"http:\/\/www.efk.at\/wp-content\/uploads\/2018\/07\/EFK_Jahresbericht_2017_interaktiv.pdf\">Jahresbericht 2017<\/a><\/li>\n<li><a href=\"http:\/\/www.efk.at\/wp-content\/uploads\/2017\/10\/efk_jahresbericht_16.pdf\">Jahresbericht 2016<\/a><\/li>\n<li><a href=\"http:\/\/www.efk.at\/wp-content\/uploads\/2017\/09\/JB_EFK_15_Web.pdf\">Jahresbericht 2015<\/a><\/li>\n<li><a href=\"http:\/\/www.efk.at\/wp-content\/uploads\/2017\/10\/efk_jahresbericht_14.pdf\">Jahresbericht 2014<\/a><\/li>\n<li><a href=\"http:\/\/www.efk.at\/wp-content\/uploads\/2017\/09\/EFK_JB_2013_Web.pdf\">Jahresbericht 2013<\/a><\/li>\n<li><a href=\"http:\/\/www.efk.at\/wp-content\/uploads\/2017\/09\/Web_JB_EFK_12.pdf\">Jahresbericht 2012<\/a><\/li>\n<li><a href=\"http:\/\/www.efk.at\/wp-content\/uploads\/2017\/09\/EFK_Jahresbericht_11.pdf\">Jahresbericht 2011<\/a><\/li>\n<li><a href=\"http:\/\/www.efk.at\/wp-content\/uploads\/2017\/09\/EFK_JB_10_Web-2.pdf\">Jahresbericht 2010<\/a><\/li>\n<\/ul>\n<p><\/p>","protected":false},"excerpt":{"rendered":"<p>Den Jahresbericht des Vereins &#8222;Eltern f\u00fcr Kinder \u00d6sterreich&#8220; k\u00f6nnen Sie hier als pdf-Datei lesen. Jahresbericht 2024 Jahresbericht 2023 Jahresbericht 2022 Jahresbericht 2021 Jahresbericht 2020 Jahresbericht 2019 Jahresbericht 2018 Jahresbericht 2017 Jahresbericht 2016 Jahresbericht 2015 Jahresbericht 2014 Jahresbericht 2013 Jahresbericht 2012 Jahresbericht 2011 Jahresbericht 2010<\/p>\n","protected":false},"author":1,"featured_media":0,"parent":0,"menu_order":0,"comment_status":"closed","ping_status":"closed","template":"","meta":{"xn-wppe-expiration":[],"xn-wppe-expiration-action":[],"xn-wppe-expiration-prefix":[],"footnotes":""},"class_list":["post-441","page","type-page","status-publish","hentry"],"yoast_head":"<!-- This site is optimized with the Yoast SEO plugin v26.1.1 - https:\/\/yoast.com\/wordpress\/plugins\/seo\/ -->\n<title>Jahresberichte - efk<\/title>\n<meta name=\"robots\" content=\"index, follow, max-snippet:-1, max-image-preview:large, max-video-preview:-1\" \/>\n<link rel=\"canonical\" href=\"https:\/\/www.efk.at\/jahresberichte\/\" \/>\n<meta property=\"og:locale\" content=\"de_DE\" \/>\n<meta property=\"og:type\" content=\"article\" \/>\n<meta property=\"og:title\" content=\"Jahresberichte - efk\" \/>\n<meta property=\"og:description\" content=\"Den Jahresbericht des Vereins &#8222;Eltern f\u00fcr Kinder \u00d6sterreich&#8220; k\u00f6nnen Sie hier als pdf-Datei lesen. Jahresbericht 2024 Jahresbericht 2023 Jahresbericht 2022 Jahresbericht 2021 Jahresbericht 2020 Jahresbericht 2019 Jahresbericht 2018 Jahresbericht 2017 Jahresbericht 2016 Jahresbericht 2015 Jahresbericht 2014 Jahresbericht 2013 Jahresbericht 2012 Jahresbericht 2011 Jahresbericht 2010\" \/>\n<meta property=\"og:url\" content=\"https:\/\/www.efk.at\/jahresberichte\/\" \/>\n<meta property=\"og:site_name\" content=\"efk\" \/>\n<meta property=\"article:modified_time\" content=\"2025-06-08T13:14:04+00:00\" \/>\n<meta name=\"twitter:card\" content=\"summary_large_image\" \/>\n<meta name=\"twitter:label1\" content=\"Gesch\u00e4tzte Lesezeit\" \/>\n\t<meta name=\"twitter:data1\" content=\"1\u00a0Minute\" \/>\n<script type=\"application\/ld+json\" class=\"yoast-schema-graph\">{\"@context\":\"https:\/\/schema.org\",\"@graph\":[{\"@type\":\"WebPage\",\"@id\":\"https:\/\/www.efk.at\/jahresberichte\/\",\"url\":\"https:\/\/www.efk.at\/jahresberichte\/\",\"name\":\"Jahresberichte - efk\",\"isPartOf\":{\"@id\":\"https:\/\/www.efk.at\/de\/#website\"},\"datePublished\":\"2017-09-25T15:43:13+00:00\",\"dateModified\":\"2025-06-08T13:14:04+00:00\",\"breadcrumb\":{\"@id\":\"https:\/\/www.efk.at\/jahresberichte\/#breadcrumb\"},\"inLanguage\":\"de\",\"potentialAction\":[{\"@type\":\"ReadAction\",\"target\":[\"https:\/\/www.efk.at\/jahresberichte\/\"]}]},{\"@type\":\"BreadcrumbList\",\"@id\":\"https:\/\/www.efk.at\/jahresberichte\/#breadcrumb\",\"itemListElement\":[{\"@type\":\"ListItem\",\"position\":1,\"name\":\"Startseite\",\"item\":\"https:\/\/www.efk.at\/de\/\"},{\"@type\":\"ListItem\",\"position\":2,\"name\":\"Jahresberichte\"}]},{\"@type\":\"WebSite\",\"@id\":\"https:\/\/www.efk.at\/de\/#website\",\"url\":\"https:\/\/www.efk.at\/de\/\",\"name\":\"efk\",\"description\":\"Eltern f\u00fcr Kinder \u00d6sterreich\",\"potentialAction\":[{\"@type\":\"SearchAction\",\"target\":{\"@type\":\"EntryPoint\",\"urlTemplate\":\"https:\/\/www.efk.at\/de\/?s={search_term_string}\"},\"query-input\":{\"@type\":\"PropertyValueSpecification\",\"valueRequired\":true,\"valueName\":\"search_term_string\"}}],\"inLanguage\":\"de\"}]}<\/script>\n<!-- \/ Yoast SEO plugin. -->","yoast_head_json":{"title":"Jahresberichte - efk","robots":{"index":"index","follow":"follow","max-snippet":"max-snippet:-1","max-image-preview":"max-image-preview:large","max-video-preview":"max-video-preview:-1"},"canonical":"https:\/\/www.efk.at\/jahresberichte\/","og_locale":"de_DE","og_type":"article","og_title":"Jahresberichte - efk","og_description":"Den Jahresbericht des Vereins &#8222;Eltern f\u00fcr Kinder \u00d6sterreich&#8220; k\u00f6nnen Sie hier als pdf-Datei lesen. Jahresbericht 2024 Jahresbericht 2023 Jahresbericht 2022 Jahresbericht 2021 Jahresbericht 2020 Jahresbericht 2019 Jahresbericht 2018 Jahresbericht 2017 Jahresbericht 2016 Jahresbericht 2015 Jahresbericht 2014 Jahresbericht 2013 Jahresbericht 2012 Jahresbericht 2011 Jahresbericht 2010","og_url":"https:\/\/www.efk.at\/jahresberichte\/","og_site_name":"efk","article_modified_time":"2025-06-08T13:14:04+00:00","twitter_card":"summary_large_image","twitter_misc":{"Gesch\u00e4tzte Lesezeit":"1\u00a0Minute"},"schema":{"@context":"https:\/\/schema.org","@graph":[{"@type":"WebPage","@id":"https:\/\/www.efk.at\/jahresberichte\/","url":"https:\/\/www.efk.at\/jahresberichte\/","name":"Jahresberichte - efk","isPartOf":{"@id":"https:\/\/www.efk.at\/de\/#website"},"datePublished":"2017-09-25T15:43:13+00:00","dateModified":"2025-06-08T13:14:04+00:00","breadcrumb":{"@id":"https:\/\/www.efk.at\/jahresberichte\/#breadcrumb"},"inLanguage":"de","potentialAction":[{"@type":"ReadAction","target":["https:\/\/www.efk.at\/jahresberichte\/"]}]},{"@type":"BreadcrumbList","@id":"https:\/\/www.efk.at\/jahresberichte\/#breadcrumb","itemListElement":[{"@type":"ListItem","position":1,"name":"Startseite","item":"https:\/\/www.efk.at\/de\/"},{"@type":"ListItem","position":2,"name":"Jahresberichte"}]},{"@type":"WebSite","@id":"https:\/\/www.efk.at\/de\/#website","url":"https:\/\/www.efk.at\/de\/","name":"efk","description":"Eltern f\u00fcr Kinder \u00d6sterreich","potentialAction":[{"@type":"SearchAction","target":{"@type":"EntryPoint","urlTemplate":"https:\/\/www.efk.at\/de\/?s={search_term_string}"},"query-input":{"@type":"PropertyValueSpecification","valueRequired":true,"valueName":"search_term_string"}}],"inLanguage":"de"}]}},"_links":{"self":[{"href":"https:\/\/www.efk.at\/de\/wp-json\/wp\/v2\/pages\/441","targetHints":{"allow":["GET"]}}],"collection":[{"href":"https:\/\/www.efk.at\/de\/wp-json\/wp\/v2\/pages"}],"about":[{"href":"https:\/\/www.efk.at\/de\/wp-json\/wp\/v2\/types\/page"}],"author":[{"embeddable":true,"href":"https:\/\/www.efk.at\/de\/wp-json\/wp\/v2\/users\/1"}],"replies":[{"embeddable":true,"href":"https:\/\/www.efk.at\/de\/wp-json\/wp\/v2\/comments?post=441"}],"version-history":[{"count":27,"href":"https:\/\/www.efk.at\/de\/wp-json\/wp\/v2\/pages\/441\/revisions"}],"predecessor-version":[{"id":5831,"href":"https:\/\/www.efk.at\/de\/wp-json\/wp\/v2\/pages\/441\/revisions\/5831"}],"wp:attachment":[{"href":"https:\/\/www.efk.at\/de\/wp-json\/wp\/v2\/media?parent=441"}],"curies":[{"name":"wp","href":"https:\/\/api.w.org\/{rel}","templated":true}]}}