{"id":43,"date":"2017-07-21T15:27:28","date_gmt":"2017-07-21T13:27:28","guid":{"rendered":"http:\/\/www.efk.at\/?page_id=43"},"modified":"2018-01-22T17:47:23","modified_gmt":"2018-01-22T16:47:23","slug":"freie-plaetze-tageseltern","status":"publish","type":"page","link":"https:\/\/www.efk.at\/de\/freie-plaetze-tageseltern\/","title":{"rendered":"Freie Pl\u00e4tze Tageseltern"},"content":{"rendered":"<p><\/p>\n<h1>Freie Pl\u00e4tze Tageseltern<\/h1>\n<p>Welche unserer Tagesm\u00fctter bzw. Tagesv\u00e4ter \u00fcber aktuell freie Pl\u00e4tze verf\u00fcgen, k\u00f6nnen Sie in der nachfolgenden Tabelle einsehen.<\/p>\n<p>Wir empfehlen Ihnen bei der Suche nach einem geeigneten Betreuungsplatz f\u00fcr Ihr Kind, verschiedene Tagesm\u00fctter bzw. Tagesv\u00e4ter kennen zu lernen. So k\u00f6nnen Sie vergleichen und Ihre Wahl treffen. Ein Gespr\u00e4ch \u00fcber Erziehungsziele und p\u00e4dagogische Grunds\u00e4tze, Tagesstruktur und Ern\u00e4hrung erleichtert Ihnen die Entscheidung.<\/p>\n<p>Wir geben Ihnen gern die Kontaktdaten unserer Tageseltern weiter, die \u00fcber freie Pl\u00e4tze in Ihrem Wunschbezirk verf\u00fcgen, damit Sie Ihr Anliegen mit der Tagesmutter bzw. dem Tagesvater pers\u00f6nlich besprechen k\u00f6nnen.<\/p>\n<p><strong>Rufen Sie uns an! Wir unterst\u00fctzen Sie dabei! Tel: 01\/ 36 871 91<\/strong><\/p>\n<p>Klicken Sie bitte auf die jeweilige Adresse um weitere Informationen zu den Tageseltern zu erhalten&#8230;<\/p>","protected":false},"excerpt":{"rendered":"<p>Freie Pl\u00e4tze Tageseltern Welche unserer Tagesm\u00fctter bzw. Tagesv\u00e4ter \u00fcber aktuell freie Pl\u00e4tze verf\u00fcgen, k\u00f6nnen Sie in der nachfolgenden Tabelle einsehen. Wir empfehlen Ihnen bei der Suche nach einem geeigneten Betreuungsplatz f\u00fcr Ihr Kind, verschiedene Tagesm\u00fctter bzw. Tagesv\u00e4ter kennen zu lernen. So k\u00f6nnen Sie vergleichen und Ihre Wahl treffen. Ein Gespr\u00e4ch \u00fcber Erziehungsziele und p\u00e4dagogische Grunds\u00e4tze, &hellip; <a href=\"https:\/\/www.efk.at\/de\/freie-plaetze-tageseltern\/\" class=\"more-link\"><span class=\"screen-reader-text\">Freie Pl\u00e4tze Tageseltern<\/span> weiterlesen<\/a><\/p>\n","protected":false},"author":1,"featured_media":0,"parent":0,"menu_order":0,"comment_status":"closed","ping_status":"closed","template":"","meta":{"xn-wppe-expiration":[],"xn-wppe-expiration-action":[],"xn-wppe-expiration-prefix":[],"footnotes":""},"class_list":["post-43","page","type-page","status-publish","hentry"],"yoast_head":"<!-- This site is optimized with the Yoast SEO plugin v26.1.1 - https:\/\/yoast.com\/wordpress\/plugins\/seo\/ -->\n<title>Freie Pl\u00e4tze Tageseltern - efk<\/title>\n<meta name=\"robots\" content=\"index, follow, max-snippet:-1, max-image-preview:large, max-video-preview:-1\" \/>\n<link rel=\"canonical\" href=\"https:\/\/www.efk.at\/de\/freie-plaetze-tageseltern\/\" \/>\n<meta property=\"og:locale\" content=\"de_DE\" \/>\n<meta property=\"og:type\" content=\"article\" \/>\n<meta property=\"og:title\" content=\"Freie Pl\u00e4tze Tageseltern - efk\" \/>\n<meta property=\"og:description\" content=\"Freie Pl\u00e4tze Tageseltern Welche unserer Tagesm\u00fctter bzw. Tagesv\u00e4ter \u00fcber aktuell freie Pl\u00e4tze verf\u00fcgen, k\u00f6nnen Sie in der nachfolgenden Tabelle einsehen. Wir empfehlen Ihnen bei der Suche nach einem geeigneten Betreuungsplatz f\u00fcr Ihr Kind, verschiedene Tagesm\u00fctter bzw. Tagesv\u00e4ter kennen zu lernen. So k\u00f6nnen Sie vergleichen und Ihre Wahl treffen. Ein Gespr\u00e4ch \u00fcber Erziehungsziele und p\u00e4dagogische Grunds\u00e4tze, &hellip; Freie Pl\u00e4tze Tageseltern weiterlesen\" \/>\n<meta property=\"og:url\" content=\"https:\/\/www.efk.at\/de\/freie-plaetze-tageseltern\/\" \/>\n<meta property=\"og:site_name\" content=\"efk\" \/>\n<meta property=\"article:modified_time\" content=\"2018-01-22T16:47:23+00:00\" \/>\n<meta name=\"twitter:card\" content=\"summary_large_image\" \/>\n<meta name=\"twitter:label1\" content=\"Gesch\u00e4tzte Lesezeit\" \/>\n\t<meta name=\"twitter:data1\" content=\"1\u00a0Minute\" \/>\n<script type=\"application\/ld+json\" class=\"yoast-schema-graph\">{\"@context\":\"https:\/\/schema.org\",\"@graph\":[{\"@type\":\"WebPage\",\"@id\":\"https:\/\/www.efk.at\/de\/freie-plaetze-tageseltern\/\",\"url\":\"https:\/\/www.efk.at\/de\/freie-plaetze-tageseltern\/\",\"name\":\"Freie Pl\u00e4tze Tageseltern - efk\",\"isPartOf\":{\"@id\":\"https:\/\/www.efk.at\/de\/#website\"},\"datePublished\":\"2017-07-21T13:27:28+00:00\",\"dateModified\":\"2018-01-22T16:47:23+00:00\",\"breadcrumb\":{\"@id\":\"https:\/\/www.efk.at\/de\/freie-plaetze-tageseltern\/#breadcrumb\"},\"inLanguage\":\"de\",\"potentialAction\":[{\"@type\":\"ReadAction\",\"target\":[\"https:\/\/www.efk.at\/de\/freie-plaetze-tageseltern\/\"]}]},{\"@type\":\"BreadcrumbList\",\"@id\":\"https:\/\/www.efk.at\/de\/freie-plaetze-tageseltern\/#breadcrumb\",\"itemListElement\":[{\"@type\":\"ListItem\",\"position\":1,\"name\":\"Startseite\",\"item\":\"https:\/\/www.efk.at\/de\/\"},{\"@type\":\"ListItem\",\"position\":2,\"name\":\"Freie Pl\u00e4tze Tageseltern\"}]},{\"@type\":\"WebSite\",\"@id\":\"https:\/\/www.efk.at\/de\/#website\",\"url\":\"https:\/\/www.efk.at\/de\/\",\"name\":\"efk\",\"description\":\"Eltern f\u00fcr Kinder \u00d6sterreich\",\"potentialAction\":[{\"@type\":\"SearchAction\",\"target\":{\"@type\":\"EntryPoint\",\"urlTemplate\":\"https:\/\/www.efk.at\/de\/?s={search_term_string}\"},\"query-input\":{\"@type\":\"PropertyValueSpecification\",\"valueRequired\":true,\"valueName\":\"search_term_string\"}}],\"inLanguage\":\"de\"}]}<\/script>\n<!-- \/ Yoast SEO plugin. -->","yoast_head_json":{"title":"Freie Pl\u00e4tze Tageseltern - efk","robots":{"index":"index","follow":"follow","max-snippet":"max-snippet:-1","max-image-preview":"max-image-preview:large","max-video-preview":"max-video-preview:-1"},"canonical":"https:\/\/www.efk.at\/de\/freie-plaetze-tageseltern\/","og_locale":"de_DE","og_type":"article","og_title":"Freie Pl\u00e4tze Tageseltern - efk","og_description":"Freie Pl\u00e4tze Tageseltern Welche unserer Tagesm\u00fctter bzw. Tagesv\u00e4ter \u00fcber aktuell freie Pl\u00e4tze verf\u00fcgen, k\u00f6nnen Sie in der nachfolgenden Tabelle einsehen. Wir empfehlen Ihnen bei der Suche nach einem geeigneten Betreuungsplatz f\u00fcr Ihr Kind, verschiedene Tagesm\u00fctter bzw. Tagesv\u00e4ter kennen zu lernen. So k\u00f6nnen Sie vergleichen und Ihre Wahl treffen. Ein Gespr\u00e4ch \u00fcber Erziehungsziele und p\u00e4dagogische Grunds\u00e4tze, &hellip; Freie Pl\u00e4tze Tageseltern weiterlesen","og_url":"https:\/\/www.efk.at\/de\/freie-plaetze-tageseltern\/","og_site_name":"efk","article_modified_time":"2018-01-22T16:47:23+00:00","twitter_card":"summary_large_image","twitter_misc":{"Gesch\u00e4tzte Lesezeit":"1\u00a0Minute"},"schema":{"@context":"https:\/\/schema.org","@graph":[{"@type":"WebPage","@id":"https:\/\/www.efk.at\/de\/freie-plaetze-tageseltern\/","url":"https:\/\/www.efk.at\/de\/freie-plaetze-tageseltern\/","name":"Freie Pl\u00e4tze Tageseltern - efk","isPartOf":{"@id":"https:\/\/www.efk.at\/de\/#website"},"datePublished":"2017-07-21T13:27:28+00:00","dateModified":"2018-01-22T16:47:23+00:00","breadcrumb":{"@id":"https:\/\/www.efk.at\/de\/freie-plaetze-tageseltern\/#breadcrumb"},"inLanguage":"de","potentialAction":[{"@type":"ReadAction","target":["https:\/\/www.efk.at\/de\/freie-plaetze-tageseltern\/"]}]},{"@type":"BreadcrumbList","@id":"https:\/\/www.efk.at\/de\/freie-plaetze-tageseltern\/#breadcrumb","itemListElement":[{"@type":"ListItem","position":1,"name":"Startseite","item":"https:\/\/www.efk.at\/de\/"},{"@type":"ListItem","position":2,"name":"Freie Pl\u00e4tze Tageseltern"}]},{"@type":"WebSite","@id":"https:\/\/www.efk.at\/de\/#website","url":"https:\/\/www.efk.at\/de\/","name":"efk","description":"Eltern f\u00fcr Kinder \u00d6sterreich","potentialAction":[{"@type":"SearchAction","target":{"@type":"EntryPoint","urlTemplate":"https:\/\/www.efk.at\/de\/?s={search_term_string}"},"query-input":{"@type":"PropertyValueSpecification","valueRequired":true,"valueName":"search_term_string"}}],"inLanguage":"de"}]}},"_links":{"self":[{"href":"https:\/\/www.efk.at\/de\/wp-json\/wp\/v2\/pages\/43","targetHints":{"allow":["GET"]}}],"collection":[{"href":"https:\/\/www.efk.at\/de\/wp-json\/wp\/v2\/pages"}],"about":[{"href":"https:\/\/www.efk.at\/de\/wp-json\/wp\/v2\/types\/page"}],"author":[{"embeddable":true,"href":"https:\/\/www.efk.at\/de\/wp-json\/wp\/v2\/users\/1"}],"replies":[{"embeddable":true,"href":"https:\/\/www.efk.at\/de\/wp-json\/wp\/v2\/comments?post=43"}],"version-history":[{"count":5,"href":"https:\/\/www.efk.at\/de\/wp-json\/wp\/v2\/pages\/43\/revisions"}],"predecessor-version":[{"id":1113,"href":"https:\/\/www.efk.at\/de\/wp-json\/wp\/v2\/pages\/43\/revisions\/1113"}],"wp:attachment":[{"href":"https:\/\/www.efk.at\/de\/wp-json\/wp\/v2\/media?parent=43"}],"curies":[{"name":"wp","href":"https:\/\/api.w.org\/{rel}","templated":true}]}}