{"id":422,"date":"2017-09-25T17:42:41","date_gmt":"2017-09-25T15:42:41","guid":{"rendered":"http:\/\/www.efk.at\/?page_id=422"},"modified":"2023-12-19T14:40:57","modified_gmt":"2023-12-19T13:40:57","slug":"impressum","status":"publish","type":"page","link":"https:\/\/www.efk.at\/de\/impressum\/","title":{"rendered":"Impressum"},"content":{"rendered":"<p><a name=\"_Toc509819445\"><\/a><\/p>\n<p>Information und Transparenz sind am wichtigsten und erzeugen Vertrauen. In diesem Impressum finden Sie daher alle erforderlichen Angaben zu dieser Website gem\u00e4\u00df den gesetzlichen Informationspflichten.<\/p>\n<h2><a name=\"_Toc509819446\"><\/a>T\u00e4tigkeitsbereich, grundlegende Richtung<\/h2>\n<p><strong>Der <\/strong><strong>Verein Eltern f\u00fcr Kinder \u00d6sterreich <\/strong>ist eine gemeinn\u00fctzige Institution mit der Ausrichtung, die Interessen verlassener oder familienbed\u00fcrftiger Kinder, sowie Kinder, die tags\u00fcber familien\u00e4hnliche Betreuung brauchen, zu vertreten. Das Wohl des Kindes steht im Mittelpunkt aller Bem\u00fchungen des Vereins. <strong>Der <\/strong><strong>Verein Eltern f\u00fcr Kinder \u00d6sterreich <\/strong>ist damit eine Koordinations- und Beratungsplattform f\u00fcr Adoptivfamilien, Pflegefamilien und Tageseltern und solchen, die es werden m\u00f6chten, innerhalb \u00d6sterreichs.<\/p>\n<h2><a name=\"_Toc509819447\"><\/a>Verantwortlich f\u00fcr den Inhalt<\/h2>\n<p><strong>Verein Eltern f\u00fcr Kinder \u00d6sterreich<\/strong><br \/>\nHauptsitz: Ottakringer Stra\u00dfe 217-221\/2\/R2, A-1160 Wien<br \/>\nZVR-Zahl: 757103768<\/p>\n<p>Telefonnummer: +43 1 368 71 91<br \/>\nFax: +43 1 368 71 91 &#8211; 15<br \/>\nWebseite: <a href=\"http:\/\/www.efk.at\">www.efk.at<\/a><br \/>\ne-Mail Adresse: <a href=\"mailto:office@efk.at\">office[at]efk.at<\/a><\/p>\n<p>Gesch\u00e4ftsf\u00fchrerin: Helena Planicka<\/p>\n<h2><a name=\"_Toc509819448\"><\/a>Medieninhaber<\/h2>\n<p><strong>Verein Eltern f\u00fcr Kinder \u00d6sterreich<\/strong><\/p>\n<p>Hauptsitz: Ottakringer Stra\u00dfe 217-221\/2\/R2, A-1160 Wien<\/p>\n<p>ZVR-Zahl: 757103768<\/p>\n<p>Telefonnummer: +43 1 368 71 91<br \/>\nFax: +43 1 368 71 91 &#8211; 15<br \/>\nWebseite: www.efk.at<br \/>\ne-Mail Adresse: <a href=\"mailto:office@efk.at\">office[at]efk.at<\/a><\/p>\n<p>Gesch\u00e4ftsf\u00fchrerin: Helena Planicka<\/p>\n<h2><a name=\"_Toc509819449\"><\/a>Vereinszweck<\/h2>\n<p>Der Verein ist gemeinn\u00fctzig, insbesondere mildt\u00e4tig, seine T\u00e4tigkeit ist nicht auf Gewinn ausgerichtet.<\/p>\n<p>Der Verein versteht sich als \u00fcberparteiliche und \u00fcberkonfessionelle Interessenvertretung verlassener oder familienbed\u00fcrftiger Kinder, sowie von Kindern, die tags\u00fcber familien\u00e4hnliche Betreuung brauchen. Das Wohl des Kindes steht im Mittelpunkt aller Bem\u00fchungen des Vereins. Der Verein bezweckt die F\u00f6rderung der sozialen, geistigen und k\u00f6rperlichen Entwicklung hilfsbed\u00fcrftiger Kinder und er soll wichtige Impulse im Bereich des Kindergartenwesens und bei der Arbeit von Tageseltern und Kindergruppenbetreuungspersonen setzen, damit auch hilfsbed\u00fcrftige Kinder die Voraussetzung zur Entfaltung ihrer Pers\u00f6nlichkeit in der Gesellschaft vorfinden. Im Rahmen dieser Zielsetzung wird der Verein auf Verbesserungen der Betreuungssituation und -qualit\u00e4t und auf eine bessere Vereinbarkeit von privatem Lebensbereich und beruflicher Inanspruchnahme hinzuwirken \u2013 dies vorrangig zur Unterst\u00fctzung hilfsbed\u00fcrftiger und in Not befindlicher Kinder, Eltern und aller mit Erziehungsaufgaben betrauten Menschen.<\/p>\n<h2><a name=\"_Toc509819450\"><\/a>Vereinsvorstand<\/h2>\n<p>Der Vorstand ist das Leitungsorgan des <strong>Verein Eltern f\u00fcr Kinder \u00d6sterreich <\/strong>gem\u00e4\u00df Vereinsgesetz.<\/p>\n<h2><a name=\"_Toc509819451\"><\/a>Vorstandsmitglieder:<\/h2>\n<p>Vorsitzender: \u00a0\u00a0\u00a0\u00a0\u00a0\u00a0\u00a0\u00a0\u00a0\u00a0\u00a0\u00a0\u00a0\u00a0\u00a0\u00a0\u00a0\u00a0\u00a0Primarius Univ.-Doz. Dr. Erwin Hauser<\/p>\n<p>Stellvertreter:\u00a0\u00a0\u00a0\u00a0\u00a0\u00a0\u00a0\u00a0\u00a0\u00a0\u00a0\u00a0\u00a0\u00a0\u00a0\u00a0\u00a0\u00a0 Mag. Elmar Walter<\/p>\n<p>Schriftf\u00fchrerin:\u00a0\u00a0\u00a0\u00a0\u00a0\u00a0\u00a0\u00a0\u00a0\u00a0\u00a0\u00a0\u00a0\u00a0\u00a0\u00a0\u00a0Mag. Eva-Maria Hofbauer<\/p>\n<p>Stellvertreterin:\u00a0\u00a0\u00a0\u00a0\u00a0\u00a0\u00a0\u00a0\u00a0\u00a0\u00a0\u00a0\u00a0\u00a0\u00a0\u00a0Sonja Blumentritt<\/p>\n<p>Kassier:\u00a0\u00a0\u00a0\u00a0\u00a0\u00a0\u00a0\u00a0\u00a0\u00a0\u00a0\u00a0\u00a0\u00a0\u00a0\u00a0\u00a0\u00a0\u00a0\u00a0\u00a0\u00a0\u00a0\u00a0\u00a0\u00a0\u00a0\u00a0\u00a0Dr. Heinz Karlusch<\/p>\n<p>Stellvertreter:\u00a0\u00a0\u00a0\u00a0\u00a0\u00a0\u00a0\u00a0\u00a0\u00a0\u00a0\u00a0\u00a0\u00a0\u00a0\u00a0\u00a0\u00a0 Dkfm. Franz Greimel<\/p>\n<h2><a name=\"_Toc509819452\"><\/a>Zust\u00e4ndige Beh\u00f6rde<\/h2>\n<p>Vereinsbeh\u00f6rde: Landespolizeidirektion Wien<\/p>\n<h2><a name=\"_Toc509819453\"><\/a>Rechtliche Vorschriften<\/h2>\n<p>Vereinsgesetz 2002 (Rechtsinformationssystem des Bundes: <a href=\"http:\/\/www.ris.bka.gv.at\/\">www.ris.bka.gv.at<\/a>)<\/p>\n<p><a href=\"https:\/\/www.ris.bka.gv.at\/GeltendeFassung.wxe?Abfrage=Bundesnormen&amp;Gesetzesnummer=20001917\">https:\/\/www.ris.bka.gv.at\/GeltendeFassung.wxe?Abfrage=Bundesnormen&amp;Gesetzesnummer=20001917<\/a><\/p>\n<h2><a name=\"_Toc509819454\"><\/a>Copyright, Marken- und Schutzrechte<\/h2>\n<p>Alle Inhalte Copyright by <strong>Verein Eltern f\u00fcr Kinder \u00d6sterreich <\/strong>sofern nicht anders gekennzeichnet. Texte, Bilder, Grafiken, Sound, Animationen und Videos unterliegen dem Schutz des Urheberrechts und anderer Schutzgesetze. Der Inhalt darf nicht zu kommerziellen Zwecken kopiert, verbreitet, ver\u00e4ndert oder Dritten zug\u00e4nglich gemacht werden. Jede Nutzung, insbesondere die Speicherung in Datenbanken, Vervielf\u00e4ltigung, Verbreitung, Bearbeitung und jede Form von gewerblicher Nutzung sowie die Weitergabe an Dritte, auch in Teilen oder in \u00fcberarbeiteter Form, ist ohne Zustimmung des Betreibers bzw. des Urhebers untersagt.<\/p>\n<h2>Ihre Rechte<\/h2>\n<p>Ihnen stehen grunds\u00e4tzlich die Rechte auf Auskunft, Berichtigung, L\u00f6schung, Einschr\u00e4nkung, Daten\u00fcbertragbarkeit, Widerruf und Widerspruch zu. Wenn Sie glauben, dass die Verarbeitung Ihrer Daten gegen das Datenschutzrecht verst\u00f6\u00dft oder Ihre datenschutzrechtlichen Anspr\u00fcche sonst in einer Weise verletzt worden sind, k\u00f6nnen Sie sich bei der Aufsichtsbeh\u00f6rde beschweren. In \u00d6sterreich ist dies die Datenschutzbeh\u00f6rde.<\/p>\n<p><strong>Sie erreichen uns unter folgenden Kontaktdaten: <\/strong><\/p>\n<p><strong>Verein Eltern f\u00fcr Kinder \u00d6sterreich <\/strong><\/p>\n<p>Ottakringer Stra\u00dfe 217-221\/2\/R2, A-1160 Wien<\/p>\n<p>Telefonnummer: +43 1 368 71 91<\/p>\n<p>Fax: +43 1 368 71 91 &#8211; 15<\/p>\n<p>Webseite: <a href=\"http:\/\/efk.at\">www.efk.at <\/a><\/p>\n<p>e-Mail Adresse: <a href=\"mailto:office@efk.at\">office[at]efk.at<\/a><\/p>\n<p><strong>Unseren Datenschutzbeauftragten erreichen Sie unter<\/strong><\/p>\n<p>Telefonnummer: +43 1 368 71 91<\/p>\n<p>e-Mail Adresse: <a href=\"mailto:dsb@efk.at\">dsb[at]efk.at<\/a><\/p>\n<h1>Integrit\u00e4t | Vertrauen | Fairness<\/h1>\n<p>Im Laufe der Vereinsgeschichte hat sich der Eltern f\u00fcr Kinder \u00d6sterreich einen Ruf als vertrauensvolle, verl\u00e4ssliche und integrer Organisaton aufgebaut. Diesen Ruf zu pflegen und weiter zu verbessern, ist Herausforderung und Chance zugleich.<br \/>\nDie Beachtung gesetzlicher und vereinsinterner Regeln ist fester Bestandteil unserer Vereinskultur und Basis des Vertrauens, das uns Kund*innen, Gesch\u00e4ftspartner*innen und Mitarbeiter*innen t\u00e4glich entgegenbringen.<br \/>\nNur wenn Regeln und Normen befolgt werden, k\u00f6nnen wir Sch\u00e4den von unserem Verein, unseren Mitglieder, Mitarbeiter*innen und Gesch\u00e4ftspartner*innen abwenden.<br \/>\nUm die Integrit\u00e4t des Vereins Eltern f\u00fcr Kinder \u00d6sterreichzu wahren und m\u00f6gliche Reputationssch\u00e4den f\u00fcr den Verein abzuwenden, ist der Eltern f\u00fcr Kinder \u00d6sterreich daran interessiert, von Compliance-Verst\u00f6\u00dfen Kenntnis zu erlangen.<br \/>\nSie wollen einen Versto\u00df bzw. einen Missstand melden. Unter <a href=\"https:\/\/efk.hinweisgeber-system.at\/\">https:\/\/efk.hinweisgeber-system.at\/<\/a> stellen wir Ihnen daf\u00fcr einen nur Ihnen und uns zug\u00e4nglichen technischen Raum zur Verf\u00fcgung.<\/p>\n<h2><a name=\"_Toc509819455\"><\/a>Webauftritt<\/h2>\n<p><strong>Webdesign<\/strong>: Edin<br \/>\n<strong>Anpassung <\/strong><strong>&amp; <\/strong><strong>Bearbeitung<\/strong>: Alisa Feldhofer<br \/>\n<strong>Corporate<\/strong> <strong>Design<\/strong>: Eva G\u00f6tz<br \/>\n<strong>Fotos<\/strong>: Unsplash, Fotolia<br \/>\n<strong>CMS<\/strong>: WordPress<\/p>\n<h2><a name=\"_Toc509819456\"><\/a>Streitschlichtung<\/h2>\n<p><strong>Der Verein Eltern f\u00fcr Kinder \u00d6sterreich <\/strong>erkennt den Internet Ombudsmann als Instanz der au\u00dfergerichtlichen Streitschlichtung an.<\/p>\n<p>Internet Ombudsmann<\/p>\n<ol>\n<li><a href=\"http:\/\/www.ombudsmann.at\/\">www.ombudsmann.at<\/a><\/li>\n<li>Margaretenstra\u00dfe 70\/2\/10, 1050 Wien<\/li>\n<li>+43-1-595 21 12-95<\/li>\n<li><a href=\"mailto:beratung@ombudsmann.at\">beratung[at]ombudsmann.at<\/a><\/li>\n<\/ol>\n<h2><a name=\"_Toc509819457\"><\/a>Europ\u00e4ische Online Streitbeilegungsplattform&#8230;<\/h2>\n<p><a href=\"https:\/\/ec.europa.eu\/consumers\/odr\/main\/index.cfm?event=main.home.show&amp;lng=DE\">https:\/\/ec.europa.eu\/consumers\/odr\/main\/index.cfm?event=main.home.show&amp;lng=DE<\/a><\/p>","protected":false},"excerpt":{"rendered":"<p>Information und Transparenz sind am wichtigsten und erzeugen Vertrauen. In diesem Impressum finden Sie daher alle erforderlichen Angaben zu dieser Website gem\u00e4\u00df den gesetzlichen Informationspflichten. T\u00e4tigkeitsbereich, grundlegende Richtung Der Verein Eltern f\u00fcr Kinder \u00d6sterreich ist eine gemeinn\u00fctzige Institution mit der Ausrichtung, die Interessen verlassener oder familienbed\u00fcrftiger Kinder, sowie Kinder, die tags\u00fcber familien\u00e4hnliche Betreuung brauchen, zu &hellip; <a href=\"https:\/\/www.efk.at\/de\/impressum\/\" class=\"more-link\"><span class=\"screen-reader-text\">Impressum<\/span> weiterlesen<\/a><\/p>\n","protected":false},"author":1,"featured_media":0,"parent":0,"menu_order":0,"comment_status":"closed","ping_status":"closed","template":"","meta":{"xn-wppe-expiration":[],"xn-wppe-expiration-action":[],"xn-wppe-expiration-prefix":[],"footnotes":""},"class_list":["post-422","page","type-page","status-publish","hentry"],"yoast_head":"<!-- This site is optimized with the Yoast SEO plugin v26.1.1 - https:\/\/yoast.com\/wordpress\/plugins\/seo\/ -->\n<title>Impressum - efk<\/title>\n<meta name=\"robots\" content=\"index, follow, max-snippet:-1, max-image-preview:large, max-video-preview:-1\" \/>\n<link rel=\"canonical\" href=\"https:\/\/www.efk.at\/de\/impressum\/\" \/>\n<meta property=\"og:locale\" content=\"de_DE\" \/>\n<meta property=\"og:type\" content=\"article\" \/>\n<meta property=\"og:title\" content=\"Impressum - efk\" \/>\n<meta property=\"og:description\" content=\"Information und Transparenz sind am wichtigsten und erzeugen Vertrauen. In diesem Impressum finden Sie daher alle erforderlichen Angaben zu dieser Website gem\u00e4\u00df den gesetzlichen Informationspflichten. T\u00e4tigkeitsbereich, grundlegende Richtung Der Verein Eltern f\u00fcr Kinder \u00d6sterreich ist eine gemeinn\u00fctzige Institution mit der Ausrichtung, die Interessen verlassener oder familienbed\u00fcrftiger Kinder, sowie Kinder, die tags\u00fcber familien\u00e4hnliche Betreuung brauchen, zu &hellip; Impressum weiterlesen\" \/>\n<meta property=\"og:url\" content=\"https:\/\/www.efk.at\/de\/impressum\/\" \/>\n<meta property=\"og:site_name\" content=\"efk\" \/>\n<meta property=\"article:modified_time\" content=\"2023-12-19T13:40:57+00:00\" \/>\n<meta name=\"twitter:card\" content=\"summary_large_image\" \/>\n<meta name=\"twitter:label1\" content=\"Gesch\u00e4tzte Lesezeit\" \/>\n\t<meta name=\"twitter:data1\" content=\"5\u00a0Minuten\" \/>\n<script type=\"application\/ld+json\" class=\"yoast-schema-graph\">{\"@context\":\"https:\/\/schema.org\",\"@graph\":[{\"@type\":\"WebPage\",\"@id\":\"https:\/\/www.efk.at\/de\/impressum\/\",\"url\":\"https:\/\/www.efk.at\/de\/impressum\/\",\"name\":\"Impressum - efk\",\"isPartOf\":{\"@id\":\"https:\/\/www.efk.at\/de\/#website\"},\"datePublished\":\"2017-09-25T15:42:41+00:00\",\"dateModified\":\"2023-12-19T13:40:57+00:00\",\"breadcrumb\":{\"@id\":\"https:\/\/www.efk.at\/de\/impressum\/#breadcrumb\"},\"inLanguage\":\"de\",\"potentialAction\":[{\"@type\":\"ReadAction\",\"target\":[\"https:\/\/www.efk.at\/de\/impressum\/\"]}]},{\"@type\":\"BreadcrumbList\",\"@id\":\"https:\/\/www.efk.at\/de\/impressum\/#breadcrumb\",\"itemListElement\":[{\"@type\":\"ListItem\",\"position\":1,\"name\":\"Startseite\",\"item\":\"https:\/\/www.efk.at\/de\/\"},{\"@type\":\"ListItem\",\"position\":2,\"name\":\"Impressum\"}]},{\"@type\":\"WebSite\",\"@id\":\"https:\/\/www.efk.at\/de\/#website\",\"url\":\"https:\/\/www.efk.at\/de\/\",\"name\":\"efk\",\"description\":\"Eltern f\u00fcr Kinder \u00d6sterreich\",\"potentialAction\":[{\"@type\":\"SearchAction\",\"target\":{\"@type\":\"EntryPoint\",\"urlTemplate\":\"https:\/\/www.efk.at\/de\/?s={search_term_string}\"},\"query-input\":{\"@type\":\"PropertyValueSpecification\",\"valueRequired\":true,\"valueName\":\"search_term_string\"}}],\"inLanguage\":\"de\"}]}<\/script>\n<!-- \/ Yoast SEO plugin. -->","yoast_head_json":{"title":"Impressum - efk","robots":{"index":"index","follow":"follow","max-snippet":"max-snippet:-1","max-image-preview":"max-image-preview:large","max-video-preview":"max-video-preview:-1"},"canonical":"https:\/\/www.efk.at\/de\/impressum\/","og_locale":"de_DE","og_type":"article","og_title":"Impressum - efk","og_description":"Information und Transparenz sind am wichtigsten und erzeugen Vertrauen. In diesem Impressum finden Sie daher alle erforderlichen Angaben zu dieser Website gem\u00e4\u00df den gesetzlichen Informationspflichten. T\u00e4tigkeitsbereich, grundlegende Richtung Der Verein Eltern f\u00fcr Kinder \u00d6sterreich ist eine gemeinn\u00fctzige Institution mit der Ausrichtung, die Interessen verlassener oder familienbed\u00fcrftiger Kinder, sowie Kinder, die tags\u00fcber familien\u00e4hnliche Betreuung brauchen, zu &hellip; Impressum weiterlesen","og_url":"https:\/\/www.efk.at\/de\/impressum\/","og_site_name":"efk","article_modified_time":"2023-12-19T13:40:57+00:00","twitter_card":"summary_large_image","twitter_misc":{"Gesch\u00e4tzte Lesezeit":"5\u00a0Minuten"},"schema":{"@context":"https:\/\/schema.org","@graph":[{"@type":"WebPage","@id":"https:\/\/www.efk.at\/de\/impressum\/","url":"https:\/\/www.efk.at\/de\/impressum\/","name":"Impressum - efk","isPartOf":{"@id":"https:\/\/www.efk.at\/de\/#website"},"datePublished":"2017-09-25T15:42:41+00:00","dateModified":"2023-12-19T13:40:57+00:00","breadcrumb":{"@id":"https:\/\/www.efk.at\/de\/impressum\/#breadcrumb"},"inLanguage":"de","potentialAction":[{"@type":"ReadAction","target":["https:\/\/www.efk.at\/de\/impressum\/"]}]},{"@type":"BreadcrumbList","@id":"https:\/\/www.efk.at\/de\/impressum\/#breadcrumb","itemListElement":[{"@type":"ListItem","position":1,"name":"Startseite","item":"https:\/\/www.efk.at\/de\/"},{"@type":"ListItem","position":2,"name":"Impressum"}]},{"@type":"WebSite","@id":"https:\/\/www.efk.at\/de\/#website","url":"https:\/\/www.efk.at\/de\/","name":"efk","description":"Eltern f\u00fcr Kinder \u00d6sterreich","potentialAction":[{"@type":"SearchAction","target":{"@type":"EntryPoint","urlTemplate":"https:\/\/www.efk.at\/de\/?s={search_term_string}"},"query-input":{"@type":"PropertyValueSpecification","valueRequired":true,"valueName":"search_term_string"}}],"inLanguage":"de"}]}},"_links":{"self":[{"href":"https:\/\/www.efk.at\/de\/wp-json\/wp\/v2\/pages\/422","targetHints":{"allow":["GET"]}}],"collection":[{"href":"https:\/\/www.efk.at\/de\/wp-json\/wp\/v2\/pages"}],"about":[{"href":"https:\/\/www.efk.at\/de\/wp-json\/wp\/v2\/types\/page"}],"author":[{"embeddable":true,"href":"https:\/\/www.efk.at\/de\/wp-json\/wp\/v2\/users\/1"}],"replies":[{"embeddable":true,"href":"https:\/\/www.efk.at\/de\/wp-json\/wp\/v2\/comments?post=422"}],"version-history":[{"count":27,"href":"https:\/\/www.efk.at\/de\/wp-json\/wp\/v2\/pages\/422\/revisions"}],"predecessor-version":[{"id":5096,"href":"https:\/\/www.efk.at\/de\/wp-json\/wp\/v2\/pages\/422\/revisions\/5096"}],"wp:attachment":[{"href":"https:\/\/www.efk.at\/de\/wp-json\/wp\/v2\/media?parent=422"}],"curies":[{"name":"wp","href":"https:\/\/api.w.org\/{rel}","templated":true}]}}