{"id":421,"date":"2017-09-25T17:42:40","date_gmt":"2017-09-25T15:42:40","guid":{"rendered":"http:\/\/www.efk.at\/?page_id=421"},"modified":"2024-06-13T16:28:09","modified_gmt":"2024-06-13T14:28:09","slug":"leitbild","status":"publish","type":"page","link":"https:\/\/www.efk.at\/de\/leitbild\/","title":{"rendered":"Leitbild"},"content":{"rendered":"<p><\/p>\n<p class=\"p2\"><span class=\"s1\">Der Verein sieht das Leitbild als Grundlage seines Tuns.<\/span><\/p>\n<p class=\"p2\"><span class=\"s1\"><br \/>\n<\/span><span class=\"s1\">Als Familienorganisation haben wir uns\u00a0zum Ziel gesetzt, das Recht jedes Kindes auf Eltern zu verwirklichen.\u00a0<\/span><span class=\"s1\">Daf\u00fcr sind wir t\u00e4tig in der Vorbereitung, Beratung und Begleitung von Menschen mit der Bereitschaft, ein Pflege- oder Adoptivkind aufzunehmen.<\/span><\/p>\n<p class=\"p2\"><span class=\"s1\">Die Vereinbarkeit von Familie und Beruf unterst\u00fctzen wir durch das Angebot von Kleinkindbetreuung bei professionellen Tageseltern.<\/span><\/p>\n<h2 class=\"p2\"><span class=\"s2\"><b>Unsere Geschichte\/Biografie<\/b><\/span><\/h2>\n<p class=\"p2\"><span class=\"s1\">In \u00fcber 40 Jahren engagierter Arbeit hat \u201eEltern f\u00fcr Kinder \u00d6sterreich\u201c, vormals \u201eInitiative Pflegefamilien\u201c, als erste private Jugendwohlfahrtseinrichtung in \u00d6sterreich einen systematischen Reformprozess in wichtigen Bereichen der Kinderhilfe initiiert und umgesetzt.<br \/>\n<\/span><span class=\"s1\">Mit dem Slogan \u201eHolt die Kinder aus den Heimen\u201c wurde ein neues Pflegekinderwesen aufgebaut. Die Anerkennung des Berufs der Pflegeeltern und dann auch der Tageseltern wurde durch spezielle Ausbildungskonzepte, ein eigenes Berufsbild und durch die arbeitsrechtliche Absicherung in einem Kollektivvertrag erreicht.<\/span><\/p>\n<p class=\"p2\"><span class=\"s1\">Mit der politischen Wende 1989 in den ehemaligen Ostblockl\u00e4ndern wurde die Beratung und Begleitung von werdenden Adoptiveltern ein weiterer wichtiger Arbeitsbereich des Vereins. \u00dcber 200 rum\u00e4nische Heimkinder fanden so eine neue Familie,\u00a0sp\u00e4ter auch Kinder aus anderen L\u00e4ndern.<\/span><\/p>\n<p class=\"p2\"><span class=\"s1\">Auch heute noch sind alle diese Themen hoch aktuell. Eltern f\u00fcr Kinder \u00d6sterreich ist mittlerweile auch Dienstgeber f\u00fcr Pflegeeltern und Tageseltern und f\u00fchrt eine Familienberatungsstelle in Wien.<\/span><\/p>\n<p class=\"p3\"><span class=\"s2\"><a href=\"http:\/\/www.efk.at\/geschichte\/\" target=\"_blank\" rel=\"noopener\">Geschichte des Vereins<\/a><\/span><\/p>\n<p><span class=\"s2\"><a href=\"https:\/\/www.efk.at\/de\/aktueller-jahresbericht\/\" target=\"_blank\" rel=\"noopener\">aktueller Jahresbericht<\/a><\/span><\/p>\n<p class=\"p3\"><span class=\"s2\"><a href=\"http:\/\/www.efk.at\/jahresberichte\/\" target=\"_blank\" rel=\"noopener\">Jahresbericht &#8211; Archiv<\/a><\/span><\/p>\n<h2 class=\"p2\"><span class=\"s2\"><b>Unsere Werte und Grunds\u00e4tze<\/b><\/span><\/h2>\n<ul class=\"ul1\">\n<li class=\"li4\"><b><\/b><span class=\"s1\"><b>Gleichbehandlung<\/b><\/span><\/li>\n<\/ul>\n<p class=\"p2\"><span class=\"s1\">Wir behandeln Menschen unabh\u00e4ngig welcher ethnischer Herkunft, welcher Religion oder anderer Weltanschauungen, unabh\u00e4ngig welchen Geschlechts, Alters, welcher Behinderung oder sexuellen Orientierung wertsch\u00e4tzend und ohne Benachteiligung.<\/span><\/p>\n<p><a href=\"https:\/\/www.efk.at\/wp-content\/uploads\/2024\/06\/EFKOE-Erklaerung-zu-Pronomen-in-der-Signatur-1.pdf\">Warum wir unsere Pronomen angeben<\/a><\/p>\n<ul class=\"ul1\">\n<li class=\"li4\"><b><\/b><span class=\"s1\"><b>Grundlagen und Gesetze<\/b><\/span><\/li>\n<\/ul>\n<p class=\"p2\"><span class=\"s1\">Basis unserer Arbeit mit Kindern und Familien sind die verschiedenen internationalen und nationalen Abkommen und Gesetze, die zum Schutz der Kinder und ihrer Rechte beschlossen wurden:<\/span><\/p>\n<p class=\"p3\"><span class=\"s2\"><a href=\"http:\/\/www.ohchr.org\/EN\/UDHR\/Pages\/Language.aspx?LangID=ger\">UN Menschenrechts-Charta<\/a><\/span><\/p>\n<p class=\"p3\"><span class=\"s2\"><a href=\"http:\/\/www.auswaertiges-amt.de\/cae\/servlet\/contentblob\/360794\/publicationFile\/3613\/IntZivilpakt.pdf\">Internationaler Pakt \u00fcber b\u00fcrgerliche und politische Rechte<\/a><\/span><\/p>\n<p class=\"p3\"><span class=\"s2\"><a href=\"http:\/\/www.humanrights.ch\/de\/Instrumente\/UNO-Abkommen\/Pakt-I\/index.html\">Internationaler Pakt \u00fcber wirtschaftliche, soziale und kulturelle Rechte<\/a><\/span><\/p>\n<p class=\"p3\"><span class=\"s2\"><a href=\"http:\/\/www.kinderhabenrechte.at\/fileadmin\/download\/Kinderrechtskonvention_deutsch_langfassung.pdf\">UN Kinderrechtskonvention<\/a><\/span><\/p>\n<p class=\"p3\"><span class=\"s2\"><a href=\"http:\/\/conventions.coe.int\/Treaty\/ger\/Treaties\/Html\/005.htm\">Europ\u00e4ische Menschenrechtskonvention<\/a><\/span><\/p>\n<p class=\"p3\"><span class=\"s2\"><a href=\"http:\/\/www.europarl.europa.eu\/charter\/pdf\/text_de.pdf\">Charta der Grundrechte der Europ\u00e4ischen Union<\/a><\/span><\/p>\n<p class=\"p3\"><span class=\"s2\"><a href=\"http:\/\/www.ris.bka.gv.at\/GeltendeFassung.wxe?Abfrage=Bundesnormen&amp;Gesetzesnummer=20003395\">Gleichbehandlungsgesetz in \u00d6sterreich<\/a><\/span><\/p>\n<p class=\"p3\"><span class=\"s2\"><a href=\"https:\/\/www.ris.bka.gv.at\/GeltendeFassung.wxe?Abfrage=Bundesnormen&amp;Gesetzesnummer=20008375\" target=\"_blank\" rel=\"noopener\">Bundes Kinder- und Jugendhilfegesetz \u00d6sterreich<\/a><\/span><\/p>\n<p class=\"p3\"><span class=\"s2\"><a href=\"https:\/\/www.ris.bka.gv.at\/GeltendeFassung.wxe?Abfrage=LrW&amp;Gesetzesnummer=20000259\" target=\"_blank\" rel=\"noopener\">Wiener Kinder- und Jugendhilfegesetz<\/a><\/span><\/p>\n<p class=\"p3\"><span class=\"s2\"><a href=\"http:\/\/www.hcch.net\/index_de.php?act=conventions.text&amp;cid=69\">Haager Adoptions\u00fcbereinkommen<\/a><\/span><\/p>\n<h2 class=\"p2\"><span class=\"s1\"><b>Das Wohl des Kindes steht im Mittelpunkt<\/b><\/span><\/h2>\n<p class=\"p2\"><span class=\"s1\">Oberster Grundsatz all unserer Aktivit\u00e4ten ist das Wohl des Kindes.<br \/>\nBesonders am Herzen liegen uns die Bed\u00fcrfnisse der Kinder nach Versorgung, Sicherheit und Schutz, nach best\u00e4ndigen Beziehungen, sicheren Bindungen, Akzeptanz und Geborgenheit, nach Unterst\u00fctzung und F\u00f6rderung wie auch das Bed\u00fcrfnis nach Orientierung und \u00dcbersicht.<\/span><\/p>\n<ul class=\"ul1\">\n<li class=\"li4\"><b><\/b><span class=\"s1\"><b>Kinder brauchen Familie<\/b><\/span><\/li>\n<\/ul>\n<p class=\"p2\"><span class=\"s1\">Das Bed\u00fcrfnis des Kindes nach best\u00e4ndigen Beziehungen und einer sicheren Zukunft kann in Familie oder familien-\u00e4hnlichen Lebensformen am besten erf\u00fcllt werden. Das sind unter anderem Pflegefamilien, Adoptivfamilien und Tageseltern.<\/span><\/p>\n<ul class=\"ul1\">\n<li class=\"li4\"><b><\/b><span class=\"s1\"><b>Annehmende Eltern brauchen Vorbereitung und Begleitung<\/b><\/span><\/li>\n<\/ul>\n<p class=\"p2\"><span class=\"s1\">Die Aufnahme eines Kindes in die Familie erfordert von den Eltern eine besondere Offenheit, Reflexionsbereitschaft und Flexibilit\u00e4t. In diesem Bewusstsein bereiten wir annehmenden Eltern darauf vor, auf die speziellen Bed\u00fcrfnisse ihrer angenommenen Kinder feinf\u00fchlig einzugehen und das Zusammenwachsen als Familie zu f\u00f6rdern.<\/span><\/p>\n<ul class=\"ul1\">\n<li class=\"li4\"><b><\/b><span class=\"s1\"><b>Familien brauchen Sicherheit<\/b><\/span><\/li>\n<\/ul>\n<p class=\"p2\"><span class=\"s1\">Wir sehen Familienleben als anspruchsvolle Aufgabe \u2013 f\u00fcr alle Familien und in besonderem Ma\u00df f\u00fcr Pflege- und Adoptivfamilien!<br \/>\nAnnehmende Eltern \u00fcbernehmen Kinder, die in ihrem jungen Leben bereits viel Unsicherheit und Verlust erlebt haben und geben ihnen ein sicheres Zuhause.<br \/>\nStabile Rahmenbedingungen und individuelle Unterst\u00fctzung helfen Familien bei dieser Herausforderung.<\/span><\/p>\n<ul class=\"ul1\">\n<li class=\"li4\"><b><\/b><span class=\"s1\"><b>Die Gesellschaft braucht annehmende Eltern und Tageseltern<\/b><\/span><\/li>\n<\/ul>\n<p class=\"p2\"><span class=\"s1\">Ob f\u00fcr das ganze Leben oder f\u00fcr einige Stunden in der Woche &#8211; Kinder brauchen individuelle Betreuung und liebevolle Zuwendung.<br \/>\nTageseltern und annehmende Eltern \u00fcbernehmen f\u00fcr unsere Gesellschaft die anspruchsvolle Aufgabe, deren gr\u00f6\u00dften Schatz, die Kinder, einen kleineren oder gr\u00f6\u00dferen Teil durch das Leben zu begleiten.<\/span><\/p>\n<h2 class=\"p2\"><span class=\"s2\"><b>Unsere Ziele \u2013 was wir erreichen wollen<\/b><\/span><\/h2>\n<ul class=\"ul1\">\n<li class=\"li4\"><span class=\"s1\">Stetige Verbesserung der gesetzlichen Rahmenbedingungen f\u00fcr Kinder und Familien (Tageseltern, Pflegefamilien, Adoptivfamilien, z.B. Anspruch auf Elternkarenz f\u00fcr Pflegeeltern)<\/span><\/li>\n<li class=\"li4\"><span class=\"s1\">Verbesserung der Lebensbedingungen von Kindern (im In- und Ausland)<\/span><\/li>\n<li class=\"li4\"><span class=\"s1\">Gesellschaftliche Akzeptanz und Anerkennung verschiedenster Familienformen (gelebte Vielfalt)<\/span><\/li>\n<li class=\"li4\"><span class=\"s1\">Stabilit\u00e4t in den Beziehungen der Kinder und maximale Absicherung von Langzeit-Pflegeverh\u00e4ltnissen<\/span><\/li>\n<li class=\"li4\"><span class=\"s1\">Bestens vorbereitete und begleitete annehmende Eltern und Tageseltern<\/span><\/li>\n<li class=\"li4\"><span class=\"s1\">Schaffung von Arbeitspl\u00e4tzen<\/span><\/li>\n<li class=\"li4\"><span class=\"s1\">Vereinbarkeit von Beruf und Familie<\/span><\/li>\n<li class=\"li4\"><span class=\"s1\">Bundesweit einheitliche Rahmenbedingungen im Kontext von Familie (Tageseltern, Pflegefamilien, Adoptivfamilien)<\/span><\/li>\n<li class=\"li4\"><span class=\"s1\">Chance f\u00fcr ein Leben in einer Familie f\u00fcr m\u00f6glichst viele Kinder<\/span><\/li>\n<\/ul>\n<h2 class=\"p2\"><span class=\"s2\"><b>Was wir tun um unsere Ziele zu erreichen<\/b><\/span><\/h2>\n<ul class=\"ul1\">\n<li class=\"li4\"><span class=\"s1\">Interessensvertretung und Lobbyarbeit f\u00fcr annehmende Eltern und Tageseltern und deren Kinder<\/span><\/li>\n<li class=\"li4\"><span class=\"s1\">Hilfsprojekte im In- und Ausland<\/span><\/li>\n<li class=\"li4\"><span class=\"s1\">\u00d6ffentlichkeitsarbeit<\/span><\/li>\n<li class=\"li4\"><span class=\"s1\">Erfahrungsaustausch und Kooperation<\/span>\n<ul class=\"ul2\">\n<li class=\"li4\"><span class=\"s1\">national und international<\/span><\/li>\n<li class=\"li4\"><span class=\"s1\">mit Beh\u00f6rden, Fachpersonen und Institutionen<\/span><\/li>\n<\/ul>\n<\/li>\n<li class=\"li4\"><span class=\"s1\">Laufende Evaluierung<br \/>\n<\/span><\/li>\n<\/ul>\n<h2 class=\"p2\"><span class=\"s2\"><b>Unsere Angebote \u2013 unsere t\u00e4gliche Arbeit<\/b><\/span><\/h2>\n<h4 class=\"p2\"><span class=\"s4\"><b><\/b><a href=\"http:\/\/www.efk.at\/pflegeeltern\/\"><span class=\"s5\"><b>Pflegefamilien:<\/b><\/span><\/a><\/span><\/h4>\n<ul>\n<li><span class=\"s1\">Anstellungstr\u00e4ger im Auftrag der Stadt Wien<\/span><\/li>\n<li><span class=\"s1\">Biografiearbeitsseminare<\/span><\/li>\n<li><span class=\"s1\">Fortbildungen<\/span><\/li>\n<li><span class=\"s1\">Sommerbildungswoche<\/span><\/li>\n<li><span class=\"s1\">Vernetzungstreffen<\/span><\/li>\n<li><span class=\"s1\">Supervision<\/span><\/li>\n<li><span class=\"s1\"><span class=\"s1\">Reittherapie<\/span><\/span><\/li>\n<\/ul>\n<h4><span class=\"s1\"><span class=\"s4\"><a href=\"http:\/\/www.efk.at\/tageseltern\/\"><span class=\"s5\"><b>Tageseltern<\/b><\/span><\/a><\/span><\/span><\/h4>\n<ul>\n<li><span class=\"s1\">Anstellungstr\u00e4ger, gef\u00f6rdert durch die Stadt Wien<\/span><\/li>\n<li><span class=\"s1\">Fortbildungen<\/span><\/li>\n<li><span class=\"s1\">Supervision<\/span><\/li>\n<li><span class=\"s1\">Mediation<\/span><\/li>\n<li><span class=\"s1\">Fachliche Begleitung<\/span><\/li>\n<li><span class=\"s1\">Vernetzungstreffen<\/span><\/li>\n<\/ul>\n<h4><span class=\"s4\"><b><\/b><a href=\"http:\/\/www.efk.at\/adoptionen\/\"><span class=\"s5\"><b>Adoptivfamilien<\/b><\/span><\/a><\/span><\/h4>\n<ul>\n<li><span class=\"s1\">Vorbereitungskurse im Auftrag der Stadt Wien<\/span><\/li>\n<li><span class=\"s1\">Begleitung bei Internationalen Adoptionen<\/span><\/li>\n<li><span class=\"s1\">Familientreffen, Babygruppe, Kleinkindgruppe<\/span><\/li>\n<li><span class=\"s1\">Fortbildungen<\/span><\/li>\n<li><span class=\"s1\">Reflexionsgruppen<\/span><\/li>\n<\/ul>\n<h4><span class=\"s4\"><b><\/b><a href=\"http:\/\/www.efk.at\/familienberatung\/\"><span class=\"s5\"><b>Familienberatungsstelle<\/b><\/span><\/a><\/span><\/h4>\n<ul>\n<li><span class=\"s1\">Eine Familienberatungsstelle<\/span><\/li>\n<li><span class=\"s1\">Schwerpunktthemen:<\/span><\/li>\n<li><span class=\"s1\">Familienplanung\/Schwangerenberatung<\/span><\/li>\n<li><span class=\"s1\">Vereinbarkeit von Beruf und Familie<\/span><\/li>\n<li><span class=\"s1\"><span class=\"s1\">Pflege und Adoption<\/span><\/span><\/li>\n<\/ul>\n<h4><span class=\"s4\"><b><\/b><a href=\"http:\/\/www.efk.at\/sozialprojekte\/\"><span class=\"s5\"><b>Sozialprojekte<\/b><\/span><\/a><\/span><\/h4>\n<ul>\n<li><span class=\"s1\">in \u00d6sterreich<\/span><\/li>\n<li><span class=\"s1\">in S\u00fcdafrika<\/span><\/li>\n<li><span class=\"s1\"><span class=\"s1\">in Rum\u00e4nien<\/span><\/span><\/li>\n<\/ul>\n<h4><b><\/b><span class=\"s1\"><b>Interessensvertretung unserer Zielgruppen<\/b><\/span><\/h4>\n<ul>\n<li><span class=\"s1\">Teilnahme an Konferenzen (national und international)<\/span><\/li>\n<li><span class=\"s1\">Mitgliedschaft in diversen Dachverb\u00e4nden<\/span><\/li>\n<li><span class=\"s1\">Mitarbeit in Arbeitskreisen zu unseren Fachthemen<\/span><\/li>\n<\/ul>\n<p class=\"p2\"><span class=\"s1\">\u00a0<\/span><\/p>\n<blockquote>\n<p class=\"p7\"><span class=\"s1\"><b>\u201eEltern\u00a0<i>f\u00fcr<\/i>\u00a0Kinder \u00d6sterreich\u201c<\/b><\/span><\/p>\n<p class=\"p2\"><span class=\"s1\">Unser Name ist nach \u00fcber 40 Jahren hohen<\/span><\/p>\n<p class=\"p2\"><span class=\"s1\">Engagements weiterhin Programm<\/span><\/p>\n<\/blockquote>\n<p><\/p>","protected":false},"excerpt":{"rendered":"<p>Der Verein sieht das Leitbild als Grundlage seines Tuns. Als Familienorganisation haben wir uns\u00a0zum Ziel gesetzt, das Recht jedes Kindes auf Eltern zu verwirklichen.\u00a0Daf\u00fcr sind wir t\u00e4tig in der Vorbereitung, Beratung und Begleitung von Menschen mit der Bereitschaft, ein Pflege- oder Adoptivkind aufzunehmen. Die Vereinbarkeit von Familie und Beruf unterst\u00fctzen wir durch das Angebot von &hellip; <a href=\"https:\/\/www.efk.at\/de\/leitbild\/\" class=\"more-link\"><span class=\"screen-reader-text\">Leitbild<\/span> weiterlesen<\/a><\/p>\n","protected":false},"author":1,"featured_media":0,"parent":0,"menu_order":0,"comment_status":"closed","ping_status":"closed","template":"","meta":{"xn-wppe-expiration":[],"xn-wppe-expiration-action":[],"xn-wppe-expiration-prefix":[],"footnotes":""},"class_list":["post-421","page","type-page","status-publish","hentry"],"yoast_head":"<!-- This site is optimized with the Yoast SEO plugin v26.1.1 - https:\/\/yoast.com\/wordpress\/plugins\/seo\/ -->\n<title>Leitbild - efk<\/title>\n<meta name=\"robots\" content=\"index, follow, max-snippet:-1, max-image-preview:large, max-video-preview:-1\" \/>\n<link rel=\"canonical\" href=\"https:\/\/www.efk.at\/leitbild\/\" \/>\n<meta property=\"og:locale\" content=\"de_DE\" \/>\n<meta property=\"og:type\" content=\"article\" \/>\n<meta property=\"og:title\" content=\"Leitbild - efk\" \/>\n<meta property=\"og:description\" content=\"Der Verein sieht das Leitbild als Grundlage seines Tuns. Als Familienorganisation haben wir uns\u00a0zum Ziel gesetzt, das Recht jedes Kindes auf Eltern zu verwirklichen.\u00a0Daf\u00fcr sind wir t\u00e4tig in der Vorbereitung, Beratung und Begleitung von Menschen mit der Bereitschaft, ein Pflege- oder Adoptivkind aufzunehmen. Die Vereinbarkeit von Familie und Beruf unterst\u00fctzen wir durch das Angebot von &hellip; Leitbild weiterlesen\" \/>\n<meta property=\"og:url\" content=\"https:\/\/www.efk.at\/leitbild\/\" \/>\n<meta property=\"og:site_name\" content=\"efk\" \/>\n<meta property=\"article:modified_time\" content=\"2024-06-13T14:28:09+00:00\" \/>\n<meta name=\"twitter:card\" content=\"summary_large_image\" \/>\n<meta name=\"twitter:label1\" content=\"Gesch\u00e4tzte Lesezeit\" \/>\n\t<meta name=\"twitter:data1\" content=\"5\u00a0Minuten\" \/>\n<script type=\"application\/ld+json\" class=\"yoast-schema-graph\">{\"@context\":\"https:\/\/schema.org\",\"@graph\":[{\"@type\":\"WebPage\",\"@id\":\"https:\/\/www.efk.at\/leitbild\/\",\"url\":\"https:\/\/www.efk.at\/leitbild\/\",\"name\":\"Leitbild - efk\",\"isPartOf\":{\"@id\":\"https:\/\/www.efk.at\/de\/#website\"},\"datePublished\":\"2017-09-25T15:42:40+00:00\",\"dateModified\":\"2024-06-13T14:28:09+00:00\",\"breadcrumb\":{\"@id\":\"https:\/\/www.efk.at\/leitbild\/#breadcrumb\"},\"inLanguage\":\"de\",\"potentialAction\":[{\"@type\":\"ReadAction\",\"target\":[\"https:\/\/www.efk.at\/leitbild\/\"]}]},{\"@type\":\"BreadcrumbList\",\"@id\":\"https:\/\/www.efk.at\/leitbild\/#breadcrumb\",\"itemListElement\":[{\"@type\":\"ListItem\",\"position\":1,\"name\":\"Startseite\",\"item\":\"https:\/\/www.efk.at\/de\/\"},{\"@type\":\"ListItem\",\"position\":2,\"name\":\"Leitbild\"}]},{\"@type\":\"WebSite\",\"@id\":\"https:\/\/www.efk.at\/de\/#website\",\"url\":\"https:\/\/www.efk.at\/de\/\",\"name\":\"efk\",\"description\":\"Eltern f\u00fcr Kinder \u00d6sterreich\",\"potentialAction\":[{\"@type\":\"SearchAction\",\"target\":{\"@type\":\"EntryPoint\",\"urlTemplate\":\"https:\/\/www.efk.at\/de\/?s={search_term_string}\"},\"query-input\":{\"@type\":\"PropertyValueSpecification\",\"valueRequired\":true,\"valueName\":\"search_term_string\"}}],\"inLanguage\":\"de\"}]}<\/script>\n<!-- \/ Yoast SEO plugin. -->","yoast_head_json":{"title":"Leitbild - efk","robots":{"index":"index","follow":"follow","max-snippet":"max-snippet:-1","max-image-preview":"max-image-preview:large","max-video-preview":"max-video-preview:-1"},"canonical":"https:\/\/www.efk.at\/leitbild\/","og_locale":"de_DE","og_type":"article","og_title":"Leitbild - efk","og_description":"Der Verein sieht das Leitbild als Grundlage seines Tuns. Als Familienorganisation haben wir uns\u00a0zum Ziel gesetzt, das Recht jedes Kindes auf Eltern zu verwirklichen.\u00a0Daf\u00fcr sind wir t\u00e4tig in der Vorbereitung, Beratung und Begleitung von Menschen mit der Bereitschaft, ein Pflege- oder Adoptivkind aufzunehmen. Die Vereinbarkeit von Familie und Beruf unterst\u00fctzen wir durch das Angebot von &hellip; Leitbild weiterlesen","og_url":"https:\/\/www.efk.at\/leitbild\/","og_site_name":"efk","article_modified_time":"2024-06-13T14:28:09+00:00","twitter_card":"summary_large_image","twitter_misc":{"Gesch\u00e4tzte Lesezeit":"5\u00a0Minuten"},"schema":{"@context":"https:\/\/schema.org","@graph":[{"@type":"WebPage","@id":"https:\/\/www.efk.at\/leitbild\/","url":"https:\/\/www.efk.at\/leitbild\/","name":"Leitbild - efk","isPartOf":{"@id":"https:\/\/www.efk.at\/de\/#website"},"datePublished":"2017-09-25T15:42:40+00:00","dateModified":"2024-06-13T14:28:09+00:00","breadcrumb":{"@id":"https:\/\/www.efk.at\/leitbild\/#breadcrumb"},"inLanguage":"de","potentialAction":[{"@type":"ReadAction","target":["https:\/\/www.efk.at\/leitbild\/"]}]},{"@type":"BreadcrumbList","@id":"https:\/\/www.efk.at\/leitbild\/#breadcrumb","itemListElement":[{"@type":"ListItem","position":1,"name":"Startseite","item":"https:\/\/www.efk.at\/de\/"},{"@type":"ListItem","position":2,"name":"Leitbild"}]},{"@type":"WebSite","@id":"https:\/\/www.efk.at\/de\/#website","url":"https:\/\/www.efk.at\/de\/","name":"efk","description":"Eltern f\u00fcr Kinder \u00d6sterreich","potentialAction":[{"@type":"SearchAction","target":{"@type":"EntryPoint","urlTemplate":"https:\/\/www.efk.at\/de\/?s={search_term_string}"},"query-input":{"@type":"PropertyValueSpecification","valueRequired":true,"valueName":"search_term_string"}}],"inLanguage":"de"}]}},"_links":{"self":[{"href":"https:\/\/www.efk.at\/de\/wp-json\/wp\/v2\/pages\/421","targetHints":{"allow":["GET"]}}],"collection":[{"href":"https:\/\/www.efk.at\/de\/wp-json\/wp\/v2\/pages"}],"about":[{"href":"https:\/\/www.efk.at\/de\/wp-json\/wp\/v2\/types\/page"}],"author":[{"embeddable":true,"href":"https:\/\/www.efk.at\/de\/wp-json\/wp\/v2\/users\/1"}],"replies":[{"embeddable":true,"href":"https:\/\/www.efk.at\/de\/wp-json\/wp\/v2\/comments?post=421"}],"version-history":[{"count":24,"href":"https:\/\/www.efk.at\/de\/wp-json\/wp\/v2\/pages\/421\/revisions"}],"predecessor-version":[{"id":5330,"href":"https:\/\/www.efk.at\/de\/wp-json\/wp\/v2\/pages\/421\/revisions\/5330"}],"wp:attachment":[{"href":"https:\/\/www.efk.at\/de\/wp-json\/wp\/v2\/media?parent=421"}],"curies":[{"name":"wp","href":"https:\/\/api.w.org\/{rel}","templated":true}]}}