{"id":3845,"date":"2021-05-18T16:01:33","date_gmt":"2021-05-18T14:01:33","guid":{"rendered":"http:\/\/www.efk.at\/?page_id=3845"},"modified":"2021-05-24T13:04:46","modified_gmt":"2021-05-24T11:04:46","slug":"buecher-jahresbericht","status":"publish","type":"page","link":"https:\/\/www.efk.at\/de\/buecher-jahresbericht\/","title":{"rendered":"Neu im B\u00fccherregal &#8211; Jahresbericht 2020"},"content":{"rendered":"<p><\/p>\n<h2>Neu in unserem B\u00fccherregal:<\/h2>\n<h4>\u201ePaul bekommt eine neue Familie\u201c<\/h4>\n<p><img loading=\"lazy\" decoding=\"async\" class=\"alignright wp-image-3988\" src=\"http:\/\/www.efk.at\/wp-content\/uploads\/2021\/05\/Cover-Paul-der-Panda-vorne_korr.jpg\" alt=\"\" width=\"224\" height=\"234\" srcset=\"https:\/\/www.efk.at\/wp-content\/uploads\/2021\/05\/Cover-Paul-der-Panda-vorne_korr.jpg 1654w, https:\/\/www.efk.at\/wp-content\/uploads\/2021\/05\/Cover-Paul-der-Panda-vorne_korr-288x300.jpg 288w, https:\/\/www.efk.at\/wp-content\/uploads\/2021\/05\/Cover-Paul-der-Panda-vorne_korr-982x1024.jpg 982w, https:\/\/www.efk.at\/wp-content\/uploads\/2021\/05\/Cover-Paul-der-Panda-vorne_korr-768x801.jpg 768w, https:\/\/www.efk.at\/wp-content\/uploads\/2021\/05\/Cover-Paul-der-Panda-vorne_korr-1473x1536.jpg 1473w, https:\/\/www.efk.at\/wp-content\/uploads\/2021\/05\/Cover-Paul-der-Panda-vorne_korr-648x676.jpg 648w, https:\/\/www.efk.at\/wp-content\/uploads\/2021\/05\/Cover-Paul-der-Panda-vorne_korr-184x192.jpg 184w\" sizes=\"auto, (max-width: 224px) 100vw, 224px\" \/><\/p>\n<p><em>von Andrea Kaderabek, illustriert von Sabrina Hassler<\/em><br \/>\n<em>(Paul wartet auf euch im Webshop unter: www.bekitverlag.com )<\/em><\/p>\n<p>\u201ePaul bekommt eine neue Familie\u201c ist eine liebevoll erz\u00e4hlte Geschichte, die das Thema Pflege- und Adoptivkinder auch f\u00fcr die Kleinsten einfach und verst\u00e4ndlich erkl\u00e4rt.<br \/>\nPaul ist ein besonderer kleiner Panda und lebt mit seinen Herzenseltern auf der Insel der Tiere. In dieser Bilderbuchgeschichte wird gezeigt, was es f\u00fcr ein Kind bedeutet, aus seiner Herkunftsfamilie herausgenommen zu werden und in eine ihm unbekannte Familie hineinzukommen.<br \/>\n<img loading=\"lazy\" decoding=\"async\" class=\" wp-image-3989 alignleft\" src=\"http:\/\/www.efk.at\/wp-content\/uploads\/2021\/05\/Paul_Schwierige-Zeiten-Farbe.jpg\" alt=\"\" width=\"235\" height=\"200\" srcset=\"https:\/\/www.efk.at\/wp-content\/uploads\/2021\/05\/Paul_Schwierige-Zeiten-Farbe.jpg 1490w, https:\/\/www.efk.at\/wp-content\/uploads\/2021\/05\/Paul_Schwierige-Zeiten-Farbe-300x255.jpg 300w, https:\/\/www.efk.at\/wp-content\/uploads\/2021\/05\/Paul_Schwierige-Zeiten-Farbe-1024x871.jpg 1024w, https:\/\/www.efk.at\/wp-content\/uploads\/2021\/05\/Paul_Schwierige-Zeiten-Farbe-768x654.jpg 768w, https:\/\/www.efk.at\/wp-content\/uploads\/2021\/05\/Paul_Schwierige-Zeiten-Farbe-648x551.jpg 648w, https:\/\/www.efk.at\/wp-content\/uploads\/2021\/05\/Paul_Schwierige-Zeiten-Farbe-226x192.jpg 226w\" sizes=\"auto, (max-width: 235px) 100vw, 235px\" \/>Im Fokus liegen die Gef\u00fchle des Kindes und das Verst\u00e4ndnis der Au\u00dfenwelt auf diese Sicht. Durch die \u00dcbernahme des Kindes entsteht eine neue Familie, doch um eine Familie zu werden, muss das Band zwischen ihnen erst wachsen, ebenso wie Vertrauen, Zuneigung und Verst\u00e4ndnis.<\/p>\n<p>Die Autorin will uns zeigen, dass Kinder, die neue Eltern bekommen, nicht bewusst auf diese warten. Sie haben es sich nicht ausgesucht, jemand anders hat f\u00fcr sie entschieden. Auch soll den Kindern der R\u00fccken gest\u00e4rkt werden, indem sie der Umwelt zeigen k\u00f6nnen, was es bedeutet, die leibliche Familie verlassen zu haben und diese gleichzeitig als einen Teil ihres Lebens bestehen zu lassen.<\/p>\n<p>Es werden noch viele Geschichten mit Panda Paul folgen \u2013 Band 2 wird voraussichtlich ab September 2021 zur Verf\u00fcgung stehen!<\/p>\n<h4>\u201eCan I tell you about Adoption?\u201c<\/h4>\n<p><em><img loading=\"lazy\" decoding=\"async\" class=\" wp-image-3991 alignright\" src=\"http:\/\/www.efk.at\/wp-content\/uploads\/2021\/05\/Can-i-tell-you-about-adoption-e1621854021615.jpg\" alt=\"\" width=\"225\" height=\"304\" srcset=\"https:\/\/www.efk.at\/wp-content\/uploads\/2021\/05\/Can-i-tell-you-about-adoption-e1621854021615.jpg 591w, https:\/\/www.efk.at\/wp-content\/uploads\/2021\/05\/Can-i-tell-you-about-adoption-e1621854021615-222x300.jpg 222w, https:\/\/www.efk.at\/wp-content\/uploads\/2021\/05\/Can-i-tell-you-about-adoption-e1621854021615-142x192.jpg 142w\" sizes=\"auto, (max-width: 225px) 100vw, 225px\" \/>von Anne Braff Brodzinsky, illustriert von Rosy Salaman (www.jkp.com)<\/em><\/p>\n<p>In diesem wunderbaren englischsprachigen Buch erz\u00e4hlt Chelsea, ein zehnj\u00e4hriges Adoptivkind, aus ihrer Sicht \u00fcber Adoption: Sie denkt, dass viele Menschen glauben, sie w\u00fcrden etwas von Adoption verstehen. Aber tats\u00e4chlich wissen sie oft viel zu wenig dar\u00fcber.<\/p>\n<p>Chelsea findet es ok, wenn Menschen neugierig sind und etwas \u00fcber ihre Adoption lernen wollen. Sie liebt ihre Adoptiveltern und dass sie mit ihnen eine Familie ist, aber trotzdem tr\u00e4gt sie auch ihre erste Mama mit sich und denkt an sie, manchmal mehr, manchmal weniger. Und sie berichtet von den komischen Fragen, die manche Leute stellen und durch die sie sich unwohl oder traurig f\u00fchlt: denn diese Fragen geben ihr ein Gef\u00fchl, dass sie anders ist und etwas erkl\u00e4ren muss und manchmal gibt es gar keine Antwort!<\/p>\n<p>Das Buch begeistert durch seine einfache (englische) Sprache und die kindgerecht erkl\u00e4rten Zusammenh\u00e4nge. Der\/die Leser*in erlebt Adoption mit den Augen einer Zehnj\u00e4hrigen und lernt nicht nur viel \u00fcber Adoption und die Gef\u00fchlswelt eines Kindes, sondern auch \u00fcber Formulierungsm\u00f6glichkeiten in der Biografiearbeit. Am Ende des Buches gibt es auch ein paar Tipps f\u00fcr Eltern oder Lehrpersonen. Sehr zu empfehlen!<\/p>\n<h4>\u201eEin Tag bei meiner Tagesmama\u201c<\/h4>\n<p><em><img loading=\"lazy\" decoding=\"async\" class=\" wp-image-3992 alignleft\" src=\"http:\/\/www.efk.at\/wp-content\/uploads\/2021\/05\/Bild_Buch_Tagesmutter.jpg\" alt=\"\" width=\"178\" height=\"249\" srcset=\"https:\/\/www.efk.at\/wp-content\/uploads\/2021\/05\/Bild_Buch_Tagesmutter.jpg 945w, https:\/\/www.efk.at\/wp-content\/uploads\/2021\/05\/Bild_Buch_Tagesmutter-215x300.jpg 215w, https:\/\/www.efk.at\/wp-content\/uploads\/2021\/05\/Bild_Buch_Tagesmutter-734x1024.jpg 734w, https:\/\/www.efk.at\/wp-content\/uploads\/2021\/05\/Bild_Buch_Tagesmutter-768x1071.jpg 768w, https:\/\/www.efk.at\/wp-content\/uploads\/2021\/05\/Bild_Buch_Tagesmutter-648x904.jpg 648w, https:\/\/www.efk.at\/wp-content\/uploads\/2021\/05\/Bild_Buch_Tagesmutter-138x192.jpg 138w\" sizes=\"auto, (max-width: 178px) 100vw, 178px\" \/>von Marion Klara Mazzaglia, illustriert von Barbara Lang<\/em><br \/>\n<em>(www.neudenken-media.de)<\/em><\/p>\n<p>Die kleine Hauptdarstellerin Nina wird von einer Tagesmutter betreut. Sie erz\u00e4hlt, wie der Tag f\u00fcr sie und die anderen Tageskinder abl\u00e4uft. Von der morgendlichen Verabschiedung bis zum Abholen am Abend gibt es viel zu erz\u00e4hlen, denn Tagesmama Klara l\u00e4sst sich so einiges einfallen, um mit Nina und den anderen Tageskindern einen sch\u00f6nen Tag zu haben.<\/p>\n<p>Die Autorin und Diplom-Sozialp\u00e4dagogin Marion Klara Mazzaglia ist leidenschaftliche Tagesmutter und erkl\u00e4rt mit diesem Bilderbuch kleinen Kindern ganz wunderbar den Tagesablauf bei einer Tagesmutter.<\/p>\n<h4>\u201eMax geht zur Tagesmutter\u201c<\/h4>\n<p><em><img loading=\"lazy\" decoding=\"async\" class=\" wp-image-3995 alignright\" src=\"http:\/\/www.efk.at\/wp-content\/uploads\/2021\/05\/Pixi_Max.jpg\" alt=\"\" width=\"268\" height=\"270\" srcset=\"https:\/\/www.efk.at\/wp-content\/uploads\/2021\/05\/Pixi_Max.jpg 945w, https:\/\/www.efk.at\/wp-content\/uploads\/2021\/05\/Pixi_Max-298x300.jpg 298w, https:\/\/www.efk.at\/wp-content\/uploads\/2021\/05\/Pixi_Max-150x150.jpg 150w, https:\/\/www.efk.at\/wp-content\/uploads\/2021\/05\/Pixi_Max-768x772.jpg 768w, https:\/\/www.efk.at\/wp-content\/uploads\/2021\/05\/Pixi_Max-96x96.jpg 96w, https:\/\/www.efk.at\/wp-content\/uploads\/2021\/05\/Pixi_Max-648x651.jpg 648w, https:\/\/www.efk.at\/wp-content\/uploads\/2021\/05\/Pixi_Max-191x192.jpg 191w\" sizes=\"auto, (max-width: 268px) 100vw, 268px\" \/>von Christian Tielmann, illustriert von Sabine Kraushaar (www.pixi.de)<\/em><\/p>\n<p>Max\u2018 Mama will wieder arbeiten gehen, und da sein Papa auch untertags arbeitet, schlagen ihm seine Eltern vor, dass er einmal ausprobieren soll, wie es ihm bei Tagesmutter Irmela gef\u00e4llt. Etwas mulmig ist Max schon, er mag Ver\u00e4nderungen nicht so gerne. Aber bei der Tagesmutter gibt es tolles Spielzeug und vor allem auch andere Kinder, mit denen er spielen kann.<\/p>\n<p>Ein hilfreiches B\u00fcchlein aus der Pixi-Reihe, mit dem Eltern ihre Kinder gut auf ihre Zeit bei der Tagesmutter\/dem Tagesvater vorbereiten k\u00f6nnen!<\/p>\n<h5><a href=\"\/aktueller-jahresbericht\/\">\u00ab Inhaltsverzeichnis<\/a><\/h5>\n<p><\/p>","protected":false},"excerpt":{"rendered":"<p>Neu in unserem B\u00fccherregal: \u201ePaul bekommt eine neue Familie\u201c von Andrea Kaderabek, illustriert von Sabrina Hassler (Paul wartet auf euch im Webshop unter: www.bekitverlag.com ) \u201ePaul bekommt eine neue Familie\u201c ist eine liebevoll erz\u00e4hlte Geschichte, die das Thema Pflege- und Adoptivkinder auch f\u00fcr die Kleinsten einfach und verst\u00e4ndlich erkl\u00e4rt. Paul ist ein besonderer kleiner Panda &hellip; <a href=\"https:\/\/www.efk.at\/de\/buecher-jahresbericht\/\" class=\"more-link\"><span class=\"screen-reader-text\">Neu im B\u00fccherregal &#8211; Jahresbericht 2020<\/span> weiterlesen<\/a><\/p>\n","protected":false},"author":1,"featured_media":0,"parent":0,"menu_order":0,"comment_status":"closed","ping_status":"closed","template":"","meta":{"xn-wppe-expiration":[],"xn-wppe-expiration-action":[],"xn-wppe-expiration-prefix":[],"footnotes":""},"class_list":["post-3845","page","type-page","status-publish","hentry"],"yoast_head":"<!-- This site is optimized with the Yoast SEO plugin v26.1.1 - https:\/\/yoast.com\/wordpress\/plugins\/seo\/ -->\n<title>Neu im B\u00fccherregal - Jahresbericht 2020 - efk<\/title>\n<meta name=\"robots\" content=\"index, follow, max-snippet:-1, max-image-preview:large, max-video-preview:-1\" \/>\n<link rel=\"canonical\" href=\"https:\/\/www.efk.at\/de\/buecher-jahresbericht\/\" \/>\n<meta property=\"og:locale\" content=\"de_DE\" \/>\n<meta property=\"og:type\" content=\"article\" \/>\n<meta property=\"og:title\" content=\"[:de]Neu im B\u00fccherregal - Jahresbericht 2020[:] - efk\" \/>\n<meta property=\"og:description\" content=\"Neu in unserem B\u00fccherregal: \u201ePaul bekommt eine neue Familie\u201c von Andrea Kaderabek, illustriert von Sabrina Hassler (Paul wartet auf euch im Webshop unter: www.bekitverlag.com ) \u201ePaul bekommt eine neue Familie\u201c ist eine liebevoll erz\u00e4hlte Geschichte, die das Thema Pflege- und Adoptivkinder auch f\u00fcr die Kleinsten einfach und verst\u00e4ndlich erkl\u00e4rt. Paul ist ein besonderer kleiner Panda &hellip; Neu im B\u00fccherregal &#8211; Jahresbericht 2020 weiterlesen\" \/>\n<meta property=\"og:url\" content=\"https:\/\/www.efk.at\/de\/buecher-jahresbericht\/\" \/>\n<meta property=\"og:site_name\" content=\"efk\" \/>\n<meta property=\"article:modified_time\" content=\"2021-05-24T11:04:46+00:00\" \/>\n<meta property=\"og:image\" content=\"http:\/\/www.efk.at\/wp-content\/uploads\/2021\/05\/Cover-Paul-der-Panda-vorne_korr.jpg\" \/>\n<meta name=\"twitter:card\" content=\"summary_large_image\" \/>\n<meta name=\"twitter:label1\" content=\"Gesch\u00e4tzte Lesezeit\" \/>\n\t<meta name=\"twitter:data1\" content=\"4\u00a0Minuten\" \/>\n<script type=\"application\/ld+json\" class=\"yoast-schema-graph\">{\"@context\":\"https:\/\/schema.org\",\"@graph\":[{\"@type\":\"WebPage\",\"@id\":\"https:\/\/www.efk.at\/de\/buecher-jahresbericht\/\",\"url\":\"https:\/\/www.efk.at\/de\/buecher-jahresbericht\/\",\"name\":\"[:de]Neu im B\u00fccherregal - Jahresbericht 2020[:] - efk\",\"isPartOf\":{\"@id\":\"https:\/\/www.efk.at\/de\/#website\"},\"primaryImageOfPage\":{\"@id\":\"https:\/\/www.efk.at\/de\/buecher-jahresbericht\/#primaryimage\"},\"image\":{\"@id\":\"https:\/\/www.efk.at\/de\/buecher-jahresbericht\/#primaryimage\"},\"thumbnailUrl\":\"http:\/\/www.efk.at\/wp-content\/uploads\/2021\/05\/Cover-Paul-der-Panda-vorne_korr.jpg\",\"datePublished\":\"2021-05-18T14:01:33+00:00\",\"dateModified\":\"2021-05-24T11:04:46+00:00\",\"breadcrumb\":{\"@id\":\"https:\/\/www.efk.at\/de\/buecher-jahresbericht\/#breadcrumb\"},\"inLanguage\":\"de\",\"potentialAction\":[{\"@type\":\"ReadAction\",\"target\":[\"https:\/\/www.efk.at\/de\/buecher-jahresbericht\/\"]}]},{\"@type\":\"ImageObject\",\"inLanguage\":\"de\",\"@id\":\"https:\/\/www.efk.at\/de\/buecher-jahresbericht\/#primaryimage\",\"url\":\"http:\/\/www.efk.at\/wp-content\/uploads\/2021\/05\/Cover-Paul-der-Panda-vorne_korr.jpg\",\"contentUrl\":\"http:\/\/www.efk.at\/wp-content\/uploads\/2021\/05\/Cover-Paul-der-Panda-vorne_korr.jpg\"},{\"@type\":\"BreadcrumbList\",\"@id\":\"https:\/\/www.efk.at\/de\/buecher-jahresbericht\/#breadcrumb\",\"itemListElement\":[{\"@type\":\"ListItem\",\"position\":1,\"name\":\"Startseite\",\"item\":\"https:\/\/www.efk.at\/de\/\"},{\"@type\":\"ListItem\",\"position\":2,\"name\":\"Neu im B\u00fccherregal &#8211; Jahresbericht 2020\"}]},{\"@type\":\"WebSite\",\"@id\":\"https:\/\/www.efk.at\/de\/#website\",\"url\":\"https:\/\/www.efk.at\/de\/\",\"name\":\"efk\",\"description\":\"Eltern f\u00fcr Kinder \u00d6sterreich\",\"potentialAction\":[{\"@type\":\"SearchAction\",\"target\":{\"@type\":\"EntryPoint\",\"urlTemplate\":\"https:\/\/www.efk.at\/de\/?s={search_term_string}\"},\"query-input\":{\"@type\":\"PropertyValueSpecification\",\"valueRequired\":true,\"valueName\":\"search_term_string\"}}],\"inLanguage\":\"de\"}]}<\/script>\n<!-- \/ Yoast SEO plugin. -->","yoast_head_json":{"title":"[:de]Neu im B\u00fccherregal - Jahresbericht 2020[:] - efk","robots":{"index":"index","follow":"follow","max-snippet":"max-snippet:-1","max-image-preview":"max-image-preview:large","max-video-preview":"max-video-preview:-1"},"canonical":"https:\/\/www.efk.at\/de\/buecher-jahresbericht\/","og_locale":"de_DE","og_type":"article","og_title":"[:de]Neu im B\u00fccherregal - Jahresbericht 2020[:] - efk","og_description":"Neu in unserem B\u00fccherregal: \u201ePaul bekommt eine neue Familie\u201c von Andrea Kaderabek, illustriert von Sabrina Hassler (Paul wartet auf euch im Webshop unter: www.bekitverlag.com ) \u201ePaul bekommt eine neue Familie\u201c ist eine liebevoll erz\u00e4hlte Geschichte, die das Thema Pflege- und Adoptivkinder auch f\u00fcr die Kleinsten einfach und verst\u00e4ndlich erkl\u00e4rt. Paul ist ein besonderer kleiner Panda &hellip; Neu im B\u00fccherregal &#8211; Jahresbericht 2020 weiterlesen","og_url":"https:\/\/www.efk.at\/de\/buecher-jahresbericht\/","og_site_name":"efk","article_modified_time":"2021-05-24T11:04:46+00:00","og_image":[{"url":"http:\/\/www.efk.at\/wp-content\/uploads\/2021\/05\/Cover-Paul-der-Panda-vorne_korr.jpg","type":"","width":"","height":""}],"twitter_card":"summary_large_image","twitter_misc":{"Gesch\u00e4tzte Lesezeit":"4\u00a0Minuten"},"schema":{"@context":"https:\/\/schema.org","@graph":[{"@type":"WebPage","@id":"https:\/\/www.efk.at\/de\/buecher-jahresbericht\/","url":"https:\/\/www.efk.at\/de\/buecher-jahresbericht\/","name":"[:de]Neu im B\u00fccherregal - Jahresbericht 2020[:] - efk","isPartOf":{"@id":"https:\/\/www.efk.at\/de\/#website"},"primaryImageOfPage":{"@id":"https:\/\/www.efk.at\/de\/buecher-jahresbericht\/#primaryimage"},"image":{"@id":"https:\/\/www.efk.at\/de\/buecher-jahresbericht\/#primaryimage"},"thumbnailUrl":"http:\/\/www.efk.at\/wp-content\/uploads\/2021\/05\/Cover-Paul-der-Panda-vorne_korr.jpg","datePublished":"2021-05-18T14:01:33+00:00","dateModified":"2021-05-24T11:04:46+00:00","breadcrumb":{"@id":"https:\/\/www.efk.at\/de\/buecher-jahresbericht\/#breadcrumb"},"inLanguage":"de","potentialAction":[{"@type":"ReadAction","target":["https:\/\/www.efk.at\/de\/buecher-jahresbericht\/"]}]},{"@type":"ImageObject","inLanguage":"de","@id":"https:\/\/www.efk.at\/de\/buecher-jahresbericht\/#primaryimage","url":"http:\/\/www.efk.at\/wp-content\/uploads\/2021\/05\/Cover-Paul-der-Panda-vorne_korr.jpg","contentUrl":"http:\/\/www.efk.at\/wp-content\/uploads\/2021\/05\/Cover-Paul-der-Panda-vorne_korr.jpg"},{"@type":"BreadcrumbList","@id":"https:\/\/www.efk.at\/de\/buecher-jahresbericht\/#breadcrumb","itemListElement":[{"@type":"ListItem","position":1,"name":"Startseite","item":"https:\/\/www.efk.at\/de\/"},{"@type":"ListItem","position":2,"name":"Neu im B\u00fccherregal &#8211; Jahresbericht 2020"}]},{"@type":"WebSite","@id":"https:\/\/www.efk.at\/de\/#website","url":"https:\/\/www.efk.at\/de\/","name":"efk","description":"Eltern f\u00fcr Kinder \u00d6sterreich","potentialAction":[{"@type":"SearchAction","target":{"@type":"EntryPoint","urlTemplate":"https:\/\/www.efk.at\/de\/?s={search_term_string}"},"query-input":{"@type":"PropertyValueSpecification","valueRequired":true,"valueName":"search_term_string"}}],"inLanguage":"de"}]}},"_links":{"self":[{"href":"https:\/\/www.efk.at\/de\/wp-json\/wp\/v2\/pages\/3845","targetHints":{"allow":["GET"]}}],"collection":[{"href":"https:\/\/www.efk.at\/de\/wp-json\/wp\/v2\/pages"}],"about":[{"href":"https:\/\/www.efk.at\/de\/wp-json\/wp\/v2\/types\/page"}],"author":[{"embeddable":true,"href":"https:\/\/www.efk.at\/de\/wp-json\/wp\/v2\/users\/1"}],"replies":[{"embeddable":true,"href":"https:\/\/www.efk.at\/de\/wp-json\/wp\/v2\/comments?post=3845"}],"version-history":[{"count":6,"href":"https:\/\/www.efk.at\/de\/wp-json\/wp\/v2\/pages\/3845\/revisions"}],"predecessor-version":[{"id":3996,"href":"https:\/\/www.efk.at\/de\/wp-json\/wp\/v2\/pages\/3845\/revisions\/3996"}],"wp:attachment":[{"href":"https:\/\/www.efk.at\/de\/wp-json\/wp\/v2\/media?parent=3845"}],"curies":[{"name":"wp","href":"https:\/\/api.w.org\/{rel}","templated":true}]}}