{"id":373,"date":"2017-09-25T16:40:45","date_gmt":"2017-09-25T14:40:45","guid":{"rendered":"http:\/\/www.efk.at\/?page_id=373"},"modified":"2025-07-31T17:26:42","modified_gmt":"2025-07-31T15:26:42","slug":"kosten-adoption-suedafrika","status":"publish","type":"page","link":"https:\/\/www.efk.at\/de\/kosten-adoption-suedafrika\/","title":{"rendered":"Kosten-Adoption-S\u00fcdafrika"},"content":{"rendered":"<p>Finden sie hier die Kostenaufstellung f\u00fcr eine voll-begleitete Adoption aus S\u00fcdafrika, g\u00fcltig von 1.1. &#8211; 31.12.2025<\/p>\n<p><a href=\"https:\/\/www.efk.at\/wp-content\/uploads\/2025\/07\/EfKOe-Kosteninfo-Suedafrika-2025-1.pdf\">Ablauf und Kosteninformation zur Adoption aus S\u00fcdafrika<\/a><\/p>\n<h3><a href=\"http:\/\/www.efk.at\/suedafrika\/\">&lt; Zur\u00fcck\u00a0<\/a><\/h3>\n<p><\/p>","protected":false},"excerpt":{"rendered":"<p>Finden sie hier die Kostenaufstellung f\u00fcr eine voll-begleitete Adoption aus S\u00fcdafrika, g\u00fcltig von 1.1. &#8211; 31.12.2025 Ablauf und Kosteninformation zur Adoption aus S\u00fcdafrika &lt; Zur\u00fcck\u00a0<\/p>\n","protected":false},"author":1,"featured_media":0,"parent":0,"menu_order":0,"comment_status":"closed","ping_status":"closed","template":"","meta":{"xn-wppe-expiration":[],"xn-wppe-expiration-action":[],"xn-wppe-expiration-prefix":[],"footnotes":""},"class_list":["post-373","page","type-page","status-publish","hentry"],"yoast_head":"<!-- This site is optimized with the Yoast SEO plugin v26.1.1 - https:\/\/yoast.com\/wordpress\/plugins\/seo\/ -->\n<title>Kosten-Adoption-S\u00fcdafrika - efk<\/title>\n<meta name=\"robots\" content=\"index, follow, max-snippet:-1, max-image-preview:large, max-video-preview:-1\" \/>\n<link rel=\"canonical\" href=\"https:\/\/www.efk.at\/kosten-adoption-suedafrika\/\" \/>\n<meta property=\"og:locale\" content=\"de_DE\" \/>\n<meta property=\"og:type\" content=\"article\" \/>\n<meta property=\"og:title\" content=\"[:de]Kosten-Adoption-S\u00fcdafrika[:en]Costs Adoption South Africa[:] - efk\" \/>\n<meta property=\"og:description\" content=\"Finden sie hier die Kostenaufstellung f\u00fcr eine voll-begleitete Adoption aus S\u00fcdafrika, g\u00fcltig von 1.1. &#8211; 31.12.2025 Ablauf und Kosteninformation zur Adoption aus S\u00fcdafrika &lt; Zur\u00fcck\u00a0\" \/>\n<meta property=\"og:url\" content=\"https:\/\/www.efk.at\/kosten-adoption-suedafrika\/\" \/>\n<meta property=\"og:site_name\" content=\"efk\" \/>\n<meta property=\"article:modified_time\" content=\"2025-07-31T15:26:42+00:00\" \/>\n<meta name=\"twitter:card\" content=\"summary_large_image\" \/>\n<meta name=\"twitter:label1\" content=\"Gesch\u00e4tzte Lesezeit\" \/>\n\t<meta name=\"twitter:data1\" content=\"1\u00a0Minute\" \/>\n<script type=\"application\/ld+json\" class=\"yoast-schema-graph\">{\"@context\":\"https:\/\/schema.org\",\"@graph\":[{\"@type\":\"WebPage\",\"@id\":\"https:\/\/www.efk.at\/kosten-adoption-suedafrika\/\",\"url\":\"https:\/\/www.efk.at\/kosten-adoption-suedafrika\/\",\"name\":\"[:de]Kosten-Adoption-S\u00fcdafrika[:en]Costs Adoption South Africa[:] - efk\",\"isPartOf\":{\"@id\":\"https:\/\/www.efk.at\/de\/#website\"},\"datePublished\":\"2017-09-25T14:40:45+00:00\",\"dateModified\":\"2025-07-31T15:26:42+00:00\",\"breadcrumb\":{\"@id\":\"https:\/\/www.efk.at\/kosten-adoption-suedafrika\/#breadcrumb\"},\"inLanguage\":\"de\",\"potentialAction\":[{\"@type\":\"ReadAction\",\"target\":[\"https:\/\/www.efk.at\/kosten-adoption-suedafrika\/\"]}]},{\"@type\":\"BreadcrumbList\",\"@id\":\"https:\/\/www.efk.at\/kosten-adoption-suedafrika\/#breadcrumb\",\"itemListElement\":[{\"@type\":\"ListItem\",\"position\":1,\"name\":\"Startseite\",\"item\":\"https:\/\/www.efk.at\/de\/\"},{\"@type\":\"ListItem\",\"position\":2,\"name\":\"Kosten-Adoption-S\u00fcdafrika\"}]},{\"@type\":\"WebSite\",\"@id\":\"https:\/\/www.efk.at\/de\/#website\",\"url\":\"https:\/\/www.efk.at\/de\/\",\"name\":\"efk\",\"description\":\"Eltern f\u00fcr Kinder \u00d6sterreich\",\"potentialAction\":[{\"@type\":\"SearchAction\",\"target\":{\"@type\":\"EntryPoint\",\"urlTemplate\":\"https:\/\/www.efk.at\/de\/?s={search_term_string}\"},\"query-input\":{\"@type\":\"PropertyValueSpecification\",\"valueRequired\":true,\"valueName\":\"search_term_string\"}}],\"inLanguage\":\"de\"}]}<\/script>\n<!-- \/ Yoast SEO plugin. -->","yoast_head_json":{"title":"[:de]Kosten-Adoption-S\u00fcdafrika[:en]Costs Adoption South Africa[:] - efk","robots":{"index":"index","follow":"follow","max-snippet":"max-snippet:-1","max-image-preview":"max-image-preview:large","max-video-preview":"max-video-preview:-1"},"canonical":"https:\/\/www.efk.at\/kosten-adoption-suedafrika\/","og_locale":"de_DE","og_type":"article","og_title":"[:de]Kosten-Adoption-S\u00fcdafrika[:en]Costs Adoption South Africa[:] - efk","og_description":"Finden sie hier die Kostenaufstellung f\u00fcr eine voll-begleitete Adoption aus S\u00fcdafrika, g\u00fcltig von 1.1. &#8211; 31.12.2025 Ablauf und Kosteninformation zur Adoption aus S\u00fcdafrika &lt; Zur\u00fcck\u00a0","og_url":"https:\/\/www.efk.at\/kosten-adoption-suedafrika\/","og_site_name":"efk","article_modified_time":"2025-07-31T15:26:42+00:00","twitter_card":"summary_large_image","twitter_misc":{"Gesch\u00e4tzte Lesezeit":"1\u00a0Minute"},"schema":{"@context":"https:\/\/schema.org","@graph":[{"@type":"WebPage","@id":"https:\/\/www.efk.at\/kosten-adoption-suedafrika\/","url":"https:\/\/www.efk.at\/kosten-adoption-suedafrika\/","name":"[:de]Kosten-Adoption-S\u00fcdafrika[:en]Costs Adoption South Africa[:] - efk","isPartOf":{"@id":"https:\/\/www.efk.at\/de\/#website"},"datePublished":"2017-09-25T14:40:45+00:00","dateModified":"2025-07-31T15:26:42+00:00","breadcrumb":{"@id":"https:\/\/www.efk.at\/kosten-adoption-suedafrika\/#breadcrumb"},"inLanguage":"de","potentialAction":[{"@type":"ReadAction","target":["https:\/\/www.efk.at\/kosten-adoption-suedafrika\/"]}]},{"@type":"BreadcrumbList","@id":"https:\/\/www.efk.at\/kosten-adoption-suedafrika\/#breadcrumb","itemListElement":[{"@type":"ListItem","position":1,"name":"Startseite","item":"https:\/\/www.efk.at\/de\/"},{"@type":"ListItem","position":2,"name":"Kosten-Adoption-S\u00fcdafrika"}]},{"@type":"WebSite","@id":"https:\/\/www.efk.at\/de\/#website","url":"https:\/\/www.efk.at\/de\/","name":"efk","description":"Eltern f\u00fcr Kinder \u00d6sterreich","potentialAction":[{"@type":"SearchAction","target":{"@type":"EntryPoint","urlTemplate":"https:\/\/www.efk.at\/de\/?s={search_term_string}"},"query-input":{"@type":"PropertyValueSpecification","valueRequired":true,"valueName":"search_term_string"}}],"inLanguage":"de"}]}},"_links":{"self":[{"href":"https:\/\/www.efk.at\/de\/wp-json\/wp\/v2\/pages\/373","targetHints":{"allow":["GET"]}}],"collection":[{"href":"https:\/\/www.efk.at\/de\/wp-json\/wp\/v2\/pages"}],"about":[{"href":"https:\/\/www.efk.at\/de\/wp-json\/wp\/v2\/types\/page"}],"author":[{"embeddable":true,"href":"https:\/\/www.efk.at\/de\/wp-json\/wp\/v2\/users\/1"}],"replies":[{"embeddable":true,"href":"https:\/\/www.efk.at\/de\/wp-json\/wp\/v2\/comments?post=373"}],"version-history":[{"count":28,"href":"https:\/\/www.efk.at\/de\/wp-json\/wp\/v2\/pages\/373\/revisions"}],"predecessor-version":[{"id":5862,"href":"https:\/\/www.efk.at\/de\/wp-json\/wp\/v2\/pages\/373\/revisions\/5862"}],"wp:attachment":[{"href":"https:\/\/www.efk.at\/de\/wp-json\/wp\/v2\/media?parent=373"}],"curies":[{"name":"wp","href":"https:\/\/api.w.org\/{rel}","templated":true}]}}