{"id":361,"date":"2017-09-25T16:06:13","date_gmt":"2017-09-25T14:06:13","guid":{"rendered":"http:\/\/www.efk.at\/?page_id=361"},"modified":"2024-09-23T15:08:33","modified_gmt":"2024-09-23T13:08:33","slug":"kinder-aus-suedafrika-suchen","status":"publish","type":"page","link":"https:\/\/www.efk.at\/de\/kinder-aus-suedafrika-suchen\/","title":{"rendered":"Welche Kinder aus S\u00fcdafrika Eltern suchen"},"content":{"rendered":"<p><\/p>\n<h2>Soziale Aspekte<\/h2>\n<p>Kinder, \u00a0die Adoptiveltern suchen, leben in S\u00fcdafrika meist in einem Heim, oder auch bei Kurzzeitpflegefamilien. Sie haben manchmal eine Weile mit ihren leiblichen Eltern oder einem Teil der leiblichen Gro\u00dffamilie gelebt, bevor sie aus famili\u00e4ren Schwierigkeiten ins Heim \u00fcbersiedelt sind. Gro\u00dfe Armut, Krankheit, Obdachlosigkeit, Abh\u00e4ngigkeiten, Gewalt, psychische Probleme, Arbeitslosigkeit, Verantwortlichkeit f\u00fcr mehrere Kinder, vieles mehr und oft auch eine Kombination aus mehreren Belastungen sind Gr\u00fcnde, warum sich Eltern oder Angeh\u00f6rige nicht in der Lage sehen, das Kind selbst zu betreuen.<\/p>\n<div id=\"popup\"><a><img decoding=\"async\" id=\"drop_of_emotion\" src=\"\/wp-content\/uploads\/2018\/03\/heart.png\" alt=\"drop of emotion\" \/> Mein zuk\u00fcnftiges Kind wird schon viel Belastendes erlebt haben: Wie kann ich es unterst\u00fctzen, seine Erlebnisse zu verarbeiten?<\/a><\/div>\n<div id=\"popup\" style=\"margin-left: 5%;\"><a><img decoding=\"async\" id=\"drop_of_emotion\" src=\"\/wp-content\/uploads\/2018\/03\/heart.png\" alt=\"drop of emotion\" \/> Wie werde ich selbst damit umgehen k\u00f6nnen?<\/a><\/div>\n<h2>Rechtliche Aspekte<\/h2>\n<p>Die Entscheidung zur Adoption und damit zur Weitergabe der elterlichen Rechte liegt bei den leiblichen Eltern selbst. Der Staat S\u00fcdafrika kann die Elternrechte nicht entziehen. Manchmal jedoch sind die leiblichen Eltern der Adoptivkinder trotz eingehender Recherche nicht bekannt (Findelkinder) oder nicht (mehr) auffindbar. In diesen F\u00e4llen kann statt den Eltern das s\u00fcdafrikanische Gericht die Entscheidung zur Adoptionsfreigabe treffen.<br \/>\nRACAP: Alle s\u00fcdafrikanischen Kinder, die durch Adoption eine neue Familie finden sollen, werden von den Beh\u00f6rden in ein Register, RACAP, \u201eregister of adoptable children and adopting parents\u201c, eingetragen. Vorrangiges Ziel ist es, durch die Transparenz und die dadurch m\u00f6gliche landesweite Zusammenarbeit mit allen zugelassenen s\u00fcdafrikanischen Organisationen Adoptiveltern im Inland zu finden. Die intensiven Bem\u00fchungen S\u00fcdafrikas in diesem Bereich machen dies immer \u00f6fter m\u00f6glich; trotzdem gibt es in S\u00fcdafrika noch immer weniger Familien, die sich um die Adoption eines Kindes bewerben als Kinder, die Eltern brauchen. Wurden f\u00fcr ein Kind nach 60 Tagen im Inland noch keine Adoptiveltern gefunden, so wird versucht, im Rahmen der internationalen Adoption dem Kind ein Leben in einer Familie m\u00f6glich zu machen.<\/p>\n<h2>Alter<\/h2>\n<p>Die Beh\u00f6rde in S\u00fcdafrika erwartet von allen Adoptivwerber*innen die Bereitschaft ein Kind bis zu 3 Jahren aufzunehmen. Die meisten Kinder aus S\u00fcdafrika, die Eltern finden, sind zwischen 10 Monaten und drei (3,9) Jahren alt. Auch werden f\u00fcr Kinder ab vier Jahren Eltern gesucht; diese Adoptionen gelten in der Regel als \u201eSpecial Need\u201c-Adoptionen und werden daher vorrangig behandelt.<\/p>\n<div id=\"popup\"><a><img decoding=\"async\" id=\"drop_of_emotion\" src=\"\/wp-content\/uploads\/2018\/03\/heart.png\" alt=\"drop of emotion\" \/> Wie alt sind Kinder aus meinem Umfeld, die ich gut kenne?<\/a><\/div>\n<div id=\"popup\" style=\"margin-left: 7%;\"><a><img decoding=\"async\" id=\"drop_of_emotion\" src=\"\/wp-content\/uploads\/2018\/03\/heart.png\" alt=\"drop of emotion\" \/>Habe ich eine Vorstellung von der Lebenswelt eines Dreij\u00e4hrigen?<\/a><\/div>\n<div id=\"popup\" style=\"margin-left: 3%;\"><a><img decoding=\"async\" id=\"drop_of_emotion\" src=\"\/wp-content\/uploads\/2018\/03\/heart.png\" alt=\"drop of emotion\" \/> Kann ich auf die \u201eBabyzeit\u201c mit dem Kind verzichten?<\/a><\/div>\n<div id=\"popup\" style=\"margin-left: 11%;\"><a><img decoding=\"async\" id=\"drop_of_emotion\" src=\"\/wp-content\/uploads\/2018\/03\/heart.png\" alt=\"drop of emotion\" \/>Kann ich auf die Vorteile einer bezahlten Karenzzeit verzichten?<\/a><\/div>\n<p>&nbsp;<\/p>\n<h2>Geschlecht<\/h2>\n<p>Sowohl Buben als auch M\u00e4dchen suchen Adoptiveltern, von Adoptivwerber*innen wird daher Offenheit f\u00fcr beide Geschlechter erwartet.<\/p>\n<h2>Medizinische Aspekte<\/h2>\n<p>Jedes Kind wird vor der Aufnahme in das Register (RACAP) in S\u00fcdafrika \u00e4rztlich untersucht und auf m\u00f6gliche chronische Krankheiten (z.B. HI-Virus, Hepatitis B, C, etc.) getestet. Die Untersuchungen werden von einer privaten Kinderklinik in Johannesburg durchgef\u00fchrt. Diese Klinik ist spezialisiert auf Kinder, die in Heimen oder bei Pflegeltern wohnen und arbeitet mit IMPILO zusammen. EfK\u00d6 besichtigte die Klinik zuletzt im Jahr 2015 und konnte sich so von den dort herrschenden europ\u00e4ischen Standards auf dem Feld der Kinderdiagnostik \u00fcberzeugen. Alle Ergebnisse werden detailliert in einem medizinischen \u00dcbersichtsbericht des Kindes festgehalten und mit detaillierten Laborwerten erg\u00e4nzt.<\/p>\n<h3>Impfungen<\/h3>\n<p>Die Kinder sind geimpft, der s\u00fcdafrikanische Impfplan wird den europ\u00e4ischen Normen gerecht. Wir empfehlen den Adoptiveltern nach Ankunft in \u00d6sterreich, den Impfstatus des Kindes mit dem Kinderarzt abzugleichen.<\/p>\n<h3>Kinder und HIV-Diagnose<\/h3>\n<p>Zur Freigabe f\u00fcr die Adoption schreibt S\u00fcdafrika vor, dass f\u00fcr jedes Kind mindestens 2 negative HIV Tests nachgewiesen werden m\u00fcssen. Ist der erste Test nach der einfacheren \u201eELISA\u201c Testmethode HIV-positiv, m\u00fcssen die beiden folgenden Tests, die nach der DNA-bezogenen Testmethode \u201ePCR\u201c durchgef\u00fchrt werden, HIV-negativ sein.\u00a0\u2028Bei vielen Kindern ist dies der Fall und es gibt dann insgesamt 3 HIV Tests im Bericht. Das erkl\u00e4rt sich damit, dass diese Kinder Antik\u00f6rper gegen den Virus entwickeln, weil die Mutter HIV-positiv ist. Diese Antik\u00f6rper verschwinden nach einem gewissen Zeitfenster, genau betrachtet dann, wenn das Kind den Virus selbst nicht in sich tr\u00e4gt. Somit gilt das Kind als HIV-negativ. Dieses Thema ist eines von vielen im Rahmen der EfK\u00d6 Ausbildung f\u00fcr S\u00fcdafrika-Adoptivwerber*innen und wird von einer Kinder\u00e4rztin detailliert behandelt.<\/p>\n<div id=\"popup\" style=\"margin-left: 5%;\"><a><img decoding=\"async\" id=\"drop_of_emotion\" src=\"\/wp-content\/uploads\/2018\/03\/heart.png\" alt=\"drop of emotion\" \/>Wei\u00df ich genug \u00fcber das Thema, um mich sicher zu f\u00fchlen?<\/a><\/div>\n<h3>Kinder und Gesundheit<\/h3>\n<p>Der Begriff &#8222;gesund&#8220; ist sehr relativ. Jeder Mensch hat gesundheitliche Schw\u00e4chen, kleine oder auch gr\u00f6\u00dfere. So geht es auch den Kindern, die Adoptiveltern suchen. Auch sie bringen gesundheitliche Schw\u00e4chen mit.\u2028 Durch die schwierigen Lebensumst\u00e4nde der Kinder k\u00f6nnen diese Schw\u00e4chen weniger gut oder gar nicht erkannt, behandelt, therapiert oder operiert werden. \u2028Bei Aufnahme in eine Adoptivfamilie k\u00f6nnen diese Defizite in der medizinischen Betreuung nachgeholt und die Adoptivkinder in ihrer Entwicklung unterst\u00fctzt werden.\u2028 Die Prognosen sind meist sehr gut, da Adoptivkinder in ihrem bisherigen Leben ihr eigentliches Potential gar nicht entwickeln konnten.\u2028 Zu einer Begleitung des Adoptivkindes durch umfassende Arztbesuche, Therapien, Behandlungen, F\u00f6rderma\u00dfnahmen oder Operationen sollten daher alle Adoptivwerber*innen bereit sein und gen\u00fcgend zeitliche Ressourcen besitzen.<\/p>\n<div id=\"popup\"><a><img decoding=\"async\" id=\"drop_of_emotion\" src=\"\/wp-content\/uploads\/2018\/03\/heart.png\" alt=\"drop of emotion\" \/>Ich bin auch nicht perfekt!<\/a><\/div>\n<div id=\"popup\" style=\"margin-left: 5%;\"><a><img decoding=\"async\" id=\"drop_of_emotion\" src=\"\/wp-content\/uploads\/2018\/03\/heart.png\" alt=\"drop of emotion\" \/>Wie viel medizinische Hilfe habe ich in meinem Leben schon in Anspruch genommen \u2013 in Anspruch nehmen k\u00f6nnen?<\/a><\/div>\n<p>&nbsp;<\/p>\n<h4>Kinder und besondere Bed\u00fcrfnisse (\u201echildren and special needs\u201c)<\/h4>\n<p>Auch in S\u00fcdafrika suchen Kinder mit besonderen Bed\u00fcrfnissen Adoptiveltern im Ausland. Die Adoption eines Kindes mit besonderen Bed\u00fcrfnissen erfolgt nur dann, wenn Adoptivwerber*innen ausdr\u00fccklich ihre Bereitschaft dazu signalisieren und wird auch besonders intensiv begleitet.<\/p>\n<p><em>Zu &#8222;special needs&#8220; Kindern z\u00e4hlen:<\/em><\/p>\n<ul>\n<li>gesunde Kinder ab dem vierten Geburtstag<\/li>\n<li>Geschwistergruppen (wo mindestens eines der Kinder wesentlich \u00e4lter als 3 Jahre ist)<\/li>\n<li>Kinder, die besonders viel F\u00f6rderung brauchen und einen wesentlich h\u00f6heren Therapiebedarf haben<\/li>\n<li>Kinder mit einem ganz besonders schwierigen sozialen Hintergrund<\/li>\n<li>Kinder mit schwerwiegenderen gesundheitlichen Herausforderungen<\/li>\n<li>Kinder mit Entwicklungsverz\u00f6gerungen aufgrund vielseitiger gesundheitlicher Einschr\u00e4nkungen wie z.B. Epilepsie, FAS-Syndrom etc.<\/li>\n<li>Kinder mit unsicherer Prognose<\/li>\n<li>HIV positive Kinder<\/li>\n<\/ul>\n<h3>Kinder und Behinderung<\/h3>\n<p>Kinder mit geistigen oder k\u00f6rperlichen Behinderungen brauchen intensive Betreuung. Dies stellt leibliche Eltern wie auch Adoptiveltern vor Herausforderungen. Auch diese Kinder brauchen nat\u00fcrlich Geborgenheit und eine liebevolle Betreuung.\u00a0\u2028Es ist EfK\u00d6 ein gro\u00dfes Anliegen, f\u00fcr m\u00f6glichst viele Kinder Adoptiveltern zu finden, daher freuen wir uns besonders \u00fcber jedes Interesse oder m\u00f6gliche Bereitschaft von Adoptivwerber*innen, eventuell ein Kind mit besonderen Bed\u00fcrfnissen oder einer Behinderung aufnehmen zu wollen.\u2028 Bitte z\u00f6gern Sie nicht, uns zu kontaktieren.<\/p>\n<div id=\"popup\"><a><img decoding=\"async\" id=\"drop_of_emotion\" src=\"\/wp-content\/uploads\/2018\/03\/heart.png\" alt=\"drop of emotion\" \/> Habe ich Erfahrungen mit Kindern mit besonderen Bed\u00fcrfnissen?<\/a><\/div>\n<div id=\"popup\" style=\"margin-left: 9%;\"><a><img decoding=\"async\" id=\"drop_of_emotion\" src=\"\/wp-content\/uploads\/2018\/03\/heart.png\" alt=\"drop of emotion\" \/> Wie viel Zeit habe ich im Alltag f\u00fcr das Adoptivkind?<\/a><\/div>\n<div id=\"popup\" style=\"margin-left: 3%;\"><a><img decoding=\"async\" id=\"drop_of_emotion\" src=\"\/wp-content\/uploads\/2018\/03\/heart.png\" alt=\"drop of emotion\" \/> Was schaffe ich?<\/a><\/div>\n<div id=\"popup\" style=\"margin-left: 12%;\"><a><img decoding=\"async\" id=\"drop_of_emotion\" src=\"\/wp-content\/uploads\/2018\/03\/heart.png\" alt=\"drop of emotion\" \/> Was w\u00fcnsche ich mir?<\/a><\/div>\n<h3><a href=\"http:\/\/www.efk.at\/suedafrika\/\">&lt; Zur\u00fcck\u00a0<\/a><\/h3>\n<p><\/p>","protected":false},"excerpt":{"rendered":"<p>Soziale Aspekte Kinder, \u00a0die Adoptiveltern suchen, leben in S\u00fcdafrika meist in einem Heim, oder auch bei Kurzzeitpflegefamilien. Sie haben manchmal eine Weile mit ihren leiblichen Eltern oder einem Teil der leiblichen Gro\u00dffamilie gelebt, bevor sie aus famili\u00e4ren Schwierigkeiten ins Heim \u00fcbersiedelt sind. Gro\u00dfe Armut, Krankheit, Obdachlosigkeit, Abh\u00e4ngigkeiten, Gewalt, psychische Probleme, Arbeitslosigkeit, Verantwortlichkeit f\u00fcr mehrere Kinder, &hellip; <a href=\"https:\/\/www.efk.at\/de\/kinder-aus-suedafrika-suchen\/\" class=\"more-link\"><span class=\"screen-reader-text\">Welche Kinder aus S\u00fcdafrika Eltern suchen<\/span> weiterlesen<\/a><\/p>\n","protected":false},"author":1,"featured_media":0,"parent":0,"menu_order":0,"comment_status":"closed","ping_status":"closed","template":"","meta":{"xn-wppe-expiration":[],"xn-wppe-expiration-action":[],"xn-wppe-expiration-prefix":[],"footnotes":""},"class_list":["post-361","page","type-page","status-publish","hentry"],"yoast_head":"<!-- This site is optimized with the Yoast SEO plugin v26.1.1 - https:\/\/yoast.com\/wordpress\/plugins\/seo\/ -->\n<title>Welche Kinder aus S\u00fcdafrika Eltern suchen - efk<\/title>\n<meta name=\"robots\" content=\"index, follow, max-snippet:-1, max-image-preview:large, max-video-preview:-1\" \/>\n<link rel=\"canonical\" href=\"https:\/\/www.efk.at\/kinder-aus-suedafrika-suchen\/\" \/>\n<meta property=\"og:locale\" content=\"de_DE\" \/>\n<meta property=\"og:type\" content=\"article\" \/>\n<meta property=\"og:title\" content=\"[:de]Welche Kinder aus S\u00fcdafrika Eltern suchen[:en]What parents are South African children looking for?[:] - efk\" \/>\n<meta property=\"og:description\" content=\"Soziale Aspekte Kinder, \u00a0die Adoptiveltern suchen, leben in S\u00fcdafrika meist in einem Heim, oder auch bei Kurzzeitpflegefamilien. Sie haben manchmal eine Weile mit ihren leiblichen Eltern oder einem Teil der leiblichen Gro\u00dffamilie gelebt, bevor sie aus famili\u00e4ren Schwierigkeiten ins Heim \u00fcbersiedelt sind. Gro\u00dfe Armut, Krankheit, Obdachlosigkeit, Abh\u00e4ngigkeiten, Gewalt, psychische Probleme, Arbeitslosigkeit, Verantwortlichkeit f\u00fcr mehrere Kinder, &hellip; Welche Kinder aus S\u00fcdafrika Eltern suchen weiterlesen\" \/>\n<meta property=\"og:url\" content=\"https:\/\/www.efk.at\/kinder-aus-suedafrika-suchen\/\" \/>\n<meta property=\"og:site_name\" content=\"efk\" \/>\n<meta property=\"article:modified_time\" content=\"2024-09-23T13:08:33+00:00\" \/>\n<meta name=\"twitter:card\" content=\"summary_large_image\" \/>\n<meta name=\"twitter:label1\" content=\"Gesch\u00e4tzte Lesezeit\" \/>\n\t<meta name=\"twitter:data1\" content=\"9\u00a0Minuten\" \/>\n<script type=\"application\/ld+json\" class=\"yoast-schema-graph\">{\"@context\":\"https:\/\/schema.org\",\"@graph\":[{\"@type\":\"WebPage\",\"@id\":\"https:\/\/www.efk.at\/kinder-aus-suedafrika-suchen\/\",\"url\":\"https:\/\/www.efk.at\/kinder-aus-suedafrika-suchen\/\",\"name\":\"[:de]Welche Kinder aus S\u00fcdafrika Eltern suchen[:en]What parents are South African children looking for?[:] - efk\",\"isPartOf\":{\"@id\":\"https:\/\/www.efk.at\/de\/#website\"},\"datePublished\":\"2017-09-25T14:06:13+00:00\",\"dateModified\":\"2024-09-23T13:08:33+00:00\",\"breadcrumb\":{\"@id\":\"https:\/\/www.efk.at\/kinder-aus-suedafrika-suchen\/#breadcrumb\"},\"inLanguage\":\"de\",\"potentialAction\":[{\"@type\":\"ReadAction\",\"target\":[\"https:\/\/www.efk.at\/kinder-aus-suedafrika-suchen\/\"]}]},{\"@type\":\"BreadcrumbList\",\"@id\":\"https:\/\/www.efk.at\/kinder-aus-suedafrika-suchen\/#breadcrumb\",\"itemListElement\":[{\"@type\":\"ListItem\",\"position\":1,\"name\":\"Startseite\",\"item\":\"https:\/\/www.efk.at\/de\/\"},{\"@type\":\"ListItem\",\"position\":2,\"name\":\"Welche Kinder aus S\u00fcdafrika Eltern suchen\"}]},{\"@type\":\"WebSite\",\"@id\":\"https:\/\/www.efk.at\/de\/#website\",\"url\":\"https:\/\/www.efk.at\/de\/\",\"name\":\"efk\",\"description\":\"Eltern f\u00fcr Kinder \u00d6sterreich\",\"potentialAction\":[{\"@type\":\"SearchAction\",\"target\":{\"@type\":\"EntryPoint\",\"urlTemplate\":\"https:\/\/www.efk.at\/de\/?s={search_term_string}\"},\"query-input\":{\"@type\":\"PropertyValueSpecification\",\"valueRequired\":true,\"valueName\":\"search_term_string\"}}],\"inLanguage\":\"de\"}]}<\/script>\n<!-- \/ Yoast SEO plugin. -->","yoast_head_json":{"title":"[:de]Welche Kinder aus S\u00fcdafrika Eltern suchen[:en]What parents are South African children looking for?[:] - efk","robots":{"index":"index","follow":"follow","max-snippet":"max-snippet:-1","max-image-preview":"max-image-preview:large","max-video-preview":"max-video-preview:-1"},"canonical":"https:\/\/www.efk.at\/kinder-aus-suedafrika-suchen\/","og_locale":"de_DE","og_type":"article","og_title":"[:de]Welche Kinder aus S\u00fcdafrika Eltern suchen[:en]What parents are South African children looking for?[:] - efk","og_description":"Soziale Aspekte Kinder, \u00a0die Adoptiveltern suchen, leben in S\u00fcdafrika meist in einem Heim, oder auch bei Kurzzeitpflegefamilien. Sie haben manchmal eine Weile mit ihren leiblichen Eltern oder einem Teil der leiblichen Gro\u00dffamilie gelebt, bevor sie aus famili\u00e4ren Schwierigkeiten ins Heim \u00fcbersiedelt sind. Gro\u00dfe Armut, Krankheit, Obdachlosigkeit, Abh\u00e4ngigkeiten, Gewalt, psychische Probleme, Arbeitslosigkeit, Verantwortlichkeit f\u00fcr mehrere Kinder, &hellip; Welche Kinder aus S\u00fcdafrika Eltern suchen weiterlesen","og_url":"https:\/\/www.efk.at\/kinder-aus-suedafrika-suchen\/","og_site_name":"efk","article_modified_time":"2024-09-23T13:08:33+00:00","twitter_card":"summary_large_image","twitter_misc":{"Gesch\u00e4tzte Lesezeit":"9\u00a0Minuten"},"schema":{"@context":"https:\/\/schema.org","@graph":[{"@type":"WebPage","@id":"https:\/\/www.efk.at\/kinder-aus-suedafrika-suchen\/","url":"https:\/\/www.efk.at\/kinder-aus-suedafrika-suchen\/","name":"[:de]Welche Kinder aus S\u00fcdafrika Eltern suchen[:en]What parents are South African children looking for?[:] - efk","isPartOf":{"@id":"https:\/\/www.efk.at\/de\/#website"},"datePublished":"2017-09-25T14:06:13+00:00","dateModified":"2024-09-23T13:08:33+00:00","breadcrumb":{"@id":"https:\/\/www.efk.at\/kinder-aus-suedafrika-suchen\/#breadcrumb"},"inLanguage":"de","potentialAction":[{"@type":"ReadAction","target":["https:\/\/www.efk.at\/kinder-aus-suedafrika-suchen\/"]}]},{"@type":"BreadcrumbList","@id":"https:\/\/www.efk.at\/kinder-aus-suedafrika-suchen\/#breadcrumb","itemListElement":[{"@type":"ListItem","position":1,"name":"Startseite","item":"https:\/\/www.efk.at\/de\/"},{"@type":"ListItem","position":2,"name":"Welche Kinder aus S\u00fcdafrika Eltern suchen"}]},{"@type":"WebSite","@id":"https:\/\/www.efk.at\/de\/#website","url":"https:\/\/www.efk.at\/de\/","name":"efk","description":"Eltern f\u00fcr Kinder \u00d6sterreich","potentialAction":[{"@type":"SearchAction","target":{"@type":"EntryPoint","urlTemplate":"https:\/\/www.efk.at\/de\/?s={search_term_string}"},"query-input":{"@type":"PropertyValueSpecification","valueRequired":true,"valueName":"search_term_string"}}],"inLanguage":"de"}]}},"_links":{"self":[{"href":"https:\/\/www.efk.at\/de\/wp-json\/wp\/v2\/pages\/361","targetHints":{"allow":["GET"]}}],"collection":[{"href":"https:\/\/www.efk.at\/de\/wp-json\/wp\/v2\/pages"}],"about":[{"href":"https:\/\/www.efk.at\/de\/wp-json\/wp\/v2\/types\/page"}],"author":[{"embeddable":true,"href":"https:\/\/www.efk.at\/de\/wp-json\/wp\/v2\/users\/1"}],"replies":[{"embeddable":true,"href":"https:\/\/www.efk.at\/de\/wp-json\/wp\/v2\/comments?post=361"}],"version-history":[{"count":52,"href":"https:\/\/www.efk.at\/de\/wp-json\/wp\/v2\/pages\/361\/revisions"}],"predecessor-version":[{"id":5406,"href":"https:\/\/www.efk.at\/de\/wp-json\/wp\/v2\/pages\/361\/revisions\/5406"}],"wp:attachment":[{"href":"https:\/\/www.efk.at\/de\/wp-json\/wp\/v2\/media?parent=361"}],"curies":[{"name":"wp","href":"https:\/\/api.w.org\/{rel}","templated":true}]}}