{"id":2710,"date":"2019-01-24T12:30:13","date_gmt":"2019-01-24T11:30:13","guid":{"rendered":"http:\/\/www.efk.at\/?page_id=2710"},"modified":"2024-02-20T15:27:32","modified_gmt":"2024-02-20T14:27:32","slug":"ablauf-einer-adoption","status":"publish","type":"page","link":"https:\/\/www.efk.at\/de\/ablauf-einer-adoption\/","title":{"rendered":"Ablauf einer Adoption"},"content":{"rendered":"<p><\/p>\n<h2>Zeitlicher Ablauf einer Adoption<\/h2>\n<p>Grunds\u00e4tzlich kann vor der Geburt nichts endg\u00fcltig entschieden werden, weil die leiblichen Eltern ihr Kind eventuell doch noch behalten wollen, wenn es geboren ist. Manche zun\u00e4chst zur Freigabe entschlossene M\u00fctter \u00fcberlegen es sich dann doch noch einmal.<\/p>\n<p>In Wien k\u00f6nnen die Eltern entweder bei der zust\u00e4ndigen Sozialarbeiterin der MAG ELF (Referat f\u00fcr Adoptiv- und Pflegekinder) oder bei unserem Verein \u201eEltern f\u00fcr Kinder \u00d6sterreich\u201c Beratung, Information und Begleitung im gesamten Verlauf der Entscheidungsfindung und Durchf\u00fchrung der Adoption erhalten.<br \/>\nDie Adoptivwerber*innen bereiten sich im <a href=\"http:\/\/www.efk.at\/ausbildung\/\" target=\"_blank\" rel=\"noopener\">Rahmen der Ausbildung<\/a> auf die Adoption vor und beantragen eine Eignungsbeurteilung.<\/p>\n<p>Nachdem es wesentlich mehr Adoptivwerber*innen gibt als Kinder, die zur Adoption freigegeben werden, ensteht meist eine betr\u00e4chtliche Wartezeit. Wenn Adoptivwerber*innen ausgew\u00e4hlt werden, Eltern eines bestimmten Kindes zu werden, bekommen sie einen Anruf vom Referat f\u00fcr Adoptiv- und Pflegeeltern.<\/p>\n<p>Die ausgew\u00e4hlten Adoptiveltern haben bei einem Neugeborenen dann meist einen Tag und eine Nacht Zeit, ihre Entscheidung zu treffen und k\u00f6nnen das Kind, so es sein Gesundheitszustand zul\u00e4sst, bereits wenige Tage nach der Geburt aus dem Spital \u00fcbernehmen.<\/p>\n<p><strong><img loading=\"lazy\" decoding=\"async\" class=\"alignleft size-full wp-image-2456\" src=\"http:\/\/www.efk.at\/wp-content\/uploads\/2018\/07\/Mutter_Sohn-mit-gru\u0308ner-Kappe.jpg\" alt=\"\" width=\"354\" height=\"236\" srcset=\"https:\/\/www.efk.at\/wp-content\/uploads\/2018\/07\/Mutter_Sohn-mit-gru\u0308ner-Kappe.jpg 354w, https:\/\/www.efk.at\/wp-content\/uploads\/2018\/07\/Mutter_Sohn-mit-gru\u0308ner-Kappe-300x200.jpg 300w, https:\/\/www.efk.at\/wp-content\/uploads\/2018\/07\/Mutter_Sohn-mit-gru\u0308ner-Kappe-288x192.jpg 288w\" sizes=\"auto, (max-width: 354px) 100vw, 354px\" \/><\/strong>Erst viele Monate sp\u00e4ter wird die Adoption durch einen richterlichen Beschluss g\u00fcltig. Diese Zeit ist wichtig, um zu sehen, wie es den Adoptiveltern mit dem Kind und dem Kind bei seinen neuen Eltern geht.<br \/>\nW\u00e4hrend dieser Zeit kann es vorkommen, dass die leibliche Mutter die Adoptionsfreigabe zur\u00fccknimmt und sich doch zu einem Leben mit ihrem Kind entschlie\u00dft. M\u00f6glicherweise kehrt das Kind dann zu ihr zur\u00fcck, meistens jedoch bleibt es als Pflegekind in der annehmenden Familie.<\/p>\n<p>Eine Adoption muss gerichtlich bewilligt werden. Nach dem Gesetz muss auch der Vater des Kindes, sofern er bekannt ist bzw. die Vaterschaft anerkannt hat, der Adoption zustimmen. Die Eltern der leiblichen Mutter k\u00f6nnen nicht \u00fcber den Willen der Mutter hinweg die Adoption veranlassen, auch wenn sie noch minderj\u00e4hrig ist.<\/p>\n<h2 class=\"subtitle\">Vorraussetzungen f\u00fcr Adoptivwerber*innen<\/h2>\n<p>Eine Eignungsbeurteilung durch die zust\u00e4ndige Beh\u00f6rde ist Voraussetzung. Es werden ausf\u00fchrliche Gespr\u00e4che gef\u00fchrt, Hausbesuche gemacht, die W\u00fcnsche des Paares und seine Belastbarkeit erfasst und eine \u00e4rztliche Untersuchung veranlasst. Erst nach positiver Beurteilung aller Fakten spricht die Beh\u00f6rde die Eignung aus.<\/p>\n<p><img loading=\"lazy\" decoding=\"async\" class=\"size-full wp-image-2461 alignright\" src=\"http:\/\/www.efk.at\/wp-content\/uploads\/2018\/07\/Spaziergang_Paar_von-hinten.jpg\" alt=\"\" width=\"354\" height=\"236\" srcset=\"https:\/\/www.efk.at\/wp-content\/uploads\/2018\/07\/Spaziergang_Paar_von-hinten.jpg 354w, https:\/\/www.efk.at\/wp-content\/uploads\/2018\/07\/Spaziergang_Paar_von-hinten-300x200.jpg 300w, https:\/\/www.efk.at\/wp-content\/uploads\/2018\/07\/Spaziergang_Paar_von-hinten-288x192.jpg 288w\" sizes=\"auto, (max-width: 354px) 100vw, 354px\" \/>Von den gesetzlichen Rahmenbedingungen her ist eine Bewerbung f\u00fcr Paare ( Lebensgemeinschaft, verpartnert, verheiratet) und Einzelpersonen m\u00f6glich. Die Chancen ausgesucht zu werden, sind allerdings f\u00fcr Einzelpersonen \u00e4u\u00dferst gering.<\/p>\n<p>Das Mindestalter f\u00fcr Adoptiveltern betr\u00e4gt 25 Jahre. Wenn zu dem Adoptivkind bereits eine Beziehung besteht, kann diese Altersgrenze unterschritten werden. Tats\u00e4chlich sind Adoptivwerber*innen aber meist wesentlich \u00e4lter. Das Gesetz sieht kein H\u00f6chstalter vor, die Beh\u00f6rde achtet jedoch genau auf die Belastbarkeit, die Lebensenergie und die pers\u00f6nlichen Begabungen, die einer Eltern-Kind-Beziehung f\u00f6rderlich sind. In der Praxis sind Adoptiveltern bei Aufnahme eines Kindes meist unter 45 Jahren.<\/p>\n<h2>Wartezeit<\/h2>\n<p>Die Wartezeit ergibt sich durch die gro\u00dfe Zahl an Adoptivwerber*innenpaaren und die weit geringere Zahl an zur Adoption freigegebenen Kindern. Es gibt f\u00fcr Adoptivwerber*innen kein Recht auf ein Kind, es gibt aber das Recht des Kindes auf Eltern.<\/p>\n<p>Die Aufgabe der Vermittlungsstellen besteht darin, f\u00fcr jedes Kind die besten Eltern zu suchen. Das sind die Adoptivwerber*innen, die den Bed\u00fcrfnissen des speziellen Kindes am besten gerecht werden k\u00f6nnen und wollen.<\/p>\n<p>Die Wartezeit ist daher sehr unterschiedlich und betr\u00e4gt im Durchschnitt mehrere Jahre.\u00a0Diese Zeit kann zur Vorbereitung auf die Adoption gen\u00fctzt werden.<\/p>","protected":false},"excerpt":{"rendered":"<p>Zeitlicher Ablauf einer Adoption Grunds\u00e4tzlich kann vor der Geburt nichts endg\u00fcltig entschieden werden, weil die leiblichen Eltern ihr Kind eventuell doch noch behalten wollen, wenn es geboren ist. Manche zun\u00e4chst zur Freigabe entschlossene M\u00fctter \u00fcberlegen es sich dann doch noch einmal. In Wien k\u00f6nnen die Eltern entweder bei der zust\u00e4ndigen Sozialarbeiterin der MAG ELF (Referat &hellip; <a href=\"https:\/\/www.efk.at\/de\/ablauf-einer-adoption\/\" class=\"more-link\"><span class=\"screen-reader-text\">Ablauf einer Adoption<\/span> weiterlesen<\/a><\/p>\n","protected":false},"author":1,"featured_media":0,"parent":0,"menu_order":0,"comment_status":"closed","ping_status":"closed","template":"","meta":{"xn-wppe-expiration":[],"xn-wppe-expiration-action":[],"xn-wppe-expiration-prefix":[],"footnotes":""},"class_list":["post-2710","page","type-page","status-publish","hentry"],"yoast_head":"<!-- This site is optimized with the Yoast SEO plugin v26.1.1 - https:\/\/yoast.com\/wordpress\/plugins\/seo\/ -->\n<title>Ablauf einer Adoption - efk<\/title>\n<meta name=\"robots\" content=\"index, follow, max-snippet:-1, max-image-preview:large, max-video-preview:-1\" \/>\n<link rel=\"canonical\" href=\"https:\/\/www.efk.at\/ablauf-einer-adoption\/\" \/>\n<meta property=\"og:locale\" content=\"de_DE\" \/>\n<meta property=\"og:type\" content=\"article\" \/>\n<meta property=\"og:title\" content=\"[:de]Ablauf einer Adoption[:en]Adoption process[:] - efk\" \/>\n<meta property=\"og:description\" content=\"Zeitlicher Ablauf einer Adoption Grunds\u00e4tzlich kann vor der Geburt nichts endg\u00fcltig entschieden werden, weil die leiblichen Eltern ihr Kind eventuell doch noch behalten wollen, wenn es geboren ist. Manche zun\u00e4chst zur Freigabe entschlossene M\u00fctter \u00fcberlegen es sich dann doch noch einmal. In Wien k\u00f6nnen die Eltern entweder bei der zust\u00e4ndigen Sozialarbeiterin der MAG ELF (Referat &hellip; Ablauf einer Adoption weiterlesen\" \/>\n<meta property=\"og:url\" content=\"https:\/\/www.efk.at\/ablauf-einer-adoption\/\" \/>\n<meta property=\"og:site_name\" content=\"efk\" \/>\n<meta property=\"article:modified_time\" content=\"2024-02-20T14:27:32+00:00\" \/>\n<meta property=\"og:image\" content=\"http:\/\/www.efk.at\/wp-content\/uploads\/2018\/07\/Spaziergang_Paar_von-hinten.jpg\" \/>\n<meta name=\"twitter:card\" content=\"summary_large_image\" \/>\n<meta name=\"twitter:label1\" content=\"Gesch\u00e4tzte Lesezeit\" \/>\n\t<meta name=\"twitter:data1\" content=\"4\u00a0Minuten\" \/>\n<script type=\"application\/ld+json\" class=\"yoast-schema-graph\">{\"@context\":\"https:\/\/schema.org\",\"@graph\":[{\"@type\":\"WebPage\",\"@id\":\"https:\/\/www.efk.at\/ablauf-einer-adoption\/\",\"url\":\"https:\/\/www.efk.at\/ablauf-einer-adoption\/\",\"name\":\"[:de]Ablauf einer Adoption[:en]Adoption process[:] - efk\",\"isPartOf\":{\"@id\":\"https:\/\/www.efk.at\/de\/#website\"},\"primaryImageOfPage\":{\"@id\":\"https:\/\/www.efk.at\/ablauf-einer-adoption\/#primaryimage\"},\"image\":{\"@id\":\"https:\/\/www.efk.at\/ablauf-einer-adoption\/#primaryimage\"},\"thumbnailUrl\":\"http:\/\/www.efk.at\/wp-content\/uploads\/2018\/07\/Spaziergang_Paar_von-hinten.jpg\",\"datePublished\":\"2019-01-24T11:30:13+00:00\",\"dateModified\":\"2024-02-20T14:27:32+00:00\",\"breadcrumb\":{\"@id\":\"https:\/\/www.efk.at\/ablauf-einer-adoption\/#breadcrumb\"},\"inLanguage\":\"de\",\"potentialAction\":[{\"@type\":\"ReadAction\",\"target\":[\"https:\/\/www.efk.at\/ablauf-einer-adoption\/\"]}]},{\"@type\":\"ImageObject\",\"inLanguage\":\"de\",\"@id\":\"https:\/\/www.efk.at\/ablauf-einer-adoption\/#primaryimage\",\"url\":\"http:\/\/www.efk.at\/wp-content\/uploads\/2018\/07\/Spaziergang_Paar_von-hinten.jpg\",\"contentUrl\":\"http:\/\/www.efk.at\/wp-content\/uploads\/2018\/07\/Spaziergang_Paar_von-hinten.jpg\"},{\"@type\":\"BreadcrumbList\",\"@id\":\"https:\/\/www.efk.at\/ablauf-einer-adoption\/#breadcrumb\",\"itemListElement\":[{\"@type\":\"ListItem\",\"position\":1,\"name\":\"Startseite\",\"item\":\"https:\/\/www.efk.at\/de\/\"},{\"@type\":\"ListItem\",\"position\":2,\"name\":\"Ablauf einer Adoption\"}]},{\"@type\":\"WebSite\",\"@id\":\"https:\/\/www.efk.at\/de\/#website\",\"url\":\"https:\/\/www.efk.at\/de\/\",\"name\":\"efk\",\"description\":\"Eltern f\u00fcr Kinder \u00d6sterreich\",\"potentialAction\":[{\"@type\":\"SearchAction\",\"target\":{\"@type\":\"EntryPoint\",\"urlTemplate\":\"https:\/\/www.efk.at\/de\/?s={search_term_string}\"},\"query-input\":{\"@type\":\"PropertyValueSpecification\",\"valueRequired\":true,\"valueName\":\"search_term_string\"}}],\"inLanguage\":\"de\"}]}<\/script>\n<!-- \/ Yoast SEO plugin. -->","yoast_head_json":{"title":"[:de]Ablauf einer Adoption[:en]Adoption process[:] - efk","robots":{"index":"index","follow":"follow","max-snippet":"max-snippet:-1","max-image-preview":"max-image-preview:large","max-video-preview":"max-video-preview:-1"},"canonical":"https:\/\/www.efk.at\/ablauf-einer-adoption\/","og_locale":"de_DE","og_type":"article","og_title":"[:de]Ablauf einer Adoption[:en]Adoption process[:] - efk","og_description":"Zeitlicher Ablauf einer Adoption Grunds\u00e4tzlich kann vor der Geburt nichts endg\u00fcltig entschieden werden, weil die leiblichen Eltern ihr Kind eventuell doch noch behalten wollen, wenn es geboren ist. Manche zun\u00e4chst zur Freigabe entschlossene M\u00fctter \u00fcberlegen es sich dann doch noch einmal. In Wien k\u00f6nnen die Eltern entweder bei der zust\u00e4ndigen Sozialarbeiterin der MAG ELF (Referat &hellip; Ablauf einer Adoption weiterlesen","og_url":"https:\/\/www.efk.at\/ablauf-einer-adoption\/","og_site_name":"efk","article_modified_time":"2024-02-20T14:27:32+00:00","og_image":[{"url":"http:\/\/www.efk.at\/wp-content\/uploads\/2018\/07\/Spaziergang_Paar_von-hinten.jpg","type":"","width":"","height":""}],"twitter_card":"summary_large_image","twitter_misc":{"Gesch\u00e4tzte Lesezeit":"4\u00a0Minuten"},"schema":{"@context":"https:\/\/schema.org","@graph":[{"@type":"WebPage","@id":"https:\/\/www.efk.at\/ablauf-einer-adoption\/","url":"https:\/\/www.efk.at\/ablauf-einer-adoption\/","name":"[:de]Ablauf einer Adoption[:en]Adoption process[:] - efk","isPartOf":{"@id":"https:\/\/www.efk.at\/de\/#website"},"primaryImageOfPage":{"@id":"https:\/\/www.efk.at\/ablauf-einer-adoption\/#primaryimage"},"image":{"@id":"https:\/\/www.efk.at\/ablauf-einer-adoption\/#primaryimage"},"thumbnailUrl":"http:\/\/www.efk.at\/wp-content\/uploads\/2018\/07\/Spaziergang_Paar_von-hinten.jpg","datePublished":"2019-01-24T11:30:13+00:00","dateModified":"2024-02-20T14:27:32+00:00","breadcrumb":{"@id":"https:\/\/www.efk.at\/ablauf-einer-adoption\/#breadcrumb"},"inLanguage":"de","potentialAction":[{"@type":"ReadAction","target":["https:\/\/www.efk.at\/ablauf-einer-adoption\/"]}]},{"@type":"ImageObject","inLanguage":"de","@id":"https:\/\/www.efk.at\/ablauf-einer-adoption\/#primaryimage","url":"http:\/\/www.efk.at\/wp-content\/uploads\/2018\/07\/Spaziergang_Paar_von-hinten.jpg","contentUrl":"http:\/\/www.efk.at\/wp-content\/uploads\/2018\/07\/Spaziergang_Paar_von-hinten.jpg"},{"@type":"BreadcrumbList","@id":"https:\/\/www.efk.at\/ablauf-einer-adoption\/#breadcrumb","itemListElement":[{"@type":"ListItem","position":1,"name":"Startseite","item":"https:\/\/www.efk.at\/de\/"},{"@type":"ListItem","position":2,"name":"Ablauf einer Adoption"}]},{"@type":"WebSite","@id":"https:\/\/www.efk.at\/de\/#website","url":"https:\/\/www.efk.at\/de\/","name":"efk","description":"Eltern f\u00fcr Kinder \u00d6sterreich","potentialAction":[{"@type":"SearchAction","target":{"@type":"EntryPoint","urlTemplate":"https:\/\/www.efk.at\/de\/?s={search_term_string}"},"query-input":{"@type":"PropertyValueSpecification","valueRequired":true,"valueName":"search_term_string"}}],"inLanguage":"de"}]}},"_links":{"self":[{"href":"https:\/\/www.efk.at\/de\/wp-json\/wp\/v2\/pages\/2710","targetHints":{"allow":["GET"]}}],"collection":[{"href":"https:\/\/www.efk.at\/de\/wp-json\/wp\/v2\/pages"}],"about":[{"href":"https:\/\/www.efk.at\/de\/wp-json\/wp\/v2\/types\/page"}],"author":[{"embeddable":true,"href":"https:\/\/www.efk.at\/de\/wp-json\/wp\/v2\/users\/1"}],"replies":[{"embeddable":true,"href":"https:\/\/www.efk.at\/de\/wp-json\/wp\/v2\/comments?post=2710"}],"version-history":[{"count":8,"href":"https:\/\/www.efk.at\/de\/wp-json\/wp\/v2\/pages\/2710\/revisions"}],"predecessor-version":[{"id":5221,"href":"https:\/\/www.efk.at\/de\/wp-json\/wp\/v2\/pages\/2710\/revisions\/5221"}],"wp:attachment":[{"href":"https:\/\/www.efk.at\/de\/wp-json\/wp\/v2\/media?parent=2710"}],"curies":[{"name":"wp","href":"https:\/\/api.w.org\/{rel}","templated":true}]}}