{"id":2708,"date":"2019-01-24T12:29:59","date_gmt":"2019-01-24T11:29:59","guid":{"rendered":"http:\/\/www.efk.at\/?page_id=2708"},"modified":"2024-02-20T15:28:27","modified_gmt":"2024-02-20T14:28:27","slug":"arten-der-adoption","status":"publish","type":"page","link":"https:\/\/www.efk.at\/de\/arten-der-adoption\/","title":{"rendered":"Arten der Adoption"},"content":{"rendered":"<p><\/p>\n<h3>1. Inkognitoadoption<\/h3>\n<p><img loading=\"lazy\" decoding=\"async\" class=\"alignleft size-full wp-image-2450\" src=\"http:\/\/www.efk.at\/wp-content\/uploads\/2018\/07\/2Kinder-Hand-in-Hand_von-hinten.jpg\" alt=\"\" width=\"354\" height=\"234\" srcset=\"https:\/\/www.efk.at\/wp-content\/uploads\/2018\/07\/2Kinder-Hand-in-Hand_von-hinten.jpg 354w, https:\/\/www.efk.at\/wp-content\/uploads\/2018\/07\/2Kinder-Hand-in-Hand_von-hinten-300x198.jpg 300w, https:\/\/www.efk.at\/wp-content\/uploads\/2018\/07\/2Kinder-Hand-in-Hand_von-hinten-290x192.jpg 290w\" sizes=\"auto, (max-width: 354px) 100vw, 354px\" \/>Die freigebenden Eltern erhalten Beratung und unterschreiben die Adoptionsfreigabe. Sie k\u00f6nnen W\u00fcnsche \u00e4u\u00dfern in Bezug auf die zuk\u00fcnftigen Adoptiveltern. Es wird versucht, so weit wie m\u00f6glich auf diese W\u00fcnsche einzugehen, um ihnen die Entscheidung zu erleichtern.<\/p>\n<p>Freigebende Eltern verzichten darauf, den Namen und die Wohnadresse des Kindes zu erfahren, erhalten jedoch nach Wunsch Eckdaten der Adoptiveltern (z. B. Alter, Beruf, Dauer der Ehe). Sie k\u00f6nnen sich zu einem sp\u00e4teren Zeitpunkt beim Kinder- und Jugendhilfetr\u00e4ger \u00fcber das Wohlergehen und die weitere Entwicklung ihres Kindes erkundigen.<\/p>\n<h3>2. Offene Adoption<\/h3>\n<p><img loading=\"lazy\" decoding=\"async\" class=\"size-full wp-image-2455 alignright\" src=\"http:\/\/www.efk.at\/wp-content\/uploads\/2018\/07\/Kindmit-Katze.jpg\" alt=\"\" width=\"354\" height=\"236\" srcset=\"https:\/\/www.efk.at\/wp-content\/uploads\/2018\/07\/Kindmit-Katze.jpg 354w, https:\/\/www.efk.at\/wp-content\/uploads\/2018\/07\/Kindmit-Katze-300x200.jpg 300w, https:\/\/www.efk.at\/wp-content\/uploads\/2018\/07\/Kindmit-Katze-288x192.jpg 288w\" sizes=\"auto, (max-width: 354px) 100vw, 354px\" \/>Bei einer offenen Adoption kommt es zum Kennenlernen der freigebenden und annehmenden Eltern und es k\u00f6nnen in weiterer Folge auch regelm\u00e4\u00dfige Besuche vereinbart werden. Das Kind lebt nach erfolgter Adoption mit den Adoptiveltern, hat jedoch die M\u00f6glichkeit, auch die leibliche Familie kennen zu lernen.<br \/>\nDie freigebenden Eltern haben die M\u00f6glichkeit, das Aufwachsen ihres Kindes ein wenig zu begleiten.<\/p>\n<h3>3. Anonyme Geburt<\/h3>\n<p><img loading=\"lazy\" decoding=\"async\" class=\"size-medium wp-image-2594 alignleft\" src=\"http:\/\/www.efk.at\/wp-content\/uploads\/2019\/01\/leon-biss-399-unsplash-300x200.jpg\" alt=\"\" width=\"300\" height=\"200\" srcset=\"https:\/\/www.efk.at\/wp-content\/uploads\/2019\/01\/leon-biss-399-unsplash-300x200.jpg 300w, https:\/\/www.efk.at\/wp-content\/uploads\/2019\/01\/leon-biss-399-unsplash-768x512.jpg 768w, https:\/\/www.efk.at\/wp-content\/uploads\/2019\/01\/leon-biss-399-unsplash-1024x683.jpg 1024w, https:\/\/www.efk.at\/wp-content\/uploads\/2019\/01\/leon-biss-399-unsplash-648x432.jpg 648w, https:\/\/www.efk.at\/wp-content\/uploads\/2019\/01\/leon-biss-399-unsplash-288x192.jpg 288w, https:\/\/www.efk.at\/wp-content\/uploads\/2019\/01\/leon-biss-399-unsplash.jpg 2048w\" sizes=\"auto, (max-width: 300px) 100vw, 300px\" \/>Sollte es leiblichen M\u00fcttern aufgrund ihrer speziellen Lebenssituation nicht m\u00f6glich sein ihre Daten bekannt zu geben, so kann auch die M\u00f6glichkeit einer anonymen Geburt gew\u00e4hlt werden. Ohne e-card kann eine begleitete Geburt im Krankenhaus in Anspruch genommen werden. Leibliche M\u00fctter werden im Spital gebeten \u00fcber sich und ihr Leben zu erz\u00e4hlen und nach M\u00f6glichkeit dem Kind einen Brief zu hinterlassen. Kinder haben bei dieser Variante sp\u00e4ter keine M\u00f6glichkeit ihre leiblichen Eltern zu finden.<\/p>\n<p>Weitere Informationen finden Sie hier: <a href=\"http:\/\/anonymegeburt.at\/\">http:\/\/anonymegeburt.at\/<\/a>.<\/p>\n<h3>4. Babynest\/Babyklappe<\/h3>\n<p><img loading=\"lazy\" decoding=\"async\" class=\"size-medium wp-image-2595 alignright\" src=\"http:\/\/www.efk.at\/wp-content\/uploads\/2019\/01\/luma-pimentel-463423-unsplash-300x200.jpg\" alt=\"\" width=\"300\" height=\"200\" srcset=\"https:\/\/www.efk.at\/wp-content\/uploads\/2019\/01\/luma-pimentel-463423-unsplash-300x200.jpg 300w, https:\/\/www.efk.at\/wp-content\/uploads\/2019\/01\/luma-pimentel-463423-unsplash-768x512.jpg 768w, https:\/\/www.efk.at\/wp-content\/uploads\/2019\/01\/luma-pimentel-463423-unsplash-1024x683.jpg 1024w, https:\/\/www.efk.at\/wp-content\/uploads\/2019\/01\/luma-pimentel-463423-unsplash-648x432.jpg 648w, https:\/\/www.efk.at\/wp-content\/uploads\/2019\/01\/luma-pimentel-463423-unsplash-288x192.jpg 288w\" sizes=\"auto, (max-width: 300px) 100vw, 300px\" \/>In \u00d6sterreich ist es in acht von neun Bundesl\u00e4ndern m\u00f6glich ein Kind an einem gesch\u00fctzten und sicheren Ort (Babynest\/Babyklappe) anonym und straffrei abzugeben. Diese Variante bietet f\u00fcr leibliche Eltern maximale Anonymit\u00e4t, bedeutet jedoch f\u00fcr Kinder, dass sie \u00fcberhaupt keinen Zugang zu Information \u00fcber ihre leiblichen Eltern haben.<\/p>\n<p>Babyklappen finden Sie hier: <a href=\"https:\/\/www.gesundheit.gv.at\/service\/beratungsstellen\/babyklappen-und-babynester-in-oesterreich\">https:\/\/www.gesundheit.gv.at\/service\/beratungsstellen\/babyklappen-und-babynester-in-oesterreich<\/a>.<\/p>","protected":false},"excerpt":{"rendered":"<p>1. Inkognitoadoption Die freigebenden Eltern erhalten Beratung und unterschreiben die Adoptionsfreigabe. Sie k\u00f6nnen W\u00fcnsche \u00e4u\u00dfern in Bezug auf die zuk\u00fcnftigen Adoptiveltern. Es wird versucht, so weit wie m\u00f6glich auf diese W\u00fcnsche einzugehen, um ihnen die Entscheidung zu erleichtern. Freigebende Eltern verzichten darauf, den Namen und die Wohnadresse des Kindes zu erfahren, erhalten jedoch nach Wunsch &hellip; <a href=\"https:\/\/www.efk.at\/de\/arten-der-adoption\/\" class=\"more-link\"><span class=\"screen-reader-text\">Arten der Adoption<\/span> weiterlesen<\/a><\/p>\n","protected":false},"author":1,"featured_media":0,"parent":0,"menu_order":0,"comment_status":"closed","ping_status":"closed","template":"","meta":{"xn-wppe-expiration":[],"xn-wppe-expiration-action":[],"xn-wppe-expiration-prefix":[],"footnotes":""},"class_list":["post-2708","page","type-page","status-publish","hentry"],"yoast_head":"<!-- This site is optimized with the Yoast SEO plugin v26.1.1 - https:\/\/yoast.com\/wordpress\/plugins\/seo\/ -->\n<title>Arten der Adoption - efk<\/title>\n<meta name=\"robots\" content=\"index, follow, max-snippet:-1, max-image-preview:large, max-video-preview:-1\" \/>\n<link rel=\"canonical\" href=\"https:\/\/www.efk.at\/arten-der-adoption\/\" \/>\n<meta property=\"og:locale\" content=\"de_DE\" \/>\n<meta property=\"og:type\" content=\"article\" \/>\n<meta property=\"og:title\" content=\"[:de]Arten der Adoption[:en]Types of adoption[:] - efk\" \/>\n<meta property=\"og:description\" content=\"1. Inkognitoadoption Die freigebenden Eltern erhalten Beratung und unterschreiben die Adoptionsfreigabe. Sie k\u00f6nnen W\u00fcnsche \u00e4u\u00dfern in Bezug auf die zuk\u00fcnftigen Adoptiveltern. Es wird versucht, so weit wie m\u00f6glich auf diese W\u00fcnsche einzugehen, um ihnen die Entscheidung zu erleichtern. Freigebende Eltern verzichten darauf, den Namen und die Wohnadresse des Kindes zu erfahren, erhalten jedoch nach Wunsch &hellip; Arten der Adoption weiterlesen\" \/>\n<meta property=\"og:url\" content=\"https:\/\/www.efk.at\/arten-der-adoption\/\" \/>\n<meta property=\"og:site_name\" content=\"efk\" \/>\n<meta property=\"article:modified_time\" content=\"2024-02-20T14:28:27+00:00\" \/>\n<meta property=\"og:image\" content=\"http:\/\/www.efk.at\/wp-content\/uploads\/2018\/07\/2Kinder-Hand-in-Hand_von-hinten.jpg\" \/>\n<meta name=\"twitter:card\" content=\"summary_large_image\" \/>\n<meta name=\"twitter:label1\" content=\"Gesch\u00e4tzte Lesezeit\" \/>\n\t<meta name=\"twitter:data1\" content=\"3\u00a0Minuten\" \/>\n<script type=\"application\/ld+json\" class=\"yoast-schema-graph\">{\"@context\":\"https:\/\/schema.org\",\"@graph\":[{\"@type\":\"WebPage\",\"@id\":\"https:\/\/www.efk.at\/arten-der-adoption\/\",\"url\":\"https:\/\/www.efk.at\/arten-der-adoption\/\",\"name\":\"[:de]Arten der Adoption[:en]Types of adoption[:] - efk\",\"isPartOf\":{\"@id\":\"https:\/\/www.efk.at\/de\/#website\"},\"primaryImageOfPage\":{\"@id\":\"https:\/\/www.efk.at\/arten-der-adoption\/#primaryimage\"},\"image\":{\"@id\":\"https:\/\/www.efk.at\/arten-der-adoption\/#primaryimage\"},\"thumbnailUrl\":\"http:\/\/www.efk.at\/wp-content\/uploads\/2018\/07\/2Kinder-Hand-in-Hand_von-hinten.jpg\",\"datePublished\":\"2019-01-24T11:29:59+00:00\",\"dateModified\":\"2024-02-20T14:28:27+00:00\",\"breadcrumb\":{\"@id\":\"https:\/\/www.efk.at\/arten-der-adoption\/#breadcrumb\"},\"inLanguage\":\"de\",\"potentialAction\":[{\"@type\":\"ReadAction\",\"target\":[\"https:\/\/www.efk.at\/arten-der-adoption\/\"]}]},{\"@type\":\"ImageObject\",\"inLanguage\":\"de\",\"@id\":\"https:\/\/www.efk.at\/arten-der-adoption\/#primaryimage\",\"url\":\"http:\/\/www.efk.at\/wp-content\/uploads\/2018\/07\/2Kinder-Hand-in-Hand_von-hinten.jpg\",\"contentUrl\":\"http:\/\/www.efk.at\/wp-content\/uploads\/2018\/07\/2Kinder-Hand-in-Hand_von-hinten.jpg\"},{\"@type\":\"BreadcrumbList\",\"@id\":\"https:\/\/www.efk.at\/arten-der-adoption\/#breadcrumb\",\"itemListElement\":[{\"@type\":\"ListItem\",\"position\":1,\"name\":\"Startseite\",\"item\":\"https:\/\/www.efk.at\/de\/\"},{\"@type\":\"ListItem\",\"position\":2,\"name\":\"Arten der Adoption\"}]},{\"@type\":\"WebSite\",\"@id\":\"https:\/\/www.efk.at\/de\/#website\",\"url\":\"https:\/\/www.efk.at\/de\/\",\"name\":\"efk\",\"description\":\"Eltern f\u00fcr Kinder \u00d6sterreich\",\"potentialAction\":[{\"@type\":\"SearchAction\",\"target\":{\"@type\":\"EntryPoint\",\"urlTemplate\":\"https:\/\/www.efk.at\/de\/?s={search_term_string}\"},\"query-input\":{\"@type\":\"PropertyValueSpecification\",\"valueRequired\":true,\"valueName\":\"search_term_string\"}}],\"inLanguage\":\"de\"}]}<\/script>\n<!-- \/ Yoast SEO plugin. -->","yoast_head_json":{"title":"[:de]Arten der Adoption[:en]Types of adoption[:] - efk","robots":{"index":"index","follow":"follow","max-snippet":"max-snippet:-1","max-image-preview":"max-image-preview:large","max-video-preview":"max-video-preview:-1"},"canonical":"https:\/\/www.efk.at\/arten-der-adoption\/","og_locale":"de_DE","og_type":"article","og_title":"[:de]Arten der Adoption[:en]Types of adoption[:] - efk","og_description":"1. Inkognitoadoption Die freigebenden Eltern erhalten Beratung und unterschreiben die Adoptionsfreigabe. Sie k\u00f6nnen W\u00fcnsche \u00e4u\u00dfern in Bezug auf die zuk\u00fcnftigen Adoptiveltern. Es wird versucht, so weit wie m\u00f6glich auf diese W\u00fcnsche einzugehen, um ihnen die Entscheidung zu erleichtern. Freigebende Eltern verzichten darauf, den Namen und die Wohnadresse des Kindes zu erfahren, erhalten jedoch nach Wunsch &hellip; Arten der Adoption weiterlesen","og_url":"https:\/\/www.efk.at\/arten-der-adoption\/","og_site_name":"efk","article_modified_time":"2024-02-20T14:28:27+00:00","og_image":[{"url":"http:\/\/www.efk.at\/wp-content\/uploads\/2018\/07\/2Kinder-Hand-in-Hand_von-hinten.jpg","type":"","width":"","height":""}],"twitter_card":"summary_large_image","twitter_misc":{"Gesch\u00e4tzte Lesezeit":"3\u00a0Minuten"},"schema":{"@context":"https:\/\/schema.org","@graph":[{"@type":"WebPage","@id":"https:\/\/www.efk.at\/arten-der-adoption\/","url":"https:\/\/www.efk.at\/arten-der-adoption\/","name":"[:de]Arten der Adoption[:en]Types of adoption[:] - efk","isPartOf":{"@id":"https:\/\/www.efk.at\/de\/#website"},"primaryImageOfPage":{"@id":"https:\/\/www.efk.at\/arten-der-adoption\/#primaryimage"},"image":{"@id":"https:\/\/www.efk.at\/arten-der-adoption\/#primaryimage"},"thumbnailUrl":"http:\/\/www.efk.at\/wp-content\/uploads\/2018\/07\/2Kinder-Hand-in-Hand_von-hinten.jpg","datePublished":"2019-01-24T11:29:59+00:00","dateModified":"2024-02-20T14:28:27+00:00","breadcrumb":{"@id":"https:\/\/www.efk.at\/arten-der-adoption\/#breadcrumb"},"inLanguage":"de","potentialAction":[{"@type":"ReadAction","target":["https:\/\/www.efk.at\/arten-der-adoption\/"]}]},{"@type":"ImageObject","inLanguage":"de","@id":"https:\/\/www.efk.at\/arten-der-adoption\/#primaryimage","url":"http:\/\/www.efk.at\/wp-content\/uploads\/2018\/07\/2Kinder-Hand-in-Hand_von-hinten.jpg","contentUrl":"http:\/\/www.efk.at\/wp-content\/uploads\/2018\/07\/2Kinder-Hand-in-Hand_von-hinten.jpg"},{"@type":"BreadcrumbList","@id":"https:\/\/www.efk.at\/arten-der-adoption\/#breadcrumb","itemListElement":[{"@type":"ListItem","position":1,"name":"Startseite","item":"https:\/\/www.efk.at\/de\/"},{"@type":"ListItem","position":2,"name":"Arten der Adoption"}]},{"@type":"WebSite","@id":"https:\/\/www.efk.at\/de\/#website","url":"https:\/\/www.efk.at\/de\/","name":"efk","description":"Eltern f\u00fcr Kinder \u00d6sterreich","potentialAction":[{"@type":"SearchAction","target":{"@type":"EntryPoint","urlTemplate":"https:\/\/www.efk.at\/de\/?s={search_term_string}"},"query-input":{"@type":"PropertyValueSpecification","valueRequired":true,"valueName":"search_term_string"}}],"inLanguage":"de"}]}},"_links":{"self":[{"href":"https:\/\/www.efk.at\/de\/wp-json\/wp\/v2\/pages\/2708","targetHints":{"allow":["GET"]}}],"collection":[{"href":"https:\/\/www.efk.at\/de\/wp-json\/wp\/v2\/pages"}],"about":[{"href":"https:\/\/www.efk.at\/de\/wp-json\/wp\/v2\/types\/page"}],"author":[{"embeddable":true,"href":"https:\/\/www.efk.at\/de\/wp-json\/wp\/v2\/users\/1"}],"replies":[{"embeddable":true,"href":"https:\/\/www.efk.at\/de\/wp-json\/wp\/v2\/comments?post=2708"}],"version-history":[{"count":4,"href":"https:\/\/www.efk.at\/de\/wp-json\/wp\/v2\/pages\/2708\/revisions"}],"predecessor-version":[{"id":5222,"href":"https:\/\/www.efk.at\/de\/wp-json\/wp\/v2\/pages\/2708\/revisions\/5222"}],"wp:attachment":[{"href":"https:\/\/www.efk.at\/de\/wp-json\/wp\/v2\/media?parent=2708"}],"curies":[{"name":"wp","href":"https:\/\/api.w.org\/{rel}","templated":true}]}}