{"id":2205,"date":"2018-07-05T14:47:38","date_gmt":"2018-07-05T12:47:38","guid":{"rendered":"http:\/\/www.efk.at\/?page_id=2205"},"modified":"2021-05-24T12:54:30","modified_gmt":"2021-05-24T10:54:30","slug":"finanzbericht-jahresbericht","status":"publish","type":"page","link":"https:\/\/www.efk.at\/de\/finanzbericht-jahresbericht\/","title":{"rendered":"Finanzbericht &#8211; Jahresbericht 2020"},"content":{"rendered":"<p><\/p>\n<h4 class=\"p1\"><b>Ihre Spende an EfK\u00d6\u00a0<\/b><b>ist steuerlich absetzbar!<\/b><\/h4>\n<p>Unser Verein ist in die Liste aller spendenbeg\u00fcnstigten Einrichtungen des Bundesministeriums f\u00fcr Finanzen mit der Registrierungsnr. SO-2958 eingetragen. Ihre Spende ist daher auch gem\u00e4\u00df \u00a74a Z.3 und 4 EStG steuerlich absetzbar! <a href=\"https:\/\/service.bmf.gv.at\/Service\/allg\/spenden\/show_mast.asp\" target=\"_blank\" rel=\"noopener\">LINK<\/a><\/p>\n<p><img loading=\"lazy\" decoding=\"async\" class=\"alignnone size-full wp-image-3983\" src=\"http:\/\/www.efk.at\/wp-content\/uploads\/2021\/05\/EFK\u2122-Finanzbericht-JB-20-1.jpg\" alt=\"\" width=\"1917\" height=\"2041\" srcset=\"https:\/\/www.efk.at\/wp-content\/uploads\/2021\/05\/EFK\u2122-Finanzbericht-JB-20-1.jpg 1917w, https:\/\/www.efk.at\/wp-content\/uploads\/2021\/05\/EFK\u2122-Finanzbericht-JB-20-1-282x300.jpg 282w, https:\/\/www.efk.at\/wp-content\/uploads\/2021\/05\/EFK\u2122-Finanzbericht-JB-20-1-962x1024.jpg 962w, https:\/\/www.efk.at\/wp-content\/uploads\/2021\/05\/EFK\u2122-Finanzbericht-JB-20-1-768x818.jpg 768w, https:\/\/www.efk.at\/wp-content\/uploads\/2021\/05\/EFK\u2122-Finanzbericht-JB-20-1-1443x1536.jpg 1443w, https:\/\/www.efk.at\/wp-content\/uploads\/2021\/05\/EFK\u2122-Finanzbericht-JB-20-1-648x690.jpg 648w, https:\/\/www.efk.at\/wp-content\/uploads\/2021\/05\/EFK\u2122-Finanzbericht-JB-20-1-180x192.jpg 180w\" sizes=\"auto, (max-width: 1917px) 100vw, 1917px\" \/><\/p>\n<p>&nbsp;<\/p>\n<p><img loading=\"lazy\" decoding=\"async\" class=\"alignnone size-full wp-image-3984\" src=\"http:\/\/www.efk.at\/wp-content\/uploads\/2021\/05\/EFK\u6a81GV_JB-20.jpg\" alt=\"\" width=\"1917\" height=\"2013\" srcset=\"https:\/\/www.efk.at\/wp-content\/uploads\/2021\/05\/EFK\u6a81GV_JB-20.jpg 1917w, https:\/\/www.efk.at\/wp-content\/uploads\/2021\/05\/EFK\u6a81GV_JB-20-286x300.jpg 286w, https:\/\/www.efk.at\/wp-content\/uploads\/2021\/05\/EFK\u6a81GV_JB-20-975x1024.jpg 975w, https:\/\/www.efk.at\/wp-content\/uploads\/2021\/05\/EFK\u6a81GV_JB-20-768x806.jpg 768w, https:\/\/www.efk.at\/wp-content\/uploads\/2021\/05\/EFK\u6a81GV_JB-20-1463x1536.jpg 1463w, https:\/\/www.efk.at\/wp-content\/uploads\/2021\/05\/EFK\u6a81GV_JB-20-648x680.jpg 648w, https:\/\/www.efk.at\/wp-content\/uploads\/2021\/05\/EFK\u6a81GV_JB-20-183x192.jpg 183w\" sizes=\"auto, (max-width: 1917px) 100vw, 1917px\" \/><\/p>\n<h5><a href=\"\/aktueller-jahresbericht\/\">\u00ab Inhaltsverzeichnis<\/a><\/h5>\n<h5 style=\"text-align: right;\"><a href=\"\/buecher-jahresbericht\/\">Neu in unserem B\u00fccherregal \u00bb<\/a><\/h5>\n<p><\/p>","protected":false},"excerpt":{"rendered":"<p>Ihre Spende an EfK\u00d6\u00a0ist steuerlich absetzbar! Unser Verein ist in die Liste aller spendenbeg\u00fcnstigten Einrichtungen des Bundesministeriums f\u00fcr Finanzen mit der Registrierungsnr. SO-2958 eingetragen. Ihre Spende ist daher auch gem\u00e4\u00df \u00a74a Z.3 und 4 EStG steuerlich absetzbar! LINK &nbsp; \u00ab Inhaltsverzeichnis Neu in unserem B\u00fccherregal \u00bb<\/p>\n","protected":false},"author":2,"featured_media":0,"parent":0,"menu_order":0,"comment_status":"closed","ping_status":"closed","template":"","meta":{"xn-wppe-expiration":[],"xn-wppe-expiration-action":[],"xn-wppe-expiration-prefix":[],"footnotes":""},"class_list":["post-2205","page","type-page","status-publish","hentry"],"yoast_head":"<!-- This site is optimized with the Yoast SEO plugin v26.1.1 - https:\/\/yoast.com\/wordpress\/plugins\/seo\/ -->\n<title>Finanzbericht - Jahresbericht 2020 - efk<\/title>\n<meta name=\"robots\" content=\"index, follow, max-snippet:-1, max-image-preview:large, max-video-preview:-1\" \/>\n<link rel=\"canonical\" href=\"https:\/\/www.efk.at\/de\/finanzbericht-jahresbericht\/\" \/>\n<meta property=\"og:locale\" content=\"de_DE\" \/>\n<meta property=\"og:type\" content=\"article\" \/>\n<meta property=\"og:title\" content=\"[:de]Finanzbericht - Jahresbericht 2020[:] - efk\" \/>\n<meta property=\"og:description\" content=\"Ihre Spende an EfK\u00d6\u00a0ist steuerlich absetzbar! Unser Verein ist in die Liste aller spendenbeg\u00fcnstigten Einrichtungen des Bundesministeriums f\u00fcr Finanzen mit der Registrierungsnr. SO-2958 eingetragen. Ihre Spende ist daher auch gem\u00e4\u00df \u00a74a Z.3 und 4 EStG steuerlich absetzbar! LINK &nbsp; \u00ab Inhaltsverzeichnis Neu in unserem B\u00fccherregal \u00bb\" \/>\n<meta property=\"og:url\" content=\"https:\/\/www.efk.at\/de\/finanzbericht-jahresbericht\/\" \/>\n<meta property=\"og:site_name\" content=\"efk\" \/>\n<meta property=\"article:modified_time\" content=\"2021-05-24T10:54:30+00:00\" \/>\n<meta name=\"twitter:card\" content=\"summary_large_image\" \/>\n<meta name=\"twitter:label1\" content=\"Gesch\u00e4tzte Lesezeit\" \/>\n\t<meta name=\"twitter:data1\" content=\"1\u00a0Minute\" \/>\n<script type=\"application\/ld+json\" class=\"yoast-schema-graph\">{\"@context\":\"https:\/\/schema.org\",\"@graph\":[{\"@type\":\"WebPage\",\"@id\":\"https:\/\/www.efk.at\/de\/finanzbericht-jahresbericht\/\",\"url\":\"https:\/\/www.efk.at\/de\/finanzbericht-jahresbericht\/\",\"name\":\"[:de]Finanzbericht - Jahresbericht 2020[:] - efk\",\"isPartOf\":{\"@id\":\"https:\/\/www.efk.at\/de\/#website\"},\"datePublished\":\"2018-07-05T12:47:38+00:00\",\"dateModified\":\"2021-05-24T10:54:30+00:00\",\"breadcrumb\":{\"@id\":\"https:\/\/www.efk.at\/de\/finanzbericht-jahresbericht\/#breadcrumb\"},\"inLanguage\":\"de\",\"potentialAction\":[{\"@type\":\"ReadAction\",\"target\":[\"https:\/\/www.efk.at\/de\/finanzbericht-jahresbericht\/\"]}]},{\"@type\":\"BreadcrumbList\",\"@id\":\"https:\/\/www.efk.at\/de\/finanzbericht-jahresbericht\/#breadcrumb\",\"itemListElement\":[{\"@type\":\"ListItem\",\"position\":1,\"name\":\"Startseite\",\"item\":\"https:\/\/www.efk.at\/de\/\"},{\"@type\":\"ListItem\",\"position\":2,\"name\":\"Finanzbericht &#8211; Jahresbericht 2020\"}]},{\"@type\":\"WebSite\",\"@id\":\"https:\/\/www.efk.at\/de\/#website\",\"url\":\"https:\/\/www.efk.at\/de\/\",\"name\":\"efk\",\"description\":\"Eltern f\u00fcr Kinder \u00d6sterreich\",\"potentialAction\":[{\"@type\":\"SearchAction\",\"target\":{\"@type\":\"EntryPoint\",\"urlTemplate\":\"https:\/\/www.efk.at\/de\/?s={search_term_string}\"},\"query-input\":{\"@type\":\"PropertyValueSpecification\",\"valueRequired\":true,\"valueName\":\"search_term_string\"}}],\"inLanguage\":\"de\"}]}<\/script>\n<!-- \/ Yoast SEO plugin. -->","yoast_head_json":{"title":"[:de]Finanzbericht - Jahresbericht 2020[:] - efk","robots":{"index":"index","follow":"follow","max-snippet":"max-snippet:-1","max-image-preview":"max-image-preview:large","max-video-preview":"max-video-preview:-1"},"canonical":"https:\/\/www.efk.at\/de\/finanzbericht-jahresbericht\/","og_locale":"de_DE","og_type":"article","og_title":"[:de]Finanzbericht - Jahresbericht 2020[:] - efk","og_description":"Ihre Spende an EfK\u00d6\u00a0ist steuerlich absetzbar! Unser Verein ist in die Liste aller spendenbeg\u00fcnstigten Einrichtungen des Bundesministeriums f\u00fcr Finanzen mit der Registrierungsnr. SO-2958 eingetragen. Ihre Spende ist daher auch gem\u00e4\u00df \u00a74a Z.3 und 4 EStG steuerlich absetzbar! LINK &nbsp; \u00ab Inhaltsverzeichnis Neu in unserem B\u00fccherregal \u00bb","og_url":"https:\/\/www.efk.at\/de\/finanzbericht-jahresbericht\/","og_site_name":"efk","article_modified_time":"2021-05-24T10:54:30+00:00","twitter_card":"summary_large_image","twitter_misc":{"Gesch\u00e4tzte Lesezeit":"1\u00a0Minute"},"schema":{"@context":"https:\/\/schema.org","@graph":[{"@type":"WebPage","@id":"https:\/\/www.efk.at\/de\/finanzbericht-jahresbericht\/","url":"https:\/\/www.efk.at\/de\/finanzbericht-jahresbericht\/","name":"[:de]Finanzbericht - Jahresbericht 2020[:] - efk","isPartOf":{"@id":"https:\/\/www.efk.at\/de\/#website"},"datePublished":"2018-07-05T12:47:38+00:00","dateModified":"2021-05-24T10:54:30+00:00","breadcrumb":{"@id":"https:\/\/www.efk.at\/de\/finanzbericht-jahresbericht\/#breadcrumb"},"inLanguage":"de","potentialAction":[{"@type":"ReadAction","target":["https:\/\/www.efk.at\/de\/finanzbericht-jahresbericht\/"]}]},{"@type":"BreadcrumbList","@id":"https:\/\/www.efk.at\/de\/finanzbericht-jahresbericht\/#breadcrumb","itemListElement":[{"@type":"ListItem","position":1,"name":"Startseite","item":"https:\/\/www.efk.at\/de\/"},{"@type":"ListItem","position":2,"name":"Finanzbericht &#8211; Jahresbericht 2020"}]},{"@type":"WebSite","@id":"https:\/\/www.efk.at\/de\/#website","url":"https:\/\/www.efk.at\/de\/","name":"efk","description":"Eltern f\u00fcr Kinder \u00d6sterreich","potentialAction":[{"@type":"SearchAction","target":{"@type":"EntryPoint","urlTemplate":"https:\/\/www.efk.at\/de\/?s={search_term_string}"},"query-input":{"@type":"PropertyValueSpecification","valueRequired":true,"valueName":"search_term_string"}}],"inLanguage":"de"}]}},"_links":{"self":[{"href":"https:\/\/www.efk.at\/de\/wp-json\/wp\/v2\/pages\/2205","targetHints":{"allow":["GET"]}}],"collection":[{"href":"https:\/\/www.efk.at\/de\/wp-json\/wp\/v2\/pages"}],"about":[{"href":"https:\/\/www.efk.at\/de\/wp-json\/wp\/v2\/types\/page"}],"author":[{"embeddable":true,"href":"https:\/\/www.efk.at\/de\/wp-json\/wp\/v2\/users\/2"}],"replies":[{"embeddable":true,"href":"https:\/\/www.efk.at\/de\/wp-json\/wp\/v2\/comments?post=2205"}],"version-history":[{"count":23,"href":"https:\/\/www.efk.at\/de\/wp-json\/wp\/v2\/pages\/2205\/revisions"}],"predecessor-version":[{"id":3987,"href":"https:\/\/www.efk.at\/de\/wp-json\/wp\/v2\/pages\/2205\/revisions\/3987"}],"wp:attachment":[{"href":"https:\/\/www.efk.at\/de\/wp-json\/wp\/v2\/media?parent=2205"}],"curies":[{"name":"wp","href":"https:\/\/api.w.org\/{rel}","templated":true}]}}