{"id":200,"date":"2017-08-04T11:57:03","date_gmt":"2017-08-04T09:57:03","guid":{"rendered":"http:\/\/www.efk.at\/?page_id=200"},"modified":"2018-03-12T18:21:31","modified_gmt":"2018-03-12T17:21:31","slug":"sie-wollen-spenden","status":"publish","type":"page","link":"https:\/\/www.efk.at\/de\/sie-wollen-spenden\/","title":{"rendered":"Sie wollen Spenden"},"content":{"rendered":"<p><\/p>\n<p style=\"font-family: 'PT Sans', sans-serif; font-size: 16px; font-style: normal;\"><img loading=\"lazy\" decoding=\"async\" src=\"http:\/\/www.efk.at\/wp-content\/uploads\/2018\/03\/Fotolia_60284675_XS-300x300.jpg\" alt=\"\" width=\"300\" height=\"300\" class=\"size-medium wp-image-1755 alignleft\" srcset=\"https:\/\/www.efk.at\/wp-content\/uploads\/2018\/03\/Fotolia_60284675_XS-300x300.jpg 300w, https:\/\/www.efk.at\/wp-content\/uploads\/2018\/03\/Fotolia_60284675_XS-150x150.jpg 150w, https:\/\/www.efk.at\/wp-content\/uploads\/2018\/03\/Fotolia_60284675_XS-330x330.jpg 330w, https:\/\/www.efk.at\/wp-content\/uploads\/2018\/03\/Fotolia_60284675_XS-96x96.jpg 96w, https:\/\/www.efk.at\/wp-content\/uploads\/2018\/03\/Fotolia_60284675_XS-192x192.jpg 192w, https:\/\/www.efk.at\/wp-content\/uploads\/2018\/03\/Fotolia_60284675_XS.jpg 346w\" sizes=\"auto, (max-width: 300px) 100vw, 300px\" \/><\/p>\n<p style=\"text-align: left;\"><em>Wir freuen uns \u00fcber Ihre Unterst\u00fctzung!<\/em><\/p>\n<p><strong>\u00a0<\/strong><\/p>\n<p><strong>Konto von Eltern f\u00fcr Kinder \u00d6sterreich:<\/strong><br \/>\n<strong style=\"font-size: 16px;\">Kennwort:<\/strong><span style=\"font-size: 16px;\"> Sozialprojekte<br \/>\n<\/span><strong style=\"font-size: 16px;\">IBAN:<\/strong><span style=\"font-size: 16px;\"> AT88 4300 0401 7788 9900<br \/>\n<\/span><strong style=\"font-size: 16px;\">BIC:<\/strong><span style=\"font-size: 16px;\"> VBOEATWW<br \/>\n<\/span><span style=\"font-size: 16px;\">Volksbank Wien AG<\/span><\/p>\n<p style=\"text-align: center;\"><span style=\"font-size: 16px;\"><br \/>\n<\/span><\/p>\n<h2>Sie wollen eine Best\u00e4tigung Ihrer Spenden?<\/h2>\n<p>NEU: Ihre Spende ist nun auch gem\u00e4\u00df \u00a74a Z.3 und 4 EStG steuerlich absetzbar! Bitte fordern Sie Ihre Spendenbest\u00e4tigung am Ende des Jahres an. Bitte f\u00fcllen Sie hierf\u00fcr folgendes Formular aus!<\/p>\n<p>Wir wollen, dass Sie Ihre wertvolle Unterst\u00fctzung weiterhin steuerlich geltend machen k\u00f6nnen. Daf\u00fcr gibt es eine <strong>neue gesetzliche Regelung<\/strong>: F\u00fcr Spenden ab 2017 sind alle Spendenorganisationen verpflichtet Ihre Spenden gemeinsam mit Ihrem <strong>Geburtsdatum, Vor- und Zunamen, und Adresse (zentrales Melderegister)<\/strong> dem Finanzamt bekannt zu geben! Bitte \u00fcbermitteln Sie uns diese Informationen, damit wir diese in verschl\u00fcsselter Form an das Finanzamt weiterleiten k\u00f6nnen.<\/p>\n<p><strong>Anonyme Spenden k\u00f6nnen leider nicht abgesetzt werden!<\/strong><\/p>\n<p>\n<div class=\"wpcf7 no-js\" id=\"wpcf7-f868-o1\" lang=\"de-DE\" dir=\"ltr\" data-wpcf7-id=\"868\">\n<div class=\"screen-reader-response\"><p role=\"status\" aria-live=\"polite\" aria-atomic=\"true\"><\/p> <ul><\/ul><\/div>\n<form action=\"\/de\/wp-json\/wp\/v2\/pages\/200#wpcf7-f868-o1\" method=\"post\" class=\"wpcf7-form init\" aria-label=\"Kontaktformular\" novalidate=\"novalidate\" data-status=\"init\">\n<fieldset class=\"hidden-fields-container\"><input type=\"hidden\" name=\"_wpcf7\" value=\"868\" \/><input type=\"hidden\" name=\"_wpcf7_version\" value=\"6.1.2\" \/><input type=\"hidden\" name=\"_wpcf7_locale\" value=\"de_DE\" \/><input type=\"hidden\" name=\"_wpcf7_unit_tag\" value=\"wpcf7-f868-o1\" \/><input type=\"hidden\" name=\"_wpcf7_container_post\" value=\"0\" \/><input type=\"hidden\" name=\"_wpcf7_posted_data_hash\" value=\"\" \/>\n<\/fieldset>\n<p><label>Vorname*<br \/>\n<span class=\"wpcf7-form-control-wrap\" data-name=\"vorname\"><input size=\"40\" maxlength=\"400\" class=\"wpcf7-form-control wpcf7-text wpcf7-validates-as-required\" aria-required=\"true\" aria-invalid=\"false\" value=\"\" type=\"text\" name=\"vorname\" \/><\/span> <\/label>\n<\/p>\n<p><label>Nachname*<br \/>\n<span class=\"wpcf7-form-control-wrap\" data-name=\"nachname\"><input size=\"40\" maxlength=\"400\" class=\"wpcf7-form-control wpcf7-text wpcf7-validates-as-required\" aria-required=\"true\" aria-invalid=\"false\" value=\"\" type=\"text\" name=\"nachname\" \/><\/span> <\/label>\n<\/p>\n<p><label>Stra\u00dfe*<br \/>\n<span class=\"wpcf7-form-control-wrap\" data-name=\"strasse\"><input size=\"40\" maxlength=\"400\" class=\"wpcf7-form-control wpcf7-text wpcf7-validates-as-required\" aria-required=\"true\" aria-invalid=\"false\" value=\"\" type=\"text\" name=\"strasse\" \/><\/span> <\/label>\n<\/p>\n<p><label>PLZ\/Ort*<br \/>\n<span class=\"wpcf7-form-control-wrap\" data-name=\"ort\"><input size=\"40\" maxlength=\"400\" class=\"wpcf7-form-control wpcf7-text wpcf7-validates-as-required\" aria-required=\"true\" aria-invalid=\"false\" value=\"\" type=\"text\" name=\"ort\" \/><\/span> <\/label>\n<\/p>\n<p><label>Telefonnummer<br \/>\n<span class=\"wpcf7-form-control-wrap\" data-name=\"telefon\"><input size=\"40\" maxlength=\"400\" class=\"wpcf7-form-control wpcf7-tel wpcf7-text wpcf7-validates-as-tel\" aria-invalid=\"false\" value=\"\" type=\"tel\" name=\"telefon\" \/><\/span><\/label>\n<\/p>\n<p><label>E-Mail-Adresse*<br \/>\n<span class=\"wpcf7-form-control-wrap\" data-name=\"email\"><input size=\"40\" maxlength=\"400\" class=\"wpcf7-form-control wpcf7-email wpcf7-validates-as-required wpcf7-text wpcf7-validates-as-email\" aria-required=\"true\" aria-invalid=\"false\" value=\"\" type=\"email\" name=\"email\" \/><\/span> <\/label>\n<\/p>\n<p><label>Geburtsdatum*<br \/>\n<span class=\"wpcf7-form-control-wrap\" data-name=\"geburtstag\"><input size=\"40\" maxlength=\"400\" class=\"wpcf7-form-control wpcf7-text wpcf7-validates-as-required\" aria-required=\"true\" aria-invalid=\"false\" value=\"\" type=\"text\" name=\"geburtstag\" \/><\/span><\/label>\n<\/p>\n<p>* Pflichtfelder\n<\/p>\n<p><input class=\"wpcf7-form-control wpcf7-submit has-spinner\" type=\"submit\" value=\"Senden\" \/>\n<\/p><div class=\"wpcf7-response-output\" aria-hidden=\"true\"><\/div>\n<\/form>\n<\/div>\n<\/p>","protected":false},"excerpt":{"rendered":"<p>Wir freuen uns \u00fcber Ihre Unterst\u00fctzung! \u00a0 Konto von Eltern f\u00fcr Kinder \u00d6sterreich: Kennwort: Sozialprojekte IBAN: AT88 4300 0401 7788 9900 BIC: VBOEATWW Volksbank Wien AG Sie wollen eine Best\u00e4tigung Ihrer Spenden? NEU: Ihre Spende ist nun auch gem\u00e4\u00df \u00a74a Z.3 und 4 EStG steuerlich absetzbar! Bitte fordern Sie Ihre Spendenbest\u00e4tigung am Ende des Jahres &hellip; <a href=\"https:\/\/www.efk.at\/de\/sie-wollen-spenden\/\" class=\"more-link\"><span class=\"screen-reader-text\">Sie wollen Spenden<\/span> weiterlesen<\/a><\/p>\n","protected":false},"author":1,"featured_media":0,"parent":0,"menu_order":0,"comment_status":"closed","ping_status":"closed","template":"","meta":{"xn-wppe-expiration":[],"xn-wppe-expiration-action":[],"xn-wppe-expiration-prefix":[],"footnotes":""},"class_list":["post-200","page","type-page","status-publish","hentry"],"yoast_head":"<!-- This site is optimized with the Yoast SEO plugin v26.1.1 - https:\/\/yoast.com\/wordpress\/plugins\/seo\/ -->\n<title>Sie wollen Spenden - efk<\/title>\n<meta name=\"robots\" content=\"index, follow, max-snippet:-1, max-image-preview:large, max-video-preview:-1\" \/>\n<link rel=\"canonical\" href=\"https:\/\/www.efk.at\/de\/sie-wollen-spenden\/\" \/>\n<meta property=\"og:locale\" content=\"de_DE\" \/>\n<meta property=\"og:type\" content=\"article\" \/>\n<meta property=\"og:title\" content=\"Sie wollen Spenden - efk\" \/>\n<meta property=\"og:description\" content=\"Wir freuen uns \u00fcber Ihre Unterst\u00fctzung! \u00a0 Konto von Eltern f\u00fcr Kinder \u00d6sterreich: Kennwort: Sozialprojekte IBAN: AT88 4300 0401 7788 9900 BIC: VBOEATWW Volksbank Wien AG Sie wollen eine Best\u00e4tigung Ihrer Spenden? NEU: Ihre Spende ist nun auch gem\u00e4\u00df \u00a74a Z.3 und 4 EStG steuerlich absetzbar! Bitte fordern Sie Ihre Spendenbest\u00e4tigung am Ende des Jahres &hellip; Sie wollen Spenden weiterlesen\" \/>\n<meta property=\"og:url\" content=\"https:\/\/www.efk.at\/de\/sie-wollen-spenden\/\" \/>\n<meta property=\"og:site_name\" content=\"efk\" \/>\n<meta property=\"article:modified_time\" content=\"2018-03-12T17:21:31+00:00\" \/>\n<meta property=\"og:image\" content=\"http:\/\/www.efk.at\/wp-content\/uploads\/2018\/03\/Fotolia_60284675_XS-300x300.jpg\" \/>\n<meta name=\"twitter:card\" content=\"summary_large_image\" \/>\n<meta name=\"twitter:label1\" content=\"Gesch\u00e4tzte Lesezeit\" \/>\n\t<meta name=\"twitter:data1\" content=\"1\u00a0Minute\" \/>\n<script type=\"application\/ld+json\" class=\"yoast-schema-graph\">{\"@context\":\"https:\/\/schema.org\",\"@graph\":[{\"@type\":\"WebPage\",\"@id\":\"https:\/\/www.efk.at\/de\/sie-wollen-spenden\/\",\"url\":\"https:\/\/www.efk.at\/de\/sie-wollen-spenden\/\",\"name\":\"Sie wollen Spenden - efk\",\"isPartOf\":{\"@id\":\"https:\/\/www.efk.at\/de\/#website\"},\"primaryImageOfPage\":{\"@id\":\"https:\/\/www.efk.at\/de\/sie-wollen-spenden\/#primaryimage\"},\"image\":{\"@id\":\"https:\/\/www.efk.at\/de\/sie-wollen-spenden\/#primaryimage\"},\"thumbnailUrl\":\"http:\/\/www.efk.at\/wp-content\/uploads\/2018\/03\/Fotolia_60284675_XS-300x300.jpg\",\"datePublished\":\"2017-08-04T09:57:03+00:00\",\"dateModified\":\"2018-03-12T17:21:31+00:00\",\"breadcrumb\":{\"@id\":\"https:\/\/www.efk.at\/de\/sie-wollen-spenden\/#breadcrumb\"},\"inLanguage\":\"de\",\"potentialAction\":[{\"@type\":\"ReadAction\",\"target\":[\"https:\/\/www.efk.at\/de\/sie-wollen-spenden\/\"]}]},{\"@type\":\"ImageObject\",\"inLanguage\":\"de\",\"@id\":\"https:\/\/www.efk.at\/de\/sie-wollen-spenden\/#primaryimage\",\"url\":\"http:\/\/www.efk.at\/wp-content\/uploads\/2018\/03\/Fotolia_60284675_XS-300x300.jpg\",\"contentUrl\":\"http:\/\/www.efk.at\/wp-content\/uploads\/2018\/03\/Fotolia_60284675_XS-300x300.jpg\"},{\"@type\":\"BreadcrumbList\",\"@id\":\"https:\/\/www.efk.at\/de\/sie-wollen-spenden\/#breadcrumb\",\"itemListElement\":[{\"@type\":\"ListItem\",\"position\":1,\"name\":\"Startseite\",\"item\":\"https:\/\/www.efk.at\/de\/\"},{\"@type\":\"ListItem\",\"position\":2,\"name\":\"Sie wollen Spenden\"}]},{\"@type\":\"WebSite\",\"@id\":\"https:\/\/www.efk.at\/de\/#website\",\"url\":\"https:\/\/www.efk.at\/de\/\",\"name\":\"efk\",\"description\":\"Eltern f\u00fcr Kinder \u00d6sterreich\",\"potentialAction\":[{\"@type\":\"SearchAction\",\"target\":{\"@type\":\"EntryPoint\",\"urlTemplate\":\"https:\/\/www.efk.at\/de\/?s={search_term_string}\"},\"query-input\":{\"@type\":\"PropertyValueSpecification\",\"valueRequired\":true,\"valueName\":\"search_term_string\"}}],\"inLanguage\":\"de\"}]}<\/script>\n<!-- \/ Yoast SEO plugin. -->","yoast_head_json":{"title":"Sie wollen Spenden - efk","robots":{"index":"index","follow":"follow","max-snippet":"max-snippet:-1","max-image-preview":"max-image-preview:large","max-video-preview":"max-video-preview:-1"},"canonical":"https:\/\/www.efk.at\/de\/sie-wollen-spenden\/","og_locale":"de_DE","og_type":"article","og_title":"Sie wollen Spenden - efk","og_description":"Wir freuen uns \u00fcber Ihre Unterst\u00fctzung! \u00a0 Konto von Eltern f\u00fcr Kinder \u00d6sterreich: Kennwort: Sozialprojekte IBAN: AT88 4300 0401 7788 9900 BIC: VBOEATWW Volksbank Wien AG Sie wollen eine Best\u00e4tigung Ihrer Spenden? NEU: Ihre Spende ist nun auch gem\u00e4\u00df \u00a74a Z.3 und 4 EStG steuerlich absetzbar! Bitte fordern Sie Ihre Spendenbest\u00e4tigung am Ende des Jahres &hellip; Sie wollen Spenden weiterlesen","og_url":"https:\/\/www.efk.at\/de\/sie-wollen-spenden\/","og_site_name":"efk","article_modified_time":"2018-03-12T17:21:31+00:00","og_image":[{"url":"http:\/\/www.efk.at\/wp-content\/uploads\/2018\/03\/Fotolia_60284675_XS-300x300.jpg","type":"","width":"","height":""}],"twitter_card":"summary_large_image","twitter_misc":{"Gesch\u00e4tzte Lesezeit":"1\u00a0Minute"},"schema":{"@context":"https:\/\/schema.org","@graph":[{"@type":"WebPage","@id":"https:\/\/www.efk.at\/de\/sie-wollen-spenden\/","url":"https:\/\/www.efk.at\/de\/sie-wollen-spenden\/","name":"Sie wollen Spenden - efk","isPartOf":{"@id":"https:\/\/www.efk.at\/de\/#website"},"primaryImageOfPage":{"@id":"https:\/\/www.efk.at\/de\/sie-wollen-spenden\/#primaryimage"},"image":{"@id":"https:\/\/www.efk.at\/de\/sie-wollen-spenden\/#primaryimage"},"thumbnailUrl":"http:\/\/www.efk.at\/wp-content\/uploads\/2018\/03\/Fotolia_60284675_XS-300x300.jpg","datePublished":"2017-08-04T09:57:03+00:00","dateModified":"2018-03-12T17:21:31+00:00","breadcrumb":{"@id":"https:\/\/www.efk.at\/de\/sie-wollen-spenden\/#breadcrumb"},"inLanguage":"de","potentialAction":[{"@type":"ReadAction","target":["https:\/\/www.efk.at\/de\/sie-wollen-spenden\/"]}]},{"@type":"ImageObject","inLanguage":"de","@id":"https:\/\/www.efk.at\/de\/sie-wollen-spenden\/#primaryimage","url":"http:\/\/www.efk.at\/wp-content\/uploads\/2018\/03\/Fotolia_60284675_XS-300x300.jpg","contentUrl":"http:\/\/www.efk.at\/wp-content\/uploads\/2018\/03\/Fotolia_60284675_XS-300x300.jpg"},{"@type":"BreadcrumbList","@id":"https:\/\/www.efk.at\/de\/sie-wollen-spenden\/#breadcrumb","itemListElement":[{"@type":"ListItem","position":1,"name":"Startseite","item":"https:\/\/www.efk.at\/de\/"},{"@type":"ListItem","position":2,"name":"Sie wollen Spenden"}]},{"@type":"WebSite","@id":"https:\/\/www.efk.at\/de\/#website","url":"https:\/\/www.efk.at\/de\/","name":"efk","description":"Eltern f\u00fcr Kinder \u00d6sterreich","potentialAction":[{"@type":"SearchAction","target":{"@type":"EntryPoint","urlTemplate":"https:\/\/www.efk.at\/de\/?s={search_term_string}"},"query-input":{"@type":"PropertyValueSpecification","valueRequired":true,"valueName":"search_term_string"}}],"inLanguage":"de"}]}},"_links":{"self":[{"href":"https:\/\/www.efk.at\/de\/wp-json\/wp\/v2\/pages\/200","targetHints":{"allow":["GET"]}}],"collection":[{"href":"https:\/\/www.efk.at\/de\/wp-json\/wp\/v2\/pages"}],"about":[{"href":"https:\/\/www.efk.at\/de\/wp-json\/wp\/v2\/types\/page"}],"author":[{"embeddable":true,"href":"https:\/\/www.efk.at\/de\/wp-json\/wp\/v2\/users\/1"}],"replies":[{"embeddable":true,"href":"https:\/\/www.efk.at\/de\/wp-json\/wp\/v2\/comments?post=200"}],"version-history":[{"count":26,"href":"https:\/\/www.efk.at\/de\/wp-json\/wp\/v2\/pages\/200\/revisions"}],"predecessor-version":[{"id":1760,"href":"https:\/\/www.efk.at\/de\/wp-json\/wp\/v2\/pages\/200\/revisions\/1760"}],"wp:attachment":[{"href":"https:\/\/www.efk.at\/de\/wp-json\/wp\/v2\/media?parent=200"}],"curies":[{"name":"wp","href":"https:\/\/api.w.org\/{rel}","templated":true}]}}