{"id":194,"date":"2017-08-04T11:57:03","date_gmt":"2017-08-04T09:57:03","guid":{"rendered":"http:\/\/www.efk.at\/?page_id=194"},"modified":"2021-04-08T13:34:54","modified_gmt":"2021-04-08T11:34:54","slug":"reittherapie-fuer-pflegekinder","status":"publish","type":"page","link":"https:\/\/www.efk.at\/de\/reittherapie-fuer-pflegekinder\/","title":{"rendered":"Reittherapie f\u00fcr Pflegekinder"},"content":{"rendered":"<p><\/p>\n<p class=\"p2\"><span class=\"s1\">Mit der Aktion\u00a0<b>&#8222;Reittherapie f\u00fcr Pflegekinder&#8220;\u00a0<\/b>m\u00f6chten wir M\u00e4dchen und Buben, die in Pflegefamilien aufwachsen, eine wirksame Therapieform anbieten.<\/span><\/p>\n<p class=\"p2\"><span class=\"s1\">Mit einem speziell ausgebildeten Pferd und einer erfahrenen Therapeutin bearbeiten Pflegekinder ihre schwierige Vergangenheit, gewinnen wieder Vertrauen und Selbstbewusstsein.<\/span><\/p>\n<h3 class=\"p2\"><span class=\"s1\"><strong>Warum ist Reittherapie f\u00fcr Pflegekinder so wichtig?<\/strong><\/span><\/h3>\n<p>Eine konstant wachsende Eltern-Kind-Beziehung ist gerade f\u00fcr jene Kinder wichtig, die &#8211; aus unterschiedlichsten Gr\u00fcnden &#8211; nicht bei ihren biologischen Eltern aufwachsen k\u00f6nnen und von Pflegeeltern betreut werden.<\/p>\n<p><img loading=\"lazy\" decoding=\"async\" class=\"size-medium wp-image-1454 alignright\" src=\"http:\/\/www.efk.at\/wp-content\/uploads\/2018\/02\/Reittherapie-300x198.png\" alt=\"\" width=\"300\" height=\"198\" srcset=\"https:\/\/www.efk.at\/wp-content\/uploads\/2018\/02\/Reittherapie-300x198.png 300w, https:\/\/www.efk.at\/wp-content\/uploads\/2018\/02\/Reittherapie-768x506.png 768w, https:\/\/www.efk.at\/wp-content\/uploads\/2018\/02\/Reittherapie-648x427.png 648w, https:\/\/www.efk.at\/wp-content\/uploads\/2018\/02\/Reittherapie-291x192.png 291w, https:\/\/www.efk.at\/wp-content\/uploads\/2018\/02\/Reittherapie.png 917w\" sizes=\"auto, (max-width: 300px) 100vw, 300px\" \/><\/p>\n<p>Denn f\u00fcr diese Kinder ist es ein massiver Bruch und ein traumatisches Erlebnis,\u00a0von ihrer Ursprungsfamilie weggehen zu m\u00fcssen. Diese Kinder sprechen auf Reittherapie sehr gut an und sie hilft ihnen bei der Bew\u00e4ltigung ihrer meist traurigen Vergangenheit.<\/p>\n<p>Beim<b>\u00a0therapeutischen Reiten<\/b>\u00a0er\u00f6ffnet sich ein Zusammenspiel von Kommunikation und Bewegung zwischen dem Pferd und dem Kind. Das Pferd hilft Kindern bei den unterschiedlichsten Problemen, diese durch emotionale Kontaktaufnahme und gezielte \u00dcbungen positiv zu beeinflussen.<\/p>\n<p>Diese Interaktion wirkt hoch motivierend und Pflegekinder arbeiten gemeinsam mit Therapeuten ihre schwierige Vergangenheit auf und gewinnen wieder Vertrauen zu ihrem Umfeld. Denn ein Therapiepferd akzeptiert jeden so, wie er ist, egal welche Probleme oder Beeintr\u00e4chtigungen er hat.<b><br \/>\n<\/b><\/p>\n<p class=\"p4\" style=\"text-align: left;\"><span class=\"s1\">Bitte helfen Sie mit Ihrer Spende!<\/span><\/p>\n<blockquote>\n<p class=\"p4\" style=\"text-align: left;\"><strong><span class=\"s1\">&#8222;Eltern f\u00fcr Kinder \u00d6sterreich&#8220;<br \/>\n<\/span><span class=\"s1\">IBAN: AT88 4300 0401 7788 9900<br \/>\nBIC:\u00a0VBOEATWW<br \/>\n<\/span><span class=\"s1\">Volksbank Wien AG<br \/>\nKennwort: Reittherapie<\/span><span class=\"s1\">\u00a0<\/span><\/strong><\/p>\n<\/blockquote>\n<p><b>Weitere Informationen :<\/b><\/p>\n<p class=\"p5\"><span class=\"s2\"><a href=\"http:\/\/www.pferd-emotion.at\/\" target=\"_blank\" rel=\"noopener\">zur \u00a0Equotherapie<\/a><\/span><\/p>\n<p><\/p>","protected":false},"excerpt":{"rendered":"<p>Mit der Aktion\u00a0&#8222;Reittherapie f\u00fcr Pflegekinder&#8220;\u00a0m\u00f6chten wir M\u00e4dchen und Buben, die in Pflegefamilien aufwachsen, eine wirksame Therapieform anbieten. Mit einem speziell ausgebildeten Pferd und einer erfahrenen Therapeutin bearbeiten Pflegekinder ihre schwierige Vergangenheit, gewinnen wieder Vertrauen und Selbstbewusstsein. Warum ist Reittherapie f\u00fcr Pflegekinder so wichtig? Eine konstant wachsende Eltern-Kind-Beziehung ist gerade f\u00fcr jene Kinder wichtig, die &#8211; &hellip; <a href=\"https:\/\/www.efk.at\/de\/reittherapie-fuer-pflegekinder\/\" class=\"more-link\"><span class=\"screen-reader-text\">Reittherapie f\u00fcr Pflegekinder<\/span> weiterlesen<\/a><\/p>\n","protected":false},"author":1,"featured_media":0,"parent":0,"menu_order":0,"comment_status":"closed","ping_status":"closed","template":"","meta":{"xn-wppe-expiration":[],"xn-wppe-expiration-action":[],"xn-wppe-expiration-prefix":[],"footnotes":""},"class_list":["post-194","page","type-page","status-publish","hentry"],"yoast_head":"<!-- This site is optimized with the Yoast SEO plugin v26.1.1 - https:\/\/yoast.com\/wordpress\/plugins\/seo\/ -->\n<title>Reittherapie f\u00fcr Pflegekinder - efk<\/title>\n<meta name=\"robots\" content=\"index, follow, max-snippet:-1, max-image-preview:large, max-video-preview:-1\" \/>\n<link rel=\"canonical\" href=\"https:\/\/www.efk.at\/de\/reittherapie-fuer-pflegekinder\/\" \/>\n<meta property=\"og:locale\" content=\"de_DE\" \/>\n<meta property=\"og:type\" content=\"article\" \/>\n<meta property=\"og:title\" content=\"Reittherapie f\u00fcr Pflegekinder - efk\" \/>\n<meta property=\"og:description\" content=\"Mit der Aktion\u00a0&#8222;Reittherapie f\u00fcr Pflegekinder&#8220;\u00a0m\u00f6chten wir M\u00e4dchen und Buben, die in Pflegefamilien aufwachsen, eine wirksame Therapieform anbieten. Mit einem speziell ausgebildeten Pferd und einer erfahrenen Therapeutin bearbeiten Pflegekinder ihre schwierige Vergangenheit, gewinnen wieder Vertrauen und Selbstbewusstsein. Warum ist Reittherapie f\u00fcr Pflegekinder so wichtig? Eine konstant wachsende Eltern-Kind-Beziehung ist gerade f\u00fcr jene Kinder wichtig, die &#8211; &hellip; Reittherapie f\u00fcr Pflegekinder weiterlesen\" \/>\n<meta property=\"og:url\" content=\"https:\/\/www.efk.at\/de\/reittherapie-fuer-pflegekinder\/\" \/>\n<meta property=\"og:site_name\" content=\"efk\" \/>\n<meta property=\"article:modified_time\" content=\"2021-04-08T11:34:54+00:00\" \/>\n<meta property=\"og:image\" content=\"http:\/\/www.efk.at\/wp-content\/uploads\/2018\/02\/Reittherapie-300x198.png\" \/>\n<meta name=\"twitter:card\" content=\"summary_large_image\" \/>\n<meta name=\"twitter:label1\" content=\"Gesch\u00e4tzte Lesezeit\" \/>\n\t<meta name=\"twitter:data1\" content=\"2\u00a0Minuten\" \/>\n<script type=\"application\/ld+json\" class=\"yoast-schema-graph\">{\"@context\":\"https:\/\/schema.org\",\"@graph\":[{\"@type\":\"WebPage\",\"@id\":\"https:\/\/www.efk.at\/de\/reittherapie-fuer-pflegekinder\/\",\"url\":\"https:\/\/www.efk.at\/de\/reittherapie-fuer-pflegekinder\/\",\"name\":\"Reittherapie f\u00fcr Pflegekinder - efk\",\"isPartOf\":{\"@id\":\"https:\/\/www.efk.at\/de\/#website\"},\"primaryImageOfPage\":{\"@id\":\"https:\/\/www.efk.at\/de\/reittherapie-fuer-pflegekinder\/#primaryimage\"},\"image\":{\"@id\":\"https:\/\/www.efk.at\/de\/reittherapie-fuer-pflegekinder\/#primaryimage\"},\"thumbnailUrl\":\"http:\/\/www.efk.at\/wp-content\/uploads\/2018\/02\/Reittherapie-300x198.png\",\"datePublished\":\"2017-08-04T09:57:03+00:00\",\"dateModified\":\"2021-04-08T11:34:54+00:00\",\"breadcrumb\":{\"@id\":\"https:\/\/www.efk.at\/de\/reittherapie-fuer-pflegekinder\/#breadcrumb\"},\"inLanguage\":\"de\",\"potentialAction\":[{\"@type\":\"ReadAction\",\"target\":[\"https:\/\/www.efk.at\/de\/reittherapie-fuer-pflegekinder\/\"]}]},{\"@type\":\"ImageObject\",\"inLanguage\":\"de\",\"@id\":\"https:\/\/www.efk.at\/de\/reittherapie-fuer-pflegekinder\/#primaryimage\",\"url\":\"http:\/\/www.efk.at\/wp-content\/uploads\/2018\/02\/Reittherapie-300x198.png\",\"contentUrl\":\"http:\/\/www.efk.at\/wp-content\/uploads\/2018\/02\/Reittherapie-300x198.png\"},{\"@type\":\"BreadcrumbList\",\"@id\":\"https:\/\/www.efk.at\/de\/reittherapie-fuer-pflegekinder\/#breadcrumb\",\"itemListElement\":[{\"@type\":\"ListItem\",\"position\":1,\"name\":\"Startseite\",\"item\":\"https:\/\/www.efk.at\/de\/\"},{\"@type\":\"ListItem\",\"position\":2,\"name\":\"Reittherapie f\u00fcr Pflegekinder\"}]},{\"@type\":\"WebSite\",\"@id\":\"https:\/\/www.efk.at\/de\/#website\",\"url\":\"https:\/\/www.efk.at\/de\/\",\"name\":\"efk\",\"description\":\"Eltern f\u00fcr Kinder \u00d6sterreich\",\"potentialAction\":[{\"@type\":\"SearchAction\",\"target\":{\"@type\":\"EntryPoint\",\"urlTemplate\":\"https:\/\/www.efk.at\/de\/?s={search_term_string}\"},\"query-input\":{\"@type\":\"PropertyValueSpecification\",\"valueRequired\":true,\"valueName\":\"search_term_string\"}}],\"inLanguage\":\"de\"}]}<\/script>\n<!-- \/ Yoast SEO plugin. -->","yoast_head_json":{"title":"Reittherapie f\u00fcr Pflegekinder - efk","robots":{"index":"index","follow":"follow","max-snippet":"max-snippet:-1","max-image-preview":"max-image-preview:large","max-video-preview":"max-video-preview:-1"},"canonical":"https:\/\/www.efk.at\/de\/reittherapie-fuer-pflegekinder\/","og_locale":"de_DE","og_type":"article","og_title":"Reittherapie f\u00fcr Pflegekinder - efk","og_description":"Mit der Aktion\u00a0&#8222;Reittherapie f\u00fcr Pflegekinder&#8220;\u00a0m\u00f6chten wir M\u00e4dchen und Buben, die in Pflegefamilien aufwachsen, eine wirksame Therapieform anbieten. Mit einem speziell ausgebildeten Pferd und einer erfahrenen Therapeutin bearbeiten Pflegekinder ihre schwierige Vergangenheit, gewinnen wieder Vertrauen und Selbstbewusstsein. Warum ist Reittherapie f\u00fcr Pflegekinder so wichtig? Eine konstant wachsende Eltern-Kind-Beziehung ist gerade f\u00fcr jene Kinder wichtig, die &#8211; &hellip; Reittherapie f\u00fcr Pflegekinder weiterlesen","og_url":"https:\/\/www.efk.at\/de\/reittherapie-fuer-pflegekinder\/","og_site_name":"efk","article_modified_time":"2021-04-08T11:34:54+00:00","og_image":[{"url":"http:\/\/www.efk.at\/wp-content\/uploads\/2018\/02\/Reittherapie-300x198.png","type":"","width":"","height":""}],"twitter_card":"summary_large_image","twitter_misc":{"Gesch\u00e4tzte Lesezeit":"2\u00a0Minuten"},"schema":{"@context":"https:\/\/schema.org","@graph":[{"@type":"WebPage","@id":"https:\/\/www.efk.at\/de\/reittherapie-fuer-pflegekinder\/","url":"https:\/\/www.efk.at\/de\/reittherapie-fuer-pflegekinder\/","name":"Reittherapie f\u00fcr Pflegekinder - efk","isPartOf":{"@id":"https:\/\/www.efk.at\/de\/#website"},"primaryImageOfPage":{"@id":"https:\/\/www.efk.at\/de\/reittherapie-fuer-pflegekinder\/#primaryimage"},"image":{"@id":"https:\/\/www.efk.at\/de\/reittherapie-fuer-pflegekinder\/#primaryimage"},"thumbnailUrl":"http:\/\/www.efk.at\/wp-content\/uploads\/2018\/02\/Reittherapie-300x198.png","datePublished":"2017-08-04T09:57:03+00:00","dateModified":"2021-04-08T11:34:54+00:00","breadcrumb":{"@id":"https:\/\/www.efk.at\/de\/reittherapie-fuer-pflegekinder\/#breadcrumb"},"inLanguage":"de","potentialAction":[{"@type":"ReadAction","target":["https:\/\/www.efk.at\/de\/reittherapie-fuer-pflegekinder\/"]}]},{"@type":"ImageObject","inLanguage":"de","@id":"https:\/\/www.efk.at\/de\/reittherapie-fuer-pflegekinder\/#primaryimage","url":"http:\/\/www.efk.at\/wp-content\/uploads\/2018\/02\/Reittherapie-300x198.png","contentUrl":"http:\/\/www.efk.at\/wp-content\/uploads\/2018\/02\/Reittherapie-300x198.png"},{"@type":"BreadcrumbList","@id":"https:\/\/www.efk.at\/de\/reittherapie-fuer-pflegekinder\/#breadcrumb","itemListElement":[{"@type":"ListItem","position":1,"name":"Startseite","item":"https:\/\/www.efk.at\/de\/"},{"@type":"ListItem","position":2,"name":"Reittherapie f\u00fcr Pflegekinder"}]},{"@type":"WebSite","@id":"https:\/\/www.efk.at\/de\/#website","url":"https:\/\/www.efk.at\/de\/","name":"efk","description":"Eltern f\u00fcr Kinder \u00d6sterreich","potentialAction":[{"@type":"SearchAction","target":{"@type":"EntryPoint","urlTemplate":"https:\/\/www.efk.at\/de\/?s={search_term_string}"},"query-input":{"@type":"PropertyValueSpecification","valueRequired":true,"valueName":"search_term_string"}}],"inLanguage":"de"}]}},"_links":{"self":[{"href":"https:\/\/www.efk.at\/de\/wp-json\/wp\/v2\/pages\/194","targetHints":{"allow":["GET"]}}],"collection":[{"href":"https:\/\/www.efk.at\/de\/wp-json\/wp\/v2\/pages"}],"about":[{"href":"https:\/\/www.efk.at\/de\/wp-json\/wp\/v2\/types\/page"}],"author":[{"embeddable":true,"href":"https:\/\/www.efk.at\/de\/wp-json\/wp\/v2\/users\/1"}],"replies":[{"embeddable":true,"href":"https:\/\/www.efk.at\/de\/wp-json\/wp\/v2\/comments?post=194"}],"version-history":[{"count":14,"href":"https:\/\/www.efk.at\/de\/wp-json\/wp\/v2\/pages\/194\/revisions"}],"predecessor-version":[{"id":3805,"href":"https:\/\/www.efk.at\/de\/wp-json\/wp\/v2\/pages\/194\/revisions\/3805"}],"wp:attachment":[{"href":"https:\/\/www.efk.at\/de\/wp-json\/wp\/v2\/media?parent=194"}],"curies":[{"name":"wp","href":"https:\/\/api.w.org\/{rel}","templated":true}]}}