{"id":16,"date":"2017-07-21T13:35:19","date_gmt":"2017-07-21T11:35:19","guid":{"rendered":"http:\/\/www.efk.at\/?page_id=16"},"modified":"2022-07-26T15:13:18","modified_gmt":"2022-07-26T13:13:18","slug":"familienberatung","status":"publish","type":"page","link":"https:\/\/www.efk.at\/de\/familienberatung\/","title":{"rendered":"Familienberatung"},"content":{"rendered":"<p><\/p>\n<h2>Die Familienberatungsstelle des<br \/>\nVereins &#8222;Eltern f\u00fcr Kinder \u00d6sterreich&#8220;<\/h2>\n<p class=\"p1\"><span class=\"s1\"><a href=\"https:\/\/www.familienberatung.gv.at\/beratungsstellen\/information\/einrichtung\/1160-wien-efkoe-eltern-fuer-kinder-oesterreich\/\">BARRIEREFREIER ZUGANG<\/a><\/span><\/p>\n<p>Eltern\u00a0f\u00fcr\u00a0Kinder \u00d6sterreich\u00a0f\u00fchrt eine Familienberatungsstelle<br \/>\nmit den<img loading=\"lazy\" decoding=\"async\" class=\"size-medium wp-image-1443 alignright\" src=\"http:\/\/www.efk.at\/wp-content\/uploads\/2018\/02\/Beratung-300x204.png\" alt=\"\" width=\"300\" height=\"204\" srcset=\"https:\/\/www.efk.at\/wp-content\/uploads\/2018\/02\/Beratung-300x204.png 300w, https:\/\/www.efk.at\/wp-content\/uploads\/2018\/02\/Beratung-768x523.png 768w, https:\/\/www.efk.at\/wp-content\/uploads\/2018\/02\/Beratung-648x442.png 648w, https:\/\/www.efk.at\/wp-content\/uploads\/2018\/02\/Beratung-282x192.png 282w, https:\/\/www.efk.at\/wp-content\/uploads\/2018\/02\/Beratung.png 898w\" sizes=\"auto, (max-width: 300px) 100vw, 300px\" \/> Schwerpunkten<\/p>\n<ul>\n<li>Familienplanung und Schwangerenberatung\u00a0und<\/li>\n<li>Vereinbarkeit von Familie und Beruf,<\/li>\n<\/ul>\n<p>die vom \u00f6sterreichischen Bundeskanzleramt (Bundesministerium f\u00fcr Frauen, Familien und Jugend) gef\u00f6rdert wird.<\/p>\n<h2>\u2028Allgemeine Informationen<\/h2>\n<p>Die Familienberatung des Vereins Eltern\u00a0f\u00fcr\u00a0Kinder \u00d6sterreich ist ein<strong>\u00a0kostenfreies Angebot<\/strong>\u00a0(mit Terminvergabe), das auch anonym in Anspruch genommen werden kann.\u00a0\u2028\u2028Am Beginn jeder Beratung steht ein ausf\u00fchrliches\u00a0<strong>Anamnesegespr\u00e4ch<\/strong>\u00a0mit einer unserer Berater*innen. Dabei wird gemeinsam mit Ihnen das Problem n\u00e4her betrachtet und ein m\u00f6gliches Ziel \u2013\u00a0<strong>die Probleml\u00f6sung<\/strong>\u00a0\u2013 definiert.<br \/>\nWenn Sie sich nach dem ersten Gespr\u00e4ch f\u00fcr einen weiterf\u00fchrenden Beratungsprozess entscheiden, k\u00f6nnen Sie in der Regel bis zu 10 Beratungstermine in Anspruch nehmen.<\/p>\n<p><a href=\"http:\/\/www.efk.at\/kontakt\/\">Wir freuen uns \u00fcber Ihre Kontaktaufnahme!<\/a><\/p>\n<p><img loading=\"lazy\" decoding=\"async\" class=\"size-medium wp-image-3754 alignleft\" src=\"http:\/\/www.efk.at\/wp-content\/uploads\/2021\/03\/BKA_Logo_srgb-300x53.png\" alt=\"\" width=\"300\" height=\"53\" srcset=\"https:\/\/www.efk.at\/wp-content\/uploads\/2021\/03\/BKA_Logo_srgb-300x53.png 300w, https:\/\/www.efk.at\/wp-content\/uploads\/2021\/03\/BKA_Logo_srgb-768x136.png 768w, https:\/\/www.efk.at\/wp-content\/uploads\/2021\/03\/BKA_Logo_srgb-1024x181.png 1024w, https:\/\/www.efk.at\/wp-content\/uploads\/2021\/03\/BKA_Logo_srgb-648x115.png 648w, https:\/\/www.efk.at\/wp-content\/uploads\/2021\/03\/BKA_Logo_srgb-583x103.png 583w, https:\/\/www.efk.at\/wp-content\/uploads\/2021\/03\/BKA_Logo_srgb.png 1202w\" sizes=\"auto, (max-width: 300px) 100vw, 300px\" \/><\/p>\n<p>&nbsp;<\/p>\n<p>&nbsp;<\/p>\n<p><img loading=\"lazy\" decoding=\"async\" class=\" wp-image-4426 alignleft\" src=\"http:\/\/www.efk.at\/wp-content\/uploads\/2022\/07\/Familienberatung-300x120.jpg\" alt=\"\" width=\"243\" height=\"97\" srcset=\"https:\/\/www.efk.at\/wp-content\/uploads\/2022\/07\/Familienberatung-300x120.jpg 300w, https:\/\/www.efk.at\/wp-content\/uploads\/2022\/07\/Familienberatung-1024x410.jpg 1024w, https:\/\/www.efk.at\/wp-content\/uploads\/2022\/07\/Familienberatung-768x307.jpg 768w, https:\/\/www.efk.at\/wp-content\/uploads\/2022\/07\/Familienberatung-1536x614.jpg 1536w, https:\/\/www.efk.at\/wp-content\/uploads\/2022\/07\/Familienberatung-648x259.jpg 648w, https:\/\/www.efk.at\/wp-content\/uploads\/2022\/07\/Familienberatung-480x192.jpg 480w, https:\/\/www.efk.at\/wp-content\/uploads\/2022\/07\/Familienberatung.jpg 1600w\" sizes=\"auto, (max-width: 243px) 100vw, 243px\" \/><\/p>\n<p>&nbsp;<\/p>\n<p><a href=\"http:\/\/www.familienberatung.gv.at\/\" target=\"_blank\" rel=\"noopener\">www.familienberatung.gv.at<\/a>\u00a0| <a title=\"https:\/\/www.familienberatung.gv.at\/beratungsstellen#\/counseling-center\/bd32edf2-e674-496d-ae27-0fd267b88ae0 Klicken Sie auf den Link, um die URL in einem neuen Fenster zu \u00f6ffnen.\" href=\"https:\/\/www.familienberatung.gv.at\/beratungsstellen#\/counseling-center\/bd32edf2-e674-496d-ae27-0fd267b88ae0\" target=\"_blank\" rel=\"noopener noreferrer external\">Eltern f\u00fcr Kinder \u00d6sterreich &#8211; Familienberatung<\/a><\/p>\n<p>&nbsp;<\/p>\n<p style=\"text-align: center;\"><img loading=\"lazy\" decoding=\"async\" class=\"size-full wp-image-390 alignleft\" src=\"http:\/\/www.efk.at\/wp-content\/uploads\/2017\/09\/logo-kinderrechte-www.png\" alt=\"\" width=\"205\" height=\"67\" \/>\u2028\ufffc\u00a0\u00a0 \u00a0 \u00a0 \u00a0 \u00a0\u00a0\ufffc<\/p>\n<p style=\"text-align: left;\"><a href=\"http:\/\/www.kinderrechte.gv.at\">www.kinderrechte.gv.at<\/a><\/p>\n<p><\/p>","protected":false},"excerpt":{"rendered":"<p>Die Familienberatungsstelle des Vereins &#8222;Eltern f\u00fcr Kinder \u00d6sterreich&#8220; BARRIEREFREIER ZUGANG Eltern\u00a0f\u00fcr\u00a0Kinder \u00d6sterreich\u00a0f\u00fchrt eine Familienberatungsstelle mit den Schwerpunkten Familienplanung und Schwangerenberatung\u00a0und Vereinbarkeit von Familie und Beruf, die vom \u00f6sterreichischen Bundeskanzleramt (Bundesministerium f\u00fcr Frauen, Familien und Jugend) gef\u00f6rdert wird. \u2028Allgemeine Informationen Die Familienberatung des Vereins Eltern\u00a0f\u00fcr\u00a0Kinder \u00d6sterreich ist ein\u00a0kostenfreies Angebot\u00a0(mit Terminvergabe), das auch anonym in Anspruch genommen &hellip; <a href=\"https:\/\/www.efk.at\/de\/familienberatung\/\" class=\"more-link\"><span class=\"screen-reader-text\">Familienberatung<\/span> weiterlesen<\/a><\/p>\n","protected":false},"author":1,"featured_media":0,"parent":0,"menu_order":0,"comment_status":"closed","ping_status":"closed","template":"","meta":{"xn-wppe-expiration":[],"xn-wppe-expiration-action":[],"xn-wppe-expiration-prefix":[],"footnotes":""},"class_list":["post-16","page","type-page","status-publish","hentry"],"yoast_head":"<!-- This site is optimized with the Yoast SEO plugin v26.1.1 - https:\/\/yoast.com\/wordpress\/plugins\/seo\/ -->\n<title>Familienberatung - efk<\/title>\n<meta name=\"robots\" content=\"index, follow, max-snippet:-1, max-image-preview:large, max-video-preview:-1\" \/>\n<link rel=\"canonical\" href=\"https:\/\/www.efk.at\/de\/familienberatung\/\" \/>\n<meta property=\"og:locale\" content=\"de_DE\" \/>\n<meta property=\"og:type\" content=\"article\" \/>\n<meta property=\"og:title\" content=\"Familienberatung - efk\" \/>\n<meta property=\"og:description\" content=\"Die Familienberatungsstelle des Vereins &#8222;Eltern f\u00fcr Kinder \u00d6sterreich&#8220; BARRIEREFREIER ZUGANG Eltern\u00a0f\u00fcr\u00a0Kinder \u00d6sterreich\u00a0f\u00fchrt eine Familienberatungsstelle mit den Schwerpunkten Familienplanung und Schwangerenberatung\u00a0und Vereinbarkeit von Familie und Beruf, die vom \u00f6sterreichischen Bundeskanzleramt (Bundesministerium f\u00fcr Frauen, Familien und Jugend) gef\u00f6rdert wird. \u2028Allgemeine Informationen Die Familienberatung des Vereins Eltern\u00a0f\u00fcr\u00a0Kinder \u00d6sterreich ist ein\u00a0kostenfreies Angebot\u00a0(mit Terminvergabe), das auch anonym in Anspruch genommen &hellip; Familienberatung weiterlesen\" \/>\n<meta property=\"og:url\" content=\"https:\/\/www.efk.at\/de\/familienberatung\/\" \/>\n<meta property=\"og:site_name\" content=\"efk\" \/>\n<meta property=\"article:modified_time\" content=\"2022-07-26T13:13:18+00:00\" \/>\n<meta property=\"og:image\" content=\"http:\/\/www.efk.at\/wp-content\/uploads\/2018\/02\/Beratung-300x204.png\" \/>\n<meta name=\"twitter:card\" content=\"summary_large_image\" \/>\n<meta name=\"twitter:label1\" content=\"Gesch\u00e4tzte Lesezeit\" \/>\n\t<meta name=\"twitter:data1\" content=\"2\u00a0Minuten\" \/>\n<script type=\"application\/ld+json\" class=\"yoast-schema-graph\">{\"@context\":\"https:\/\/schema.org\",\"@graph\":[{\"@type\":\"WebPage\",\"@id\":\"https:\/\/www.efk.at\/de\/familienberatung\/\",\"url\":\"https:\/\/www.efk.at\/de\/familienberatung\/\",\"name\":\"Familienberatung - efk\",\"isPartOf\":{\"@id\":\"https:\/\/www.efk.at\/de\/#website\"},\"primaryImageOfPage\":{\"@id\":\"https:\/\/www.efk.at\/de\/familienberatung\/#primaryimage\"},\"image\":{\"@id\":\"https:\/\/www.efk.at\/de\/familienberatung\/#primaryimage\"},\"thumbnailUrl\":\"http:\/\/www.efk.at\/wp-content\/uploads\/2018\/02\/Beratung-300x204.png\",\"datePublished\":\"2017-07-21T11:35:19+00:00\",\"dateModified\":\"2022-07-26T13:13:18+00:00\",\"breadcrumb\":{\"@id\":\"https:\/\/www.efk.at\/de\/familienberatung\/#breadcrumb\"},\"inLanguage\":\"de\",\"potentialAction\":[{\"@type\":\"ReadAction\",\"target\":[\"https:\/\/www.efk.at\/de\/familienberatung\/\"]}]},{\"@type\":\"ImageObject\",\"inLanguage\":\"de\",\"@id\":\"https:\/\/www.efk.at\/de\/familienberatung\/#primaryimage\",\"url\":\"http:\/\/www.efk.at\/wp-content\/uploads\/2018\/02\/Beratung-300x204.png\",\"contentUrl\":\"http:\/\/www.efk.at\/wp-content\/uploads\/2018\/02\/Beratung-300x204.png\"},{\"@type\":\"BreadcrumbList\",\"@id\":\"https:\/\/www.efk.at\/de\/familienberatung\/#breadcrumb\",\"itemListElement\":[{\"@type\":\"ListItem\",\"position\":1,\"name\":\"Startseite\",\"item\":\"https:\/\/www.efk.at\/de\/\"},{\"@type\":\"ListItem\",\"position\":2,\"name\":\"Familienberatung\"}]},{\"@type\":\"WebSite\",\"@id\":\"https:\/\/www.efk.at\/de\/#website\",\"url\":\"https:\/\/www.efk.at\/de\/\",\"name\":\"efk\",\"description\":\"Eltern f\u00fcr Kinder \u00d6sterreich\",\"potentialAction\":[{\"@type\":\"SearchAction\",\"target\":{\"@type\":\"EntryPoint\",\"urlTemplate\":\"https:\/\/www.efk.at\/de\/?s={search_term_string}\"},\"query-input\":{\"@type\":\"PropertyValueSpecification\",\"valueRequired\":true,\"valueName\":\"search_term_string\"}}],\"inLanguage\":\"de\"}]}<\/script>\n<!-- \/ Yoast SEO plugin. -->","yoast_head_json":{"title":"Familienberatung - efk","robots":{"index":"index","follow":"follow","max-snippet":"max-snippet:-1","max-image-preview":"max-image-preview:large","max-video-preview":"max-video-preview:-1"},"canonical":"https:\/\/www.efk.at\/de\/familienberatung\/","og_locale":"de_DE","og_type":"article","og_title":"Familienberatung - efk","og_description":"Die Familienberatungsstelle des Vereins &#8222;Eltern f\u00fcr Kinder \u00d6sterreich&#8220; BARRIEREFREIER ZUGANG Eltern\u00a0f\u00fcr\u00a0Kinder \u00d6sterreich\u00a0f\u00fchrt eine Familienberatungsstelle mit den Schwerpunkten Familienplanung und Schwangerenberatung\u00a0und Vereinbarkeit von Familie und Beruf, die vom \u00f6sterreichischen Bundeskanzleramt (Bundesministerium f\u00fcr Frauen, Familien und Jugend) gef\u00f6rdert wird. \u2028Allgemeine Informationen Die Familienberatung des Vereins Eltern\u00a0f\u00fcr\u00a0Kinder \u00d6sterreich ist ein\u00a0kostenfreies Angebot\u00a0(mit Terminvergabe), das auch anonym in Anspruch genommen &hellip; Familienberatung weiterlesen","og_url":"https:\/\/www.efk.at\/de\/familienberatung\/","og_site_name":"efk","article_modified_time":"2022-07-26T13:13:18+00:00","og_image":[{"url":"http:\/\/www.efk.at\/wp-content\/uploads\/2018\/02\/Beratung-300x204.png","type":"","width":"","height":""}],"twitter_card":"summary_large_image","twitter_misc":{"Gesch\u00e4tzte Lesezeit":"2\u00a0Minuten"},"schema":{"@context":"https:\/\/schema.org","@graph":[{"@type":"WebPage","@id":"https:\/\/www.efk.at\/de\/familienberatung\/","url":"https:\/\/www.efk.at\/de\/familienberatung\/","name":"Familienberatung - efk","isPartOf":{"@id":"https:\/\/www.efk.at\/de\/#website"},"primaryImageOfPage":{"@id":"https:\/\/www.efk.at\/de\/familienberatung\/#primaryimage"},"image":{"@id":"https:\/\/www.efk.at\/de\/familienberatung\/#primaryimage"},"thumbnailUrl":"http:\/\/www.efk.at\/wp-content\/uploads\/2018\/02\/Beratung-300x204.png","datePublished":"2017-07-21T11:35:19+00:00","dateModified":"2022-07-26T13:13:18+00:00","breadcrumb":{"@id":"https:\/\/www.efk.at\/de\/familienberatung\/#breadcrumb"},"inLanguage":"de","potentialAction":[{"@type":"ReadAction","target":["https:\/\/www.efk.at\/de\/familienberatung\/"]}]},{"@type":"ImageObject","inLanguage":"de","@id":"https:\/\/www.efk.at\/de\/familienberatung\/#primaryimage","url":"http:\/\/www.efk.at\/wp-content\/uploads\/2018\/02\/Beratung-300x204.png","contentUrl":"http:\/\/www.efk.at\/wp-content\/uploads\/2018\/02\/Beratung-300x204.png"},{"@type":"BreadcrumbList","@id":"https:\/\/www.efk.at\/de\/familienberatung\/#breadcrumb","itemListElement":[{"@type":"ListItem","position":1,"name":"Startseite","item":"https:\/\/www.efk.at\/de\/"},{"@type":"ListItem","position":2,"name":"Familienberatung"}]},{"@type":"WebSite","@id":"https:\/\/www.efk.at\/de\/#website","url":"https:\/\/www.efk.at\/de\/","name":"efk","description":"Eltern f\u00fcr Kinder \u00d6sterreich","potentialAction":[{"@type":"SearchAction","target":{"@type":"EntryPoint","urlTemplate":"https:\/\/www.efk.at\/de\/?s={search_term_string}"},"query-input":{"@type":"PropertyValueSpecification","valueRequired":true,"valueName":"search_term_string"}}],"inLanguage":"de"}]}},"_links":{"self":[{"href":"https:\/\/www.efk.at\/de\/wp-json\/wp\/v2\/pages\/16","targetHints":{"allow":["GET"]}}],"collection":[{"href":"https:\/\/www.efk.at\/de\/wp-json\/wp\/v2\/pages"}],"about":[{"href":"https:\/\/www.efk.at\/de\/wp-json\/wp\/v2\/types\/page"}],"author":[{"embeddable":true,"href":"https:\/\/www.efk.at\/de\/wp-json\/wp\/v2\/users\/1"}],"replies":[{"embeddable":true,"href":"https:\/\/www.efk.at\/de\/wp-json\/wp\/v2\/comments?post=16"}],"version-history":[{"count":30,"href":"https:\/\/www.efk.at\/de\/wp-json\/wp\/v2\/pages\/16\/revisions"}],"predecessor-version":[{"id":4430,"href":"https:\/\/www.efk.at\/de\/wp-json\/wp\/v2\/pages\/16\/revisions\/4430"}],"wp:attachment":[{"href":"https:\/\/www.efk.at\/de\/wp-json\/wp\/v2\/media?parent=16"}],"curies":[{"name":"wp","href":"https:\/\/api.w.org\/{rel}","templated":true}]}}