{"id":12,"date":"2017-07-21T13:35:19","date_gmt":"2017-07-21T11:35:19","guid":{"rendered":"http:\/\/www.efk.at\/?page_id=12"},"modified":"2021-04-15T09:36:22","modified_gmt":"2021-04-15T07:36:22","slug":"tageseltern","status":"publish","type":"page","link":"https:\/\/www.efk.at\/de\/tageseltern\/","title":{"rendered":"Tageseltern"},"content":{"rendered":"<p><\/p>\n<h1>Tageseltern<\/h1>\n<p><strong><img loading=\"lazy\" decoding=\"async\" class=\"size-medium wp-image-1484 alignleft\" src=\"http:\/\/www.efk.at\/wp-content\/uploads\/2018\/02\/Tageseltern-300x199.png\" alt=\"\" width=\"300\" height=\"199\" srcset=\"https:\/\/www.efk.at\/wp-content\/uploads\/2018\/02\/Tageseltern-300x199.png 300w, https:\/\/www.efk.at\/wp-content\/uploads\/2018\/02\/Tageseltern-768x509.png 768w, https:\/\/www.efk.at\/wp-content\/uploads\/2018\/02\/Tageseltern-648x430.png 648w, https:\/\/www.efk.at\/wp-content\/uploads\/2018\/02\/Tageseltern-290x192.png 290w, https:\/\/www.efk.at\/wp-content\/uploads\/2018\/02\/Tageseltern.png 914w\" sizes=\"auto, (max-width: 300px) 100vw, 300px\" \/>Eltern f\u00fcr Kinder \u00d6sterreich<\/strong>\u00a0ist der am l\u00e4ngsten aktive Anstellungstr\u00e4ger f\u00fcr Tageseltern in Wien mit viel Erfahrung und Bewusstsein f\u00fcr eine liebevolle und entwicklungsf\u00f6rdernde Betreuung der Tageskinder.<\/p>\n<p>Gerade in der heutigen Zeit sind die Werte, die Kinder in fr\u00fchen Lebensjahren mitbekommen, sp\u00e4ter einmal sehr pr\u00e4gsam, darum setzen wir auf individuelle F\u00f6rderung unserer Tageskinder, sowie auf eine bestm\u00f6gliche Aus- und Weiterbildung f\u00fcr unserer Tagesm\u00fctter und -v\u00e4ter.<\/p>\n<p>Im Verein steht ein Team von Diplomsozialarbeiterinnen, P\u00e4dagoginnen und Administrationskr\u00e4ften f\u00fcr die Vermittlung der\u00a0<a href=\"https:\/\/www.tageselternzentrum.at\/freie-plaetze-tageseltern\/\">Tagesbetreuungspl\u00e4tze<\/a>\u00a0zur Verf\u00fcgung.<\/p>\n<p>Umfassende Information erm\u00f6glicht es Kindeseltern, die richtige Wahl zu treffen. Berufsbegleitende Beratung hilft unseren angestellten Tageseltern bzw. Tagesv\u00e4tern in ihrem beruflichen Alltag.<\/p>\n<h3><strong>Unsere Tageseltern . . .<\/strong><\/h3>\n<ul>\n<li>betreuen Kinder bei sich zuhause. Sie d\u00fcrfen bis zu 5 Kinder gleichzeitig bei sich haben. Diese \u00fcberschaubare, famili\u00e4re Gruppe macht es ihnen m\u00f6glich, auf die individuellen Bed\u00fcrfnisse der Kinder besonders einzugehen.<\/li>\n<li><img loading=\"lazy\" decoding=\"async\" class=\"size-medium wp-image-1485 alignright\" src=\"http:\/\/www.efk.at\/wp-content\/uploads\/2018\/02\/Tageseltern2-300x201.png\" alt=\"\" width=\"300\" height=\"201\" srcset=\"https:\/\/www.efk.at\/wp-content\/uploads\/2018\/02\/Tageseltern2-300x201.png 300w, https:\/\/www.efk.at\/wp-content\/uploads\/2018\/02\/Tageseltern2-768x514.png 768w, https:\/\/www.efk.at\/wp-content\/uploads\/2018\/02\/Tageseltern2-648x434.png 648w, https:\/\/www.efk.at\/wp-content\/uploads\/2018\/02\/Tageseltern2-287x192.png 287w, https:\/\/www.efk.at\/wp-content\/uploads\/2018\/02\/Tageseltern2.png 913w\" sizes=\"auto, (max-width: 300px) 100vw, 300px\" \/>k\u00fcmmern sich schon um Babys. Gerne begleiten sie die Kinder auch durch die Kindergarten- und Schulzeit. Gemeinsames Essen, Spielen und Lernen gibt den ihnen anvertrauten Kindern famili\u00e4re Geborgenheit, w\u00e4hrend die Eltern unbesorgt ihren beruflichen Verpflichtungen nachkommen k\u00f6nnen.<\/li>\n<li>haben eine Tagesbetreuungsbewilligung des Amtes f\u00fcr Jugend und Familie und eine fachspezifische Ausbildung. Sie nehmen an regelm\u00e4\u00dfig stattfindenden Fortbildungen teil und haben die M\u00f6glichkeit einer Supervision.<\/li>\n<li>werden von unserem Team unterst\u00fctzt und begleitet. Selbstverst\u00e4ndlich sind dazu auch regelm\u00e4\u00dfige Hausbesuche vorgesehen.<\/li>\n<\/ul>\n<p align=\"center\"><em><strong>Eltern f\u00fcr Kinder<\/strong><\/em>\u00a0ist Mitglied der<br \/>\n<img loading=\"lazy\" decoding=\"async\" class=\"aligncenter wp-image-1482 size-full\" src=\"http:\/\/www.efk.at\/wp-content\/uploads\/2018\/02\/Minilogo.gif\" alt=\"\" width=\"157\" height=\"110\" \/><\/p>\n<p><\/p>","protected":false},"excerpt":{"rendered":"<p>Tageseltern Eltern f\u00fcr Kinder \u00d6sterreich\u00a0ist der am l\u00e4ngsten aktive Anstellungstr\u00e4ger f\u00fcr Tageseltern in Wien mit viel Erfahrung und Bewusstsein f\u00fcr eine liebevolle und entwicklungsf\u00f6rdernde Betreuung der Tageskinder. Gerade in der heutigen Zeit sind die Werte, die Kinder in fr\u00fchen Lebensjahren mitbekommen, sp\u00e4ter einmal sehr pr\u00e4gsam, darum setzen wir auf individuelle F\u00f6rderung unserer Tageskinder, sowie auf &hellip; <a href=\"https:\/\/www.efk.at\/de\/tageseltern\/\" class=\"more-link\"><span class=\"screen-reader-text\">Tageseltern<\/span> weiterlesen<\/a><\/p>\n","protected":false},"author":1,"featured_media":0,"parent":0,"menu_order":0,"comment_status":"closed","ping_status":"closed","template":"","meta":{"xn-wppe-expiration":[],"xn-wppe-expiration-action":[],"xn-wppe-expiration-prefix":[],"footnotes":""},"class_list":["post-12","page","type-page","status-publish","hentry"],"yoast_head":"<!-- This site is optimized with the Yoast SEO plugin v26.1.1 - https:\/\/yoast.com\/wordpress\/plugins\/seo\/ -->\n<title>Tageseltern - efk<\/title>\n<meta name=\"robots\" content=\"index, follow, max-snippet:-1, max-image-preview:large, max-video-preview:-1\" \/>\n<link rel=\"canonical\" href=\"https:\/\/www.efk.at\/de\/tageseltern\/\" \/>\n<meta property=\"og:locale\" content=\"de_DE\" \/>\n<meta property=\"og:type\" content=\"article\" \/>\n<meta property=\"og:title\" content=\"Tageseltern - efk\" \/>\n<meta property=\"og:description\" content=\"Tageseltern Eltern f\u00fcr Kinder \u00d6sterreich\u00a0ist der am l\u00e4ngsten aktive Anstellungstr\u00e4ger f\u00fcr Tageseltern in Wien mit viel Erfahrung und Bewusstsein f\u00fcr eine liebevolle und entwicklungsf\u00f6rdernde Betreuung der Tageskinder. Gerade in der heutigen Zeit sind die Werte, die Kinder in fr\u00fchen Lebensjahren mitbekommen, sp\u00e4ter einmal sehr pr\u00e4gsam, darum setzen wir auf individuelle F\u00f6rderung unserer Tageskinder, sowie auf &hellip; Tageseltern weiterlesen\" \/>\n<meta property=\"og:url\" content=\"https:\/\/www.efk.at\/de\/tageseltern\/\" \/>\n<meta property=\"og:site_name\" content=\"efk\" \/>\n<meta property=\"article:modified_time\" content=\"2021-04-15T07:36:22+00:00\" \/>\n<meta property=\"og:image\" content=\"http:\/\/www.efk.at\/wp-content\/uploads\/2018\/02\/Tageseltern-300x199.png\" \/>\n<meta name=\"twitter:card\" content=\"summary_large_image\" \/>\n<meta name=\"twitter:label1\" content=\"Gesch\u00e4tzte Lesezeit\" \/>\n\t<meta name=\"twitter:data1\" content=\"2\u00a0Minuten\" \/>\n<script type=\"application\/ld+json\" class=\"yoast-schema-graph\">{\"@context\":\"https:\/\/schema.org\",\"@graph\":[{\"@type\":\"WebPage\",\"@id\":\"https:\/\/www.efk.at\/de\/tageseltern\/\",\"url\":\"https:\/\/www.efk.at\/de\/tageseltern\/\",\"name\":\"Tageseltern - efk\",\"isPartOf\":{\"@id\":\"https:\/\/www.efk.at\/de\/#website\"},\"primaryImageOfPage\":{\"@id\":\"https:\/\/www.efk.at\/de\/tageseltern\/#primaryimage\"},\"image\":{\"@id\":\"https:\/\/www.efk.at\/de\/tageseltern\/#primaryimage\"},\"thumbnailUrl\":\"http:\/\/www.efk.at\/wp-content\/uploads\/2018\/02\/Tageseltern-300x199.png\",\"datePublished\":\"2017-07-21T11:35:19+00:00\",\"dateModified\":\"2021-04-15T07:36:22+00:00\",\"breadcrumb\":{\"@id\":\"https:\/\/www.efk.at\/de\/tageseltern\/#breadcrumb\"},\"inLanguage\":\"de\",\"potentialAction\":[{\"@type\":\"ReadAction\",\"target\":[\"https:\/\/www.efk.at\/de\/tageseltern\/\"]}]},{\"@type\":\"ImageObject\",\"inLanguage\":\"de\",\"@id\":\"https:\/\/www.efk.at\/de\/tageseltern\/#primaryimage\",\"url\":\"http:\/\/www.efk.at\/wp-content\/uploads\/2018\/02\/Tageseltern-300x199.png\",\"contentUrl\":\"http:\/\/www.efk.at\/wp-content\/uploads\/2018\/02\/Tageseltern-300x199.png\"},{\"@type\":\"BreadcrumbList\",\"@id\":\"https:\/\/www.efk.at\/de\/tageseltern\/#breadcrumb\",\"itemListElement\":[{\"@type\":\"ListItem\",\"position\":1,\"name\":\"Startseite\",\"item\":\"https:\/\/www.efk.at\/de\/\"},{\"@type\":\"ListItem\",\"position\":2,\"name\":\"Tageseltern\"}]},{\"@type\":\"WebSite\",\"@id\":\"https:\/\/www.efk.at\/de\/#website\",\"url\":\"https:\/\/www.efk.at\/de\/\",\"name\":\"efk\",\"description\":\"Eltern f\u00fcr Kinder \u00d6sterreich\",\"potentialAction\":[{\"@type\":\"SearchAction\",\"target\":{\"@type\":\"EntryPoint\",\"urlTemplate\":\"https:\/\/www.efk.at\/de\/?s={search_term_string}\"},\"query-input\":{\"@type\":\"PropertyValueSpecification\",\"valueRequired\":true,\"valueName\":\"search_term_string\"}}],\"inLanguage\":\"de\"}]}<\/script>\n<!-- \/ Yoast SEO plugin. -->","yoast_head_json":{"title":"Tageseltern - efk","robots":{"index":"index","follow":"follow","max-snippet":"max-snippet:-1","max-image-preview":"max-image-preview:large","max-video-preview":"max-video-preview:-1"},"canonical":"https:\/\/www.efk.at\/de\/tageseltern\/","og_locale":"de_DE","og_type":"article","og_title":"Tageseltern - efk","og_description":"Tageseltern Eltern f\u00fcr Kinder \u00d6sterreich\u00a0ist der am l\u00e4ngsten aktive Anstellungstr\u00e4ger f\u00fcr Tageseltern in Wien mit viel Erfahrung und Bewusstsein f\u00fcr eine liebevolle und entwicklungsf\u00f6rdernde Betreuung der Tageskinder. Gerade in der heutigen Zeit sind die Werte, die Kinder in fr\u00fchen Lebensjahren mitbekommen, sp\u00e4ter einmal sehr pr\u00e4gsam, darum setzen wir auf individuelle F\u00f6rderung unserer Tageskinder, sowie auf &hellip; Tageseltern weiterlesen","og_url":"https:\/\/www.efk.at\/de\/tageseltern\/","og_site_name":"efk","article_modified_time":"2021-04-15T07:36:22+00:00","og_image":[{"url":"http:\/\/www.efk.at\/wp-content\/uploads\/2018\/02\/Tageseltern-300x199.png","type":"","width":"","height":""}],"twitter_card":"summary_large_image","twitter_misc":{"Gesch\u00e4tzte Lesezeit":"2\u00a0Minuten"},"schema":{"@context":"https:\/\/schema.org","@graph":[{"@type":"WebPage","@id":"https:\/\/www.efk.at\/de\/tageseltern\/","url":"https:\/\/www.efk.at\/de\/tageseltern\/","name":"Tageseltern - efk","isPartOf":{"@id":"https:\/\/www.efk.at\/de\/#website"},"primaryImageOfPage":{"@id":"https:\/\/www.efk.at\/de\/tageseltern\/#primaryimage"},"image":{"@id":"https:\/\/www.efk.at\/de\/tageseltern\/#primaryimage"},"thumbnailUrl":"http:\/\/www.efk.at\/wp-content\/uploads\/2018\/02\/Tageseltern-300x199.png","datePublished":"2017-07-21T11:35:19+00:00","dateModified":"2021-04-15T07:36:22+00:00","breadcrumb":{"@id":"https:\/\/www.efk.at\/de\/tageseltern\/#breadcrumb"},"inLanguage":"de","potentialAction":[{"@type":"ReadAction","target":["https:\/\/www.efk.at\/de\/tageseltern\/"]}]},{"@type":"ImageObject","inLanguage":"de","@id":"https:\/\/www.efk.at\/de\/tageseltern\/#primaryimage","url":"http:\/\/www.efk.at\/wp-content\/uploads\/2018\/02\/Tageseltern-300x199.png","contentUrl":"http:\/\/www.efk.at\/wp-content\/uploads\/2018\/02\/Tageseltern-300x199.png"},{"@type":"BreadcrumbList","@id":"https:\/\/www.efk.at\/de\/tageseltern\/#breadcrumb","itemListElement":[{"@type":"ListItem","position":1,"name":"Startseite","item":"https:\/\/www.efk.at\/de\/"},{"@type":"ListItem","position":2,"name":"Tageseltern"}]},{"@type":"WebSite","@id":"https:\/\/www.efk.at\/de\/#website","url":"https:\/\/www.efk.at\/de\/","name":"efk","description":"Eltern f\u00fcr Kinder \u00d6sterreich","potentialAction":[{"@type":"SearchAction","target":{"@type":"EntryPoint","urlTemplate":"https:\/\/www.efk.at\/de\/?s={search_term_string}"},"query-input":{"@type":"PropertyValueSpecification","valueRequired":true,"valueName":"search_term_string"}}],"inLanguage":"de"}]}},"_links":{"self":[{"href":"https:\/\/www.efk.at\/de\/wp-json\/wp\/v2\/pages\/12","targetHints":{"allow":["GET"]}}],"collection":[{"href":"https:\/\/www.efk.at\/de\/wp-json\/wp\/v2\/pages"}],"about":[{"href":"https:\/\/www.efk.at\/de\/wp-json\/wp\/v2\/types\/page"}],"author":[{"embeddable":true,"href":"https:\/\/www.efk.at\/de\/wp-json\/wp\/v2\/users\/1"}],"replies":[{"embeddable":true,"href":"https:\/\/www.efk.at\/de\/wp-json\/wp\/v2\/comments?post=12"}],"version-history":[{"count":9,"href":"https:\/\/www.efk.at\/de\/wp-json\/wp\/v2\/pages\/12\/revisions"}],"predecessor-version":[{"id":3807,"href":"https:\/\/www.efk.at\/de\/wp-json\/wp\/v2\/pages\/12\/revisions\/3807"}],"wp:attachment":[{"href":"https:\/\/www.efk.at\/de\/wp-json\/wp\/v2\/media?parent=12"}],"curies":[{"name":"wp","href":"https:\/\/api.w.org\/{rel}","templated":true}]}}