{"id":100,"date":"2017-07-25T16:43:42","date_gmt":"2017-07-25T14:43:42","guid":{"rendered":"http:\/\/www.efk.at\/?page_id=100"},"modified":"2024-02-20T15:30:51","modified_gmt":"2024-02-20T14:30:51","slug":"ablauf","status":"publish","type":"page","link":"https:\/\/www.efk.at\/de\/ablauf\/","title":{"rendered":"Internationale Adoption Ablauf"},"content":{"rendered":"<p>Achtung: Dies ist nur eine sehr verallgemeinerte Zusammenfassung, es gibt je nach Herkunftsland des Kindes gro\u00dfe Unterschiede!<\/p>\n<table class=\"literatur-tabel\">\n<tbody>\n<tr>\n<td>\n<h6><strong>Beh\u00f6rdenwege vor der Adoption:<\/strong><\/h6>\n<ul>\n<li>Vorbereitungskurs f\u00fcr Adoptivwerber*innen besuchen. N\u00e4here Infos zur Ausbildung finden Sie\u00a0<a href=\"http:\/\/www.efk.at\/ausbildung\/\">hier<\/a>.<\/li>\n<li>Eignungsbeurteilung (in Wien Referat f\u00fcr Adoptiv- und Pflegeeltern, in den Bundesl\u00e4ndern Jugendabteilungen an der BH)<\/li>\n<li>Dokumente f\u00fcr das Dossier sammeln (Inhalt ist von Land zu Land verschieden.)<\/li>\n<li>Homestudy-Report erstellen, das ist ein genauer Bericht \u00fcber das Bewerber*innenpaar (in Wien EFK\u00d6, in den BL Jugendabteilungen an der BH)<\/li>\n<\/ul>\n<\/td>\n<\/tr>\n<tr>\n<td>\n<h6><strong>Dossier ins Land schicken<\/strong><\/h6>\n<\/td>\n<\/tr>\n<tr>\n<td>\n<h6><strong>Wartezeit<\/strong><\/h6>\n<p>Je nach Land und den Belastungsgrenzen der Adoptivwerber*innen unterschiedlich<\/td>\n<\/tr>\n<tr>\n<td>\n<h6><strong>Kinderdossier\/Kindervorschlag:<\/strong><\/h6>\n<ul>\n<li>Foto<\/li>\n<li>Gesundheitsbericht (medical)<\/li>\n<li>Diverse andere Unterlagen, nach Land verschieden<\/li>\n<li>Unterlagen von einem vertrauten Kinderarzt ansehen lassen<\/li>\n<\/ul>\n<\/td>\n<\/tr>\n<tr>\n<td>\n<h6><strong>Das erste JA zum Kind<\/strong><\/h6>\n<\/td>\n<\/tr>\n<tr>\n<td>\n<h6><strong>Reise vorbereiten<\/strong><\/h6>\n<\/td>\n<\/tr>\n<tr>\n<td>\n<h6><strong>Kennenlernen des Kindes<\/strong><\/h6>\n<\/td>\n<\/tr>\n<tr>\n<td>\n<h6><strong>Das zweite JA zum Kind<br \/>\n<\/strong><\/h6>\n<\/td>\n<\/tr>\n<tr>\n<td>\n<h6><strong>Eventuell Heimreise, Wartezeit und zweite Reise<\/strong><\/h6>\n<p>Manche L\u00e4nder sehen eine Reise, manche zwei Reisen vor.<\/td>\n<\/tr>\n<tr>\n<td>\n<h6><strong>Wege nach dem Kennenlernen:<\/strong><\/h6>\n<ul>\n<li>Gerichtstermin f\u00fcr den Adoptions- oder Obsorgebeschluss<\/li>\n<li>Neue Dokumente (Geburtsurkunde, Reisepass)<\/li>\n<li>Bei der Botschaft\/Konsulat Visum D f\u00fcrs Kind beantragen<\/li>\n<\/ul>\n<\/td>\n<\/tr>\n<tr>\n<td>\n<h6><strong>Heimreise<\/strong><\/h6>\n<\/td>\n<\/tr>\n<tr>\n<td>\n<h6><strong>Wege bei der Ankunft:<\/strong><\/h6>\n<ul>\n<li>Niederlassungsbewilligung<\/li>\n<li>Meldezettel (Mag. Bezirksamt)<\/li>\n<li>Mitversicherung (jeweilige Krankenversicherung)<\/li>\n<li>Ev. Adoptionsantrag (Gericht)<\/li>\n<li>Staatsb\u00fcrgerschaft beantragen (MA 61 oder BH)<\/li>\n<li>\u00d6sterreichische Geburtsurkunde (MA 61 oder BH)<\/li>\n<li>\u00d6sterreichischen Reisepass (MA 61 oder BH)<\/li>\n<li>Kinderbetreuungsgeld (wenn Kind unter 2,5 Jahren)<\/li>\n<li>Familienbeihilfe (Finanzamt)<\/li>\n<li>Kontakt mit EfK\u00d6 f\u00fcr Postplacement-Vereinbarung<\/li>\n<\/ul>\n<\/td>\n<\/tr>\n<\/tbody>\n<\/table>\n<p><\/p>","protected":false},"excerpt":{"rendered":"<p>Achtung: Dies ist nur eine sehr verallgemeinerte Zusammenfassung, es gibt je nach Herkunftsland des Kindes gro\u00dfe Unterschiede! Beh\u00f6rdenwege vor der Adoption: Vorbereitungskurs f\u00fcr Adoptivwerber*innen besuchen. N\u00e4here Infos zur Ausbildung finden Sie\u00a0hier. Eignungsbeurteilung (in Wien Referat f\u00fcr Adoptiv- und Pflegeeltern, in den Bundesl\u00e4ndern Jugendabteilungen an der BH) Dokumente f\u00fcr das Dossier sammeln (Inhalt ist von Land &hellip; <a href=\"https:\/\/www.efk.at\/de\/ablauf\/\" class=\"more-link\"><span class=\"screen-reader-text\">Internationale Adoption Ablauf<\/span> weiterlesen<\/a><\/p>\n","protected":false},"author":1,"featured_media":0,"parent":0,"menu_order":0,"comment_status":"closed","ping_status":"closed","template":"","meta":{"xn-wppe-expiration":[],"xn-wppe-expiration-action":[],"xn-wppe-expiration-prefix":[],"footnotes":""},"class_list":["post-100","page","type-page","status-publish","hentry"],"yoast_head":"<!-- This site is optimized with the Yoast SEO plugin v26.1.1 - https:\/\/yoast.com\/wordpress\/plugins\/seo\/ -->\n<title>Internationale Adoption Ablauf - efk<\/title>\n<meta name=\"robots\" content=\"index, follow, max-snippet:-1, max-image-preview:large, max-video-preview:-1\" \/>\n<link rel=\"canonical\" href=\"https:\/\/www.efk.at\/ablauf\/\" \/>\n<meta property=\"og:locale\" content=\"de_DE\" \/>\n<meta property=\"og:type\" content=\"article\" \/>\n<meta property=\"og:title\" content=\"[:de]Internationale Adoption Ablauf[:en]International Adoption Process[:] - efk\" \/>\n<meta property=\"og:description\" content=\"Achtung: Dies ist nur eine sehr verallgemeinerte Zusammenfassung, es gibt je nach Herkunftsland des Kindes gro\u00dfe Unterschiede! Beh\u00f6rdenwege vor der Adoption: Vorbereitungskurs f\u00fcr Adoptivwerber*innen besuchen. N\u00e4here Infos zur Ausbildung finden Sie\u00a0hier. Eignungsbeurteilung (in Wien Referat f\u00fcr Adoptiv- und Pflegeeltern, in den Bundesl\u00e4ndern Jugendabteilungen an der BH) Dokumente f\u00fcr das Dossier sammeln (Inhalt ist von Land &hellip; Internationale Adoption Ablauf weiterlesen\" \/>\n<meta property=\"og:url\" content=\"https:\/\/www.efk.at\/ablauf\/\" \/>\n<meta property=\"og:site_name\" content=\"efk\" \/>\n<meta property=\"article:modified_time\" content=\"2024-02-20T14:30:51+00:00\" \/>\n<meta name=\"twitter:card\" content=\"summary_large_image\" \/>\n<meta name=\"twitter:label1\" content=\"Gesch\u00e4tzte Lesezeit\" \/>\n\t<meta name=\"twitter:data1\" content=\"2\u00a0Minuten\" \/>\n<script type=\"application\/ld+json\" class=\"yoast-schema-graph\">{\"@context\":\"https:\/\/schema.org\",\"@graph\":[{\"@type\":\"WebPage\",\"@id\":\"https:\/\/www.efk.at\/ablauf\/\",\"url\":\"https:\/\/www.efk.at\/ablauf\/\",\"name\":\"[:de]Internationale Adoption Ablauf[:en]International Adoption Process[:] - efk\",\"isPartOf\":{\"@id\":\"https:\/\/www.efk.at\/de\/#website\"},\"datePublished\":\"2017-07-25T14:43:42+00:00\",\"dateModified\":\"2024-02-20T14:30:51+00:00\",\"breadcrumb\":{\"@id\":\"https:\/\/www.efk.at\/ablauf\/#breadcrumb\"},\"inLanguage\":\"de\",\"potentialAction\":[{\"@type\":\"ReadAction\",\"target\":[\"https:\/\/www.efk.at\/ablauf\/\"]}]},{\"@type\":\"BreadcrumbList\",\"@id\":\"https:\/\/www.efk.at\/ablauf\/#breadcrumb\",\"itemListElement\":[{\"@type\":\"ListItem\",\"position\":1,\"name\":\"Startseite\",\"item\":\"https:\/\/www.efk.at\/de\/\"},{\"@type\":\"ListItem\",\"position\":2,\"name\":\"Internationale Adoption Ablauf\"}]},{\"@type\":\"WebSite\",\"@id\":\"https:\/\/www.efk.at\/de\/#website\",\"url\":\"https:\/\/www.efk.at\/de\/\",\"name\":\"efk\",\"description\":\"Eltern f\u00fcr Kinder \u00d6sterreich\",\"potentialAction\":[{\"@type\":\"SearchAction\",\"target\":{\"@type\":\"EntryPoint\",\"urlTemplate\":\"https:\/\/www.efk.at\/de\/?s={search_term_string}\"},\"query-input\":{\"@type\":\"PropertyValueSpecification\",\"valueRequired\":true,\"valueName\":\"search_term_string\"}}],\"inLanguage\":\"de\"}]}<\/script>\n<!-- \/ Yoast SEO plugin. -->","yoast_head_json":{"title":"[:de]Internationale Adoption Ablauf[:en]International Adoption Process[:] - efk","robots":{"index":"index","follow":"follow","max-snippet":"max-snippet:-1","max-image-preview":"max-image-preview:large","max-video-preview":"max-video-preview:-1"},"canonical":"https:\/\/www.efk.at\/ablauf\/","og_locale":"de_DE","og_type":"article","og_title":"[:de]Internationale Adoption Ablauf[:en]International Adoption Process[:] - efk","og_description":"Achtung: Dies ist nur eine sehr verallgemeinerte Zusammenfassung, es gibt je nach Herkunftsland des Kindes gro\u00dfe Unterschiede! Beh\u00f6rdenwege vor der Adoption: Vorbereitungskurs f\u00fcr Adoptivwerber*innen besuchen. N\u00e4here Infos zur Ausbildung finden Sie\u00a0hier. Eignungsbeurteilung (in Wien Referat f\u00fcr Adoptiv- und Pflegeeltern, in den Bundesl\u00e4ndern Jugendabteilungen an der BH) Dokumente f\u00fcr das Dossier sammeln (Inhalt ist von Land &hellip; Internationale Adoption Ablauf weiterlesen","og_url":"https:\/\/www.efk.at\/ablauf\/","og_site_name":"efk","article_modified_time":"2024-02-20T14:30:51+00:00","twitter_card":"summary_large_image","twitter_misc":{"Gesch\u00e4tzte Lesezeit":"2\u00a0Minuten"},"schema":{"@context":"https:\/\/schema.org","@graph":[{"@type":"WebPage","@id":"https:\/\/www.efk.at\/ablauf\/","url":"https:\/\/www.efk.at\/ablauf\/","name":"[:de]Internationale Adoption Ablauf[:en]International Adoption Process[:] - efk","isPartOf":{"@id":"https:\/\/www.efk.at\/de\/#website"},"datePublished":"2017-07-25T14:43:42+00:00","dateModified":"2024-02-20T14:30:51+00:00","breadcrumb":{"@id":"https:\/\/www.efk.at\/ablauf\/#breadcrumb"},"inLanguage":"de","potentialAction":[{"@type":"ReadAction","target":["https:\/\/www.efk.at\/ablauf\/"]}]},{"@type":"BreadcrumbList","@id":"https:\/\/www.efk.at\/ablauf\/#breadcrumb","itemListElement":[{"@type":"ListItem","position":1,"name":"Startseite","item":"https:\/\/www.efk.at\/de\/"},{"@type":"ListItem","position":2,"name":"Internationale Adoption Ablauf"}]},{"@type":"WebSite","@id":"https:\/\/www.efk.at\/de\/#website","url":"https:\/\/www.efk.at\/de\/","name":"efk","description":"Eltern f\u00fcr Kinder \u00d6sterreich","potentialAction":[{"@type":"SearchAction","target":{"@type":"EntryPoint","urlTemplate":"https:\/\/www.efk.at\/de\/?s={search_term_string}"},"query-input":{"@type":"PropertyValueSpecification","valueRequired":true,"valueName":"search_term_string"}}],"inLanguage":"de"}]}},"_links":{"self":[{"href":"https:\/\/www.efk.at\/de\/wp-json\/wp\/v2\/pages\/100","targetHints":{"allow":["GET"]}}],"collection":[{"href":"https:\/\/www.efk.at\/de\/wp-json\/wp\/v2\/pages"}],"about":[{"href":"https:\/\/www.efk.at\/de\/wp-json\/wp\/v2\/types\/page"}],"author":[{"embeddable":true,"href":"https:\/\/www.efk.at\/de\/wp-json\/wp\/v2\/users\/1"}],"replies":[{"embeddable":true,"href":"https:\/\/www.efk.at\/de\/wp-json\/wp\/v2\/comments?post=100"}],"version-history":[{"count":20,"href":"https:\/\/www.efk.at\/de\/wp-json\/wp\/v2\/pages\/100\/revisions"}],"predecessor-version":[{"id":5224,"href":"https:\/\/www.efk.at\/de\/wp-json\/wp\/v2\/pages\/100\/revisions\/5224"}],"wp:attachment":[{"href":"https:\/\/www.efk.at\/de\/wp-json\/wp\/v2\/media?parent=100"}],"curies":[{"name":"wp","href":"https:\/\/api.w.org\/{rel}","templated":true}]}}